{"id":1588,"date":"2024-10-24T23:20:30","date_gmt":"2024-10-24T15:20:30","guid":{"rendered":"https:\/\/shop.yipinqian.com\/product\/mid-year-special-offer-premium-quality-two-green-cabochon-natural-type-a-jadeite-jade-with-diamonds-set-on-18k-gold-as-a-ring-with-certificate-weigh-1-71-grams-finger-size-14-8mm-18kring16\/"},"modified":"2025-02-24T01:17:29","modified_gmt":"2025-02-23T17:17:29","slug":"mid-year-special-offer-premium-quality-two-green-cabochon-natural-type-a-jadeite-jade-with-diamonds-set-on-18k-gold-as-a-ring-with-certificate-weigh-1-71-grams-finger-size-14-8mm-18kring16","status":"publish","type":"product","link":"https:\/\/shop.yipinqian.com\/vi\/san-pham\/mid-year-special-offer-premium-quality-two-green-cabochon-natural-type-a-jadeite-jade-with-diamonds-set-on-18k-gold-as-a-ring-with-certificate-weigh-1-71-grams-finger-size-14-8mm-18kring16\/","title":{"rendered":"Khuy\u1ebfn m\u1ea1i \u0111\u1eb7c bi\u1ec7t gi\u1eefa n\u0103m Ch\u1ea5t l\u01b0\u1ee3ng cao c\u1ea5p Hai vi\u00ean ng\u1ecdc b\u00edch t\u1ef1 nhi\u00ean lo\u1ea1i A Cabochon xanh v\u1edbi kim c\u01b0\u01a1ng \u0111\u00ednh tr\u00ean v\u00e0ng 18k l\u00e0m nh\u1eabn k\u00e8m gi\u1ea5y ch\u1ee9ng nh\u1eadn n\u1eb7ng 1,71 gram, c\u1ee1 ng\u00f3n tay 14,8mm (18kring16)"},"content":{"rendered":"<article class=\"lzd-article\">\n<p style=\"line-height:1.7;text-align:left;text-indent:0;margin-left:0;margin-top:0;margin-bottom:0\"><span>Chi\u1ebfc nh\u1eabn ng\u1ecdc b\u00edch t\u1ef1 nhi\u00ean lo\u1ea1i A ch\u1ea5t l\u01b0\u1ee3ng cao n\u00e0y ho\u00e0n h\u1ea3o cho nh\u1eefng ai \u0111\u00e1nh gi\u00e1 cao v\u1ebb \u0111\u1eb9p c\u1ee7a \u0111\u00e1 qu\u00fd hi\u1ebfm. Chi\u1ebfc nh\u1eabn \u0111\u01b0\u1ee3c l\u00e0m b\u1eb1ng v\u00e0ng 18k v\u00e0 c\u00f3 hai vi\u00ean ng\u1ecdc b\u00edch Cabochon xanh, n\u1eb7ng <\/span><span style=\"font-weight:bold\">1,71 gam<\/span><span>, \u0111\u01b0\u1ee3c g\u1eafn kim c\u01b0\u01a1ng b\u00ean trong.<\/span><\/p>\n<p style=\"line-height:1.7;text-align:left;text-indent:0;margin-left:0;margin-top:0;margin-bottom:0\"><span>\u00a0<\/span><\/p>\n<p style=\"line-height:1.7;text-align:left;text-indent:0;margin-left:0;margin-top:0;margin-bottom:0\"><span>V\u00e0ng 18k Tr\u1ecdng l\u01b0\u1ee3ng: <\/span><span style=\"font-weight:bold\">1,59 gam<\/span><\/p>\n<p style=\"line-height:1.7;text-align:left;text-indent:0;margin-left:0;margin-top:0;margin-bottom:0\"><span>Kim c\u01b0\u01a1ng: <\/span><span style=\"font-weight:bold\">0,006 * 5 = 0,03 Carat<\/span><\/p>\n<p style=\"line-height:1.7;text-align:left;text-indent:0;margin-left:0;margin-top:0;margin-bottom:0\"><span>Tr\u1ecdng l\u01b0\u1ee3ng c\u1ee7a Jadeite: <\/span><span style=\"font-weight:bold\">0,12 gam<\/span><\/p>\n<p style=\"line-height:1.7;text-align:left;text-indent:0;margin-left:0;margin-top:0;margin-bottom:0\"><span>K\u00edch th\u01b0\u1edbc Cabochon: 4,5 *<\/span><span style=\"font-style:italic\"> 4 * 2.2, 6.1 * 3.2 *<\/span><span> 2,4mm<\/span><span style=\"font-weight:bold\"><\/p>\n<p><\/span><span>K\u00edch th\u01b0\u1edbc ng\u00f3n tay: 14,8 mm<\/span><\/p>\n<p style=\"line-height:1.7;text-align:left;text-indent:0;margin-left:0;margin-top:0;margin-bottom:0\"><span><\/span><\/p>\n<p style=\"line-height:1.7;text-align:left;text-indent:0;margin-left:0;margin-top:0;margin-bottom:0\"><span style=\"font-weight:bold\">S\u1ed1 ch\u1ee9ng ch\u1ec9: GD2107H009816<\/span><\/p>\n<p style=\"line-height:1.7;text-align:left;text-indent:0;margin-left:0;margin-top:0;margin-bottom:0\"><span><\/span><\/p>\n<p style=\"line-height:1.7;text-align:left;text-indent:0;margin-left:0;margin-top:0;margin-bottom:0\"><span><\/span><img decoding=\"async\" src=\"https:\/\/shop.yipinqian.com\/wp-content\/uploads\/2024\/10\/329dec8919ed7c3ba577ebaf1696a50f.jpg?from=476444299\" style=\"width:1080;height:1080;vertical-align:middle\"><span><\/span><\/p>\n<ul>\n<li>\n<div style=\"line-height:1.7;text-align:left;text-indent:0\">\n<span style=\"font-weight:bold\">Ng\u1ecdc b\u00edch t\u1ef1 nhi\u00ean lo\u1ea1i A:<\/span><span> Hai vi\u00ean ng\u1ecdc b\u00edch Cabochon xanh l\u00e0 lo\u1ea1i ng\u1ecdc t\u1ef1 nhi\u00ean, kh\u00f4ng qua x\u1eed l\u00fd v\u00e0 kh\u00f4ng nhu\u1ed9m.<\/span>\n<\/div>\n<\/li>\n<li>\n<div style=\"line-height:1.7;text-align:left;text-indent:0\">\n<span style=\"font-weight:bold\">V\u00e0ng 18k:<\/span><span> Chi\u1ebfc nh\u1eabn \u0111\u01b0\u1ee3c l\u00e0m b\u1eb1ng v\u00e0ng 18k ch\u1ea5t l\u01b0\u1ee3ng cao.<\/span>\n<\/div>\n<\/li>\n<li>\n<div style=\"line-height:1.7;text-align:left;text-indent:0\">\n<span style=\"font-weight:bold\">Kim c\u01b0\u01a1ng:<\/span><span> Chi\u1ebfc nh\u1eabn \u0111\u01b0\u1ee3c \u0111\u00ednh nh\u1eefng vi\u00ean kim c\u01b0\u01a1ng c\u00f9ng v\u1edbi nh\u1eefng vi\u00ean ng\u1ecdc b\u00edch t\u1ef1 nhi\u00ean.<\/span>\n<\/div>\n<\/li>\n<\/ul>\n<p style=\"line-height:1.7;text-align:left;text-indent:0;margin-left:0;margin-top:0;margin-bottom:0\"><span><\/span><img decoding=\"async\" src=\"https:\/\/shop.yipinqian.com\/wp-content\/uploads\/2024\/10\/d59c9f2dd6717d28173f1608fd310931.jpg?from=476444299\" style=\"width:1080;height:1080;vertical-align:middle\"><span><\/span><\/p>\n<p style=\"line-height:1.7;text-align:left;text-indent:0;margin-left:0;margin-top:0;margin-bottom:0\"><span>\u0110\u00e1 ng\u1ecdc b\u00edch \u0111\u00e3 \u0111\u01b0\u1ee3c ch\u1ee9ng nh\u1eadn, \u0111\u1ea3m b\u1ea3o r\u1eb1ng ch\u00fang th\u1ef1c s\u1ef1 l\u00e0 h\u00e0ng ch\u00ednh h\u00e3ng v\u00e0 x\u00e1c th\u1ef1c. \u0110\u00e2y l\u00e0 l\u1ef1a ch\u1ecdn tuy\u1ec7t v\u1eddi cho nh\u1eefng ai mu\u1ed1n mua m\u1ed9t m\u00f3n \u0111\u1ed3 ch\u1ea5t l\u01b0\u1ee3ng cao c\u1ea5p v\u1eeba hi\u1ebfm v\u1eeba \u0111\u1eb9p trong m\u1ed9t g\u00f3i tuy\u1ec7t \u0111\u1eb9p.<\/span><\/p>\n<ul>\n<li>\n<div style=\"line-height:1.7;text-align:left;text-indent:0\">\n<span style=\"font-weight:bold\">Gi\u1ea5y ch\u1ee9ng nh\u1eadn bao g\u1ed3m:<\/span><span> S\u1ea3n ph\u1ea9m n\u00e0y c\u00f3 k\u00e8m theo gi\u1ea5y ch\u1ee9ng nh\u1eadn x\u00e1c th\u1ef1c lo\u1ea1i Jadeite t\u1ef1 nhi\u00ean lo\u1ea1i A.<\/span>\n<\/div>\n<\/li>\n<\/ul>\n<p style=\"line-height:1.7;text-align:left;text-indent:0;margin-left:0;margin-top:0;margin-bottom:0\"><span>Chi\u1ebfc nh\u1eabn thanh l\u1ecbch n\u00e0y s\u1ebd l\u00e0 l\u1ef1a ch\u1ecdn tuy\u1ec7t v\u1eddi cho l\u1ec5 \u0111\u00ednh h\u00f4n ho\u1eb7c d\u1ecbp \u0111\u1eb7c bi\u1ec7t.<br \/>\nXin l\u01b0u \u00fd r\u1eb1ng s\u1ea3n ph\u1ea9m n\u00e0y \u0111\u01b0\u1ee3c thi\u1ebft k\u1ebf d\u00e0nh ri\u00eang cho ph\u1ee5 n\u1eef.<br \/>\nB\u1ea1n c\u00f3 th\u1ec3 t\u00ecm th\u1ea5y th\u00f4ng tin chi ti\u1ebft v\u1ec1 b\u1ea3o h\u00e0nh tr\u00ean trang web c\u1ee7a ch\u00fang t\u00f4i.<\/span><\/p>\n<ul>\n<li>\n<div style=\"line-height:1.7;text-align:left;text-indent:0\">\n<span style=\"font-weight:bold\">Lo\u1ea1i ng\u1ecdc b\u00edch: <\/span><span>Ng\u1ecdc b\u00edch<\/span>\n<\/div>\n<\/li>\n<\/ul>\n<p style=\"line-height:1.7;text-align:left;text-indent:0;margin-left:0;margin-top:0;margin-bottom:0\"><span>Yi Pin Qian \u2013 Nh\u00e0 bu\u00f4n \u0111\u00e1 qu\u00fd v\u00e0 kim lo\u1ea1i qu\u00fd t\u1ea1i Singapore \u2013 S\u1ed1 gi\u1ea5y ph\u00e9p PS20190000031<\/span><\/p>\n<p style=\"line-height:1.7;text-align:left;text-indent:0;margin-left:0;margin-top:0;margin-bottom:0\"><span>\u00a0<\/span><\/p>\n<p style=\"line-height:1.7;text-align:left;text-indent:0;margin-left:0;margin-top:0;margin-bottom:0\"><span>*T\u1ea5t c\u1ea3 c\u00e1c lo\u1ea1i Jadeite \u0111\u01b0\u1ee3c mua t\u1eeb Yi Pin Qian t\u1ea1i Singapore, kh\u00e1ch h\u00e0ng c\u00f3 th\u1ec3 \u0111\u1eb7t l\u1ecbch \u0111\u00e1nh b\u00f3ng ho\u1eb7c s\u1eeda ch\u1eefa nh\u1ecf do x\u1eed l\u00fd sai c\u00e1ch \u2013 c\u00f3 t\u00ednh ph\u00ed v\u00e0 ch\u1ec9 d\u00e0nh cho kh\u00e1ch h\u00e0ng c\u1ee7a Yi Pin Qian t\u1ea1i Singapore*<\/span><\/p>\n<p style=\"line-height:1.7;text-align:left;text-indent:0;margin-left:0;margin-top:0;margin-bottom:0\"><span>\u00a0<\/span><\/p>\n<p style=\"line-height:1.7;text-align:left;text-indent:0;margin-left:0;margin-top:0;margin-bottom:0\"><span style=\"font-weight:bold\">**C\u00e1c lo\u1ea1i ch\u1ee9ng ch\u1ec9**<\/span><\/p>\n<p style=\"line-height:1.7;text-align:left;text-indent:0;margin-left:0;margin-top:0;margin-bottom:0\"><span>\u00a0<\/span><\/p>\n<p style=\"line-height:1.7;text-align:left;text-indent:0;margin-left:0;margin-top:0;margin-bottom:0\"><span style=\"font-weight:bold\">NGI (C\u00f4ng ty \u0110\u00e1 qu\u00fd Nan Yang)<\/span><\/p>\n<p style=\"line-height:1.7;text-align:left;text-indent:0;margin-left:0;margin-top:0;margin-bottom:0\"><span>ho\u1eb7c <\/span><span style=\"font-weight:bold\">Ch\u1ee9ng ch\u1ec9 n\u01b0\u1edbc ngo\u00e0i <\/span><span>(Yi Pin Qian ch\u1ec9 s\u1eed d\u1ee5ng c\u00e1c ch\u1ee9ng ch\u1ec9 x\u00e1c th\u1ef1c t\u1eeb c\u00e1c ph\u00f2ng th\u00ed nghi\u1ec7m \u1edf n\u01b0\u1edbc ngo\u00e0i v\u00e0 ki\u1ec3m so\u00e1t ch\u1ea5t l\u01b0\u1ee3ng m\u1ecdi s\u1ea3n ph\u1ea9m c\u1ee7a ch\u00fang t\u00f4i tr\u01b0\u1edbc khi \u0111\u01b0a ch\u00fang ra b\u00e1n t\u1ea1i Singapore)<\/span><\/p>\n<p style=\"line-height:1.7;text-align:left;text-indent:0;margin-left:0;margin-top:0;margin-bottom:0\"><span>\u00a0<\/span><\/p>\n<p style=\"line-height:1.7;text-align:left;text-indent:0;margin-left:0;margin-top:0;margin-bottom:0\"><span>M\u1ed7i s\u1ea3n ph\u1ea9m tr\u00ean TikTok s\u1ebd c\u00f3 lo\u1ea1i ch\u1ee9ng ch\u1ec9 \u0111\u01b0\u1ee3c cung c\u1ea5p \u0111\u01b0\u1ee3c n\u00eau trong ph\u1ea7n m\u00f4 t\u1ea3. \u0110\u1ed1i v\u1edbi b\u1ea5t k\u1ef3 kh\u00e1ch h\u00e0ng n\u00e0o mu\u1ed1n g\u1eedi \u0111\u01a1n h\u00e0ng c\u1ee7a m\u00ecnh \u0111\u1ebfn NGI Singapore, s\u1ebd c\u00f3 th\u1eddi gian ch\u1edd giao h\u00e0ng \u01b0\u1edbc t\u00ednh kho\u1ea3ng 4 tu\u1ea7n \u0111\u1ec3 nh\u1eadn \u0111\u01b0\u1ee3c \u0111\u01a1n h\u00e0ng c\u1ee7a b\u1ea1n. <\/span><span style=\"font-weight:bold\">Y\u00eau c\u1ea7u b\u00e1o c\u00e1o v\u1ec1 NGI Gemstone c\u1ea7n \u0111\u01b0\u1ee3c th\u1ef1c hi\u1ec7n b\u1eb1ng c\u00e1ch nh\u1eafn tin \u0111\u1ebfn c\u1eeda h\u00e0ng TikTok Yi Pin Qian.<\/span><span> C\u1ea3m \u01a1n, <\/span><span style=\"font-weight:bold;text-decoration:underline\">\u00e1p d\u1ee5ng th\u00eam ph\u00ed<\/span><span>.<\/span><\/p>\n<p style=\"line-height:1.7;text-align:left;text-indent:0;margin-left:0;margin-top:0;margin-bottom:0\"><span>\u00a0<\/span><\/p>\n<p style=\"line-height:1.7;text-align:left;text-indent:0;margin-left:0;margin-top:0;margin-bottom:0\"><span style=\"font-weight:bold\">Jadeite t\u1ef1 nhi\u00ean kh\u00f4ng ho\u00e0n h\u1ea3o, ch\u1ec9 l\u00e0 m\u1ed9t l\u1eddi nh\u1eafc nh\u1edf nh\u1eb9 nh\u00e0ng, Jadeite t\u1ef1 nhi\u00ean c\u1ee7a ch\u00fang t\u00f4i, gi\u1ed1ng nh\u01b0 t\u1ea5t c\u1ea3 nh\u1eefng th\u1ee9 \u0111\u1eb9p \u0111\u1ebd trong t\u1ef1 nhi\u00ean, c\u00f3 nh\u1eefng \u0111\u1eb7c \u0111i\u1ec3m v\u00e0 bi\u1ebfn th\u1ec3 \u0111\u1ed9c \u0111\u00e1o. Ch\u00fang t\u00f4i m\u1eddi nh\u1eefng kh\u00e1ch h\u00e0ng c\u00f3 gi\u00e1 tr\u1ecb c\u1ee7a m\u00ecnh \u0111\u00f3n nh\u1eadn nh\u1eefng bi\u1ebfn th\u1ec3 t\u1ef1 nhi\u00ean n\u00e0y. Ch\u00fac b\u1ea1n mua s\u1eafm vui v\u1ebb!<\/span><\/p>\n<p style=\"line-height:1.7;text-align:left;text-indent:0;margin-left:0;margin-top:0;margin-bottom:0\"><span>\u00a0<\/span><\/p>\n<p style=\"line-height:1.7;text-align:left;text-indent:0;margin-left:0;margin-top:0;margin-bottom:0\"><span style=\"font-weight:bold;text-decoration:underline\">Kh\u00f4ng c\u00f3 h\u00ecnh \u1ea3nh v\u00e0 c\u1ea3nh quay video n\u00e0o \u0111\u01b0\u1ee3c l\u1ecdc. Ch\u00fang t\u00f4i khuy\u1ebfn kh\u00edch kh\u00e1ch h\u00e0ng c\u1ee7a m\u00ecnh c\u0169ng xem c\u00e1c video \u0111i k\u00e8m \u0111\u1ec3 c\u00f3 c\u00e1i nh\u00ecn to\u00e0n di\u1ec7n h\u01a1n v\u1ec1 s\u1ea3n ph\u1ea9m c\u1ee7a ch\u00fang t\u00f4i<\/span><\/p>\n<\/article>","protected":false},"excerpt":{"rendered":"<p>Chi\u1ebfc nh\u1eabn ng\u1ecdc b\u00edch t\u1ef1 nhi\u00ean lo\u1ea1i A ch\u1ea5t l\u01b0\u1ee3ng cao n\u00e0y ho\u00e0n h\u1ea3o cho nh\u1eefng ai \u0111\u00e1nh gi\u00e1 cao v\u1ebb \u0111\u1eb9p c\u1ee7a \u0111\u00e1 qu\u00fd hi\u1ebfm. Chi\u1ebfc nh\u1eabn \u0111\u01b0\u1ee3c l\u00e0m b\u1eb1ng v\u00e0ng 18k v\u00e0 c\u00f3 hai vi\u00ean ng\u1ecdc b\u00edch Cabochon xanh, n\u1eb7ng 1,71 gram, v\u1edbi kim c\u01b0\u01a1ng \u0111\u01b0\u1ee3c g\u1eafn b\u00ean trong. Tr\u1ecdng l\u01b0\u1ee3ng v\u00e0ng 18k: 1,59 gram Kim c\u01b0\u01a1ng: 0,006 * 5 = 0,03 carat Ng\u1ecdc b\u00edch [\u2026]<\/p>","protected":false},"featured_media":6293,"comment_status":"open","ping_status":"closed","template":"","meta":[],"product_brand":[],"product_cat":[195],"product_tag":[],"class_list":{"0":"post-1588","1":"product","2":"type-product","3":"status-publish","4":"has-post-thumbnail","6":"product_cat-heirloom-grade","8":"first","9":"instock","10":"sale","11":"shipping-taxable","12":"purchasable","13":"product-type-simple"},"_links":{"self":[{"href":"https:\/\/shop.yipinqian.com\/vi\/wp-json\/wp\/v2\/product\/1588","targetHints":{"allow":["GET"]}}],"collection":[{"href":"https:\/\/shop.yipinqian.com\/vi\/wp-json\/wp\/v2\/product"}],"about":[{"href":"https:\/\/shop.yipinqian.com\/vi\/wp-json\/wp\/v2\/types\/product"}],"replies":[{"embeddable":true,"href":"https:\/\/shop.yipinqian.com\/vi\/wp-json\/wp\/v2\/comments?post=1588"}],"version-history":[{"count":0,"href":"https:\/\/shop.yipinqian.com\/vi\/wp-json\/wp\/v2\/product\/1588\/revisions"}],"wp:featuredmedia":[{"embeddable":true,"href":"https:\/\/shop.yipinqian.com\/vi\/wp-json\/wp\/v2\/media\/6293"}],"wp:attachment":[{"href":"https:\/\/shop.yipinqian.com\/vi\/wp-json\/wp\/v2\/media?parent=1588"}],"wp:term":[{"taxonomy":"product_brand","embeddable":true,"href":"https:\/\/shop.yipinqian.com\/vi\/wp-json\/wp\/v2\/product_brand?post=1588"},{"taxonomy":"product_cat","embeddable":true,"href":"https:\/\/shop.yipinqian.com\/vi\/wp-json\/wp\/v2\/product_cat?post=1588"},{"taxonomy":"product_tag","embeddable":true,"href":"https:\/\/shop.yipinqian.com\/vi\/wp-json\/wp\/v2\/product_tag?post=1588"}],"curies":[{"name":"wp","href":"https:\/\/api.w.org\/{rel}","templated":true}]}}