{"id":1583,"date":"2024-10-24T23:20:27","date_gmt":"2024-10-24T15:20:27","guid":{"rendered":"https:\/\/shop.yipinqian.com\/product\/lots-of-green-with-wuji-carved-as-nine-dragons-natural-type-a-jadeite-pendant-with-certificate-weight-45-16-grams-60-30-35-30-9-90-mm-suitable-for-daily-wear-pendant120\/"},"modified":"2025-02-24T01:17:29","modified_gmt":"2025-02-23T17:17:29","slug":"lots-of-green-with-wuji-carved-as-nine-dragons-natural-type-a-jadeite-pendant-with-certificate-weight-45-16-grams-60-30-35-30-9-90-mm-suitable-for-daily-wear-pendant120","status":"publish","type":"product","link":"https:\/\/shop.yipinqian.com\/vi\/san-pham\/lots-of-green-with-wuji-carved-as-nine-dragons-natural-type-a-jadeite-pendant-with-certificate-weight-45-16-grams-60-30-35-30-9-90-mm-suitable-for-daily-wear-pendant120\/","title":{"rendered":"M\u1eb7t d\u00e2y chuy\u1ec1n ng\u1ecdc b\u00edch t\u1ef1 nhi\u00ean lo\u1ea1i A c\u00f3 kh\u1eafc h\u00ecnh Wuji ch\u00edn con r\u1ed3ng m\u00e0u xanh l\u00e1 c\u00e2y c\u00f3 ch\u1ee9ng nh\u1eadn tr\u1ecdng l\u01b0\u1ee3ng 45,16 gram, k\u00edch th\u01b0\u1edbc 60,30 * 35,30 * 9,90 mm ph\u00f9 h\u1ee3p \u0111\u1ec3 \u0111eo h\u00e0ng ng\u00e0y (m\u1eb7t d\u00e2y chuy\u1ec1n120)"},"content":{"rendered":"<p>M\u1eb7t d\u00e2y chuy\u1ec1n Jadeite lo\u1ea1i A t\u1ef1 nhi\u00ean n\u00e0y l\u00e0 ph\u1ee5 ki\u1ec7n ho\u00e0n h\u1ea3o \u0111\u1ec3 \u0111eo h\u00e0ng ng\u00e0y. V\u1edbi tr\u1ecdng l\u01b0\u1ee3ng 45,16 gram v\u00e0 k\u00edch th\u01b0\u1edbc 60,30 * 35,30 * 9,90 mm, m\u1eb7t d\u00e2y chuy\u1ec1n c\u00f3 thi\u1ebft k\u1ebf tuy\u1ec7t \u0111\u1eb9p, th\u1ec3 hi\u1ec7n nhi\u1ec1u m\u00e0u xanh l\u00e1 c\u00e2y v\u1edbi Wuji \u0111\u01b0\u1ee3c ch\u1ea1m kh\u1eafc th\u00e0nh ch\u00edn con r\u1ed3ng.<\/p>\n<ul>\n<li>\n<strong>C\u00f3 ch\u1ee9ng ch\u1ec9:<\/strong> \u0110\u00fang<\/li>\n<li>\n<strong>N\u01b0\u1edbc xu\u1ea5t x\u1ee9:<\/strong> Mi\u1ebfn \u0110i\u1ec7n<\/li>\n<li>\n<strong>Nh\u00e2n d\u1ecbp:<\/strong> H\u1eb1ng ng\u00e0y<\/li>\n<li>\n<strong>Lo\u1ea1i ng\u1ecdc b\u00edch:<\/strong>Ng\u1ecdc b\u00edch<\/li>\n<li>\n<strong>Th\u1ebf h\u1ec7: <\/strong>S\u1ea3n ph\u1ea9m n\u00e0y ph\u00f9 h\u1ee3p cho c\u1ea3 nam v\u00e0 n\u1eef.<\/li>\n<\/ul>\n<p><strong>S\u1ed1 ch\u1ee9ng nh\u1eadn: SJ2312017069<\/strong><\/p>\n<p><img fetchpriority=\"high\" decoding=\"async\" height=\"1080\" src=\"https:\/\/shop.yipinqian.com\/wp-content\/uploads\/2024\/10\/096afd8af321bec50b66c8a9be965995.jpg?from=476444299\" width=\"1080\"><\/p>\n<p>Ki\u1ec3u d\u00e1ng v\u00f2ng c\u1ed5 gi\u1ea3n d\u1ecb t\u00f4n l\u00ean v\u1ebb thanh l\u1ecbch v\u00e0 tinh t\u1ebf c\u1ee7a m\u00f3n \u0111\u1ed3 tuy\u1ec7t \u0111\u1eb9p n\u00e0y, khi\u1ebfn n\u00f3 tr\u1edf n\u00ean ho\u00e0n h\u1ea3o cho m\u1ecdi d\u1ecbp.<\/p>\n<p>M\u1eb7t d\u00e2y chuy\u1ec1n n\u00e0y kh\u00f4ng \u0111i k\u00e8m ch\u1ebf \u0111\u1ed9 b\u1ea3o h\u00e0nh nh\u01b0ng \u0111\u01b0\u1ee3c l\u00e0m \u0111\u1ec3 s\u1eed d\u1ee5ng trong nhi\u1ec1u n\u0103m t\u1edbi nh\u01b0 m\u1ed9t m\u00f3n \u0111\u1ed3 trang s\u1ee9c tinh t\u1ebf trong b\u1ed9 s\u01b0u t\u1eadp ho\u1eb7c m\u00f3n qu\u00e0 m\u00e0 b\u1ea1n c\u00f3 th\u1ec3 truy\u1ec1n l\u1ea1i cho c\u00e1c th\u1ebf h\u1ec7 sau!<\/p>\n<p>\u00a0<\/p>\n<p>Yi Pin Qian \u2013 Nh\u00e0 bu\u00f4n \u0111\u00e1 qu\u00fd v\u00e0 kim lo\u1ea1i qu\u00fd t\u1ea1i Singapore \u2013 S\u1ed1 gi\u1ea5y ph\u00e9p PS20190000031<\/p>\n<p>\u00a0<\/p>\n<p>*T\u1ea5t c\u1ea3 c\u00e1c lo\u1ea1i Jadeite \u0111\u01b0\u1ee3c mua t\u1eeb Yi Pin Qian t\u1ea1i Singapore, kh\u00e1ch h\u00e0ng c\u00f3 th\u1ec3 \u0111\u1eb7t l\u1ecbch \u0111\u00e1nh b\u00f3ng ho\u1eb7c s\u1eeda ch\u1eefa nh\u1ecf do x\u1eed l\u00fd sai c\u00e1ch \u2013 c\u00f3 t\u00ednh ph\u00ed v\u00e0 ch\u1ec9 d\u00e0nh cho kh\u00e1ch h\u00e0ng c\u1ee7a Yi Pin Qian t\u1ea1i Singapore*<\/p>\n<p>\u00a0<\/p>\n<p><strong>**C\u00e1c lo\u1ea1i ch\u1ee9ng ch\u1ec9**<\/strong><\/p>\n<p>\u00a0<\/p>\n<p><strong>NGI (C\u00f4ng ty \u0110\u00e1 qu\u00fd Nan Yang)<\/strong><\/p>\n<p>ho\u1eb7c <strong>Ch\u1ee9ng ch\u1ec9 n\u01b0\u1edbc ngo\u00e0i <\/strong>(Yi Pin Qian ch\u1ec9 s\u1eed d\u1ee5ng c\u00e1c ch\u1ee9ng ch\u1ec9 x\u00e1c th\u1ef1c t\u1eeb c\u00e1c ph\u00f2ng th\u00ed nghi\u1ec7m \u1edf n\u01b0\u1edbc ngo\u00e0i v\u00e0 ki\u1ec3m so\u00e1t ch\u1ea5t l\u01b0\u1ee3ng m\u1ecdi s\u1ea3n ph\u1ea9m c\u1ee7a ch\u00fang t\u00f4i tr\u01b0\u1edbc khi \u0111\u01b0a ch\u00fang ra b\u00e1n t\u1ea1i Singapore)<\/p>\n<p>\u00a0<\/p>\n<p>M\u1ed7i s\u1ea3n ph\u1ea9m tr\u00ean TikTok s\u1ebd c\u00f3 lo\u1ea1i ch\u1ee9ng ch\u1ec9 \u0111\u01b0\u1ee3c cung c\u1ea5p \u0111\u01b0\u1ee3c n\u00eau trong ph\u1ea7n m\u00f4 t\u1ea3. \u0110\u1ed1i v\u1edbi b\u1ea5t k\u1ef3 kh\u00e1ch h\u00e0ng n\u00e0o mu\u1ed1n g\u1eedi \u0111\u01a1n h\u00e0ng c\u1ee7a m\u00ecnh \u0111\u1ebfn NGI Singapore, s\u1ebd c\u00f3 th\u1eddi gian ch\u1edd giao h\u00e0ng \u01b0\u1edbc t\u00ednh kho\u1ea3ng 4 tu\u1ea7n \u0111\u1ec3 nh\u1eadn \u0111\u01b0\u1ee3c \u0111\u01a1n h\u00e0ng c\u1ee7a b\u1ea1n. <strong>Y\u00eau c\u1ea7u b\u00e1o c\u00e1o v\u1ec1 NGI Gemstone c\u1ea7n \u0111\u01b0\u1ee3c th\u1ef1c hi\u1ec7n b\u1eb1ng c\u00e1ch nh\u1eafn tin \u0111\u1ebfn c\u1eeda h\u00e0ng TikTok Yi Pin Qian.<\/strong> C\u1ea3m \u01a1n, <strong><u>\u00e1p d\u1ee5ng th\u00eam ph\u00ed<\/u><\/strong>.<\/p>","protected":false},"excerpt":{"rendered":"<p>M\u1eb7t d\u00e2y chuy\u1ec1n Jadeite Type A t\u1ef1 nhi\u00ean n\u00e0y l\u00e0 ph\u1ee5 ki\u1ec7n ho\u00e0n h\u1ea3o \u0111\u1ec3 \u0111eo h\u00e0ng ng\u00e0y. V\u1edbi tr\u1ecdng l\u01b0\u1ee3ng 45,16 gram v\u00e0 k\u00edch th\u01b0\u1edbc 60,30 * 35,30 * 9,90 mm, m\u1eb7t d\u00e2y chuy\u1ec1n c\u00f3 thi\u1ebft k\u1ebf tuy\u1ec7t \u0111\u1eb9p, th\u1ec3 hi\u1ec7n nhi\u1ec1u m\u00e0u xanh l\u00e1 c\u00e2y v\u1edbi Wuji \u0111\u01b0\u1ee3c ch\u1ea1m kh\u1eafc th\u00e0nh ch\u00edn con r\u1ed3ng. C\u00f3 ch\u1ee9ng nh\u1eadn: C\u00f3 Qu\u1ed1c gia xu\u1ea5t x\u1ee9: Myanmar D\u1ecbp s\u1eed d\u1ee5ng: H\u00e0ng ng\u00e0y Lo\u1ea1i ng\u1ecdc: Jadeite [\u2026]<\/p>","protected":false},"featured_media":6248,"comment_status":"open","ping_status":"closed","template":"","meta":[],"product_brand":[],"product_cat":[195],"product_tag":[],"class_list":{"0":"post-1583","1":"product","2":"type-product","3":"status-publish","4":"has-post-thumbnail","6":"product_cat-heirloom-grade","8":"first","9":"instock","10":"sale","11":"shipping-taxable","12":"purchasable","13":"product-type-simple"},"_links":{"self":[{"href":"https:\/\/shop.yipinqian.com\/vi\/wp-json\/wp\/v2\/product\/1583","targetHints":{"allow":["GET"]}}],"collection":[{"href":"https:\/\/shop.yipinqian.com\/vi\/wp-json\/wp\/v2\/product"}],"about":[{"href":"https:\/\/shop.yipinqian.com\/vi\/wp-json\/wp\/v2\/types\/product"}],"replies":[{"embeddable":true,"href":"https:\/\/shop.yipinqian.com\/vi\/wp-json\/wp\/v2\/comments?post=1583"}],"version-history":[{"count":0,"href":"https:\/\/shop.yipinqian.com\/vi\/wp-json\/wp\/v2\/product\/1583\/revisions"}],"wp:featuredmedia":[{"embeddable":true,"href":"https:\/\/shop.yipinqian.com\/vi\/wp-json\/wp\/v2\/media\/6248"}],"wp:attachment":[{"href":"https:\/\/shop.yipinqian.com\/vi\/wp-json\/wp\/v2\/media?parent=1583"}],"wp:term":[{"taxonomy":"product_brand","embeddable":true,"href":"https:\/\/shop.yipinqian.com\/vi\/wp-json\/wp\/v2\/product_brand?post=1583"},{"taxonomy":"product_cat","embeddable":true,"href":"https:\/\/shop.yipinqian.com\/vi\/wp-json\/wp\/v2\/product_cat?post=1583"},{"taxonomy":"product_tag","embeddable":true,"href":"https:\/\/shop.yipinqian.com\/vi\/wp-json\/wp\/v2\/product_tag?post=1583"}],"curies":[{"name":"wp","href":"https:\/\/api.w.org\/{rel}","templated":true}]}}