{"id":1580,"date":"2024-10-24T23:20:26","date_gmt":"2024-10-24T15:20:26","guid":{"rendered":"https:\/\/shop.yipinqian.com\/product\/line-of-green-crafted-with-very-refreshing-unique-rare-dragonfly-with-flower-natural-type-a-jadeite-pendant-come-with-certificate-weight-26-84-grams-57-20-21-70-11-80-mm-suitable-for-daily-wear-pendan\/"},"modified":"2025-02-17T00:04:05","modified_gmt":"2025-02-16T16:04:05","slug":"line-of-green-crafted-with-very-refreshing-unique-rare-dragonfly-with-flower-natural-type-a-jadeite-pendant-come-with-certificate-weight-26-84-grams-57-20-21-70-11-80-mm-suitable-for-daily-wear-pendan","status":"publish","type":"product","link":"https:\/\/shop.yipinqian.com\/vi\/san-pham\/line-of-green-crafted-with-very-refreshing-unique-rare-dragonfly-with-flower-natural-type-a-jadeite-pendant-come-with-certificate-weight-26-84-grams-57-20-21-70-11-80-mm-suitable-for-daily-wear-pendan\/","title":{"rendered":"D\u00f2ng s\u1ea3n ph\u1ea9m Green Crafted v\u1edbi m\u1eb7t d\u00e2y chuy\u1ec1n b\u1eb1ng ng\u1ecdc b\u00edch t\u1ef1 nhi\u00ean lo\u1ea1i A h\u00ecnh chu\u1ed3n chu\u1ed3n hi\u1ebfm c\u00f3 r\u1ea5t s\u1ea3ng kho\u00e1i c\u00f3 k\u00e8m hoa \u0111i k\u00e8m gi\u1ea5y ch\u1ee9ng nh\u1eadn tr\u1ecdng l\u01b0\u1ee3ng 26,84 gram, k\u00edch th\u01b0\u1edbc 57,20 * 21,70 * 11,80 mm ph\u00f9 h\u1ee3p \u0111\u1ec3 \u0111eo h\u00e0ng ng\u00e0y (m\u1eb7t d\u00e2y chuy\u1ec1n114)"},"content":{"rendered":"<p>D\u00e2y chuy\u1ec1n &amp; M\u1eb7t d\u00e2y chuy\u1ec1n b\u1eb1ng ng\u1ecdc b\u00edch tinh x\u1ea3o n\u00e0y c\u00f3 thi\u1ebft k\u1ebf Chu\u1ed3n chu\u1ed3n v\u1edbi Hoa t\u01b0\u01a1i m\u00e1t v\u1edbi t\u00f4ng m\u00e0u xanh l\u00e1 c\u00e2y tuy\u1ec7t \u0111\u1eb9p. \u0110\u01b0\u1ee3c l\u00e0m b\u1eb1ng Jadeite lo\u1ea1i A t\u1ef1 nhi\u00ean, m\u1eb7t d\u00e2y chuy\u1ec1n n\u00e0y n\u1eb7ng 26,84 gram v\u00e0 c\u00f3 k\u00edch th\u01b0\u1edbc 57,20 * 21,70 * 11,80 mm, r\u1ea5t ph\u00f9 h\u1ee3p \u0111\u1ec3 \u0111eo h\u00e0ng ng\u00e0y.<\/p>\n<ul>\n<li>\n<strong>Thi\u1ebft k\u1ebf \u0111\u1ed9c \u0111\u00e1o hi\u1ebfm c\u00f3:<\/strong> V\u1edbi thi\u1ebft k\u1ebf h\u00ecnh con chu\u1ed3n chu\u1ed3n v\u00e0 hoa, m\u1eb7t d\u00e2y chuy\u1ec1n n\u00e0y th\u1ef1c s\u1ef1 \u0111\u1ed9c \u0111\u00e1o v\u00e0 hi\u1ebfm c\u00f3.<\/li>\n<li>\n<strong>Jadeite t\u1ef1 nhi\u00ean lo\u1ea1i A:<\/strong> \u0110\u01b0\u1ee3c ch\u1ebf t\u00e1c t\u1eeb \u0111\u00e1 Jadeite t\u1ef1 nhi\u00ean lo\u1ea1i A, m\u1eb7t d\u00e2y chuy\u1ec1n n\u00e0y v\u1eeba b\u1ec1n v\u1eeba \u0111\u1eb9p.<\/li>\n<li>\n<strong>Gi\u1ea5y ch\u1ee9ng nh\u1eadn bao g\u1ed3m:<\/strong> M\u1eb7t d\u00e2y chuy\u1ec1n n\u00e0y c\u00f3 k\u00e8m theo gi\u1ea5y ch\u1ee9ng nh\u1eadn \u0111\u1ec3 \u0111\u1ea3m b\u1ea3o t\u00ednh x\u00e1c th\u1ef1c cho s\u1ef1 an t\u00e2m c\u1ee7a b\u1ea1n.<\/li>\n<\/ul>\n<p>S\u1ed1 ch\u1ee9ng ch\u1ec9: GD2204H005660<\/p>\n<p>\u00a0<\/p>\n<p><img fetchpriority=\"high\" decoding=\"async\" height=\"1080\" src=\"https:\/\/shop.yipinqian.com\/wp-content\/uploads\/2024\/10\/e883aa4e589812f67198a351556e94a2.jpg?from=476444299\" width=\"1080\"><\/p>\n<p>\u0110\u01b0\u1ee3c s\u1ea3n xu\u1ea5t t\u1ea1i Myanmar, chi\u1ebfc v\u00f2ng c\u1ed5 unisex tuy\u1ec7t \u0111\u1eb9p n\u00e0y \u0111\u01b0\u1ee3c thi\u1ebft k\u1ebf gi\u1ea3n d\u1ecb nh\u01b0ng thanh l\u1ecbch \u2013 ph\u00f9 h\u1ee3p v\u1edbi m\u1ecdi d\u1ecbp h\u00e0ng ng\u00e0y! Xin l\u01b0u \u00fd r\u1eb1ng lo\u1ea1i b\u1ea3o h\u00e0nh cho s\u1ea3n ph\u1ea9m n\u00e0y l\u00e0 &#039;Kh\u00f4ng&#039;.<\/p>\n<p>\u00a0<\/p>\n<p>Yi Pin Qian \u2013 Nh\u00e0 bu\u00f4n \u0111\u00e1 qu\u00fd v\u00e0 kim lo\u1ea1i qu\u00fd t\u1ea1i Singapore \u2013 S\u1ed1 gi\u1ea5y ph\u00e9p PS20190000031<\/p>\n<p>\u00a0<\/p>\n<p>*T\u1ea5t c\u1ea3 c\u00e1c lo\u1ea1i Jadeite \u0111\u01b0\u1ee3c mua t\u1eeb Yi Pin Qian t\u1ea1i Singapore, kh\u00e1ch h\u00e0ng c\u00f3 th\u1ec3 \u0111\u1eb7t l\u1ecbch \u0111\u00e1nh b\u00f3ng ho\u1eb7c s\u1eeda ch\u1eefa nh\u1ecf do x\u1eed l\u00fd sai c\u00e1ch \u2013 c\u00f3 t\u00ednh ph\u00ed v\u00e0 ch\u1ec9 d\u00e0nh cho kh\u00e1ch h\u00e0ng c\u1ee7a Yi Pin Qian t\u1ea1i Singapore*<\/p>\n<p>\u00a0<\/p>\n<p><strong>**C\u00e1c lo\u1ea1i ch\u1ee9ng ch\u1ec9**<\/strong><\/p>\n<p>\u00a0<\/p>\n<p><strong>NGI (C\u00f4ng ty \u0110\u00e1 qu\u00fd Nan Yang)<\/strong><\/p>\n<p>ho\u1eb7c <strong>Ch\u1ee9ng ch\u1ec9 n\u01b0\u1edbc ngo\u00e0i <\/strong>(Yi Pin Qian ch\u1ec9 s\u1eed d\u1ee5ng c\u00e1c ch\u1ee9ng ch\u1ec9 x\u00e1c th\u1ef1c t\u1eeb c\u00e1c ph\u00f2ng th\u00ed nghi\u1ec7m \u1edf n\u01b0\u1edbc ngo\u00e0i v\u00e0 ki\u1ec3m so\u00e1t ch\u1ea5t l\u01b0\u1ee3ng m\u1ecdi s\u1ea3n ph\u1ea9m c\u1ee7a ch\u00fang t\u00f4i tr\u01b0\u1edbc khi \u0111\u01b0a ch\u00fang ra b\u00e1n t\u1ea1i Singapore)<\/p>\n<p>\u00a0<\/p>\n<p>M\u1ed7i s\u1ea3n ph\u1ea9m tr\u00ean TikTok s\u1ebd c\u00f3 lo\u1ea1i ch\u1ee9ng ch\u1ec9 \u0111\u01b0\u1ee3c cung c\u1ea5p \u0111\u01b0\u1ee3c n\u00eau trong ph\u1ea7n m\u00f4 t\u1ea3. \u0110\u1ed1i v\u1edbi b\u1ea5t k\u1ef3 kh\u00e1ch h\u00e0ng n\u00e0o mu\u1ed1n g\u1eedi \u0111\u01a1n h\u00e0ng c\u1ee7a m\u00ecnh \u0111\u1ebfn NGI Singapore, s\u1ebd c\u00f3 th\u1eddi gian ch\u1edd giao h\u00e0ng \u01b0\u1edbc t\u00ednh kho\u1ea3ng 4 tu\u1ea7n \u0111\u1ec3 nh\u1eadn \u0111\u01b0\u1ee3c \u0111\u01a1n h\u00e0ng c\u1ee7a b\u1ea1n. <strong>Y\u00eau c\u1ea7u b\u00e1o c\u00e1o v\u1ec1 NGI Gemstone c\u1ea7n \u0111\u01b0\u1ee3c th\u1ef1c hi\u1ec7n b\u1eb1ng c\u00e1ch nh\u1eafn tin \u0111\u1ebfn c\u1eeda h\u00e0ng TikTok Yi Pin Qian.<\/strong> C\u1ea3m \u01a1n, <strong><u>\u00e1p d\u1ee5ng th\u00eam ph\u00ed<\/u><\/strong>.<\/p>","protected":false},"excerpt":{"rendered":"<p>D\u00e2y chuy\u1ec1n &amp; M\u1eb7t d\u00e2y chuy\u1ec1n b\u1eb1ng ng\u1ecdc b\u00edch tinh x\u1ea3o n\u00e0y c\u00f3 thi\u1ebft k\u1ebf h\u00ecnh Chu\u1ed3n chu\u1ed3n v\u1edbi Hoa t\u01b0\u01a1i m\u00e1t trong s\u1eafc xanh tuy\u1ec7t \u0111\u1eb9p. \u0110\u01b0\u1ee3c l\u00e0m b\u1eb1ng Jadeite lo\u1ea1i A t\u1ef1 nhi\u00ean, m\u1eb7t d\u00e2y chuy\u1ec1n n\u00e0y n\u1eb7ng 26,84 gram v\u00e0 c\u00f3 k\u00edch th\u01b0\u1edbc 57,20 * 21,70 * 11,80 mm, r\u1ea5t ph\u00f9 h\u1ee3p \u0111\u1ec3 \u0111eo h\u00e0ng ng\u00e0y. Thi\u1ebft k\u1ebf hi\u1ebfm \u0111\u1ed9c \u0111\u00e1o: C\u00f3 thi\u1ebft k\u1ebf h\u00ecnh Chu\u1ed3n chu\u1ed3n v\u1edbi Hoa m\u1ed9t \u0111\u01b0\u1eddng, [\u2026]<\/p>","protected":false},"featured_media":6228,"comment_status":"open","ping_status":"closed","template":"","meta":[],"product_brand":[],"product_cat":[48],"product_tag":[],"class_list":{"0":"post-1580","1":"product","2":"type-product","3":"status-publish","4":"has-post-thumbnail","6":"product_cat-pendants","8":"first","9":"instock","10":"sale","11":"shipping-taxable","12":"purchasable","13":"product-type-simple"},"_links":{"self":[{"href":"https:\/\/shop.yipinqian.com\/vi\/wp-json\/wp\/v2\/product\/1580","targetHints":{"allow":["GET"]}}],"collection":[{"href":"https:\/\/shop.yipinqian.com\/vi\/wp-json\/wp\/v2\/product"}],"about":[{"href":"https:\/\/shop.yipinqian.com\/vi\/wp-json\/wp\/v2\/types\/product"}],"replies":[{"embeddable":true,"href":"https:\/\/shop.yipinqian.com\/vi\/wp-json\/wp\/v2\/comments?post=1580"}],"version-history":[{"count":0,"href":"https:\/\/shop.yipinqian.com\/vi\/wp-json\/wp\/v2\/product\/1580\/revisions"}],"wp:featuredmedia":[{"embeddable":true,"href":"https:\/\/shop.yipinqian.com\/vi\/wp-json\/wp\/v2\/media\/6228"}],"wp:attachment":[{"href":"https:\/\/shop.yipinqian.com\/vi\/wp-json\/wp\/v2\/media?parent=1580"}],"wp:term":[{"taxonomy":"product_brand","embeddable":true,"href":"https:\/\/shop.yipinqian.com\/vi\/wp-json\/wp\/v2\/product_brand?post=1580"},{"taxonomy":"product_cat","embeddable":true,"href":"https:\/\/shop.yipinqian.com\/vi\/wp-json\/wp\/v2\/product_cat?post=1580"},{"taxonomy":"product_tag","embeddable":true,"href":"https:\/\/shop.yipinqian.com\/vi\/wp-json\/wp\/v2\/product_tag?post=1580"}],"curies":[{"name":"wp","href":"https:\/\/api.w.org\/{rel}","templated":true}]}}