{"id":1577,"date":"2024-10-24T23:20:23","date_gmt":"2024-10-24T15:20:23","guid":{"rendered":"https:\/\/shop.yipinqian.com\/product\/limited-time-offer-natural-type-a-jadeite-jade-crafted-as-the-shape-of-donut-as-pendant-with-certificate-weigh-24-58-grams-measurement-41-2-6-3-mm-pendant211\/"},"modified":"2025-02-17T00:04:05","modified_gmt":"2025-02-16T16:04:05","slug":"limited-time-offer-natural-type-a-jadeite-jade-crafted-as-the-shape-of-donut-as-pendant-with-certificate-weigh-24-58-grams-measurement-41-2-6-3-mm-pendant211","status":"publish","type":"product","link":"https:\/\/shop.yipinqian.com\/vi\/san-pham\/limited-time-offer-natural-type-a-jadeite-jade-crafted-as-the-shape-of-donut-as-pendant-with-certificate-weigh-24-58-grams-measurement-41-2-6-3-mm-pendant211\/","title":{"rendered":"Khuy\u1ebfn m\u1ea1i c\u00f3 th\u1eddi h\u1ea1n \u2013 Ng\u1ecdc b\u00edch lo\u1ea1i A t\u1ef1 nhi\u00ean \u0111\u01b0\u1ee3c ch\u1ebf t\u00e1c theo h\u00ecnh b\u00e1nh Donut l\u00e0m m\u1eb7t d\u00e2y chuy\u1ec1n k\u00e8m gi\u1ea5y ch\u1ee9ng nh\u1eadn n\u1eb7ng 24,58 gram, k\u00edch th\u01b0\u1edbc 41,2 * 6,3 mm (pendant211)"},"content":{"rendered":"<p>N\u00e2ng t\u1ea7m b\u1ed9 s\u01b0u t\u1eadp trang s\u1ee9c c\u1ee7a b\u1ea1n v\u1edbi \u01afu \u0111\u00e3i gi\u1edbi h\u1ea1n th\u1eddi gian n\u00e0y l\u00e0 M\u1eb7t d\u00e2y chuy\u1ec1n h\u00ecnh b\u00e1nh r\u00e1n b\u1eb1ng ng\u1ecdc b\u00edch t\u1ef1 nhi\u00ean lo\u1ea1i A tuy\u1ec7t \u0111\u1eb9p.<\/p>\n<p>S\u1ed1 ch\u1ee9ng ch\u1ec9: ZS24031902033<\/p>\n<p><img fetchpriority=\"high\" decoding=\"async\" height=\"1080\" src=\"https:\/\/shop.yipinqian.com\/wp-content\/uploads\/2024\/10\/d9284fa526ec9cfda30ff3a726103887.jpg?from=476444299\" width=\"1080\"><\/p>\n<ul>\n<li>\n<strong>\u0110\u1ea3m b\u1ea3o t\u00ednh x\u00e1c th\u1ef1c:<\/strong> M\u1eb7t d\u00e2y chuy\u1ec1n ng\u1ecdc b\u00edch n\u00e0y c\u00f3 k\u00e8m theo gi\u1ea5y ch\u1ee9ng nh\u1eadn \u0111\u1ea3m b\u1ea3o t\u00ednh x\u00e1c th\u1ef1c v\u00e0 \u0111\u01b0\u1ee3c ph\u00e2n lo\u1ea1i Lo\u1ea1i A.<\/li>\n<li>\n<strong>\u0110\u01b0\u1ee3c ch\u1ebf t\u00e1c ho\u00e0n h\u1ea3o:<\/strong> \u0110\u01b0\u1ee3c ch\u1ebf t\u00e1c t\u1ec9 m\u1ec9 theo h\u00ecnh chi\u1ebfc b\u00e1nh donut, m\u1eb7t d\u00e2y chuy\u1ec1n n\u00e0y \u0111\u01b0\u1ee3c l\u00e0m t\u1eeb ng\u1ecdc b\u00edch t\u1ef1 nhi\u00ean ch\u1ea5t l\u01b0\u1ee3ng cao v\u00e0 n\u1eb7ng 24,58 gram, k\u00edch th\u01b0\u1edbc 41,2 * 6,3 mm.<\/li>\n<li>\n<strong>M\u1ed9t ph\u1ee5 ki\u1ec7n h\u00e0ng ng\u00e0y:<\/strong> Phong c\u00e1ch \u0111a d\u1ea1ng, ki\u1ec3u v\u00f2ng c\u1ed5 gi\u1ea3n d\u1ecb r\u1ea5t ph\u00f9 h\u1ee3p \u0111\u1ec3 \u0111eo h\u00e0ng ng\u00e0y ho\u1eb7c k\u1ebft h\u1ee3p v\u1edbi c\u00e1c lo\u1ea1i v\u00f2ng c\u1ed5 kh\u00e1c \u0111\u1ec3 t\u1ea1o n\u00ean v\u1ebb ngo\u00e0i h\u1ee3p th\u1eddi trang.<\/li>\n<\/ul>\n<p>M\u1eb7t d\u00e2y chuy\u1ec1n tuy\u1ec7t \u0111\u1eb9p n\u00e0y c\u00f3 ngu\u1ed3n g\u1ed1c t\u1eeb Myanmar \u2013 n\u01a1i n\u1ed5i ti\u1ebfng v\u1edbi vi\u1ec7c s\u1ea3n xu\u1ea5t m\u1ed9t s\u1ed1 lo\u1ea1i ng\u1ecdc b\u00edch jadeite ch\u1ea5t l\u01b0\u1ee3ng t\u1ed1t nh\u1ea5t th\u1ebf gi\u1edbi \u2013 l\u00e0 s\u1ef1 b\u1ed5 sung tuy\u1ec7t v\u1eddi cho b\u1ed9 s\u01b0u t\u1eadp c\u1ee7a b\u1ea1n ho\u1eb7c l\u00e0 m\u00f3n qu\u00e0 \u0111\u1eb7c bi\u1ec7t cho ng\u01b0\u1eddi y\u00eau th\u00edch nh\u1eefng m\u00f3n \u0111\u1ed3 trang s\u1ee9c \u0111\u1ed9c \u0111\u00e1o, n\u1ed5i b\u1eadt gi\u1eefa \u0111\u00e1m \u0111\u00f4ng.<\/p>\n<ul>\n<li><strong>M\u1ed9t m\u00f3n \u0111\u1ed3 trang s\u1ee9c d\u00e0nh cho c\u1ea3 nam v\u00e0 n\u1eef: M\u1eb7t d\u00e2y chuy\u1ec1n h\u00ecnh b\u00e1nh donut n\u00e0y ho\u00e0n h\u1ea3o cho c\u1ea3 nam v\u00e0 n\u1eef, nh\u1eefng ng\u01b0\u1eddi y\u00eau th\u00edch v\u1ebb \u0111\u1eb9p v\u01b0\u1ee3t th\u1eddi gian \u1edf ph\u1ee5 ki\u1ec7n c\u1ee7a h\u1ecd.<\/strong><\/li>\n<\/ul>\n<p><strong>Xin l\u01b0u \u00fd r\u1eb1ng t\u00e1c ph\u1ea9m tinh x\u1ea3o n\u00e0y kh\u00f4ng \u0111i k\u00e8m b\u1ea5t k\u1ef3 ch\u1ebf \u0111\u1ed9 b\u1ea3o h\u00e0nh n\u00e0o nh\u01b0ng b\u1ea1n c\u00f3 th\u1ec3 y\u00ean t\u00e2m r\u1eb1ng tay ngh\u1ec1 th\u1ee7 c\u00f4ng tuy\u1ec7t v\u1eddi c\u1ee7a n\u00f3 \u0111\u1ea3m b\u1ea3o \u0111\u1ed9 b\u1ec1n l\u00e2u d\u00e0i b\u1ea5t ch\u1ea5p s\u1ef1 hao m\u00f2n h\u00e0ng ng\u00e0y mi\u1ec5n l\u00e0 b\u1ea1n ch\u0103m s\u00f3c n\u00f3 \u0111\u00fang c\u00e1ch!<\/strong><\/p>\n<p><strong>.<\/strong><\/p>","protected":false},"excerpt":{"rendered":"<p>N\u00e2ng t\u1ea7m b\u1ed9 s\u01b0u t\u1eadp trang s\u1ee9c c\u1ee7a b\u1ea1n v\u1edbi \u01afu \u0111\u00e3i gi\u1edbi h\u1ea1n th\u1eddi gian n\u00e0y c\u1ee7a M\u1eb7t d\u00e2y chuy\u1ec1n ng\u1ecdc b\u00edch h\u00ecnh b\u00e1nh r\u00e1n Jadeite t\u1ef1 nhi\u00ean lo\u1ea1i A tuy\u1ec7t \u0111\u1eb9p. S\u1ed1 ch\u1ee9ng ch\u1ec9: ZS24031902033 \u0110\u1ea3m b\u1ea3o t\u00ednh x\u00e1c th\u1ef1c: M\u1eb7t d\u00e2y chuy\u1ec1n ng\u1ecdc b\u00edch n\u00e0y \u0111i k\u00e8m v\u1edbi ch\u1ee9ng ch\u1ec9 \u0111\u1ea3m b\u1ea3o t\u00ednh x\u00e1c th\u1ef1c v\u00e0 ph\u00e2n lo\u1ea1i Lo\u1ea1i A. \u0110\u01b0\u1ee3c ch\u1ebf t\u00e1c ho\u00e0n h\u1ea3o: \u0110\u01b0\u1ee3c ch\u1ebf t\u00e1c t\u1ec9 m\u1ec9 theo h\u00ecnh d\u1ea1ng m\u1ed9t chi\u1ebfc b\u00e1nh r\u00e1n, m\u1eb7t d\u00e2y chuy\u1ec1n n\u00e0y \u0111\u01b0\u1ee3c l\u00e0m t\u1eeb ch\u1ea5t li\u1ec7u [\u2026]<\/p>","protected":false},"featured_media":6210,"comment_status":"open","ping_status":"closed","template":"","meta":[],"product_brand":[],"product_cat":[48],"product_tag":[],"class_list":{"0":"post-1577","1":"product","2":"type-product","3":"status-publish","4":"has-post-thumbnail","6":"product_cat-pendants","8":"first","9":"instock","10":"sale","11":"shipping-taxable","12":"purchasable","13":"product-type-simple"},"_links":{"self":[{"href":"https:\/\/shop.yipinqian.com\/vi\/wp-json\/wp\/v2\/product\/1577","targetHints":{"allow":["GET"]}}],"collection":[{"href":"https:\/\/shop.yipinqian.com\/vi\/wp-json\/wp\/v2\/product"}],"about":[{"href":"https:\/\/shop.yipinqian.com\/vi\/wp-json\/wp\/v2\/types\/product"}],"replies":[{"embeddable":true,"href":"https:\/\/shop.yipinqian.com\/vi\/wp-json\/wp\/v2\/comments?post=1577"}],"version-history":[{"count":0,"href":"https:\/\/shop.yipinqian.com\/vi\/wp-json\/wp\/v2\/product\/1577\/revisions"}],"wp:featuredmedia":[{"embeddable":true,"href":"https:\/\/shop.yipinqian.com\/vi\/wp-json\/wp\/v2\/media\/6210"}],"wp:attachment":[{"href":"https:\/\/shop.yipinqian.com\/vi\/wp-json\/wp\/v2\/media?parent=1577"}],"wp:term":[{"taxonomy":"product_brand","embeddable":true,"href":"https:\/\/shop.yipinqian.com\/vi\/wp-json\/wp\/v2\/product_brand?post=1577"},{"taxonomy":"product_cat","embeddable":true,"href":"https:\/\/shop.yipinqian.com\/vi\/wp-json\/wp\/v2\/product_cat?post=1577"},{"taxonomy":"product_tag","embeddable":true,"href":"https:\/\/shop.yipinqian.com\/vi\/wp-json\/wp\/v2\/product_tag?post=1577"}],"curies":[{"name":"wp","href":"https:\/\/api.w.org\/{rel}","templated":true}]}}