{"id":1574,"date":"2024-10-24T23:20:22","date_gmt":"2024-10-24T15:20:22","guid":{"rendered":"https:\/\/shop.yipinqian.com\/product\/limited-time-offer-crafted-with-faceless-buddha-on-natural-type-a-jadeite-jade-as-a-pendant-with-certificate-weigh-77-91-grams-measurement-80-8-37-3-12-6-mm-pendant210\/"},"modified":"2025-02-24T00:49:52","modified_gmt":"2025-02-23T16:49:52","slug":"limited-time-offer-crafted-with-faceless-buddha-on-natural-type-a-jadeite-jade-as-a-pendant-with-certificate-weigh-77-91-grams-measurement-80-8-37-3-12-6-mm-pendant210","status":"publish","type":"product","link":"https:\/\/shop.yipinqian.com\/vi\/san-pham\/limited-time-offer-crafted-with-faceless-buddha-on-natural-type-a-jadeite-jade-as-a-pendant-with-certificate-weigh-77-91-grams-measurement-80-8-37-3-12-6-mm-pendant210\/","title":{"rendered":"Khuy\u1ebfn m\u1ea1i c\u00f3 th\u1eddi h\u1ea1n \u2013 \u0110\u01b0\u1ee3c ch\u1ebf t\u00e1c v\u1edbi h\u00ecnh \u1ea3nh v\u1ecb ph\u1eadt kh\u00f4ng m\u1eb7t tr\u00ean Ng\u1ecdc b\u00edch lo\u1ea1i A t\u1ef1 nhi\u00ean l\u00e0m m\u1eb7t d\u00e2y chuy\u1ec1n k\u00e8m gi\u1ea5y ch\u1ee9ng nh\u1eadn n\u1eb7ng 77,91 gram, k\u00edch th\u01b0\u1edbc 80,8 * 37,3 * 12,6 mm (m\u1eb7t d\u00e2y chuy\u1ec1n210)"},"content":{"rendered":"<p>M\u1eb7t d\u00e2y chuy\u1ec1n khuy\u1ebfn m\u1ea1i trong th\u1eddi gian c\u00f3 h\u1ea1n n\u00e0y c\u00f3 h\u00ecnh t\u01b0\u1ee3ng ph\u1eadt kh\u00f4ng m\u1eb7t \u0111\u01b0\u1ee3c ch\u1ebf t\u00e1c t\u1eeb Ng\u1ecdc b\u00edch Jadeite lo\u1ea1i A t\u1ef1 nhi\u00ean. M\u1eb7t d\u00e2y chuy\u1ec1n n\u1eb7ng 77,91 gam v\u00e0 c\u00f3 k\u00edch th\u01b0\u1edbc 80,8 * 37,3 * 12,6 mm (m\u1eb7t d\u00e2y chuy\u1ec1n210).<\/p>\n<p>S\u1ed1 ch\u1ee9ng ch\u1ec9: ZS24031003175<\/p>\n<ul>\n<li>\n<strong>\u0110\u1ea3m b\u1ea3o t\u00ednh x\u00e1c th\u1ef1c:<\/strong> M\u1eb7t d\u00e2y chuy\u1ec1n n\u00e0y c\u00f3 k\u00e8m theo gi\u1ea5y ch\u1ee9ng nh\u1eadn x\u00e1c th\u1ef1c, \u0111\u1ea3m b\u1ea3o s\u1ea3n ph\u1ea9m l\u00e0 h\u00e0ng ch\u00ednh h\u00e3ng v\u00e0 ch\u1ea5t l\u01b0\u1ee3ng cao.<\/li>\n<li>\n<strong>Lo\u1ea1i Jadeite:<\/strong> \u0110\u01b0\u1ee3c ch\u1ebf t\u00e1c t\u1eeb \u0111\u00e1 Jadeite Jadeite t\u1ef1 nhi\u00ean lo\u1ea1i A, m\u1eb7t d\u00e2y chuy\u1ec1n n\u00e0y t\u1ef1 h\u00e0o s\u1edf h\u1eefu ch\u1ea5t l\u01b0\u1ee3ng cao nh\u1ea5t c\u1ee7a lo\u1ea1i \u0111\u00e1 qu\u00fd n\u00e0y.<\/li>\n<li>\n<strong>Ki\u1ec3u v\u00f2ng c\u1ed5 th\u01b0\u1eddng ng\u00e0y:<\/strong> Ki\u1ec3u v\u00f2ng c\u1ed5 unisex n\u00e0y ho\u00e0n h\u1ea3o \u0111\u1ec3 \u0111eo h\u00e0ng ng\u00e0y ho\u1eb7c nh\u01b0 m\u1ed9t m\u00f3n \u0111\u1ed3 th\u1eddi trang.<\/li>\n<\/ul>\n<p>M\u1eb7t d\u00e2y chuy\u1ec1n ng\u1ecdc b\u00edch tuy\u1ec7t \u0111\u1eb9p n\u00e0y c\u00f3 ngu\u1ed3n g\u1ed1c t\u1eeb Myanmar, n\u01a1i t\u00ecm th\u1ea5y m\u1ed9t s\u1ed1 lo\u1ea1i ng\u1ecdc b\u00edch t\u1ed1t nh\u1ea5t th\u1ebf gi\u1edbi v\u00e0 \u0111\u01b0\u1ee3c ch\u1ebf t\u00e1c b\u1edfi nh\u1eefng ngh\u1ec7 nh\u00e2n l\u00e0nh ngh\u1ec1.<\/p>\n<ul>\n<li>\n<strong>D\u1ecbp h\u00e0ng ng\u00e0y:<\/strong> Ph\u00f9 h\u1ee3p cho m\u1ecdi d\u1ecbp, d\u00f9 b\u1ea1n \u0111ang ch\u1ea1y vi\u1ec7c v\u1eb7t hay tham d\u1ef1 cu\u1ed9c h\u1ecdp!<\/li>\n<\/ul>\n<p>Xin l\u01b0u \u00fd r\u1eb1ng s\u1ea3n ph\u1ea9m n\u00e0y kh\u00f4ng \u0111i k\u00e8m b\u1ea5t k\u1ef3 lo\u1ea1i b\u1ea3o h\u00e0nh n\u00e0o; tuy nhi\u00ean, n\u00f3 \u0111\u01b0\u1ee3c ch\u1ebf t\u1ea1o \u0111\u1ec3 s\u1eed d\u1ee5ng l\u00e2u d\u00e0i! H\u00e3y t\u1eadn h\u01b0\u1edfng m\u1ed9t m\u00f3n \u0111\u1ed3 ch\u00ednh h\u00e3ng s\u1ebd l\u00e0 s\u1ef1 b\u1ed5 sung tuy\u1ec7t v\u1eddi cho b\u1ed9 s\u01b0u t\u1eadp trang s\u1ee9c c\u1ee7a b\u1ea1n!<\/p>","protected":false},"excerpt":{"rendered":"<p>M\u1eb7t d\u00e2y chuy\u1ec1n n\u00e0y c\u00f3 h\u00ecnh m\u1ed9t v\u1ecb ph\u1eadt kh\u00f4ng m\u1eb7t \u0111\u01b0\u1ee3c ch\u1ebf t\u00e1c t\u1eeb Ng\u1ecdc b\u00edch Jadeite lo\u1ea1i A t\u1ef1 nhi\u00ean. M\u1eb7t d\u00e2y chuy\u1ec1n n\u1eb7ng 77,91 gam v\u00e0 c\u00f3 k\u00edch th\u01b0\u1edbc 80,8 * 37,3 * 12,6 mm (m\u1eb7t d\u00e2y chuy\u1ec1n210). S\u1ed1 ch\u1ee9ng nh\u1eadn: ZS24031003175 \u0110\u1ea3m b\u1ea3o t\u00ednh x\u00e1c th\u1ef1c: M\u1eb7t d\u00e2y chuy\u1ec1n n\u00e0y \u0111i k\u00e8m v\u1edbi ch\u1ee9ng nh\u1eadn t\u00ednh x\u00e1c th\u1ef1c, \u0111\u1ea3m b\u1ea3o t\u00ecnh tr\u1ea1ng ch\u00ednh h\u00e3ng v\u00e0 v\u1eadt li\u1ec7u ch\u1ea5t l\u01b0\u1ee3ng cao. Lo\u1ea1i Jadeite: \u0110\u01b0\u1ee3c ch\u1ebf t\u00e1c t\u1eeb lo\u1ea1i [\u2026]<\/p>","protected":false},"featured_media":6192,"comment_status":"open","ping_status":"closed","template":"","meta":[],"product_brand":[],"product_cat":[194],"product_tag":[],"class_list":{"0":"post-1574","1":"product","2":"type-product","3":"status-publish","4":"has-post-thumbnail","6":"product_cat-value-picks","8":"first","9":"instock","10":"sale","11":"shipping-taxable","12":"purchasable","13":"product-type-simple"},"_links":{"self":[{"href":"https:\/\/shop.yipinqian.com\/vi\/wp-json\/wp\/v2\/product\/1574","targetHints":{"allow":["GET"]}}],"collection":[{"href":"https:\/\/shop.yipinqian.com\/vi\/wp-json\/wp\/v2\/product"}],"about":[{"href":"https:\/\/shop.yipinqian.com\/vi\/wp-json\/wp\/v2\/types\/product"}],"replies":[{"embeddable":true,"href":"https:\/\/shop.yipinqian.com\/vi\/wp-json\/wp\/v2\/comments?post=1574"}],"version-history":[{"count":0,"href":"https:\/\/shop.yipinqian.com\/vi\/wp-json\/wp\/v2\/product\/1574\/revisions"}],"wp:featuredmedia":[{"embeddable":true,"href":"https:\/\/shop.yipinqian.com\/vi\/wp-json\/wp\/v2\/media\/6192"}],"wp:attachment":[{"href":"https:\/\/shop.yipinqian.com\/vi\/wp-json\/wp\/v2\/media?parent=1574"}],"wp:term":[{"taxonomy":"product_brand","embeddable":true,"href":"https:\/\/shop.yipinqian.com\/vi\/wp-json\/wp\/v2\/product_brand?post=1574"},{"taxonomy":"product_cat","embeddable":true,"href":"https:\/\/shop.yipinqian.com\/vi\/wp-json\/wp\/v2\/product_cat?post=1574"},{"taxonomy":"product_tag","embeddable":true,"href":"https:\/\/shop.yipinqian.com\/vi\/wp-json\/wp\/v2\/product_tag?post=1574"}],"curies":[{"name":"wp","href":"https:\/\/api.w.org\/{rel}","templated":true}]}}