{"id":1573,"date":"2024-10-24T23:20:20","date_gmt":"2024-10-24T15:20:20","guid":{"rendered":"https:\/\/shop.yipinqian.com\/product\/light-spicy-green-natural-type-a-jadeite-jade-crafted-with-6-6mm-28-beads-as-bracelet-qic-lab-approved-certificate-weigh-13-41-grams-bracelet20\/"},"modified":"2025-02-24T00:49:52","modified_gmt":"2025-02-23T16:49:52","slug":"light-spicy-green-natural-type-a-jadeite-jade-crafted-with-6-6mm-28-beads-as-bracelet-qic-lab-approved-certificate-weigh-13-41-grams-bracelet20","status":"publish","type":"product","link":"https:\/\/shop.yipinqian.com\/vi\/san-pham\/light-spicy-green-natural-type-a-jadeite-jade-crafted-with-6-6mm-28-beads-as-bracelet-qic-lab-approved-certificate-weigh-13-41-grams-bracelet20\/","title":{"rendered":"Ng\u1ecdc b\u00edch lo\u1ea1i A t\u1ef1 nhi\u00ean m\u00e0u xanh l\u00e1 c\u00e2y nh\u1ea1t cay \u0111\u01b0\u1ee3c ch\u1ebf t\u00e1c b\u1eb1ng 6,6mm * 28 h\u1ea1t l\u00e0m v\u00f2ng tay, ch\u1ee9ng nh\u1eadn \u0111\u01b0\u1ee3c ph\u00f2ng th\u00ed nghi\u1ec7m QIC ch\u1ea5p thu\u1eadn, n\u1eb7ng 13,41 gram (v\u00f2ng tay20)"},"content":{"rendered":"<p>N\u00e2ng c\u1ea5p b\u1ed9 s\u01b0u t\u1eadp ph\u1ee5 ki\u1ec7n c\u1ee7a b\u1ea1n v\u1edbi chi\u1ebfc v\u00f2ng tay ng\u1ecdc b\u00edch Light Spicy Green Natural Type A Jadeite Jade tuy\u1ec7t \u0111\u1eb9p n\u00e0y t\u1eeb Myanmar. V\u1edbi ch\u1ee9ng nh\u1eadn \u0111\u01b0\u1ee3c ph\u00f2ng th\u00ed nghi\u1ec7m QIC ch\u1ea5p thu\u1eadn, chi\u1ebfc v\u00f2ng tay n\u00e0y \u0111\u01b0\u1ee3c l\u00e0m b\u1eb1ng 6,6mm * 28 h\u1ea1t v\u00e0 n\u1eb7ng 13,41 gram, khi\u1ebfn n\u00f3 tr\u1edf th\u00e0nh m\u1ed9t ph\u1ee5 ki\u1ec7n ho\u00e0n h\u1ea3o cho trang ph\u1ee5c h\u00e0ng ng\u00e0y c\u1ee7a b\u1ea1n.<\/p>\n<p><\/p>\n<p>S\u1ed1 ch\u1ee9ng ch\u1ec9: 5924012900008<\/p>\n<ul>\n<li>\n<strong>Jadeite lo\u1ea1i A \u0111\u00edch th\u1ef1c:<\/strong> \u0110\u01b0\u1ee3c ch\u1ebf t\u00e1c t\u1eeb ng\u1ecdc b\u00edch t\u1ef1 nhi\u00ean lo\u1ea1i A, chi\u1ebfc v\u00f2ng tay n\u00e0y \u0111\u1ea3m b\u1ea3o gi\u1eef \u0111\u01b0\u1ee3c m\u00e0u s\u1eafc v\u00e0 ch\u1ea5t l\u01b0\u1ee3ng theo th\u1eddi gian.<\/li>\n<li>\n<strong>Thi\u1ebft k\u1ebf thanh l\u1ecbch:<\/strong> V\u1edbi m\u00e0u xanh l\u00e1 c\u00e2y nh\u1ea1t tuy\u1ec7t \u0111\u1eb9p v\u00e0 \u0111\u01b0\u1ee3c ch\u1ebf t\u00e1c b\u1eb1ng nh\u1eefng h\u1ea1t c\u01b0\u1eddm tinh t\u1ebf, chi\u1ebfc v\u00f2ng tay n\u00e0y mang \u0111\u1ebfn n\u00e9t thanh l\u1ecbch cho b\u1ea5t k\u1ef3 trang ph\u1ee5c n\u00e0o.<\/li>\n<li>\n<strong>Gi\u1ea5y ch\u1ee9ng nh\u1eadn x\u00e1c th\u1ef1c:<\/strong> V\u1edbi ch\u1ee9ng ch\u1ec9 \u0111\u01b0\u1ee3c ph\u00f2ng th\u00ed nghi\u1ec7m QIC ch\u1ea5p thu\u1eadn k\u00e8m theo trong g\u00f3i s\u1ea3n ph\u1ea9m, b\u1ea1n c\u00f3 th\u1ec3 ch\u1eafc ch\u1eafn r\u1eb1ng m\u00ecnh \u0111ang nh\u1eadn \u0111\u01b0\u1ee3c s\u1ea3n ph\u1ea9m ch\u00ednh h\u00e3ng \u0111\u00e1p \u1ee9ng c\u00e1c ti\u00eau chu\u1ea9n ch\u1ea5t l\u01b0\u1ee3ng cao nh\u1ea5t.<\/li>\n<\/ul>\n<p>Chi\u1ebfc v\u00f2ng tay unisex n\u00e0y c\u0169ng l\u00e0 m\u1ed9t m\u00f3n qu\u00e0 tuy\u1ec7t v\u1eddi cho nh\u1eefng ng\u01b0\u1eddi th\u00e2n y\u00eau ho\u1eb7c cho ch\u00ednh b\u1ea1n trong b\u1ea5t k\u1ef3 d\u1ecbp n\u00e0o. Xin l\u01b0u \u00fd r\u1eb1ng s\u1ea3n ph\u1ea9m n\u00e0y kh\u00f4ng \u0111\u01b0\u1ee3c b\u1ea3o h\u00e0nh, nh\u01b0ng thi\u1ebft k\u1ebf v\u01b0\u1ee3t th\u1eddi gian c\u1ee7a n\u00f3 s\u1ebd \u0111\u1ea3m b\u1ea3o n\u00f3 v\u1eabn h\u1ee3p th\u1eddi trang trong nhi\u1ec1u n\u0103m t\u1edbi!<\/p>","protected":false},"excerpt":{"rendered":"<p>N\u00e2ng c\u1ea5p b\u1ed9 s\u01b0u t\u1eadp ph\u1ee5 ki\u1ec7n c\u1ee7a b\u1ea1n v\u1edbi chi\u1ebfc v\u00f2ng tay ng\u1ecdc b\u00edch Light Spicy Green Natural Type A Jadeite tuy\u1ec7t \u0111\u1eb9p n\u00e0y t\u1eeb Myanmar. V\u1edbi ch\u1ee9ng nh\u1eadn \u0111\u01b0\u1ee3c ph\u00f2ng th\u00ed nghi\u1ec7m QIC ch\u1ea5p thu\u1eadn, chi\u1ebfc v\u00f2ng tay n\u00e0y \u0111\u01b0\u1ee3c l\u00e0m b\u1eb1ng 6,6mm * 28 h\u1ea1t v\u00e0 n\u1eb7ng 13,41 gram, khi\u1ebfn n\u00f3 tr\u1edf th\u00e0nh m\u1ed9t s\u1ef1 b\u1ed5 sung ho\u00e0n h\u1ea3o cho trang ph\u1ee5c h\u00e0ng ng\u00e0y c\u1ee7a b\u1ea1n. S\u1ed1 ch\u1ee9ng nh\u1eadn: 5924012900008 Ng\u1ecdc b\u00edch Type A ch\u00ednh h\u00e3ng: \u0110\u01b0\u1ee3c ch\u1ebf t\u00e1c t\u1eeb thi\u00ean nhi\u00ean [\u2026]<\/p>","protected":false},"featured_media":6185,"comment_status":"open","ping_status":"closed","template":"","meta":[],"product_brand":[],"product_cat":[194],"product_tag":[],"class_list":{"0":"post-1573","1":"product","2":"type-product","3":"status-publish","4":"has-post-thumbnail","6":"product_cat-value-picks","8":"first","9":"instock","10":"sale","11":"shipping-taxable","12":"purchasable","13":"product-type-simple"},"_links":{"self":[{"href":"https:\/\/shop.yipinqian.com\/vi\/wp-json\/wp\/v2\/product\/1573","targetHints":{"allow":["GET"]}}],"collection":[{"href":"https:\/\/shop.yipinqian.com\/vi\/wp-json\/wp\/v2\/product"}],"about":[{"href":"https:\/\/shop.yipinqian.com\/vi\/wp-json\/wp\/v2\/types\/product"}],"replies":[{"embeddable":true,"href":"https:\/\/shop.yipinqian.com\/vi\/wp-json\/wp\/v2\/comments?post=1573"}],"version-history":[{"count":0,"href":"https:\/\/shop.yipinqian.com\/vi\/wp-json\/wp\/v2\/product\/1573\/revisions"}],"wp:featuredmedia":[{"embeddable":true,"href":"https:\/\/shop.yipinqian.com\/vi\/wp-json\/wp\/v2\/media\/6185"}],"wp:attachment":[{"href":"https:\/\/shop.yipinqian.com\/vi\/wp-json\/wp\/v2\/media?parent=1573"}],"wp:term":[{"taxonomy":"product_brand","embeddable":true,"href":"https:\/\/shop.yipinqian.com\/vi\/wp-json\/wp\/v2\/product_brand?post=1573"},{"taxonomy":"product_cat","embeddable":true,"href":"https:\/\/shop.yipinqian.com\/vi\/wp-json\/wp\/v2\/product_cat?post=1573"},{"taxonomy":"product_tag","embeddable":true,"href":"https:\/\/shop.yipinqian.com\/vi\/wp-json\/wp\/v2\/product_tag?post=1573"}],"curies":[{"name":"wp","href":"https:\/\/api.w.org\/{rel}","templated":true}]}}