{"id":1572,"date":"2024-10-24T23:20:20","date_gmt":"2024-10-24T15:20:20","guid":{"rendered":"https:\/\/shop.yipinqian.com\/product\/light-purple-with-light-green-double-tones-natural-type-a-jadeite-pendant-carve-with-scenes-come-with-certificate-weight-26-36-grams-57-30-32-20-7-10-mm-suitable-for-your-daily-wear-or-for-collection\/"},"modified":"2025-02-17T00:04:04","modified_gmt":"2025-02-16T16:04:04","slug":"light-purple-with-light-green-double-tones-natural-type-a-jadeite-pendant-carve-with-scenes-come-with-certificate-weight-26-36-grams-57-30-32-20-7-10-mm-suitable-for-your-daily-wear-or-for-collection","status":"publish","type":"product","link":"https:\/\/shop.yipinqian.com\/vi\/san-pham\/light-purple-with-light-green-double-tones-natural-type-a-jadeite-pendant-carve-with-scenes-come-with-certificate-weight-26-36-grams-57-30-32-20-7-10-mm-suitable-for-your-daily-wear-or-for-collection\/","title":{"rendered":"M\u1eb7t d\u00e2y chuy\u1ec1n ng\u1ecdc b\u00edch t\u1ef1 nhi\u00ean lo\u1ea1i A m\u00e0u t\u00edm nh\u1ea1t v\u1edbi t\u00f4ng m\u00e0u xanh l\u00e1 c\u00e2y nh\u1ea1t \u0111\u00f4i kh\u1eafc h\u1ecda c\u1ea3nh v\u1eadt k\u00e8m theo gi\u1ea5y ch\u1ee9ng nh\u1eadn tr\u1ecdng l\u01b0\u1ee3ng 26,36 gram, k\u00edch th\u01b0\u1edbc 57,30 * 32,20 * 7,10 mm ph\u00f9 h\u1ee3p \u0111\u1ec3 \u0111eo h\u00e0ng ng\u00e0y ho\u1eb7c s\u01b0u t\u1ea7m (m\u1eb7t d\u00e2y chuy\u1ec1n116)"},"content":{"rendered":"<article class=\"lzd-article\">\n<p style=\"line-height: 1.7;text-align: left;text-indent: 0;margin-left: 0;margin-top: 0;margin-bottom: 0\"><span>M\u1eb7t d\u00e2y chuy\u1ec1n ng\u1ecdc b\u00edch t\u1ef1 nhi\u00ean lo\u1ea1i A hai t\u00f4ng m\u00e0u t\u00edm nh\u1ea1t v\u1edbi xanh l\u1ee5c nh\u1ea1t n\u00e0y l\u00e0 s\u1ef1 b\u1ed5 sung tuy\u1ec7t \u0111\u1eb9p cho b\u1ed9 s\u01b0u t\u1eadp trang s\u1ee9c c\u1ee7a b\u1ea1n.<\/span><\/p>\n<ul>\n<li>\n<div style=\"line-height: 1.7;text-align: left;text-indent: 0\">\n<span style=\"font-weight: bold\">T\u00ednh x\u00e1c th\u1ef1c:<\/span><span> C\u00f3 k\u00e8m theo gi\u1ea5y ch\u1ee9ng nh\u1eadn x\u00e1c th\u1ef1c \u0111\u1ec3 \u0111\u1ea3m b\u1ea3o t\u00ednh ch\u00ednh h\u00e3ng c\u1ee7a s\u1ea3n ph\u1ea9m.<\/span>\n<\/div>\n<\/li>\n<li>\n<div style=\"line-height: 1.7;text-align: left;text-indent: 0\">\n<span style=\"font-weight: bold\">Lo\u1ea1i ng\u1ecdc b\u00edch:<\/span><span> \u0110\u01b0\u1ee3c l\u00e0m b\u1eb1ng ng\u1ecdc b\u00edch Jadeite ch\u1ea5t l\u01b0\u1ee3ng cao, m\u1eb7t d\u00e2y chuy\u1ec1n n\u00e0y ch\u1eafc ch\u1eafn s\u1ebd g\u00e2y \u1ea5n t\u01b0\u1ee3ng.<\/span>\n<\/div>\n<\/li>\n<li>\n<div style=\"line-height: 1.7;text-align: left;text-indent: 0\">\n<span style=\"font-weight: bold\">K\u00edch th\u01b0\u1edbc:<\/span><span> V\u1edbi k\u00edch th\u01b0\u1edbc 57,30 * 32,20 * 7,10 mm v\u00e0 n\u1eb7ng 26,36 gram, m\u1eb7t d\u00e2y chuy\u1ec1n n\u00e0y ho\u00e0n h\u1ea3o \u0111\u1ec3 \u0111eo h\u00e0ng ng\u00e0y ho\u1eb7c d\u00e0nh cho ng\u01b0\u1eddi s\u01b0u t\u1ea7m.<\/span>\n<\/div>\n<\/li>\n<li>\n<div style=\"line-height: 1.7;text-align: left;text-indent: 0\">\n<span style=\"font-weight: bold\">Nh\u00e2n d\u1ecbp: <\/span><span>Ph\u00f9 h\u1ee3p \u0111\u1ec3 m\u1eb7c h\u00e0ng ng\u00e0y v\u00e0 s\u1ebd gi\u00fap b\u1ea1n n\u1ed5i b\u1eadt gi\u1eefa \u0111\u00e1m \u0111\u00f4ng!<\/span>\n<\/div>\n<\/li>\n<\/ul>\n<p style=\"line-height: 1.7;text-align: left;text-indent: 0;margin-left: 0;margin-top: 0;margin-bottom: 0\"><span style=\"font-weight: bold\">S\u1ed1 ch\u1ee9ng ch\u1ec9: GD2110H010558<\/span><\/p>\n<p style=\"line-height: 1.7;text-align: left;text-indent: 0;margin-left: 0;margin-top: 0;margin-bottom: 0\"><span><\/span><\/p>\n<p style=\"line-height: 1.7;text-align: left;text-indent: 0;margin-left: 0;margin-top: 0;margin-bottom: 0\"><span><\/span><img decoding=\"async\" src=\"https:\/\/shop.yipinqian.com\/wp-content\/uploads\/2024\/10\/13226d354c7910cffb30d7ef6258e603.jpg?from=476444299\" style=\"width: 1080;height: 1080;vertical-align: middle\"><span><\/span><\/p>\n<p style=\"line-height: 1.7;text-align: left;text-indent: 0;margin-left: 0;margin-top: 0;margin-bottom: 0\"><span>T\u00e1c ph\u1ea9m tuy\u1ec7t \u0111\u1eb9p n\u00e0y tr\u01b0ng b\u00e0y m\u1ed9t c\u1ea3nh ch\u1ea1m kh\u1eafc minh h\u1ecda cho s\u1ef1 kh\u00e9o l\u00e9o tinh x\u1ea3o trong qu\u00e1 tr\u00ecnh s\u00e1ng t\u1ea1o ra n\u00f3.<\/span><\/p>\n<p style=\"line-height: 1.7;text-align: left;text-indent: 0;margin-left: 0;margin-top: 0;margin-bottom: 0\"><span>M\u00e0u t\u00edm nh\u1ea1t k\u1ebft h\u1ee3p v\u1edbi t\u00f4ng m\u00e0u xanh l\u00e1 c\u00e2y nh\u1ea1t t\u1ea1o n\u00ean n\u00e9t thanh l\u1ecbch v\u00e0 l\u00e0 l\u1ef1a ch\u1ecdn tuy\u1ec7t v\u1eddi l\u00e0m ph\u1ee5 ki\u1ec7n trang s\u1ee9c d\u1ea1ng v\u00f2ng c\u1ed5 th\u01b0\u1eddng ng\u00e0y.<\/span><\/p>\n<p style=\"line-height: 1.7;text-align: left;text-indent: 0;margin-left: 0;margin-top: 0;margin-bottom: 0\"><span>\u0110\u01b0\u1ee3c s\u1ea3n xu\u1ea5t t\u1ea1i Myanmar, m\u1eb7t d\u00e2y chuy\u1ec1n ng\u1ecdc b\u00edch lo\u1ea1i A t\u1ef1 nhi\u00ean n\u00e0y t\u1ecfa ra v\u1ebb \u0111\u1eb9p theo m\u1ecdi ngh\u0129a!<\/span><\/p>\n<p style=\"line-height: 1.7;text-align: left;text-indent: 0;margin-left: 0;margin-top: 0;margin-bottom: 0\"><span> <\/span><\/p>\n<p style=\"line-height: 1.7;text-align: left;text-indent: 0;margin-left: 0;margin-top: 0;margin-bottom: 0\"><span>Yi Pin Qian \u2013 Nh\u00e0 bu\u00f4n \u0111\u00e1 qu\u00fd v\u00e0 kim lo\u1ea1i qu\u00fd t\u1ea1i Singapore \u2013 S\u1ed1 gi\u1ea5y ph\u00e9p PS20190000031<\/span><\/p>\n<p style=\"line-height: 1.7;text-align: left;text-indent: 0;margin-left: 0;margin-top: 0;margin-bottom: 0\"><span> <\/span><\/p>\n<p style=\"line-height: 1.7;text-align: left;text-indent: 0;margin-left: 0;margin-top: 0;margin-bottom: 0\"><span>*T\u1ea5t c\u1ea3 c\u00e1c lo\u1ea1i Jadeite \u0111\u01b0\u1ee3c mua t\u1eeb Yi Pin Qian t\u1ea1i Singapore, kh\u00e1ch h\u00e0ng c\u00f3 th\u1ec3 \u0111\u1eb7t l\u1ecbch \u0111\u00e1nh b\u00f3ng ho\u1eb7c s\u1eeda ch\u1eefa nh\u1ecf do x\u1eed l\u00fd sai c\u00e1ch \u2013 c\u00f3 t\u00ednh ph\u00ed v\u00e0 ch\u1ec9 d\u00e0nh cho kh\u00e1ch h\u00e0ng c\u1ee7a Yi Pin Qian t\u1ea1i Singapore*<\/span><\/p>\n<p style=\"line-height: 1.7;text-align: left;text-indent: 0;margin-left: 0;margin-top: 0;margin-bottom: 0\"><span> <\/span><\/p>\n<p style=\"line-height: 1.7;text-align: left;text-indent: 0;margin-left: 0;margin-top: 0;margin-bottom: 0\"><span style=\"font-weight: bold\">**C\u00e1c lo\u1ea1i ch\u1ee9ng ch\u1ec9**<\/span><\/p>\n<p style=\"line-height: 1.7;text-align: left;text-indent: 0;margin-left: 0;margin-top: 0;margin-bottom: 0\"><span> <\/span><\/p>\n<p style=\"line-height: 1.7;text-align: left;text-indent: 0;margin-left: 0;margin-top: 0;margin-bottom: 0\"><span style=\"font-weight: bold\">NGI (C\u00f4ng ty \u0110\u00e1 qu\u00fd Nan Yang)<\/span><\/p>\n<p style=\"line-height: 1.7;text-align: left;text-indent: 0;margin-left: 0;margin-top: 0;margin-bottom: 0\"><span>ho\u1eb7c <\/span><span style=\"font-weight: bold\">Ch\u1ee9ng ch\u1ec9 n\u01b0\u1edbc ngo\u00e0i <\/span><span>(Yi Pin Qian ch\u1ec9 s\u1eed d\u1ee5ng c\u00e1c ch\u1ee9ng ch\u1ec9 x\u00e1c th\u1ef1c t\u1eeb c\u00e1c ph\u00f2ng th\u00ed nghi\u1ec7m \u1edf n\u01b0\u1edbc ngo\u00e0i v\u00e0 ki\u1ec3m so\u00e1t ch\u1ea5t l\u01b0\u1ee3ng m\u1ecdi s\u1ea3n ph\u1ea9m c\u1ee7a ch\u00fang t\u00f4i tr\u01b0\u1edbc khi \u0111\u01b0a ch\u00fang ra b\u00e1n t\u1ea1i Singapore)<\/span><\/p>\n<p style=\"line-height: 1.7;text-align: left;text-indent: 0;margin-left: 0;margin-top: 0;margin-bottom: 0\"><span> <\/span><\/p>\n<p style=\"line-height: 1.7;text-align: left;text-indent: 0;margin-left: 0;margin-top: 0;margin-bottom: 0\"><span>M\u1ed7i s\u1ea3n ph\u1ea9m tr\u00ean TikTok s\u1ebd c\u00f3 lo\u1ea1i ch\u1ee9ng ch\u1ec9 \u0111\u01b0\u1ee3c cung c\u1ea5p \u0111\u01b0\u1ee3c n\u00eau trong ph\u1ea7n m\u00f4 t\u1ea3. \u0110\u1ed1i v\u1edbi b\u1ea5t k\u1ef3 kh\u00e1ch h\u00e0ng n\u00e0o mu\u1ed1n g\u1eedi \u0111\u01a1n h\u00e0ng c\u1ee7a m\u00ecnh \u0111\u1ebfn NGI Singapore, s\u1ebd c\u00f3 th\u1eddi gian ch\u1edd giao h\u00e0ng \u01b0\u1edbc t\u00ednh kho\u1ea3ng 4 tu\u1ea7n \u0111\u1ec3 nh\u1eadn \u0111\u01b0\u1ee3c \u0111\u01a1n h\u00e0ng c\u1ee7a b\u1ea1n. <\/span><span style=\"font-weight: bold\">Y\u00eau c\u1ea7u b\u00e1o c\u00e1o v\u1ec1 NGI Gemstone c\u1ea7n \u0111\u01b0\u1ee3c th\u1ef1c hi\u1ec7n b\u1eb1ng c\u00e1ch nh\u1eafn tin \u0111\u1ebfn c\u1eeda h\u00e0ng TikTok Yi Pin Qian.<\/span><span> C\u1ea3m \u01a1n, <\/span><span style=\"font-weight: bold;text-decoration: underline\">\u00e1p d\u1ee5ng th\u00eam ph\u00ed<\/span><span>.<\/span><\/p>\n<\/article>","protected":false},"excerpt":{"rendered":"<p>M\u1eb7t d\u00e2y chuy\u1ec1n Jadeite t\u1ef1 nhi\u00ean lo\u1ea1i A m\u00e0u t\u00edm nh\u1ea1t v\u1edbi hai t\u00f4ng m\u00e0u xanh l\u00e1 c\u00e2y nh\u1ea1t n\u00e0y l\u00e0 m\u1ed9t s\u1ef1 b\u1ed5 sung tuy\u1ec7t \u0111\u1eb9p cho b\u1ed9 s\u01b0u t\u1eadp trang s\u1ee9c c\u1ee7a b\u1ea1n. T\u00ednh x\u00e1c th\u1ef1c: \u0110i k\u00e8m v\u1edbi gi\u1ea5y ch\u1ee9ng nh\u1eadn x\u00e1c th\u1ef1c \u0111\u1ec3 \u0111\u1ea3m b\u1ea3o t\u00ednh ch\u1ea5t \u0111\u00edch th\u1ef1c c\u1ee7a n\u00f3. Lo\u1ea1i ng\u1ecdc b\u00edch: \u0110\u01b0\u1ee3c l\u00e0m b\u1eb1ng ng\u1ecdc b\u00edch Jadeite ch\u1ea5t l\u01b0\u1ee3ng cao, m\u1eb7t d\u00e2y chuy\u1ec1n n\u00e0y ch\u1eafc ch\u1eafn s\u1ebd g\u00e2y \u1ea5n t\u01b0\u1ee3ng. K\u00edch th\u01b0\u1edbc: V\u1edbi k\u00edch th\u01b0\u1edbc 57,30 * 32,20 * 7,10 [\u2026]<\/p>","protected":false},"featured_media":6177,"comment_status":"open","ping_status":"closed","template":"","meta":[],"product_brand":[],"product_cat":[48],"product_tag":[],"class_list":{"0":"post-1572","1":"product","2":"type-product","3":"status-publish","4":"has-post-thumbnail","6":"product_cat-pendants","8":"first","9":"instock","10":"sale","11":"shipping-taxable","12":"purchasable","13":"product-type-simple"},"_links":{"self":[{"href":"https:\/\/shop.yipinqian.com\/vi\/wp-json\/wp\/v2\/product\/1572","targetHints":{"allow":["GET"]}}],"collection":[{"href":"https:\/\/shop.yipinqian.com\/vi\/wp-json\/wp\/v2\/product"}],"about":[{"href":"https:\/\/shop.yipinqian.com\/vi\/wp-json\/wp\/v2\/types\/product"}],"replies":[{"embeddable":true,"href":"https:\/\/shop.yipinqian.com\/vi\/wp-json\/wp\/v2\/comments?post=1572"}],"version-history":[{"count":0,"href":"https:\/\/shop.yipinqian.com\/vi\/wp-json\/wp\/v2\/product\/1572\/revisions"}],"wp:featuredmedia":[{"embeddable":true,"href":"https:\/\/shop.yipinqian.com\/vi\/wp-json\/wp\/v2\/media\/6177"}],"wp:attachment":[{"href":"https:\/\/shop.yipinqian.com\/vi\/wp-json\/wp\/v2\/media?parent=1572"}],"wp:term":[{"taxonomy":"product_brand","embeddable":true,"href":"https:\/\/shop.yipinqian.com\/vi\/wp-json\/wp\/v2\/product_brand?post=1572"},{"taxonomy":"product_cat","embeddable":true,"href":"https:\/\/shop.yipinqian.com\/vi\/wp-json\/wp\/v2\/product_cat?post=1572"},{"taxonomy":"product_tag","embeddable":true,"href":"https:\/\/shop.yipinqian.com\/vi\/wp-json\/wp\/v2\/product_tag?post=1572"}],"curies":[{"name":"wp","href":"https:\/\/api.w.org\/{rel}","templated":true}]}}