{"id":1570,"date":"2024-10-24T23:20:18","date_gmt":"2024-10-24T15:20:18","guid":{"rendered":"https:\/\/shop.yipinqian.com\/product\/light-lavender-with-red-patches-natural-type-a-jadeite-pendant-necklace-crafted-with-fengshui-scenery-certificate-included-weigh-44-44-grams-60-8-36-9-8-mm-pendant104\/"},"modified":"2025-02-24T00:49:52","modified_gmt":"2025-02-23T16:49:52","slug":"light-lavender-with-red-patches-natural-type-a-jadeite-pendant-necklace-crafted-with-fengshui-scenery-certificate-included-weigh-44-44-grams-60-8-36-9-8-mm-pendant104","status":"publish","type":"product","link":"https:\/\/shop.yipinqian.com\/vi\/san-pham\/light-lavender-with-red-patches-natural-type-a-jadeite-pendant-necklace-crafted-with-fengshui-scenery-certificate-included-weigh-44-44-grams-60-8-36-9-8-mm-pendant104\/","title":{"rendered":"D\u00e2y chuy\u1ec1n m\u1eb7t ng\u1ecdc b\u00edch t\u1ef1 nhi\u00ean lo\u1ea1i A m\u00e0u hoa o\u1ea3i h\u01b0\u01a1ng nh\u1ea1t v\u1edbi c\u00e1c m\u1ea3ng \u0111\u1ecf \u0111\u01b0\u1ee3c ch\u1ebf t\u00e1c theo phong th\u1ee7y, c\u00f3 k\u00e8m gi\u1ea5y ch\u1ee9ng nh\u1eadn, n\u1eb7ng 44,44 gram, k\u00edch th\u01b0\u1edbc 60,8 * 36 * 9,8 mm (m\u1eb7t d\u00e2y chuy\u1ec1n104)"},"content":{"rendered":"<p>N\u00e2ng t\u1ea7m phong c\u00e1ch c\u1ee7a b\u1ea1n v\u1edbi M\u1eb7t d\u00e2y chuy\u1ec1n b\u1eb1ng \u0111\u00e1 Jadeite t\u1ef1 nhi\u00ean lo\u1ea1i A m\u00e0u hoa o\u1ea3i h\u01b0\u01a1ng nh\u1ea1t tuy\u1ec7t \u0111\u1eb9p v\u1edbi c\u00e1c m\u1ea3ng \u0111\u1ecf. \u0110\u01b0\u1ee3c ch\u1ebf t\u00e1c theo phong th\u1ee7y, chi\u1ebfc v\u00f2ng c\u1ed5 n\u00e0y th\u1ef1c s\u1ef1 l\u00e0 m\u1ed9t ki\u1ec7t t\u00e1c.<\/p>\n<ul>\n<li>Thi\u1ebft k\u1ebf tinh t\u1ebf: Chi\u1ebfc v\u00f2ng c\u1ed5 n\u00e0y c\u00f3 thi\u1ebft k\u1ebf phong c\u1ea3nh phong th\u1ee7y \u0111\u1eb9p m\u1eaft, v\u1eeba thanh l\u1ecbch v\u1eeba quy\u1ebfn r\u0169.<\/li>\n<li>Ng\u1ecdc b\u00edch lo\u1ea1i A t\u1ef1 nhi\u00ean: \u0110\u01b0\u1ee3c l\u00e0m t\u1eeb ng\u1ecdc b\u00edch lo\u1ea1i A t\u1ef1 nhi\u00ean, m\u1eb7t d\u00e2y chuy\u1ec1n n\u00e0y kh\u00f4ng ch\u1ec9 \u0111\u1eb9p m\u00e0 c\u00f2n b\u1ec1n.<\/li>\n<li>Gi\u1ea5y ch\u1ee9ng nh\u1eadn k\u00e8m theo: B\u1ea1n c\u00f3 th\u1ec3 ch\u1eafc ch\u1eafn v\u1ec1 t\u00ednh x\u00e1c th\u1ef1c c\u1ee7a ng\u1ecdc b\u00edch v\u00ec s\u1ea3n ph\u1ea9m c\u00f3 k\u00e8m theo gi\u1ea5y ch\u1ee9ng nh\u1eadn trong g\u00f3i h\u00e0ng.<\/li>\n<\/ul>\n<p><strong>S\u1ed1 ch\u1ee9ng ch\u1ec9: GD2112H011123<\/strong><\/p>\n<p><img fetchpriority=\"high\" decoding=\"async\" height=\"1080\" src=\"https:\/\/shop.yipinqian.com\/wp-content\/uploads\/2024\/10\/437fda13fd42570691e14c8ce7658ef3.jpg?from=476444299\" width=\"1080\"><img decoding=\"async\" height=\"1080\" src=\"https:\/\/shop.yipinqian.com\/wp-content\/uploads\/2024\/10\/446c98496f1220db176b1b3aa8705ea8.jpg?from=476444299\" width=\"1080\"><\/p>\n<p>M\u1eb7t d\u00e2y chuy\u1ec1n n\u1eb7ng 44,44 gram v\u00e0 c\u00f3 k\u00edch th\u01b0\u1edbc 60,8 * 36 * 9,8 mm (pendant104), c\u00f3 k\u00edch th\u01b0\u1edbc l\u00fd t\u01b0\u1edfng \u0111\u1ec3 \u0111eo th\u01b0\u1eddng ng\u00e0y.<\/p>\n<ul>\n<li>Thi\u1ebft k\u1ebf Unisex: M\u1eb7t d\u00e2y chuy\u1ec1n n\u00e0y \u0111\u01b0\u1ee3c thi\u1ebft k\u1ebf d\u00e0nh cho c\u1ea3 nam v\u00e0 n\u1eef, l\u00e0 l\u1ef1a ch\u1ecdn tuy\u1ec7t v\u1eddi cho b\u1ea5t k\u1ef3 ai mu\u1ed1n th\u00eam ch\u00fat phong c\u00e1ch cho trang ph\u1ee5c c\u1ee7a m\u00ecnh.<\/li>\n<li>Ki\u1ec3u v\u00f2ng c\u1ed5 ng\u1ecdc b\u00edch \u2013 Th\u01b0\u1eddng ng\u00e0y: Thi\u1ebft k\u1ebf th\u01b0\u1eddng ng\u00e0y c\u1ee7a chi\u1ebfc v\u00f2ng c\u1ed5 n\u00e0y r\u1ea5t ph\u00f9 h\u1ee3p \u0111\u1ec3 \u0111eo h\u00e0ng ng\u00e0y ho\u1eb7c khi \u0111i ch\u01a1i v\u1edbi b\u1ea1n b\u00e8 ho\u1eb7c gia \u0111\u00ecnh<\/li>\n<\/ul>\n<p>M\u00f3n \u0111\u1ed3 tuy\u1ec7t \u0111\u1eb9p n\u00e0y \u0111\u01b0\u1ee3c ch\u1ebf t\u00e1c t\u1ea1i Myanmar v\u00e0 l\u00e0 l\u1ef1a ch\u1ecdn tuy\u1ec7t v\u1eddi cho b\u1ea5t k\u1ef3 ai mu\u1ed1n \u0111\u1ea7u t\u01b0 v\u00e0o ph\u1ee5 ki\u1ec7n trang s\u1ee9c ch\u1ea5t l\u01b0\u1ee3ng v\u00e0 c\u00e1c s\u1ea3n ph\u1ea9m ph\u00e1i sinh ph\u00f9 h\u1ee3p \u0111\u1ec3 \u0111eo h\u00e0ng ng\u00e0y m\u00e0 kh\u00f4ng ph\u1ea3i lo l\u1eafng v\u1ec1 ch\u1ebf \u0111\u1ed9 b\u1ea3o h\u00e0nh v\u00ec s\u1ebd kh\u00f4ng c\u00f3 b\u1ea5t k\u1ef3 r\u1eafc r\u1ed1i n\u00e0o khi b\u1ea1n mua h\u00e0ng t\u1eeb ch\u00fang t\u00f4i!<\/p>\n<p>\u00a0<\/p>\n<p>Yi Pin Qian \u2013 Nh\u00e0 bu\u00f4n \u0111\u00e1 qu\u00fd v\u00e0 kim lo\u1ea1i qu\u00fd t\u1ea1i Singapore \u2013 S\u1ed1 gi\u1ea5y ph\u00e9p PS20190000031<\/p>\n<p>\u00a0<\/p>\n<p>*T\u1ea5t c\u1ea3 c\u00e1c lo\u1ea1i Jadeite \u0111\u01b0\u1ee3c mua t\u1eeb Yi Pin Qian t\u1ea1i Singapore, kh\u00e1ch h\u00e0ng c\u00f3 th\u1ec3 \u0111\u1eb7t l\u1ecbch \u0111\u00e1nh b\u00f3ng ho\u1eb7c s\u1eeda ch\u1eefa nh\u1ecf do x\u1eed l\u00fd sai c\u00e1ch \u2013 c\u00f3 t\u00ednh ph\u00ed v\u00e0 ch\u1ec9 d\u00e0nh cho kh\u00e1ch h\u00e0ng c\u1ee7a Yi Pin Qian t\u1ea1i Singapore*<\/p>\n<p>\u00a0<\/p>\n<p><strong>**C\u00e1c lo\u1ea1i ch\u1ee9ng ch\u1ec9**<\/strong><\/p>\n<p>\u00a0<\/p>\n<p><strong>NGI (C\u00f4ng ty \u0110\u00e1 qu\u00fd Nan Yang)<\/strong><\/p>\n<p>ho\u1eb7c <strong>Ch\u1ee9ng ch\u1ec9 n\u01b0\u1edbc ngo\u00e0i <\/strong>(Yi Pin Qian ch\u1ec9 s\u1eed d\u1ee5ng c\u00e1c ch\u1ee9ng ch\u1ec9 x\u00e1c th\u1ef1c t\u1eeb c\u00e1c ph\u00f2ng th\u00ed nghi\u1ec7m \u1edf n\u01b0\u1edbc ngo\u00e0i v\u00e0 ki\u1ec3m so\u00e1t ch\u1ea5t l\u01b0\u1ee3ng m\u1ecdi s\u1ea3n ph\u1ea9m c\u1ee7a ch\u00fang t\u00f4i tr\u01b0\u1edbc khi \u0111\u01b0a ch\u00fang ra b\u00e1n t\u1ea1i Singapore)<\/p>\n<p>\u00a0<\/p>\n<p>M\u1ed7i s\u1ea3n ph\u1ea9m tr\u00ean TikTok s\u1ebd c\u00f3 lo\u1ea1i ch\u1ee9ng ch\u1ec9 \u0111\u01b0\u1ee3c cung c\u1ea5p \u0111\u01b0\u1ee3c n\u00eau trong ph\u1ea7n m\u00f4 t\u1ea3. \u0110\u1ed1i v\u1edbi b\u1ea5t k\u1ef3 kh\u00e1ch h\u00e0ng n\u00e0o mu\u1ed1n g\u1eedi \u0111\u01a1n h\u00e0ng c\u1ee7a m\u00ecnh \u0111\u1ebfn NGI Singapore, s\u1ebd c\u00f3 th\u1eddi gian ch\u1edd giao h\u00e0ng \u01b0\u1edbc t\u00ednh kho\u1ea3ng 4 tu\u1ea7n \u0111\u1ec3 nh\u1eadn \u0111\u01b0\u1ee3c \u0111\u01a1n h\u00e0ng c\u1ee7a b\u1ea1n. <strong>Y\u00eau c\u1ea7u b\u00e1o c\u00e1o v\u1ec1 NGI Gemstone c\u1ea7n \u0111\u01b0\u1ee3c th\u1ef1c hi\u1ec7n b\u1eb1ng c\u00e1ch nh\u1eafn tin \u0111\u1ebfn c\u1eeda h\u00e0ng TikTok Yi Pin Qian.<\/strong> C\u1ea3m \u01a1n, <strong><u>\u00e1p d\u1ee5ng th\u00eam ph\u00ed<\/u><\/strong>.<\/p>\n<p>\u00a0<\/p>\n<p><strong>Jadeite t\u1ef1 nhi\u00ean kh\u00f4ng ho\u00e0n h\u1ea3o, ch\u1ec9 l\u00e0 m\u1ed9t l\u1eddi nh\u1eafc nh\u1edf nh\u1eb9 nh\u00e0ng, Jadeite t\u1ef1 nhi\u00ean c\u1ee7a ch\u00fang t\u00f4i, gi\u1ed1ng nh\u01b0 t\u1ea5t c\u1ea3 nh\u1eefng th\u1ee9 \u0111\u1eb9p \u0111\u1ebd trong t\u1ef1 nhi\u00ean, c\u00f3 nh\u1eefng \u0111\u1eb7c \u0111i\u1ec3m v\u00e0 bi\u1ebfn th\u1ec3 \u0111\u1ed9c \u0111\u00e1o. Ch\u00fang t\u00f4i m\u1eddi nh\u1eefng kh\u00e1ch h\u00e0ng c\u00f3 gi\u00e1 tr\u1ecb c\u1ee7a m\u00ecnh \u0111\u00f3n nh\u1eadn nh\u1eefng bi\u1ebfn th\u1ec3 t\u1ef1 nhi\u00ean n\u00e0y. Ch\u00fac b\u1ea1n mua s\u1eafm vui v\u1ebb!<\/strong><\/p>\n<p>\u00a0<\/p>\n<p><strong><u>Kh\u00f4ng c\u00f3 h\u00ecnh \u1ea3nh v\u00e0 c\u1ea3nh quay video n\u00e0o \u0111\u01b0\u1ee3c l\u1ecdc. Ch\u00fang t\u00f4i khuy\u1ebfn kh\u00edch kh\u00e1ch h\u00e0ng c\u1ee7a m\u00ecnh c\u0169ng xem c\u00e1c video \u0111i k\u00e8m \u0111\u1ec3 c\u00f3 c\u00e1i nh\u00ecn to\u00e0n di\u1ec7n h\u01a1n v\u1ec1 s\u1ea3n ph\u1ea9m c\u1ee7a ch\u00fang t\u00f4i<\/u><\/strong><\/p>","protected":false},"excerpt":{"rendered":"<p>N\u00e2ng t\u1ea7m phong c\u00e1ch c\u1ee7a b\u1ea1n v\u1edbi M\u1eb7t d\u00e2y chuy\u1ec1n Jadeite t\u1ef1 nhi\u00ean m\u00e0u hoa o\u1ea3i h\u01b0\u01a1ng nh\u1ea1t tuy\u1ec7t \u0111\u1eb9p n\u00e0y v\u1edbi c\u00e1c m\u1ea3ng \u0111\u1ecf. \u0110\u01b0\u1ee3c ch\u1ebf t\u00e1c v\u1edbi phong c\u1ea3nh phong th\u1ee7y, chi\u1ebfc v\u00f2ng c\u1ed5 n\u00e0y th\u1ef1c s\u1ef1 l\u00e0 m\u1ed9t ki\u1ec7t t\u00e1c. Thi\u1ebft k\u1ebf tinh x\u1ea3o: Chi\u1ebfc v\u00f2ng c\u1ed5 n\u00e0y c\u00f3 thi\u1ebft k\u1ebf phong c\u1ea3nh phong th\u1ee7y tuy\u1ec7t \u0111\u1eb9p v\u1eeba thanh l\u1ecbch v\u1eeba quy\u1ebfn r\u0169. Jadeite t\u1ef1 nhi\u00ean lo\u1ea1i A: \u0110\u01b0\u1ee3c l\u00e0m t\u1eeb jadeite t\u1ef1 nhi\u00ean lo\u1ea1i A, m\u1eb7t d\u00e2y chuy\u1ec1n n\u00e0y l\u00e0 [\u2026]<\/p>","protected":false},"featured_media":6167,"comment_status":"open","ping_status":"closed","template":"","meta":[],"product_brand":[],"product_cat":[194],"product_tag":[],"class_list":{"0":"post-1570","1":"product","2":"type-product","3":"status-publish","4":"has-post-thumbnail","6":"product_cat-value-picks","8":"first","9":"instock","10":"sale","11":"shipping-taxable","12":"purchasable","13":"product-type-simple"},"_links":{"self":[{"href":"https:\/\/shop.yipinqian.com\/vi\/wp-json\/wp\/v2\/product\/1570","targetHints":{"allow":["GET"]}}],"collection":[{"href":"https:\/\/shop.yipinqian.com\/vi\/wp-json\/wp\/v2\/product"}],"about":[{"href":"https:\/\/shop.yipinqian.com\/vi\/wp-json\/wp\/v2\/types\/product"}],"replies":[{"embeddable":true,"href":"https:\/\/shop.yipinqian.com\/vi\/wp-json\/wp\/v2\/comments?post=1570"}],"version-history":[{"count":0,"href":"https:\/\/shop.yipinqian.com\/vi\/wp-json\/wp\/v2\/product\/1570\/revisions"}],"wp:featuredmedia":[{"embeddable":true,"href":"https:\/\/shop.yipinqian.com\/vi\/wp-json\/wp\/v2\/media\/6167"}],"wp:attachment":[{"href":"https:\/\/shop.yipinqian.com\/vi\/wp-json\/wp\/v2\/media?parent=1570"}],"wp:term":[{"taxonomy":"product_brand","embeddable":true,"href":"https:\/\/shop.yipinqian.com\/vi\/wp-json\/wp\/v2\/product_brand?post=1570"},{"taxonomy":"product_cat","embeddable":true,"href":"https:\/\/shop.yipinqian.com\/vi\/wp-json\/wp\/v2\/product_cat?post=1570"},{"taxonomy":"product_tag","embeddable":true,"href":"https:\/\/shop.yipinqian.com\/vi\/wp-json\/wp\/v2\/product_tag?post=1570"}],"curies":[{"name":"wp","href":"https:\/\/api.w.org\/{rel}","templated":true}]}}