{"id":1567,"date":"2024-10-24T23:20:18","date_gmt":"2024-10-24T15:20:18","guid":{"rendered":"https:\/\/shop.yipinqian.com\/product\/light-lavender-very-unique-old-natural-type-a-jadeite-pendant-come-with-certificate-crafted-with-guanyin-and-the-monkey-god-with-a-hugh-golden-cudgel-weight-33-74-grams-62-80-35-70-6-30-mm-suitable-fo\/"},"modified":"2025-02-24T01:17:30","modified_gmt":"2025-02-23T17:17:30","slug":"light-lavender-very-unique-old-natural-type-a-jadeite-pendant-come-with-certificate-crafted-with-guanyin-and-the-monkey-god-with-a-hugh-golden-cudgel-weight-33-74-grams-62-80-35-70-6-30-mm-suitable-fo","status":"publish","type":"product","link":"https:\/\/shop.yipinqian.com\/vi\/san-pham\/light-lavender-very-unique-old-natural-type-a-jadeite-pendant-come-with-certificate-crafted-with-guanyin-and-the-monkey-god-with-a-hugh-golden-cudgel-weight-33-74-grams-62-80-35-70-6-30-mm-suitable-fo\/","title":{"rendered":"M\u1eb7t d\u00e2y chuy\u1ec1n ng\u1ecdc b\u00edch lo\u1ea1i A t\u1ef1 nhi\u00ean \u0111\u1ed9c \u0111\u00e1o m\u00e0u hoa o\u1ea3i h\u01b0\u01a1ng nh\u1ea1t \u0111i k\u00e8m gi\u1ea5y ch\u1ee9ng nh\u1eadn \u0110\u01b0\u1ee3c ch\u1ebf t\u00e1c v\u1edbi t\u01b0\u1ee3ng Quan \u00c2m v\u00e0 th\u1ea7n kh\u1ec9 v\u1edbi c\u00e2y g\u1eady v\u00e0ng l\u1edbn tr\u1ecdng l\u01b0\u1ee3ng 33,74 gram, 62,80 * 35,70 * 6,30 mm th\u00edch h\u1ee3p \u0111\u1ec3 \u0111eo h\u00e0ng ng\u00e0y ho\u1eb7c s\u01b0u t\u1eadp (m\u1eb7t d\u00e2y chuy\u1ec1n117)"},"content":{"rendered":"<article class=\"lzd-article\">\n<p style=\"line-height:1.7;text-align:left;text-indent:0;margin-left:0;margin-top:0;margin-bottom:0\"><span>M\u1eb7t d\u00e2y chuy\u1ec1n ng\u1ecdc b\u00edch Light Lavender Natural Type A n\u00e0y l\u00e0 m\u1ed9t m\u00f3n \u0111\u1ed3 trang s\u1ee9c \u0111\u1ed9c \u0111\u00e1o \u0111i k\u00e8m v\u1edbi gi\u1ea5y ch\u1ee9ng nh\u1eadn x\u00e1c th\u1ef1c t\u1eeb Myanmar. M\u1eb7t d\u00e2y chuy\u1ec1n \u0111\u01b0\u1ee3c ch\u1ea1m kh\u1eafc tinh x\u1ea3o v\u1edbi h\u00ecnh \u1ea3nh Quan \u00c2m v\u00e0 th\u1ea7n kh\u1ec9 c\u1ea7m m\u1ed9t c\u00e2y g\u1eady v\u00e0ng kh\u1ed5ng l\u1ed3. Tr\u1ecdng l\u01b0\u1ee3ng 33,74 gram v\u00e0 k\u00edch th\u01b0\u1edbc 62,80 * 35,70 * 6,30 mm ph\u00f9 h\u1ee3p \u0111\u1ec3 \u0111eo h\u00e0ng ng\u00e0y ho\u1eb7c s\u01b0u t\u1ea7m.<\/span><\/p>\n<ul>\n<li>\n<div style=\"line-height:1.7;text-align:left;text-indent:0\">\n<span style=\"font-weight:bold\">Jadeite ch\u1ea5t l\u01b0\u1ee3ng cao:<\/span><span> M\u1eb7t d\u00e2y chuy\u1ec1n n\u00e0y c\u00f3 \u0111\u00e1 ng\u1ecdc b\u00edch lo\u1ea1i A t\u1ef1 nhi\u00ean, \u0111\u01b0\u1ee3c bi\u1ebft \u0111\u1ebfn v\u1edbi ch\u1ea5t l\u01b0\u1ee3ng cao v\u00e0 \u0111\u1ed9 b\u1ec1n.<\/span>\n<\/div>\n<\/li>\n<li>\n<div style=\"line-height:1.7;text-align:left;text-indent:0\">\n<span style=\"font-weight:bold\">\u0110i\u00eau kh\u1eafc chuy\u00ean nghi\u1ec7p:<\/span><span> Nh\u1eefng ch\u1ea1m kh\u1eafc tinh x\u1ea3o tr\u00ean m\u1eb7t d\u00e2y chuy\u1ec1n th\u1ec3 hi\u1ec7n h\u00ecnh \u1ea3nh Ph\u1eadt B\u00e0 Quan \u00c2m v\u00e0 th\u1ea7n kh\u1ec9 c\u1ea7m g\u1eady v\u00e0ng, khi\u1ebfn n\u00f3 tr\u1edf th\u00e0nh m\u1ed9t t\u00e1c ph\u1ea9m ngh\u1ec7 thu\u1eadt tinh x\u1ea3o.<\/span>\n<\/div>\n<\/li>\n<li>\n<div style=\"line-height:1.7;text-align:left;text-indent:0\">\n<span style=\"font-weight:bold\">Ki\u1ec3u v\u00f2ng c\u1ed5 th\u01b0\u1eddng ng\u00e0y:<\/span><span> M\u1eb7t d\u00e2y chuy\u1ec1n ng\u1ecdc b\u00edch n\u00e0y c\u00f3 ki\u1ec3u d\u00e1ng v\u00f2ng c\u1ed5 th\u00f4ng th\u01b0\u1eddng, r\u1ea5t ph\u00f9 h\u1ee3p \u0111\u1ec3 \u0111eo h\u00e0ng ng\u00e0y ho\u1eb7c b\u1ed5 sung v\u00e0o b\u1ea5t k\u1ef3 b\u1ed9 s\u01b0u t\u1eadp trang s\u1ee9c n\u00e0o.<\/span>\n<\/div>\n<\/li>\n<\/ul>\n<p style=\"line-height:1.7;text-align:left;text-indent:0;margin-left:0;margin-top:0;margin-bottom:0\"><span style=\"font-weight:bold\">S\u1ed1 ch\u1ee9ng ch\u1ec9: GD2112H007839<\/span><\/p>\n<p style=\"line-height:1.7;text-align:left;text-indent:0;margin-left:0;margin-top:0;margin-bottom:0\"><span><\/span><\/p>\n<p style=\"line-height:1.7;text-align:left;text-indent:0;margin-left:0;margin-top:0;margin-bottom:0\"><span><\/span><img decoding=\"async\" src=\"https:\/\/shop.yipinqian.com\/wp-content\/uploads\/2024\/10\/45aaa860441c6f2a7ba24dedf5f874b6.jpg?from=476444299\" style=\"width:1080;height:1080;vertical-align:middle\"><span><\/span><\/p>\n<p style=\"line-height:1.7;text-align:left;text-indent:0;margin-left:0;margin-top:0;margin-bottom:0\"><span>M\u1eb7t d\u00e2y chuy\u1ec1n ng\u1ecdc b\u00edch Light Lavender Natural Type A n\u00e0y l\u00e0 m\u00f3n qu\u00e0 l\u00fd t\u01b0\u1edfng cho b\u1ea5t k\u1ef3 d\u1ecbp n\u00e0o v\u00ec thi\u1ebft k\u1ebf d\u00e0nh cho c\u1ea3 nam v\u00e0 n\u1eef, m\u1eb7c d\u00f9 b\u1ea1n c\u00f3 th\u1ec3 mu\u1ed1n gi\u1eef v\u1ebb \u0111\u1eb9p n\u00e0y cho ri\u00eang m\u00ecnh! N\u00f3 c\u0169ng khi\u1ebfn b\u1ea1n c\u1ea3m th\u1ea5y t\u1ef1 tin khi bi\u1ebft r\u1eb1ng s\u1ea3n ph\u1ea9m n\u00e0y c\u00f3 ch\u1ee9ng nh\u1eadn x\u00e1c th\u1ef1c, \u0111\u1ea3m b\u1ea3o ch\u1ea5t l\u01b0\u1ee3ng v\u00e0 ngu\u1ed3n g\u1ed1c t\u1eeb Myanmar.<\/span><\/p>\n<p style=\"line-height:1.7;text-align:left;text-indent:0;margin-left:0;margin-top:0;margin-bottom:0\"><span>Thi\u1ebft k\u1ebf \u0111\u1ed9c \u0111\u00e1o k\u1ebft h\u1ee3p v\u1edbi v\u1eadt li\u1ec7u ch\u1ea5t l\u01b0\u1ee3ng h\u00e0ng \u0111\u1ea7u l\u00e0m cho s\u1ea3n ph\u1ea9m n\u00e0y tr\u1edf n\u00ean \u0111\u1eb7c bi\u1ec7t \u2013 v\u1eady t\u1ea1i sao kh\u00f4ng th\u00eam n\u00f3 v\u00e0o b\u1ed9 s\u01b0u t\u1eadp c\u1ee7a b\u1ea1n?<\/span><\/p>\n<p style=\"line-height:1.7;text-align:left;text-indent:0;margin-left:0;margin-top:0;margin-bottom:0\"><span> <\/span><\/p>\n<p style=\"line-height:1.7;text-align:left;text-indent:0;margin-left:0;margin-top:0;margin-bottom:0\"><span>.<\/span><\/p>\n<\/article>","protected":false},"excerpt":{"rendered":"<p>M\u1eb7t d\u00e2y chuy\u1ec1n ng\u1ecdc b\u00edch Light Lavender Natural Type A n\u00e0y l\u00e0 m\u1ed9t m\u00f3n \u0111\u1ed3 trang s\u1ee9c \u0111\u1ed9c \u0111\u00e1o \u0111i k\u00e8m v\u1edbi gi\u1ea5y ch\u1ee9ng nh\u1eadn x\u00e1c th\u1ef1c t\u1eeb Myanmar. M\u1eb7t d\u00e2y chuy\u1ec1n \u0111\u01b0\u1ee3c ch\u1ea1m kh\u1eafc tinh x\u1ea3o v\u1edbi h\u00ecnh \u1ea3nh Quan \u00c2m v\u00e0 th\u1ea7n kh\u1ec9 c\u1ea7m m\u1ed9t c\u00e2y g\u1eady v\u00e0ng kh\u1ed5ng l\u1ed3. Tr\u1ecdng l\u01b0\u1ee3ng 33,74 gram v\u00e0 k\u00edch th\u01b0\u1edbc 62,80 * 35,70 * 6,30 mm khi\u1ebfn n\u00f3 ph\u00f9 h\u1ee3p [\u2026]<\/p>","protected":false},"featured_media":6147,"comment_status":"open","ping_status":"closed","template":"","meta":[],"product_brand":[],"product_cat":[195],"product_tag":[],"class_list":{"0":"post-1567","1":"product","2":"type-product","3":"status-publish","4":"has-post-thumbnail","6":"product_cat-heirloom-grade","8":"first","9":"instock","10":"sale","11":"shipping-taxable","12":"purchasable","13":"product-type-simple"},"_links":{"self":[{"href":"https:\/\/shop.yipinqian.com\/vi\/wp-json\/wp\/v2\/product\/1567","targetHints":{"allow":["GET"]}}],"collection":[{"href":"https:\/\/shop.yipinqian.com\/vi\/wp-json\/wp\/v2\/product"}],"about":[{"href":"https:\/\/shop.yipinqian.com\/vi\/wp-json\/wp\/v2\/types\/product"}],"replies":[{"embeddable":true,"href":"https:\/\/shop.yipinqian.com\/vi\/wp-json\/wp\/v2\/comments?post=1567"}],"version-history":[{"count":0,"href":"https:\/\/shop.yipinqian.com\/vi\/wp-json\/wp\/v2\/product\/1567\/revisions"}],"wp:featuredmedia":[{"embeddable":true,"href":"https:\/\/shop.yipinqian.com\/vi\/wp-json\/wp\/v2\/media\/6147"}],"wp:attachment":[{"href":"https:\/\/shop.yipinqian.com\/vi\/wp-json\/wp\/v2\/media?parent=1567"}],"wp:term":[{"taxonomy":"product_brand","embeddable":true,"href":"https:\/\/shop.yipinqian.com\/vi\/wp-json\/wp\/v2\/product_brand?post=1567"},{"taxonomy":"product_cat","embeddable":true,"href":"https:\/\/shop.yipinqian.com\/vi\/wp-json\/wp\/v2\/product_cat?post=1567"},{"taxonomy":"product_tag","embeddable":true,"href":"https:\/\/shop.yipinqian.com\/vi\/wp-json\/wp\/v2\/product_tag?post=1567"}],"curies":[{"name":"wp","href":"https:\/\/api.w.org\/{rel}","templated":true}]}}