{"id":1563,"date":"2024-10-24T23:20:15","date_gmt":"2024-10-24T15:20:15","guid":{"rendered":"https:\/\/shop.yipinqian.com\/product\/light-lavender-natural-type-a-jadeite-pendant-carved-as-pixiu-with-ruyi-symbols-of-joy-and-good-luck-certificate-included-weigh-26-95-grams-45-8-23-8-12-8-mm-suitable-for-daily-wear-boosting-your-luck\/"},"modified":"2025-02-17T00:04:03","modified_gmt":"2025-02-16T16:04:03","slug":"light-lavender-natural-type-a-jadeite-pendant-carved-as-pixiu-with-ruyi-symbols-of-joy-and-good-luck-certificate-included-weigh-26-95-grams-45-8-23-8-12-8-mm-suitable-for-daily-wear-boosting-your-luck","status":"publish","type":"product","link":"https:\/\/shop.yipinqian.com\/vi\/san-pham\/light-lavender-natural-type-a-jadeite-pendant-carved-as-pixiu-with-ruyi-symbols-of-joy-and-good-luck-certificate-included-weigh-26-95-grams-45-8-23-8-12-8-mm-suitable-for-daily-wear-boosting-your-luck\/","title":{"rendered":"M\u1eb7t d\u00e2y chuy\u1ec1n ng\u1ecdc b\u00edch t\u1ef1 nhi\u00ean lo\u1ea1i A m\u00e0u hoa o\u1ea3i h\u01b0\u01a1ng nh\u1ea1t \u0111\u01b0\u1ee3c ch\u1ea1m kh\u1eafc th\u00e0nh h\u00ecnh T\u1ef3 h\u01b0u v\u1edbi bi\u1ec3u t\u01b0\u1ee3ng nh\u01b0 \u00fd c\u1ee7a Ni\u1ec1m vui v\u00e0 may m\u1eafn, c\u00f3 k\u00e8m gi\u1ea5y ch\u1ee9ng nh\u1eadn, n\u1eb7ng 26,95 gram, k\u00edch th\u01b0\u1edbc 45,8 * 23,8 * 12,8 mm, th\u00edch h\u1ee3p \u0111eo h\u00e0ng ng\u00e0y \u0111\u1ec3 t\u0103ng v\u1eadn may (m\u1eb7t d\u00e2y chuy\u1ec1n75)"},"content":{"rendered":"<article class=\"lzd-article\">\n<p style=\"line-height: 1.7;text-align: left;text-indent: 0;margin-left: 0;margin-top: 0;margin-bottom: 0\"><span>N\u00e2ng cao v\u1eadn may v\u00e0 phong c\u00e1ch c\u1ee7a b\u1ea1n v\u1edbi M\u1eb7t d\u00e2y chuy\u1ec1n ng\u1ecdc b\u00edch t\u1ef1 nhi\u00ean lo\u1ea1i A Light Lavender n\u00e0y. H\u00ecnh kh\u1eafc Pixiu t\u01b0\u1ee3ng tr\u01b0ng cho s\u1ef1 gi\u00e0u c\u00f3 v\u00e0 may m\u1eafn, c\u00f9ng v\u1edbi bi\u1ec3u t\u01b0\u1ee3ng Ruyi c\u1ee7a ni\u1ec1m vui v\u00e0 may m\u1eafn l\u00e0m cho n\u00f3 tr\u1edf th\u00e0nh ph\u1ee5 ki\u1ec7n ho\u00e0n h\u1ea3o \u0111\u1ec3 \u0111eo h\u00e0ng ng\u00e0y.<\/span><\/p>\n<ul>\n<li>\n<div style=\"line-height: 1.7;text-align: left;text-indent: 0\">\n<span style=\"font-weight: bold\">V\u1eadt li\u1ec7u:<\/span><span> \u0110\u01b0\u1ee3c l\u00e0m b\u1eb1ng Jadeite t\u1ef1 nhi\u00ean lo\u1ea1i A<\/span>\n<\/div>\n<\/li>\n<li>\n<div style=\"line-height: 1.7;text-align: left;text-indent: 0\">\n<span style=\"font-weight: bold\">Thi\u1ebft k\u1ebf:<\/span><span> \u0110\u01b0\u1ee3c ch\u1ea1m kh\u1eafc nh\u01b0 T\u1ef3 H\u01b0u v\u1edbi bi\u1ec3u t\u01b0\u1ee3ng Ruyi c\u1ee7a Ni\u1ec1m vui v\u00e0 May m\u1eafn<\/span>\n<\/div>\n<\/li>\n<li>\n<div style=\"line-height: 1.7;text-align: left;text-indent: 0\">\n<span style=\"font-weight: bold\">Gi\u1ea5y ch\u1ee9ng nh\u1eadn:<\/span><span> \u0110i k\u00e8m v\u1edbi gi\u1ea5y ch\u1ee9ng nh\u1eadn \u0111\u1ea3m b\u1ea3o t\u00ednh x\u00e1c th\u1ef1c<\/span>\n<\/div>\n<\/li>\n<\/ul>\n<p style=\"line-height: 1.7;text-align: left;text-indent: 0;margin-left: 0;margin-top: 0;margin-bottom: 0\"><span style=\"font-weight: bold\">S\u1ed1 ch\u1ee9ng ch\u1ec9: ZS24030203567<\/span><\/p>\n<p style=\"line-height: 1.7;text-align: left;text-indent: 0;margin-left: 0;margin-top: 0;margin-bottom: 0\"><span><\/span><\/p>\n<p style=\"line-height: 1.7;text-align: left;text-indent: 0;margin-left: 0;margin-top: 0;margin-bottom: 0\"><span><\/span><img decoding=\"async\" src=\"https:\/\/shop.yipinqian.com\/wp-content\/uploads\/2024\/10\/0ccd74bbe2e9d18920f1788abf3d1d00.jpg?from=476444299\" style=\"width: 1080;height: 1080;vertical-align: middle\"><span><\/span><\/p>\n<ul>\n<li>\n<div style=\"line-height: 1.7;text-align: left;text-indent: 0\">\n<span style=\"font-weight: bold\">Ph\u00f9 h\u1ee3p cho:<\/span><span>C\u00f3 th\u1ec3 \u0111eo h\u00e0ng ng\u00e0y, m\u1eb7t d\u00e2y chuy\u1ec1n n\u00e0y l\u00e0 v\u1eadt ph\u1ea9m ho\u00e0n h\u1ea3o \u0111\u1ec3 t\u0103ng v\u1eadn may cho b\u1ea1n \u1edf b\u1ea5t c\u1ee9 n\u01a1i \u0111\u00e2u.<\/span>\n<\/div>\n<\/li>\n<\/ul>\n<p style=\"line-height: 1.7;text-align: left;text-indent: 0;margin-left: 0;margin-top: 0;margin-bottom: 0\"><span>V\u1edbi tr\u1ecdng l\u01b0\u1ee3ng 26,95 gram v\u00e0 k\u00edch th\u01b0\u1edbc 45,8 * 23,8 * 12,8 mm, s\u1ea3n ph\u1ea9m n\u00e0y nh\u1ecf g\u1ecdn nh\u01b0ng c\u00f3 thi\u1ebft k\u1ebf \u1ea5n t\u01b0\u1ee3ng.<\/span><\/p>\n<ul>\n<li>\n<div style=\"line-height: 1.7;text-align: left;text-indent: 0\">\n<span style=\"font-weight: bold\">Lo\u1ea1i ng\u1ecdc b\u00edch: <\/span><span>Ng\u1ecdc b\u00edch<\/span>\n<\/div>\n<\/li>\n<li>\n<div style=\"line-height: 1.7;text-align: left;text-indent: 0\">\n<span style=\"font-weight: bold\">Gi\u1ea5y ch\u1ee9ng nh\u1eadn: <\/span><span>\u0110\u00fang<\/span>\n<\/div>\n<\/li>\n<li>\n<div style=\"line-height: 1.7;text-align: left;text-indent: 0\">\n<span style=\"font-weight: bold\">T\u1ed5ng tr\u1ecdng l\u01b0\u1ee3ng (gam): <\/span><span>26.95<\/span>\n<\/div>\n<\/li>\n<li>\n<div style=\"line-height: 1.7;text-align: left;text-indent: 0\"><span>,<\/span><\/div>\n<\/li>\n<li>\n<div style=\"line-height: 1.7;text-align: left;text-indent: 0\"><span>N\u01b0\u1edbc xu\u1ea5t x\u1ee9 c\u1ee7a s\u1ea3n ph\u1ea9m n\u00e0y l\u00e0 Myanmar,<\/span><\/div>\n<\/li>\n<li>\n<div style=\"line-height: 1.7;text-align: left;text-indent: 0\"><span>D\u1ecbp s\u1eed d\u1ee5ng s\u1ea3n ph\u1ea9m n\u00e0y l\u00e0 H\u00e0ng ng\u00e0y,<\/span><\/div>\n<\/li>\n<li>\n<div style=\"line-height: 1.7;text-align: left;text-indent: 0\"><span>Lo\u1ea1i b\u1ea3o h\u00e0nh kh\u00f4ng \u00e1p d\u1ee5ng cho s\u1ea3n ph\u1ea9m, V\u00e0<\/span><\/div>\n<\/li>\n<li>\n<div style=\"line-height: 1.7;text-align: left;text-indent: 0\"><span>M\u1eb7t d\u00e2y chuy\u1ec1n n\u00e0y thu\u1ed9c danh m\u1ee5c Unisex, l\u00e0 l\u1ef1a ch\u1ecdn qu\u00e0 t\u1eb7ng l\u00fd t\u01b0\u1edfng cho b\u1ea5t k\u1ef3 ai. Ki\u1ec3u v\u00f2ng c\u1ed5 \u0111a n\u0103ng n\u00e0y c\u00f3 th\u1ec3 k\u1ebft h\u1ee3p theo phong c\u00e1ch gi\u1ea3n d\u1ecb ho\u1eb7c theo phong c\u00e1ch thanh l\u1ecbch.<\/span><\/div>\n<\/li>\n<\/ul>\n<p style=\"line-height: 1.7;text-align: left;text-indent: 0;margin-left: 0;margin-top: 0;margin-bottom: 0\"><span>Yi Pin Qian \u2013 Nh\u00e0 bu\u00f4n \u0111\u00e1 qu\u00fd v\u00e0 kim lo\u1ea1i qu\u00fd t\u1ea1i Singapore \u2013 S\u1ed1 gi\u1ea5y ph\u00e9p PS20190000031<\/span><\/p>\n<p style=\"line-height: 1.7;text-align: left;text-indent: 0;margin-left: 0;margin-top: 0;margin-bottom: 0\"><span><\/span><\/p>\n<p style=\"line-height: 1.7;text-align: left;text-indent: 0;margin-left: 0;margin-top: 0;margin-bottom: 0\"><span>*T\u1ea5t c\u1ea3 c\u00e1c lo\u1ea1i Jadeite \u0111\u01b0\u1ee3c mua t\u1eeb Yi Pin Qian t\u1ea1i Singapore, kh\u00e1ch h\u00e0ng c\u00f3 th\u1ec3 \u0111\u1eb7t l\u1ecbch \u0111\u00e1nh b\u00f3ng ho\u1eb7c s\u1eeda ch\u1eefa nh\u1ecf do x\u1eed l\u00fd sai c\u00e1ch \u2013 c\u00f3 t\u00ednh ph\u00ed v\u00e0 ch\u1ec9 d\u00e0nh cho kh\u00e1ch h\u00e0ng c\u1ee7a Yi Pin Qian t\u1ea1i Singapore*<\/span><\/p>\n<p style=\"line-height: 1.7;text-align: left;text-indent: 0;margin-left: 0;margin-top: 0;margin-bottom: 0\"><span><\/span><\/p>\n<p style=\"line-height: 1.7;text-align: left;text-indent: 0;margin-left: 0;margin-top: 0;margin-bottom: 0\"><span style=\"font-weight: bold\">**C\u00e1c lo\u1ea1i ch\u1ee9ng ch\u1ec9**<\/span><\/p>\n<p style=\"line-height: 1.7;text-align: left;text-indent: 0;margin-left: 0;margin-top: 0;margin-bottom: 0\"><span><\/span><\/p>\n<p style=\"line-height: 1.7;text-align: left;text-indent: 0;margin-left: 0;margin-top: 0;margin-bottom: 0\"><span style=\"font-weight: bold\">NGI (C\u00f4ng ty \u0110\u00e1 qu\u00fd Nan Yang)<\/span><\/p>\n<p style=\"line-height: 1.7;text-align: left;text-indent: 0;margin-left: 0;margin-top: 0;margin-bottom: 0\"><span>ho\u1eb7c <\/span><span style=\"font-weight: bold\">Ch\u1ee9ng ch\u1ec9 n\u01b0\u1edbc ngo\u00e0i <\/span><span>(Yi Pin Qian ch\u1ec9 s\u1eed d\u1ee5ng c\u00e1c ch\u1ee9ng ch\u1ec9 x\u00e1c th\u1ef1c t\u1eeb c\u00e1c ph\u00f2ng th\u00ed nghi\u1ec7m \u1edf n\u01b0\u1edbc ngo\u00e0i v\u00e0 ki\u1ec3m so\u00e1t ch\u1ea5t l\u01b0\u1ee3ng m\u1ecdi s\u1ea3n ph\u1ea9m c\u1ee7a ch\u00fang t\u00f4i tr\u01b0\u1edbc khi \u0111\u01b0a ch\u00fang ra b\u00e1n t\u1ea1i Singapore)<\/span><\/p>\n<p style=\"line-height: 1.7;text-align: left;text-indent: 0;margin-left: 0;margin-top: 0;margin-bottom: 0\"><span><\/span><\/p>\n<p style=\"line-height: 1.7;text-align: left;text-indent: 0;margin-left: 0;margin-top: 0;margin-bottom: 0\"><span>M\u1ed7i s\u1ea3n ph\u1ea9m tr\u00ean TikTok s\u1ebd c\u00f3 lo\u1ea1i ch\u1ee9ng ch\u1ec9 \u0111\u01b0\u1ee3c cung c\u1ea5p \u0111\u01b0\u1ee3c n\u00eau trong ph\u1ea7n m\u00f4 t\u1ea3. \u0110\u1ed1i v\u1edbi b\u1ea5t k\u1ef3 kh\u00e1ch h\u00e0ng n\u00e0o mu\u1ed1n g\u1eedi \u0111\u01a1n h\u00e0ng c\u1ee7a m\u00ecnh \u0111\u1ebfn NGI Singapore, s\u1ebd c\u00f3 th\u1eddi gian ch\u1edd giao h\u00e0ng \u01b0\u1edbc t\u00ednh kho\u1ea3ng 4 tu\u1ea7n \u0111\u1ec3 nh\u1eadn \u0111\u01b0\u1ee3c \u0111\u01a1n h\u00e0ng c\u1ee7a b\u1ea1n. <\/span><span style=\"font-weight: bold\">Y\u00eau c\u1ea7u b\u00e1o c\u00e1o v\u1ec1 NGI Gemstone c\u1ea7n \u0111\u01b0\u1ee3c th\u1ef1c hi\u1ec7n b\u1eb1ng c\u00e1ch nh\u1eafn tin \u0111\u1ebfn c\u1eeda h\u00e0ng TikTok Yi Pin Qian.<\/span><span> C\u1ea3m \u01a1n, <\/span><span style=\"font-weight: bold;text-decoration: underline\">\u00e1p d\u1ee5ng th\u00eam ph\u00ed<\/span><span>.<\/span><\/p>\n<p style=\"line-height: 1.7;text-align: left;text-indent: 0;margin-left: 0;margin-top: 0;margin-bottom: 0\"><span><\/span><\/p>\n<p style=\"line-height: 1.7;text-align: left;text-indent: 0;margin-left: 0;margin-top: 0;margin-bottom: 0\"><span style=\"font-weight: bold\">Jadeite t\u1ef1 nhi\u00ean kh\u00f4ng ho\u00e0n h\u1ea3o, ch\u1ec9 l\u00e0 m\u1ed9t l\u1eddi nh\u1eafc nh\u1edf nh\u1eb9 nh\u00e0ng, Jadeite t\u1ef1 nhi\u00ean c\u1ee7a ch\u00fang t\u00f4i, gi\u1ed1ng nh\u01b0 t\u1ea5t c\u1ea3 nh\u1eefng th\u1ee9 \u0111\u1eb9p \u0111\u1ebd trong t\u1ef1 nhi\u00ean, c\u00f3 nh\u1eefng \u0111\u1eb7c \u0111i\u1ec3m v\u00e0 bi\u1ebfn th\u1ec3 \u0111\u1ed9c \u0111\u00e1o. Ch\u00fang t\u00f4i m\u1eddi nh\u1eefng kh\u00e1ch h\u00e0ng c\u00f3 gi\u00e1 tr\u1ecb c\u1ee7a m\u00ecnh \u0111\u00f3n nh\u1eadn nh\u1eefng bi\u1ebfn th\u1ec3 t\u1ef1 nhi\u00ean n\u00e0y. Ch\u00fac b\u1ea1n mua s\u1eafm vui v\u1ebb!<\/span><\/p>\n<p style=\"line-height: 1.7;text-align: left;text-indent: 0;margin-left: 0;margin-top: 0;margin-bottom: 0\"><span><\/span><\/p>\n<p style=\"line-height: 1.7;text-align: left;text-indent: 0;margin-left: 0;margin-top: 0;margin-bottom: 0\"><span style=\"font-weight: bold;text-decoration: underline\">Kh\u00f4ng c\u00f3 h\u00ecnh \u1ea3nh v\u00e0 c\u1ea3nh quay video n\u00e0o \u0111\u01b0\u1ee3c l\u1ecdc. Ch\u00fang t\u00f4i khuy\u1ebfn kh\u00edch kh\u00e1ch h\u00e0ng c\u1ee7a m\u00ecnh c\u0169ng xem c\u00e1c video \u0111i k\u00e8m \u0111\u1ec3 c\u00f3 c\u00e1i nh\u00ecn to\u00e0n di\u1ec7n h\u01a1n v\u1ec1 s\u1ea3n ph\u1ea9m c\u1ee7a ch\u00fang t\u00f4i<\/span><\/p>\n<p style=\"line-height: 1.7;text-align: left;text-indent: 0;margin-left: 0;margin-top: 0;margin-bottom: 0\"><span><\/span><\/p>\n<\/article>","protected":false},"excerpt":{"rendered":"<p>N\u00e2ng cao v\u1eadn may v\u00e0 phong c\u00e1ch c\u1ee7a b\u1ea1n v\u1edbi M\u1eb7t d\u00e2y chuy\u1ec1n ng\u1ecdc b\u00edch Light Lavender Natural Type A n\u00e0y. H\u00ecnh kh\u1eafc Pixiu, t\u01b0\u1ee3ng tr\u01b0ng cho s\u1ef1 gi\u00e0u c\u00f3 v\u00e0 may m\u1eafn, c\u00f9ng v\u1edbi bi\u1ec3u t\u01b0\u1ee3ng Ruyi c\u1ee7a ni\u1ec1m vui v\u00e0 may m\u1eafn l\u00e0m cho n\u00f3 tr\u1edf th\u00e0nh m\u1ed9t ph\u1ee5 ki\u1ec7n ho\u00e0n h\u1ea3o \u0111\u1ec3 \u0111eo h\u00e0ng ng\u00e0y. Ch\u1ea5t li\u1ec7u: L\u00e0m b\u1eb1ng ng\u1ecdc b\u00edch Type A Natural Thi\u1ebft k\u1ebf: \u0110\u01b0\u1ee3c kh\u1eafc theo h\u00ecnh Pixiu v\u1edbi bi\u1ec3u t\u01b0\u1ee3ng Ruyi [\u2026]<\/p>","protected":false},"featured_media":6113,"comment_status":"open","ping_status":"closed","template":"","meta":[],"product_brand":[],"product_cat":[48],"product_tag":[],"class_list":{"0":"post-1563","1":"product","2":"type-product","3":"status-publish","4":"has-post-thumbnail","6":"product_cat-pendants","8":"first","9":"instock","10":"sale","11":"shipping-taxable","12":"purchasable","13":"product-type-simple"},"_links":{"self":[{"href":"https:\/\/shop.yipinqian.com\/vi\/wp-json\/wp\/v2\/product\/1563","targetHints":{"allow":["GET"]}}],"collection":[{"href":"https:\/\/shop.yipinqian.com\/vi\/wp-json\/wp\/v2\/product"}],"about":[{"href":"https:\/\/shop.yipinqian.com\/vi\/wp-json\/wp\/v2\/types\/product"}],"replies":[{"embeddable":true,"href":"https:\/\/shop.yipinqian.com\/vi\/wp-json\/wp\/v2\/comments?post=1563"}],"version-history":[{"count":0,"href":"https:\/\/shop.yipinqian.com\/vi\/wp-json\/wp\/v2\/product\/1563\/revisions"}],"wp:featuredmedia":[{"embeddable":true,"href":"https:\/\/shop.yipinqian.com\/vi\/wp-json\/wp\/v2\/media\/6113"}],"wp:attachment":[{"href":"https:\/\/shop.yipinqian.com\/vi\/wp-json\/wp\/v2\/media?parent=1563"}],"wp:term":[{"taxonomy":"product_brand","embeddable":true,"href":"https:\/\/shop.yipinqian.com\/vi\/wp-json\/wp\/v2\/product_brand?post=1563"},{"taxonomy":"product_cat","embeddable":true,"href":"https:\/\/shop.yipinqian.com\/vi\/wp-json\/wp\/v2\/product_cat?post=1563"},{"taxonomy":"product_tag","embeddable":true,"href":"https:\/\/shop.yipinqian.com\/vi\/wp-json\/wp\/v2\/product_tag?post=1563"}],"curies":[{"name":"wp","href":"https:\/\/api.w.org\/{rel}","templated":true}]}}