{"id":1561,"date":"2024-10-24T23:20:14","date_gmt":"2024-10-24T15:20:14","guid":{"rendered":"https:\/\/shop.yipinqian.com\/product\/light-lavender-natural-type-a-jadeite-jade-crafted-with-pattern-of-flowers-with-shape-of-peace-bangle-bracelet-certificate-weigh-60-82-grams-measurement-14-8-6-mm-bangle-wrist-size-56-5-mm-bangle6\/"},"modified":"2025-02-17T00:04:03","modified_gmt":"2025-02-16T16:04:03","slug":"light-lavender-natural-type-a-jadeite-jade-crafted-with-pattern-of-flowers-with-shape-of-peace-bangle-bracelet-certificate-weigh-60-82-grams-measurement-14-8-6-mm-bangle-wrist-size-56-5-mm-bangle6","status":"publish","type":"product","link":"https:\/\/shop.yipinqian.com\/vi\/san-pham\/light-lavender-natural-type-a-jadeite-jade-crafted-with-pattern-of-flowers-with-shape-of-peace-bangle-bracelet-certificate-weigh-60-82-grams-measurement-14-8-6-mm-bangle-wrist-size-56-5-mm-bangle6\/","title":{"rendered":"Ng\u1ecdc b\u00edch t\u1ef1 nhi\u00ean lo\u1ea1i A m\u00e0u hoa o\u1ea3i h\u01b0\u01a1ng nh\u1ea1t \u0111\u01b0\u1ee3c ch\u1ebf t\u00e1c v\u1edbi h\u1ecda ti\u1ebft hoa c\u00f3 h\u00ecnh d\u1ea1ng v\u00f2ng tay h\u00f2a b\u00ecnh, ch\u1ee9ng ch\u1ec9 n\u1eb7ng 60,82 gram, k\u00edch th\u01b0\u1edbc 14 * 8,6 mm, K\u00edch th\u01b0\u1edbc c\u1ed5 tay v\u00f2ng: 56,5 mm (bangle6)"},"content":{"rendered":"<p>Chi\u1ebfc v\u00f2ng tay ng\u1ecdc b\u00edch t\u1ef1 nhi\u00ean lo\u1ea1i A Light Lavender Jadeite n\u00e0y l\u00e0 m\u1ed9t m\u00f3n \u0111\u1ed3 trang s\u1ee9c tuy\u1ec7t \u0111\u1eb9p c\u00f3 h\u1ecda ti\u1ebft hoa tinh t\u1ebf v\u00e0 c\u00f3 h\u00ecnh d\u1ea1ng gi\u1ed1ng nh\u01b0 m\u1ed9t chi\u1ebfc v\u00f2ng tay h\u00f2a b\u00ecnh. Chi\u1ebfc v\u00f2ng tay n\u1eb7ng <strong>60,82 gam<\/strong> v\u00e0 c\u00e1c bi\u1ec7n ph\u00e1p <strong>14 * 8,6mm<\/strong>, v\u1edbi k\u00edch th\u01b0\u1edbc c\u1ed5 tay v\u00f2ng tay <strong>56,5mm<\/strong>.<\/p>\n<p><\/p>\n<p>*Chi\u1ebfc v\u00f2ng tay n\u00e0y c\u00f3 m\u1ed9t s\u1ed1 m\u00e0u xanh l\u00e1 c\u00e2y nh\u1ea1t \u1edf m\u1ed9t s\u1ed1 b\u1ed9 ph\u1eadn nh\u01b0ng kh\u00f4ng nh\u00ecn th\u1ea5y r\u00f5, do \u0111\u00f3 m\u00f4 t\u1ea3 c\u1ee7a ch\u00fang t\u00f4i ch\u1ec9 n\u00eau m\u00e0u hoa o\u1ea3i h\u01b0\u01a1ng nh\u1ea1t, chi\u1ec1u r\u1ed9ng c\u1ee7a <strong>14mm<\/strong> l\u00e0 t\u1ed1t, \u0111\u1ed9 d\u00e0y c\u0169ng tr\u00ean m\u1ee9c trung b\u00ecnh \u1edf <strong>8,6mm<\/strong>, kh\u00f4ng h\u1ed1i h\u1eadn khi mua v\u00ec ch\u1ea5t l\u01b0\u1ee3ng c\u0169ng t\u1ed1t*<\/p>\n<p><\/p>\n<p>S\u1ed1 ch\u1ee9ng ch\u1ec9: GD2111H014904<\/p>\n<p><\/p>\n<ul>\n<li>\n<strong>Thi\u1ebft k\u1ebf \u0111\u1eb9p:<\/strong> \u0110\u01b0\u1ee3c ch\u1ebf t\u00e1c theo h\u1ecda ti\u1ebft hoa tinh x\u1ea3o, chi\u1ebfc v\u00f2ng tay n\u00e0y t\u00f4n l\u00ean v\u1ebb \u0111\u1eb9p t\u1ef1 nhi\u00ean c\u1ee7a ng\u1ecdc b\u00edch.<\/li>\n<li>\n<strong>Ch\u1ea5t l\u01b0\u1ee3ng cao c\u1ea5p:<\/strong> \u0110\u01b0\u1ee3c l\u00e0m t\u1eeb ng\u1ecdc b\u00edch Jadeite lo\u1ea1i A t\u1eeb Myanmar, ph\u1ee5 ki\u1ec7n n\u00e0y b\u1ec1n v\u00e0 s\u1eed d\u1ee5ng l\u00e2u d\u00e0i.<\/li>\n<li>\n<strong>Gi\u1ea5y ch\u1ee9ng nh\u1eadn bao g\u1ed3m:<\/strong> S\u1ea3n ph\u1ea9m n\u00e0y c\u00f3 ch\u1ee9ng nh\u1eadn x\u00e1c minh t\u00ednh x\u00e1c th\u1ef1c v\u00e0 ch\u1ea5t l\u01b0\u1ee3ng.<\/li>\n<\/ul>\n<p>V\u00f2ng tay d\u1ea1ng v\u00f2ng n\u00e0y ho\u00e0n h\u1ea3o \u0111\u1ec3 \u0111eo h\u00e0ng ng\u00e0y ho\u1eb7c nh\u1eefng d\u1ecbp \u0111\u1eb7c bi\u1ec7t, l\u00e0 m\u00f3n qu\u00e0 l\u00fd t\u01b0\u1edfng cho b\u1ea5t k\u1ef3 ng\u01b0\u1eddi y\u00eau th\u00edch trang s\u1ee9c n\u00e0o \u0111\u00e1nh gi\u00e1 cao nh\u1eefng thi\u1ebft k\u1ebf \u0111\u1ed9c \u0111\u00e1o \u0111\u01b0\u1ee3c ch\u1ebf t\u00e1c t\u1eeb v\u1eadt li\u1ec7u ch\u1ea5t l\u01b0\u1ee3ng cao. Thi\u1ebft k\u1ebf n\u1eef t\u00ednh l\u00e0m cho n\u00f3 ho\u00e0n h\u1ea3o cho nh\u1eefng ng\u01b0\u1eddi ph\u1ee5 n\u1eef mu\u1ed1n th\u00eam ch\u00fat thanh l\u1ecbch v\u00e0o phong c\u00e1ch c\u1ee7a m\u00ecnh!<\/p>\n<p><\/p>\n<p>Yi Pin Qian \u2013 Nh\u00e0 bu\u00f4n \u0111\u00e1 qu\u00fd v\u00e0 kim lo\u1ea1i qu\u00fd t\u1ea1i Singapore \u2013 S\u1ed1 gi\u1ea5y ph\u00e9p PS20190000031<\/p>\n<p><\/p>\n<p>*T\u1ea5t c\u1ea3 c\u00e1c lo\u1ea1i Jadeite \u0111\u01b0\u1ee3c mua t\u1eeb Yi Pin Qian t\u1ea1i Singapore, kh\u00e1ch h\u00e0ng c\u00f3 th\u1ec3 \u0111\u1eb7t l\u1ecbch \u0111\u00e1nh b\u00f3ng ho\u1eb7c s\u1eeda ch\u1eefa nh\u1ecf do x\u1eed l\u00fd sai c\u00e1ch \u2013 c\u00f3 t\u00ednh ph\u00ed v\u00e0 ch\u1ec9 d\u00e0nh cho kh\u00e1ch h\u00e0ng c\u1ee7a Yi Pin Qian t\u1ea1i Singapore*<\/p>\n<p><\/p>\n<p><strong>**C\u00e1c lo\u1ea1i ch\u1ee9ng ch\u1ec9**<\/strong><\/p>\n<p><\/p>\n<p><strong>NGI (C\u00f4ng ty \u0110\u00e1 qu\u00fd Nan Yang)<\/strong><\/p>\n<p>ho\u1eb7c <strong>Ch\u1ee9ng ch\u1ec9 n\u01b0\u1edbc ngo\u00e0i <\/strong>(Yi Pin Qian ch\u1ec9 s\u1eed d\u1ee5ng c\u00e1c ch\u1ee9ng ch\u1ec9 x\u00e1c th\u1ef1c t\u1eeb c\u00e1c ph\u00f2ng th\u00ed nghi\u1ec7m \u1edf n\u01b0\u1edbc ngo\u00e0i v\u00e0 ki\u1ec3m so\u00e1t ch\u1ea5t l\u01b0\u1ee3ng m\u1ecdi s\u1ea3n ph\u1ea9m c\u1ee7a ch\u00fang t\u00f4i tr\u01b0\u1edbc khi \u0111\u01b0a ch\u00fang ra b\u00e1n t\u1ea1i Singapore)<\/p>\n<p><\/p>\n<p>M\u1ed7i s\u1ea3n ph\u1ea9m tr\u00ean TikTok s\u1ebd c\u00f3 lo\u1ea1i ch\u1ee9ng ch\u1ec9 \u0111\u01b0\u1ee3c cung c\u1ea5p \u0111\u01b0\u1ee3c n\u00eau trong ph\u1ea7n m\u00f4 t\u1ea3. \u0110\u1ed1i v\u1edbi b\u1ea5t k\u1ef3 kh\u00e1ch h\u00e0ng n\u00e0o mu\u1ed1n g\u1eedi \u0111\u01a1n h\u00e0ng c\u1ee7a m\u00ecnh \u0111\u1ebfn NGI Singapore, s\u1ebd c\u00f3 th\u1eddi gian ch\u1edd giao h\u00e0ng \u01b0\u1edbc t\u00ednh kho\u1ea3ng 4 tu\u1ea7n \u0111\u1ec3 nh\u1eadn \u0111\u01b0\u1ee3c \u0111\u01a1n h\u00e0ng c\u1ee7a b\u1ea1n. <strong>Y\u00eau c\u1ea7u b\u00e1o c\u00e1o v\u1ec1 NGI Gemstone c\u1ea7n \u0111\u01b0\u1ee3c th\u1ef1c hi\u1ec7n b\u1eb1ng c\u00e1ch nh\u1eafn tin \u0111\u1ebfn c\u1eeda h\u00e0ng TikTok Yi Pin Qian.<\/strong> C\u1ea3m \u01a1n, <strong><u>\u00e1p d\u1ee5ng th\u00eam ph\u00ed<\/u><\/strong>.<\/p>\n<p><\/p>\n<p><strong>Jadeite t\u1ef1 nhi\u00ean kh\u00f4ng ho\u00e0n h\u1ea3o, ch\u1ec9 l\u00e0 m\u1ed9t l\u1eddi nh\u1eafc nh\u1edf nh\u1eb9 nh\u00e0ng, Jadeite t\u1ef1 nhi\u00ean c\u1ee7a ch\u00fang t\u00f4i, gi\u1ed1ng nh\u01b0 t\u1ea5t c\u1ea3 nh\u1eefng th\u1ee9 \u0111\u1eb9p \u0111\u1ebd trong t\u1ef1 nhi\u00ean, c\u00f3 nh\u1eefng \u0111\u1eb7c \u0111i\u1ec3m v\u00e0 bi\u1ebfn th\u1ec3 \u0111\u1ed9c \u0111\u00e1o. Ch\u00fang t\u00f4i m\u1eddi nh\u1eefng kh\u00e1ch h\u00e0ng c\u00f3 gi\u00e1 tr\u1ecb c\u1ee7a m\u00ecnh \u0111\u00f3n nh\u1eadn nh\u1eefng bi\u1ebfn th\u1ec3 t\u1ef1 nhi\u00ean n\u00e0y. Ch\u00fac b\u1ea1n mua s\u1eafm vui v\u1ebb!<\/strong><\/p>\n<p><\/p>\n<p><strong><u>Kh\u00f4ng c\u00f3 h\u00ecnh \u1ea3nh v\u00e0 c\u1ea3nh quay video n\u00e0o \u0111\u01b0\u1ee3c l\u1ecdc. Ch\u00fang t\u00f4i khuy\u1ebfn kh\u00edch kh\u00e1ch h\u00e0ng c\u1ee7a m\u00ecnh c\u0169ng xem c\u00e1c video \u0111i k\u00e8m \u0111\u1ec3 c\u00f3 c\u00e1i nh\u00ecn to\u00e0n di\u1ec7n h\u01a1n v\u1ec1 s\u1ea3n ph\u1ea9m c\u1ee7a ch\u00fang t\u00f4i<\/u><\/strong><\/p>","protected":false},"excerpt":{"rendered":"<p>Chi\u1ebfc v\u00f2ng tay ng\u1ecdc b\u00edch Light Lavender Natural Type A Jadeite n\u00e0y l\u00e0 m\u1ed9t m\u00f3n \u0111\u1ed3 trang s\u1ee9c tuy\u1ec7t \u0111\u1eb9p c\u00f3 h\u1ecda ti\u1ebft hoa tinh t\u1ebf v\u00e0 c\u00f3 h\u00ecnh d\u1ea1ng gi\u1ed1ng nh\u01b0 m\u1ed9t chi\u1ebfc v\u00f2ng tay h\u00f2a b\u00ecnh. Chi\u1ebfc v\u00f2ng tay n\u1eb7ng 60,82 gam v\u00e0 c\u00f3 k\u00edch th\u01b0\u1edbc 14 * 8,6 mm, v\u1edbi k\u00edch th\u01b0\u1edbc c\u1ed5 tay v\u00f2ng tay l\u00e0 56,5 mm. *Chi\u1ebfc v\u00f2ng tay n\u00e0y c\u00f3 m\u1ed9t s\u1ed1 m\u00e0u xanh l\u00e1 c\u00e2y nh\u1ea1t tr\u00ean [\u2026]<\/p>","protected":false},"featured_media":6076,"comment_status":"open","ping_status":"closed","template":"","meta":[],"product_brand":[],"product_cat":[121,114],"product_tag":[],"class_list":{"0":"post-1561","1":"product","2":"type-product","3":"status-publish","4":"has-post-thumbnail","6":"product_cat-bracelets-bangles","7":"product_cat-fashion-bangle-bracelets","9":"first","10":"instock","11":"sale","12":"shipping-taxable","13":"purchasable","14":"product-type-simple"},"_links":{"self":[{"href":"https:\/\/shop.yipinqian.com\/vi\/wp-json\/wp\/v2\/product\/1561","targetHints":{"allow":["GET"]}}],"collection":[{"href":"https:\/\/shop.yipinqian.com\/vi\/wp-json\/wp\/v2\/product"}],"about":[{"href":"https:\/\/shop.yipinqian.com\/vi\/wp-json\/wp\/v2\/types\/product"}],"replies":[{"embeddable":true,"href":"https:\/\/shop.yipinqian.com\/vi\/wp-json\/wp\/v2\/comments?post=1561"}],"version-history":[{"count":0,"href":"https:\/\/shop.yipinqian.com\/vi\/wp-json\/wp\/v2\/product\/1561\/revisions"}],"wp:featuredmedia":[{"embeddable":true,"href":"https:\/\/shop.yipinqian.com\/vi\/wp-json\/wp\/v2\/media\/6076"}],"wp:attachment":[{"href":"https:\/\/shop.yipinqian.com\/vi\/wp-json\/wp\/v2\/media?parent=1561"}],"wp:term":[{"taxonomy":"product_brand","embeddable":true,"href":"https:\/\/shop.yipinqian.com\/vi\/wp-json\/wp\/v2\/product_brand?post=1561"},{"taxonomy":"product_cat","embeddable":true,"href":"https:\/\/shop.yipinqian.com\/vi\/wp-json\/wp\/v2\/product_cat?post=1561"},{"taxonomy":"product_tag","embeddable":true,"href":"https:\/\/shop.yipinqian.com\/vi\/wp-json\/wp\/v2\/product_tag?post=1561"}],"curies":[{"name":"wp","href":"https:\/\/api.w.org\/{rel}","templated":true}]}}