{"id":1560,"date":"2024-10-24T23:20:13","date_gmt":"2024-10-24T15:20:13","guid":{"rendered":"https:\/\/shop.yipinqian.com\/product\/light-lavender-natural-type-a-jadeite-jade-crafted-with-nothing-round-shape-set-with-18-k-gold-as-pendant-certificate-weigh-29-85-grams-measurement-43-7-42-9-5-6-mm-18kp23\/"},"modified":"2025-02-17T00:04:03","modified_gmt":"2025-02-16T16:04:03","slug":"light-lavender-natural-type-a-jadeite-jade-crafted-with-nothing-round-shape-set-with-18-k-gold-as-pendant-certificate-weigh-29-85-grams-measurement-43-7-42-9-5-6-mm-18kp23","status":"publish","type":"product","link":"https:\/\/shop.yipinqian.com\/vi\/san-pham\/light-lavender-natural-type-a-jadeite-jade-crafted-with-nothing-round-shape-set-with-18-k-gold-as-pendant-certificate-weigh-29-85-grams-measurement-43-7-42-9-5-6-mm-18kp23\/","title":{"rendered":"Ng\u1ecdc b\u00edch t\u1ef1 nhi\u00ean lo\u1ea1i A m\u00e0u hoa o\u1ea3i h\u01b0\u01a1ng nh\u1ea1t \u0111\u01b0\u1ee3c ch\u1ebf t\u00e1c kh\u00f4ng c\u00f3 g\u00ec, h\u00ecnh tr\u00f2n g\u1eafn v\u00e0ng 18k l\u00e0m m\u1eb7t d\u00e2y chuy\u1ec1n, ch\u1ee9ng ch\u1ec9 n\u1eb7ng 29,85 gram, k\u00edch th\u01b0\u1edbc 43,7 * 42,9 * 5,6 mm (18kp23)"},"content":{"rendered":"<p>L\u00e0m phong ph\u00fa th\u00eam b\u1ed9 s\u01b0u t\u1eadp trang s\u1ee9c c\u1ee7a b\u1ea1n v\u1edbi m\u1eb7t d\u00e2y chuy\u1ec1n ng\u1ecdc b\u00edch Light Lavender Natural Type A Jadeite Jade tinh x\u1ea3o n\u00e0y. \u0110\u01b0\u1ee3c ch\u1ebf t\u00e1c ch\u1ec9 t\u1eeb nh\u1eefng g\u00ec tinh t\u00fay nh\u1ea5t, vi\u00ean ng\u1ecdc b\u00edch h\u00ecnh tr\u00f2n \u0111\u01b0\u1ee3c g\u1eafn tr\u00ean v\u00e0ng 18k v\u00e0 n\u1eb7ng 29,85 gram, k\u00edch th\u01b0\u1edbc 43,7 * 42,9 * 5,6 mm (18kp23).<\/p>\n<p><\/p>\n<p>S\u1ed1 ch\u1ee9ng ch\u1ec9: GD2203H014491<\/p>\n<ul>\n<li>\n<strong>Ch\u1ea5t li\u1ec7u cao c\u1ea5p:<\/strong> M\u1eb7t d\u00e2y chuy\u1ec1n \u0111\u01b0\u1ee3c l\u00e0m b\u1eb1ng v\u00e0ng PT\/Carat ch\u1ea5t l\u01b0\u1ee3ng cao v\u00e0 ng\u1ecdc b\u00edch t\u1ef1 nhi\u00ean lo\u1ea1i A m\u00e0u hoa o\u1ea3i h\u01b0\u01a1ng nh\u1ea1t \u2013 m\u1ed9t lo\u1ea1i \u0111\u00e1 qu\u00fd n\u1ed5i ti\u1ebfng v\u1edbi m\u00e0u s\u1eafc tuy\u1ec7t \u0111\u1eb9p v\u00e0 \u0111\u1ed9 b\u1ec1n.<\/li>\n<li>\n<strong>Gi\u1ea5y ch\u1ee9ng nh\u1eadn x\u00e1c th\u1ef1c:<\/strong> S\u1ea3n ph\u1ea9m n\u00e0y c\u00f3 k\u00e8m theo gi\u1ea5y ch\u1ee9ng nh\u1eadn h\u00e0ng ch\u00ednh h\u00e3ng, \u0111\u1ea3m b\u1ea3o r\u1eb1ng b\u1ea1n \u0111ang mua s\u1ea3n ph\u1ea9m ch\u00ednh h\u00e3ng.<\/li>\n<li>\n<strong>Ki\u1ec3u v\u00f2ng c\u1ed5 th\u01b0\u1eddng ng\u00e0y:<\/strong> M\u1eb7t d\u00e2y chuy\u1ec1n n\u00e0y c\u00f3 thi\u1ebft k\u1ebf thanh l\u1ecbch nh\u01b0ng gi\u1ea3n d\u1ecb, c\u00f3 th\u1ec3 \u0111eo h\u00e0ng ng\u00e0y ho\u1eb7c trong nh\u1eefng d\u1ecbp \u0111\u1eb7c bi\u1ec7t.<\/li>\n<\/ul>\n<p>M\u00e0u hoa o\u1ea3i h\u01b0\u01a1ng nh\u1ea1t mang \u0111\u1ebfn cho n\u00f3 s\u1ee9c h\u1ea5p d\u1eabn quy\u1ebfn r\u0169 ch\u1eafc ch\u1eafn s\u1ebd thu h\u00fat m\u1ecdi \u00e1nh nh\u00ecn \u1edf b\u1ea5t c\u1ee9 n\u01a1i n\u00e0o b\u1ea1n \u0111\u1ebfn. Thi\u1ebft k\u1ebf unisex c\u1ee7a n\u00f3 l\u00e0m cho n\u00f3 tr\u1edf n\u00ean ho\u00e0n h\u1ea3o cho b\u1ea5t k\u1ef3 ai mu\u1ed1n th\u00eam m\u1ed9t ch\u00fat sang tr\u1ecdng cho trang ph\u1ee5c c\u1ee7a m\u00ecnh m\u00e0 kh\u00f4ng \u1ea3nh h\u01b0\u1edfng \u0111\u1ebfn phong c\u00e1ch \u0111\u1ed9c \u0111\u00e1o c\u1ee7a h\u1ecd.<\/p>\n<ul>\n<li>\n<strong>S\u1ea3n xu\u1ea5t t\u1ea1i Myanmar: <\/strong>S\u1ea3n ph\u1ea9m tinh x\u1ea3o n\u00e0y \u0111\u1ebfn tr\u1ef1c ti\u1ebfp t\u1eeb Myanmar \u2013 qu\u00ea h\u01b0\u01a1ng c\u1ee7a m\u1ed9t s\u1ed1 lo\u1ea1i \u0111\u00e1 ng\u1ecdc b\u00edch \u0111\u01b0\u1ee3c s\u0103n \u0111\u00f3n nh\u1ea5t th\u1ebf gi\u1edbi<\/li>\n<li>.<\/li>\n<\/ul>\n<p>S\u1ea3n ph\u1ea9m n\u00e0y kh\u00f4ng \u0111\u01b0\u1ee3c b\u1ea3o h\u00e0nh nh\u01b0ng v\u1ebb \u0111\u1eb9p v\u01b0\u1ee3t th\u1eddi gian c\u1ee7a n\u00f3 s\u1ebd mang l\u1ea1i ni\u1ec1m vui trong nhi\u1ec1u n\u0103m t\u1edbi!<\/p>\n<p><\/p>\n<p>Yi Pin Qian \u2013 Nh\u00e0 bu\u00f4n \u0111\u00e1 qu\u00fd v\u00e0 kim lo\u1ea1i qu\u00fd t\u1ea1i Singapore \u2013 S\u1ed1 gi\u1ea5y ph\u00e9p PS20190000031<\/p>\n<p><\/p>\n<p>*T\u1ea5t c\u1ea3 c\u00e1c lo\u1ea1i Jadeite \u0111\u01b0\u1ee3c mua t\u1eeb Yi Pin Qian t\u1ea1i Singapore, kh\u00e1ch h\u00e0ng c\u00f3 th\u1ec3 \u0111\u1eb7t l\u1ecbch \u0111\u00e1nh b\u00f3ng ho\u1eb7c s\u1eeda ch\u1eefa nh\u1ecf do x\u1eed l\u00fd sai c\u00e1ch \u2013 c\u00f3 t\u00ednh ph\u00ed v\u00e0 ch\u1ec9 d\u00e0nh cho kh\u00e1ch h\u00e0ng c\u1ee7a Yi Pin Qian t\u1ea1i Singapore*<\/p>\n<p><\/p>\n<p><strong>**C\u00e1c lo\u1ea1i ch\u1ee9ng ch\u1ec9**<\/strong><\/p>\n<p><\/p>\n<p><strong>NGI (C\u00f4ng ty \u0110\u00e1 qu\u00fd Nan Yang)<\/strong><\/p>\n<p>ho\u1eb7c <strong>Ch\u1ee9ng ch\u1ec9 n\u01b0\u1edbc ngo\u00e0i <\/strong>(Yi Pin Qian ch\u1ec9 s\u1eed d\u1ee5ng c\u00e1c ch\u1ee9ng ch\u1ec9 x\u00e1c th\u1ef1c t\u1eeb c\u00e1c ph\u00f2ng th\u00ed nghi\u1ec7m \u1edf n\u01b0\u1edbc ngo\u00e0i v\u00e0 ki\u1ec3m so\u00e1t ch\u1ea5t l\u01b0\u1ee3ng m\u1ecdi s\u1ea3n ph\u1ea9m c\u1ee7a ch\u00fang t\u00f4i tr\u01b0\u1edbc khi \u0111\u01b0a ch\u00fang ra b\u00e1n t\u1ea1i Singapore)<\/p>\n<p><\/p>\n<p>M\u1ed7i s\u1ea3n ph\u1ea9m tr\u00ean TikTok s\u1ebd c\u00f3 lo\u1ea1i ch\u1ee9ng ch\u1ec9 \u0111\u01b0\u1ee3c cung c\u1ea5p \u0111\u01b0\u1ee3c n\u00eau trong ph\u1ea7n m\u00f4 t\u1ea3. \u0110\u1ed1i v\u1edbi b\u1ea5t k\u1ef3 kh\u00e1ch h\u00e0ng n\u00e0o mu\u1ed1n g\u1eedi \u0111\u01a1n h\u00e0ng c\u1ee7a m\u00ecnh \u0111\u1ebfn NGI Singapore, s\u1ebd c\u00f3 th\u1eddi gian ch\u1edd giao h\u00e0ng \u01b0\u1edbc t\u00ednh kho\u1ea3ng 4 tu\u1ea7n \u0111\u1ec3 nh\u1eadn \u0111\u01b0\u1ee3c \u0111\u01a1n h\u00e0ng c\u1ee7a b\u1ea1n. <strong>Y\u00eau c\u1ea7u b\u00e1o c\u00e1o v\u1ec1 NGI Gemstone c\u1ea7n \u0111\u01b0\u1ee3c th\u1ef1c hi\u1ec7n b\u1eb1ng c\u00e1ch nh\u1eafn tin \u0111\u1ebfn c\u1eeda h\u00e0ng TikTok Yi Pin Qian.<\/strong> C\u1ea3m \u01a1n, <strong><u>\u00e1p d\u1ee5ng th\u00eam ph\u00ed<\/u><\/strong>.<\/p>\n<p><\/p>\n<p><strong>Jadeite t\u1ef1 nhi\u00ean kh\u00f4ng ho\u00e0n h\u1ea3o, ch\u1ec9 l\u00e0 m\u1ed9t l\u1eddi nh\u1eafc nh\u1edf nh\u1eb9 nh\u00e0ng, Jadeite t\u1ef1 nhi\u00ean c\u1ee7a ch\u00fang t\u00f4i, gi\u1ed1ng nh\u01b0 t\u1ea5t c\u1ea3 nh\u1eefng th\u1ee9 \u0111\u1eb9p \u0111\u1ebd trong t\u1ef1 nhi\u00ean, c\u00f3 nh\u1eefng \u0111\u1eb7c \u0111i\u1ec3m v\u00e0 bi\u1ebfn th\u1ec3 \u0111\u1ed9c \u0111\u00e1o. Ch\u00fang t\u00f4i m\u1eddi nh\u1eefng kh\u00e1ch h\u00e0ng c\u00f3 gi\u00e1 tr\u1ecb c\u1ee7a m\u00ecnh \u0111\u00f3n nh\u1eadn nh\u1eefng bi\u1ebfn th\u1ec3 t\u1ef1 nhi\u00ean n\u00e0y. Ch\u00fac b\u1ea1n mua s\u1eafm vui v\u1ebb!<\/strong><\/p>\n<p><\/p>\n<p><strong><u>Kh\u00f4ng c\u00f3 h\u00ecnh \u1ea3nh v\u00e0 c\u1ea3nh quay video n\u00e0o \u0111\u01b0\u1ee3c l\u1ecdc. Ch\u00fang t\u00f4i khuy\u1ebfn kh\u00edch kh\u00e1ch h\u00e0ng c\u1ee7a m\u00ecnh c\u0169ng xem c\u00e1c video \u0111i k\u00e8m \u0111\u1ec3 c\u00f3 c\u00e1i nh\u00ecn to\u00e0n di\u1ec7n h\u01a1n v\u1ec1 s\u1ea3n ph\u1ea9m c\u1ee7a ch\u00fang t\u00f4i<\/u><\/strong><\/p>","protected":false},"excerpt":{"rendered":"<p>L\u00e0m phong ph\u00fa th\u00eam b\u1ed9 s\u01b0u t\u1eadp trang s\u1ee9c c\u1ee7a b\u1ea1n v\u1edbi m\u1eb7t d\u00e2y chuy\u1ec1n ng\u1ecdc b\u00edch Light Lavender Natural Type A Jadeite Jade tinh x\u1ea3o n\u00e0y. \u0110\u01b0\u1ee3c ch\u1ebf t\u00e1c ch\u1ec9 b\u1eb1ng nh\u1eefng g\u00ec tinh t\u00fay nh\u1ea5t, vi\u00ean ng\u1ecdc b\u00edch h\u00ecnh tr\u00f2n \u0111\u01b0\u1ee3c g\u1eafn trong v\u00e0ng 18k v\u00e0 n\u1eb7ng 29,85 gram, k\u00edch th\u01b0\u1edbc 43,7 * 42,9 * 5,6 mm (18kp23). S\u1ed1 ch\u1ee9ng nh\u1eadn: GD2203H014491 Ch\u1ea5t li\u1ec7u cao c\u1ea5p: M\u1eb7t d\u00e2y chuy\u1ec1n \u0111\u01b0\u1ee3c l\u00e0m b\u1eb1ng v\u00e0ng PT\/Carat ch\u1ea5t l\u01b0\u1ee3ng cao [\u2026]<\/p>","protected":false},"featured_media":6068,"comment_status":"open","ping_status":"closed","template":"","meta":[],"product_brand":[],"product_cat":[120,48],"product_tag":[],"class_list":{"0":"post-1560","1":"product","2":"type-product","3":"status-publish","4":"has-post-thumbnail","6":"product_cat-18k-gold-setting-pendants","7":"product_cat-pendants","9":"first","10":"instock","11":"sale","12":"shipping-taxable","13":"purchasable","14":"product-type-simple"},"_links":{"self":[{"href":"https:\/\/shop.yipinqian.com\/vi\/wp-json\/wp\/v2\/product\/1560","targetHints":{"allow":["GET"]}}],"collection":[{"href":"https:\/\/shop.yipinqian.com\/vi\/wp-json\/wp\/v2\/product"}],"about":[{"href":"https:\/\/shop.yipinqian.com\/vi\/wp-json\/wp\/v2\/types\/product"}],"replies":[{"embeddable":true,"href":"https:\/\/shop.yipinqian.com\/vi\/wp-json\/wp\/v2\/comments?post=1560"}],"version-history":[{"count":0,"href":"https:\/\/shop.yipinqian.com\/vi\/wp-json\/wp\/v2\/product\/1560\/revisions"}],"wp:featuredmedia":[{"embeddable":true,"href":"https:\/\/shop.yipinqian.com\/vi\/wp-json\/wp\/v2\/media\/6068"}],"wp:attachment":[{"href":"https:\/\/shop.yipinqian.com\/vi\/wp-json\/wp\/v2\/media?parent=1560"}],"wp:term":[{"taxonomy":"product_brand","embeddable":true,"href":"https:\/\/shop.yipinqian.com\/vi\/wp-json\/wp\/v2\/product_brand?post=1560"},{"taxonomy":"product_cat","embeddable":true,"href":"https:\/\/shop.yipinqian.com\/vi\/wp-json\/wp\/v2\/product_cat?post=1560"},{"taxonomy":"product_tag","embeddable":true,"href":"https:\/\/shop.yipinqian.com\/vi\/wp-json\/wp\/v2\/product_tag?post=1560"}],"curies":[{"name":"wp","href":"https:\/\/api.w.org\/{rel}","templated":true}]}}