{"id":1559,"date":"2024-10-24T23:20:13","date_gmt":"2024-10-24T15:20:13","guid":{"rendered":"https:\/\/shop.yipinqian.com\/product\/light-green-with-yellow-natural-type-a-jadeite-jade-crafted-with-old-men-fishing-as-display-certificate-weighs-17-06-grams-measurement-65-2-32-8-12-display1\/"},"modified":"2025-02-24T00:49:54","modified_gmt":"2025-02-23T16:49:54","slug":"light-green-with-yellow-natural-type-a-jadeite-jade-crafted-with-old-men-fishing-as-display-certificate-weighs-17-06-grams-measurement-65-2-32-8-12-display1","status":"publish","type":"product","link":"https:\/\/shop.yipinqian.com\/vi\/san-pham\/light-green-with-yellow-natural-type-a-jadeite-jade-crafted-with-old-men-fishing-as-display-certificate-weighs-17-06-grams-measurement-65-2-32-8-12-display1\/","title":{"rendered":"M\u00e0u xanh l\u00e1 c\u00e2y nh\u1ea1t v\u1edbi m\u00e0u v\u00e0ng t\u1ef1 nhi\u00ean lo\u1ea1i A Jadeite Jade \u0111\u01b0\u1ee3c ch\u1ebf t\u00e1c v\u1edbi Old Men Fishing \u0111\u1ec3 tr\u01b0ng b\u00e0y, ch\u1ee9ng ch\u1ec9 n\u1eb7ng 17,06 gram, k\u00edch th\u01b0\u1edbc 65,2 * 32,8 * 12 (display1)"},"content":{"rendered":"<p>\u0110\u1ed3 trang tr\u00ed b\u1eb1ng ng\u1ecdc b\u00edch t\u1ef1 nhi\u00ean lo\u1ea1i A m\u00e0u xanh l\u00e1 c\u00e2y nh\u1ea1t v\u1edbi m\u00e0u v\u00e0ng n\u00e0y c\u00f3 h\u00ecnh \u1ea3nh \u00f4ng gi\u00e0 \u0111ang c\u00e2u c\u00e1 \u0111\u01b0\u1ee3c ch\u1ebf t\u00e1c tinh x\u1ea3o, t\u1ea1o n\u00ean s\u1ef1 \u0111\u1ed9c \u0111\u00e1o v\u00e0 tinh t\u1ebf cho b\u1ea5t k\u1ef3 ng\u00f4i nh\u00e0 n\u00e0o.<\/p>\n<p>\u00a0<\/p>\n<p>S\u1ed1 ch\u1ee9ng ch\u1ec9: ZSJ12302066970<\/p>\n<p><img fetchpriority=\"high\" decoding=\"async\" height=\"1080\" src=\"https:\/\/shop.yipinqian.com\/wp-content\/uploads\/2024\/10\/e6a48e85791827982aa3e0e971d14f30.jpg?from=476444299\" width=\"1080\"><\/p>\n<ul>\n<li><strong>Thu\u1ed9c t\u00ednh:<\/strong><\/li>\n<li>C\u00f3 k\u00e8m ch\u1ee9ng ch\u1ec9: C\u00f3<\/li>\n<li>N\u01b0\u1edbc xu\u1ea5t x\u1ee9: Myanmar<\/li>\n<li>Lo\u1ea1i b\u1ea3o h\u00e0nh: Kh\u00f4ng b\u1ea3o h\u00e0nh<\/li>\n<li>Lo\u1ea1i trang tr\u00ed: \u0110\u1ed3 trang tr\u00ed nh\u00e0<\/li>\n<li>Lo\u1ea1i ng\u1ecdc b\u00edch: Jadeite<\/li>\n<li>V\u1edbi tr\u1ecdng l\u01b0\u1ee3ng 17,06 gam v\u00e0 k\u00edch th\u01b0\u1edbc 65,2 * 32,8 * 12, t\u00e1c ph\u1ea9m tuy\u1ec7t \u0111\u1eb9p n\u00e0y th\u1ec3 hi\u1ec7n v\u1ebb \u0111\u1eb9p t\u1ef1 nhi\u00ean v\u00e0 s\u1ef1 thanh l\u1ecbch c\u1ee7a ng\u1ecdc b\u00edch.<\/li>\n<li><strong>Xin l\u01b0u \u00fd:<\/strong><\/li>\n<li>C\u00e1c chi ti\u1ebft ph\u1ee9c t\u1ea1p v\u00e0 thi\u1ebft k\u1ebf thanh b\u00ecnh l\u00e0m cho \u0111\u1ed3 trang tr\u00ed b\u1eb1ng ng\u1ecdc b\u00edch n\u00e0y tr\u1edf th\u00e0nh l\u1ef1a ch\u1ecdn ho\u00e0n h\u1ea3o \u0111\u1ec3 t\u0103ng t\u00ednh th\u1ea9m m\u1ef9 cho m\u1ecdi kh\u00f4ng gian.<\/li>\n<\/ul>\n<p><strong>Jadeite t\u1ef1 nhi\u00ean kh\u00f4ng ho\u00e0n h\u1ea3o, ch\u1ec9 l\u00e0 m\u1ed9t l\u1eddi nh\u1eafc nh\u1edf nh\u1eb9 nh\u00e0ng, Jadeite t\u1ef1 nhi\u00ean c\u1ee7a ch\u00fang t\u00f4i, gi\u1ed1ng nh\u01b0 t\u1ea5t c\u1ea3 nh\u1eefng th\u1ee9 \u0111\u1eb9p \u0111\u1ebd trong t\u1ef1 nhi\u00ean, c\u00f3 nh\u1eefng \u0111\u1eb7c \u0111i\u1ec3m v\u00e0 bi\u1ebfn th\u1ec3 \u0111\u1ed9c \u0111\u00e1o. Ch\u00fang t\u00f4i m\u1eddi nh\u1eefng kh\u00e1ch h\u00e0ng c\u00f3 gi\u00e1 tr\u1ecb c\u1ee7a m\u00ecnh \u0111\u00f3n nh\u1eadn nh\u1eefng bi\u1ebfn th\u1ec3 t\u1ef1 nhi\u00ean n\u00e0y. Ch\u00fac b\u1ea1n mua s\u1eafm vui v\u1ebb!<\/strong><\/p>\n<p>\u00a0<\/p>\n<p><strong><u>Kh\u00f4ng c\u00f3 h\u00ecnh \u1ea3nh v\u00e0 c\u1ea3nh quay video n\u00e0o \u0111\u01b0\u1ee3c l\u1ecdc. Ch\u00fang t\u00f4i khuy\u1ebfn kh\u00edch kh\u00e1ch h\u00e0ng c\u1ee7a m\u00ecnh c\u0169ng xem c\u00e1c video \u0111i k\u00e8m \u0111\u1ec3 c\u00f3 c\u00e1i nh\u00ecn to\u00e0n di\u1ec7n h\u01a1n v\u1ec1 s\u1ea3n ph\u1ea9m c\u1ee7a ch\u00fang t\u00f4i<\/u><\/strong><\/p>","protected":false},"excerpt":{"rendered":"<p>This Light Green with Yellow Natural Type A Jadeite Jade decoration features a beautifully crafted scene of Old Men Fishing, making it a unique and exquisite addition to any home. \u00a0 Certificate numbers: ZSJ12302066970 Attributes: Certificate Included: Yes Country of Origin: Myanmar Warranty Type: No Warranty Type of Decoration: Home Ornament Jade Type: Jadeite Weighing [&hellip;]<\/p>","protected":false},"featured_media":6050,"comment_status":"open","ping_status":"closed","template":"","meta":[],"product_brand":[],"product_cat":[194],"product_tag":[],"class_list":{"0":"post-1559","1":"product","2":"type-product","3":"status-publish","4":"has-post-thumbnail","6":"product_cat-value-picks","8":"first","9":"instock","10":"sale","11":"shipping-taxable","12":"purchasable","13":"product-type-simple"},"_links":{"self":[{"href":"https:\/\/shop.yipinqian.com\/vi\/wp-json\/wp\/v2\/product\/1559","targetHints":{"allow":["GET"]}}],"collection":[{"href":"https:\/\/shop.yipinqian.com\/vi\/wp-json\/wp\/v2\/product"}],"about":[{"href":"https:\/\/shop.yipinqian.com\/vi\/wp-json\/wp\/v2\/types\/product"}],"replies":[{"embeddable":true,"href":"https:\/\/shop.yipinqian.com\/vi\/wp-json\/wp\/v2\/comments?post=1559"}],"version-history":[{"count":0,"href":"https:\/\/shop.yipinqian.com\/vi\/wp-json\/wp\/v2\/product\/1559\/revisions"}],"wp:featuredmedia":[{"embeddable":true,"href":"https:\/\/shop.yipinqian.com\/vi\/wp-json\/wp\/v2\/media\/6050"}],"wp:attachment":[{"href":"https:\/\/shop.yipinqian.com\/vi\/wp-json\/wp\/v2\/media?parent=1559"}],"wp:term":[{"taxonomy":"product_brand","embeddable":true,"href":"https:\/\/shop.yipinqian.com\/vi\/wp-json\/wp\/v2\/product_brand?post=1559"},{"taxonomy":"product_cat","embeddable":true,"href":"https:\/\/shop.yipinqian.com\/vi\/wp-json\/wp\/v2\/product_cat?post=1559"},{"taxonomy":"product_tag","embeddable":true,"href":"https:\/\/shop.yipinqian.com\/vi\/wp-json\/wp\/v2\/product_tag?post=1559"}],"curies":[{"name":"wp","href":"https:\/\/api.w.org\/{rel}","templated":true}]}}