{"id":1550,"date":"2024-10-24T23:20:04","date_gmt":"2024-10-24T15:20:04","guid":{"rendered":"https:\/\/shop.yipinqian.com\/product\/light-green-with-golden-yellow-patches-super-rare-natural-type-a-jadeite-jade-crafted-with-arhat-as-pendant-certificate-weighs-57-71-grams-measurement-69-7-39-3-14-5-mm-pendant263\/"},"modified":"2025-02-24T01:17:30","modified_gmt":"2025-02-23T17:17:30","slug":"light-green-with-golden-yellow-patches-super-rare-natural-type-a-jadeite-jade-crafted-with-arhat-as-pendant-certificate-weighs-57-71-grams-measurement-69-7-39-3-14-5-mm-pendant263","status":"publish","type":"product","link":"https:\/\/shop.yipinqian.com\/vi\/san-pham\/light-green-with-golden-yellow-patches-super-rare-natural-type-a-jadeite-jade-crafted-with-arhat-as-pendant-certificate-weighs-57-71-grams-measurement-69-7-39-3-14-5-mm-pendant263\/","title":{"rendered":"M\u00e0u xanh l\u00e1 c\u00e2y nh\u1ea1t v\u1edbi c\u00e1c m\u1ea3ng v\u00e0ng kim Lo\u1ea1i ng\u1ecdc b\u00edch A t\u1ef1 nhi\u00ean si\u00eau hi\u1ebfm \u0111\u01b0\u1ee3c ch\u1ebf t\u00e1c v\u1edbi h\u00ecnh \u1ea3nh La H\u00e1n l\u00e0m m\u1eb7t d\u00e2y chuy\u1ec1n, gi\u1ea5y ch\u1ee9ng nh\u1eadn n\u1eb7ng 57,71 gram, k\u00edch th\u01b0\u1edbc 69,7 * 39,3 * 14,5 mm (m\u1eb7t d\u00e2y chuy\u1ec1n263)"},"content":{"rendered":"<p>M\u1eb7t d\u00e2y chuy\u1ec1n ng\u1ecdc b\u00edch t\u1ef1 nhi\u00ean lo\u1ea1i A si\u00eau hi\u1ebfm m\u00e0u xanh l\u00e1 c\u00e2y nh\u1ea1t v\u1edbi c\u00e1c m\u1ea3ng v\u00e0ng kim n\u00e0y l\u00e0 m\u1ed9t m\u00f3n \u0111\u1ed3 trang s\u1ee9c tuy\u1ec7t \u0111\u1eb9p cho m\u1ecdi d\u1ecbp.<\/p>\n<p>\u00a0<\/p>\n<p>S\u1ed1 ch\u1ee9ng ch\u1ec9: 920660024549<\/p>\n<p><img fetchpriority=\"high\" decoding=\"async\" height=\"1080\" src=\"https:\/\/shop.yipinqian.com\/wp-content\/uploads\/2024\/10\/4ac49394a37bb8ee0b29298df3aa310f.jpg?from=476444299\" width=\"1080\"><\/p>\n<ul>\n<li>\n<strong>Jadeite thi\u00ean nhi\u00ean qu\u00fd hi\u1ebfm:<\/strong> \u0110\u01b0\u1ee3c ch\u1ebf t\u00e1c t\u1eeb lo\u1ea1i ng\u1ecdc b\u00edch lo\u1ea1i A c\u1ef1c hi\u1ebfm, m\u1eb7t d\u00e2y chuy\u1ec1n n\u00e0y c\u00f3 m\u00e0u xanh l\u00e1 c\u00e2y nh\u1ea1t \u0111\u1ed9c \u0111\u00e1o v\u1edbi c\u00e1c m\u1ea3ng v\u00e0ng kim, khi\u1ebfn n\u00f3 th\u1ef1c s\u1ef1 tr\u1edf n\u00ean \u0111\u1ed9c nh\u1ea5t v\u00f4 nh\u1ecb.<\/li>\n<li>\n<strong>Thi\u1ebft k\u1ebf La H\u00e1n:<\/strong> M\u1eb7t d\u00e2y chuy\u1ec1n \u0111\u01b0\u1ee3c ch\u1ebf t\u00e1c tinh x\u1ea3o theo h\u00ecnh d\u00e1ng c\u1ee7a m\u1ed9t v\u1ecb La H\u00e1n, t\u0103ng th\u00eam n\u00e9t thanh l\u1ecbch v\u00e0 t\u00e2m linh cho v\u1ebb ngo\u00e0i c\u1ee7a b\u1ea1n.<\/li>\n<li>\n<strong>Gi\u1ea5y ch\u1ee9ng nh\u1eadn bao g\u1ed3m:<\/strong> S\u1ea3n ph\u1ea9m n\u00e0y c\u00f3 k\u00e8m theo gi\u1ea5y ch\u1ee9ng nh\u1eadn x\u00e1c th\u1ef1c ch\u1ea5t l\u01b0\u1ee3ng v\u00e0 ngu\u1ed3n g\u1ed1c t\u1eeb Myanmar.<\/li>\n<\/ul>\n<p>V\u1edbi tr\u1ecdng l\u01b0\u1ee3ng 57,71 gram v\u00e0 k\u00edch th\u01b0\u1edbc 69,7 * 39,3 * 14,5 mm (m\u1eb7t d\u00e2y chuy\u1ec1n 263), chi\u1ebfc v\u00f2ng c\u1ed5 n\u00e0y ph\u00f9 h\u1ee3p v\u1edbi c\u1ea3 nam v\u00e0 n\u1eef y\u00eau th\u00edch v\u1ebb \u0111\u1eb9p c\u1ee7a \u0111\u1ed3 trang s\u1ee9c ng\u1ecdc b\u00edch.<\/p>\n<ul>\n<li>\n<strong>D\u1ecbp may m\u1eafn:<\/strong> Ho\u00e0n h\u1ea3o cho nh\u1eefng d\u1ecbp may m\u1eafn ho\u1eb7c nh\u01b0 m\u1ed9t ph\u1ee5 ki\u1ec7n th\u01b0\u1eddng ng\u00e0y, chi\u1ebfc v\u00f2ng c\u1ed5 n\u00e0y d\u1ec5 d\u00e0ng ph\u00f9 h\u1ee3p v\u1edbi m\u1ecdi phong c\u00e1ch.<\/li>\n<\/ul>\n<p>Yi Pin Qian \u2013 Nh\u00e0 bu\u00f4n \u0111\u00e1 qu\u00fd v\u00e0 kim lo\u1ea1i qu\u00fd t\u1ea1i Singapore \u2013 S\u1ed1 gi\u1ea5y ph\u00e9p PS20190000031<\/p>\n<p>\u00a0<\/p>\n<p>*T\u1ea5t c\u1ea3 c\u00e1c lo\u1ea1i Jadeite \u0111\u01b0\u1ee3c mua t\u1eeb Yi Pin Qian t\u1ea1i Singapore, kh\u00e1ch h\u00e0ng c\u00f3 th\u1ec3 \u0111\u1eb7t l\u1ecbch \u0111\u00e1nh b\u00f3ng ho\u1eb7c s\u1eeda ch\u1eefa nh\u1ecf do x\u1eed l\u00fd sai c\u00e1ch \u2013 c\u00f3 t\u00ednh ph\u00ed v\u00e0 ch\u1ec9 d\u00e0nh cho kh\u00e1ch h\u00e0ng c\u1ee7a Yi Pin Qian t\u1ea1i Singapore*<\/p>\n<p>\u00a0<\/p>\n<p><strong>**C\u00e1c lo\u1ea1i ch\u1ee9ng ch\u1ec9**<\/strong><\/p>\n<p>\u00a0<\/p>\n<p><strong>NGI (C\u00f4ng ty \u0110\u00e1 qu\u00fd Nan Yang)<\/strong><\/p>\n<p>ho\u1eb7c <strong>Ch\u1ee9ng ch\u1ec9 n\u01b0\u1edbc ngo\u00e0i <\/strong>(Yi Pin Qian ch\u1ec9 s\u1eed d\u1ee5ng c\u00e1c ch\u1ee9ng ch\u1ec9 x\u00e1c th\u1ef1c t\u1eeb c\u00e1c ph\u00f2ng th\u00ed nghi\u1ec7m \u1edf n\u01b0\u1edbc ngo\u00e0i v\u00e0 ki\u1ec3m so\u00e1t ch\u1ea5t l\u01b0\u1ee3ng m\u1ecdi s\u1ea3n ph\u1ea9m c\u1ee7a ch\u00fang t\u00f4i tr\u01b0\u1edbc khi \u0111\u01b0a ch\u00fang ra b\u00e1n t\u1ea1i Singapore)<\/p>\n<p>\u00a0<\/p>\n<p>M\u1ed7i s\u1ea3n ph\u1ea9m tr\u00ean TikTok s\u1ebd c\u00f3 lo\u1ea1i ch\u1ee9ng ch\u1ec9 \u0111\u01b0\u1ee3c cung c\u1ea5p \u0111\u01b0\u1ee3c n\u00eau trong ph\u1ea7n m\u00f4 t\u1ea3. \u0110\u1ed1i v\u1edbi b\u1ea5t k\u1ef3 kh\u00e1ch h\u00e0ng n\u00e0o mu\u1ed1n g\u1eedi \u0111\u01a1n h\u00e0ng c\u1ee7a m\u00ecnh \u0111\u1ebfn NGI Singapore, s\u1ebd c\u00f3 th\u1eddi gian ch\u1edd giao h\u00e0ng \u01b0\u1edbc t\u00ednh kho\u1ea3ng 4 tu\u1ea7n \u0111\u1ec3 nh\u1eadn \u0111\u01b0\u1ee3c \u0111\u01a1n h\u00e0ng c\u1ee7a b\u1ea1n. <strong>Y\u00eau c\u1ea7u b\u00e1o c\u00e1o v\u1ec1 NGI Gemstone c\u1ea7n \u0111\u01b0\u1ee3c th\u1ef1c hi\u1ec7n b\u1eb1ng c\u00e1ch nh\u1eafn tin \u0111\u1ebfn c\u1eeda h\u00e0ng TikTok Yi Pin Qian.<\/strong> C\u1ea3m \u01a1n, <strong><u>\u00e1p d\u1ee5ng th\u00eam ph\u00ed<\/u><\/strong>.<\/p>\n<p>\u00a0<\/p>\n<p><strong>Jadeite t\u1ef1 nhi\u00ean kh\u00f4ng ho\u00e0n h\u1ea3o, ch\u1ec9 l\u00e0 m\u1ed9t l\u1eddi nh\u1eafc nh\u1edf nh\u1eb9 nh\u00e0ng, Jadeite t\u1ef1 nhi\u00ean c\u1ee7a ch\u00fang t\u00f4i, gi\u1ed1ng nh\u01b0 t\u1ea5t c\u1ea3 nh\u1eefng th\u1ee9 \u0111\u1eb9p \u0111\u1ebd trong t\u1ef1 nhi\u00ean, c\u00f3 nh\u1eefng \u0111\u1eb7c \u0111i\u1ec3m v\u00e0 bi\u1ebfn th\u1ec3 \u0111\u1ed9c \u0111\u00e1o. Ch\u00fang t\u00f4i m\u1eddi nh\u1eefng kh\u00e1ch h\u00e0ng c\u00f3 gi\u00e1 tr\u1ecb c\u1ee7a m\u00ecnh \u0111\u00f3n nh\u1eadn nh\u1eefng bi\u1ebfn th\u1ec3 t\u1ef1 nhi\u00ean n\u00e0y. Ch\u00fac b\u1ea1n mua s\u1eafm vui v\u1ebb!<\/strong><\/p>\n<p>\u00a0<\/p>\n<p><strong><u>Kh\u00f4ng c\u00f3 h\u00ecnh \u1ea3nh v\u00e0 c\u1ea3nh quay video n\u00e0o \u0111\u01b0\u1ee3c l\u1ecdc. Ch\u00fang t\u00f4i khuy\u1ebfn kh\u00edch kh\u00e1ch h\u00e0ng c\u1ee7a m\u00ecnh c\u0169ng xem c\u00e1c video \u0111i k\u00e8m \u0111\u1ec3 c\u00f3 c\u00e1i nh\u00ecn to\u00e0n di\u1ec7n h\u01a1n v\u1ec1 s\u1ea3n ph\u1ea9m c\u1ee7a ch\u00fang t\u00f4i<\/u><\/strong><\/p>","protected":false},"excerpt":{"rendered":"<p>M\u1eb7t d\u00e2y chuy\u1ec1n ng\u1ecdc b\u00edch t\u1ef1 nhi\u00ean si\u00eau hi\u1ebfm lo\u1ea1i A m\u00e0u xanh l\u00e1 c\u00e2y nh\u1ea1t v\u1edbi c\u00e1c m\u1ea3ng v\u00e0ng kim n\u00e0y l\u00e0 m\u1ed9t m\u00f3n \u0111\u1ed3 trang s\u1ee9c tuy\u1ec7t \u0111\u1eb9p cho b\u1ea5t k\u1ef3 d\u1ecbp n\u00e0o. S\u1ed1 ch\u1ee9ng nh\u1eadn: 920660024549 Ng\u1ecdc b\u00edch t\u1ef1 nhi\u00ean hi\u1ebfm: \u0110\u01b0\u1ee3c ch\u1ebf t\u00e1c t\u1eeb ng\u1ecdc b\u00edch lo\u1ea1i A si\u00eau hi\u1ebfm, m\u1eb7t d\u00e2y chuy\u1ec1n n\u00e0y c\u00f3 m\u00e0u xanh l\u00e1 c\u00e2y nh\u1ea1t \u0111\u1ed9c \u0111\u00e1o v\u1edbi c\u00e1c m\u1ea3ng v\u00e0ng kim, khi\u1ebfn n\u00f3 th\u1ef1c s\u1ef1 \u0111\u1ed9c nh\u1ea5t v\u00f4 nh\u1ecb. Arhat [\u2026]<\/p>","protected":false},"featured_media":5981,"comment_status":"open","ping_status":"closed","template":"","meta":[],"product_brand":[],"product_cat":[195],"product_tag":[],"class_list":{"0":"post-1550","1":"product","2":"type-product","3":"status-publish","4":"has-post-thumbnail","6":"product_cat-heirloom-grade","8":"first","9":"instock","10":"sale","11":"shipping-taxable","12":"purchasable","13":"product-type-simple"},"_links":{"self":[{"href":"https:\/\/shop.yipinqian.com\/vi\/wp-json\/wp\/v2\/product\/1550","targetHints":{"allow":["GET"]}}],"collection":[{"href":"https:\/\/shop.yipinqian.com\/vi\/wp-json\/wp\/v2\/product"}],"about":[{"href":"https:\/\/shop.yipinqian.com\/vi\/wp-json\/wp\/v2\/types\/product"}],"replies":[{"embeddable":true,"href":"https:\/\/shop.yipinqian.com\/vi\/wp-json\/wp\/v2\/comments?post=1550"}],"version-history":[{"count":0,"href":"https:\/\/shop.yipinqian.com\/vi\/wp-json\/wp\/v2\/product\/1550\/revisions"}],"wp:featuredmedia":[{"embeddable":true,"href":"https:\/\/shop.yipinqian.com\/vi\/wp-json\/wp\/v2\/media\/5981"}],"wp:attachment":[{"href":"https:\/\/shop.yipinqian.com\/vi\/wp-json\/wp\/v2\/media?parent=1550"}],"wp:term":[{"taxonomy":"product_brand","embeddable":true,"href":"https:\/\/shop.yipinqian.com\/vi\/wp-json\/wp\/v2\/product_brand?post=1550"},{"taxonomy":"product_cat","embeddable":true,"href":"https:\/\/shop.yipinqian.com\/vi\/wp-json\/wp\/v2\/product_cat?post=1550"},{"taxonomy":"product_tag","embeddable":true,"href":"https:\/\/shop.yipinqian.com\/vi\/wp-json\/wp\/v2\/product_tag?post=1550"}],"curies":[{"name":"wp","href":"https:\/\/api.w.org\/{rel}","templated":true}]}}