{"id":1547,"date":"2024-10-24T23:20:03","date_gmt":"2024-10-24T15:20:03","guid":{"rendered":"https:\/\/shop.yipinqian.com\/product\/light-green-semi-icy-lion-pendant-necklace-natural-type-a-jadeite-with-certificate-included-weigh-25-70-grams-32-17-2-21-mm-symbols-of-strength-courage-and-good-luck-suitable-for-daily-wear\/"},"modified":"2025-02-24T00:49:54","modified_gmt":"2025-02-23T16:49:54","slug":"light-green-semi-icy-lion-pendant-necklace-natural-type-a-jadeite-with-certificate-included-weigh-25-70-grams-32-17-2-21-mm-symbols-of-strength-courage-and-good-luck-suitable-for-daily-wear","status":"publish","type":"product","link":"https:\/\/shop.yipinqian.com\/vi\/san-pham\/light-green-semi-icy-lion-pendant-necklace-natural-type-a-jadeite-with-certificate-included-weigh-25-70-grams-32-17-2-21-mm-symbols-of-strength-courage-and-good-luck-suitable-for-daily-wear\/","title":{"rendered":"D\u00e2y chuy\u1ec1n m\u1eb7t s\u01b0 t\u1eed b\u0103ng gi\u00e1 m\u00e0u xanh l\u00e1 c\u00e2y nh\u1ea1t Jadeite lo\u1ea1i A t\u1ef1 nhi\u00ean c\u00f3 k\u00e8m gi\u1ea5y ch\u1ee9ng nh\u1eadn n\u1eb7ng 25,70 gram, 32 * 17,2 * 21 mm, bi\u1ec3u t\u01b0\u1ee3ng c\u1ee7a S\u1ee9c m\u1ea1nh, l\u00f2ng d\u0169ng c\u1ea3m v\u00e0 may m\u1eafn, th\u00edch h\u1ee3p \u0111\u1ec3 \u0111eo h\u00e0ng ng\u00e0y"},"content":{"rendered":"<p>D\u00e2y chuy\u1ec1n m\u1eb7t d\u00e2y chuy\u1ec1n s\u01b0 t\u1eed b\u00e1n b\u0103ng m\u00e0u xanh l\u00e1 c\u00e2y nh\u1ea1t n\u00e0y \u0111\u01b0\u1ee3c l\u00e0m t\u1eeb Jadeite lo\u1ea1i A t\u1ef1 nhi\u00ean, bi\u1ec3u t\u01b0\u1ee3ng c\u1ee7a s\u1ee9c m\u1ea1nh, l\u00f2ng d\u0169ng c\u1ea3m v\u00e0 may m\u1eafn. N\u1eb7ng 25,70 gram v\u00e0 c\u00f3 k\u00edch th\u01b0\u1edbc 32 * 17,2 * 21 mm, chi\u1ebfc d\u00e2y chuy\u1ec1n n\u00e0y ho\u00e0n h\u1ea3o \u0111\u1ec3 \u0111eo h\u00e0ng ng\u00e0y.<\/p>\n<ul>\n<li>\n<strong>Thi\u1ebft k\u1ebf b\u00e1n b\u0103ng:<\/strong> M\u00e0u xanh l\u00e1 c\u00e2y nh\u1ea1t h\u01a1i b\u0103ng gi\u00e1 c\u1ee7a m\u1eb7t d\u00e2y chuy\u1ec1n t\u1ea1o th\u00eam n\u00e9t thanh l\u1ecbch cho trang ph\u1ee5c c\u1ee7a b\u1ea1n.<\/li>\n<li>\n<strong>Bi\u1ec3u t\u01b0\u1ee3ng c\u1ee7a s\u1ee9c m\u1ea1nh:<\/strong> M\u1eb7t d\u00e2y chuy\u1ec1n h\u00ecnh s\u01b0 t\u1eed t\u01b0\u1ee3ng tr\u01b0ng cho s\u1ee9c m\u1ea1nh v\u00e0 l\u00f2ng d\u0169ng c\u1ea3m trong nhi\u1ec1u n\u1ec1n v\u0103n h\u00f3a.<\/li>\n<li>\n<strong>Gi\u1ea5y ch\u1ee9ng nh\u1eadn bao g\u1ed3m:<\/strong> S\u1ea3n ph\u1ea9m n\u00e0y \u0111i k\u00e8m v\u1edbi m\u1ed9t ch\u1ee9ng ch\u1ec9 \u0111\u1ea3m b\u1ea3o t\u00ednh x\u00e1c th\u1ef1c c\u1ee7a n\u00f3 l\u00e0 lo\u1ea1i Jadeite A<\/li>\n<\/ul>\n<p><strong>S\u1ed1 ch\u1ee9ng ch\u1ec9: GD2112H014164<\/strong><\/p>\n<p><img fetchpriority=\"high\" decoding=\"async\" height=\"1080\" src=\"https:\/\/shop.yipinqian.com\/wp-content\/uploads\/2024\/10\/c8566d03cc04948185e5f42220a04d55.jpg?from=476444299\" width=\"1080\"><\/p>\n<p>Chi\u1ebfc v\u00f2ng c\u1ed5 n\u00e0y c\u00f3 thi\u1ebft k\u1ebf unisex v\u00e0 c\u00f3 phong c\u00e1ch gi\u1ea3n d\u1ecb c\u00f3 th\u1ec3 k\u1ebft h\u1ee3p v\u1edbi b\u1ea5t k\u1ef3 trang ph\u1ee5c n\u00e0o \u0111\u1ec3 \u0111eo h\u00e0ng ng\u00e0y. B\u1ea1n c\u00f3 th\u1ec3 t\u1eadn h\u01b0\u1edfng l\u1ee3i \u00edch c\u1ee7a vi\u1ec7c \u0111eo ng\u1ecdc b\u00edch trong khi v\u1eabn tr\u00f4ng th\u1eadt phong c\u00e1ch!<\/p>\n<p>D\u00e2y chuy\u1ec1n m\u1eb7t s\u01b0 t\u1eed b\u0103ng gi\u00e1 m\u00e0u xanh l\u00e1 c\u00e2y nh\u1ea1t Jadeite lo\u1ea1i A t\u1ef1 nhi\u00ean c\u00f3 k\u00e8m gi\u1ea5y ch\u1ee9ng nh\u1eadn n\u1eb7ng 25,70 gram, 32 * 17,2 * 21 mm, bi\u1ec3u t\u01b0\u1ee3ng c\u1ee7a S\u1ee9c m\u1ea1nh, l\u00f2ng d\u0169ng c\u1ea3m v\u00e0 may m\u1eafn, th\u00edch h\u1ee3p \u0111\u1ec3 \u0111eo h\u00e0ng ng\u00e0y<\/p>","protected":false},"excerpt":{"rendered":"<p>D\u00e2y chuy\u1ec1n m\u1eb7t d\u00e2y chuy\u1ec1n s\u01b0 t\u1eed b\u00e1n b\u0103ng m\u00e0u xanh l\u00e1 c\u00e2y nh\u1ea1t n\u00e0y \u0111\u01b0\u1ee3c l\u00e0m t\u1eeb Jadeite lo\u1ea1i A t\u1ef1 nhi\u00ean, bi\u1ec3u t\u01b0\u1ee3ng c\u1ee7a s\u1ee9c m\u1ea1nh, l\u00f2ng d\u0169ng c\u1ea3m v\u00e0 may m\u1eafn. N\u1eb7ng 25,70 gam v\u00e0 c\u00f3 k\u00edch th\u01b0\u1edbc 32 * 17,2 * 21 mm, d\u00e2y chuy\u1ec1n n\u00e0y ho\u00e0n h\u1ea3o \u0111\u1ec3 \u0111eo h\u00e0ng ng\u00e0y. Thi\u1ebft k\u1ebf b\u00e1n b\u0103ng: M\u00e0u xanh l\u00e1 c\u00e2y nh\u1ea1t b\u00e1n b\u0103ng c\u1ee7a m\u1eb7t d\u00e2y chuy\u1ec1n l\u00e0m t\u0103ng th\u00eam [\u2026]<\/p>","protected":false},"featured_media":5945,"comment_status":"open","ping_status":"closed","template":"","meta":[],"product_brand":[],"product_cat":[194],"product_tag":[],"class_list":{"0":"post-1547","1":"product","2":"type-product","3":"status-publish","4":"has-post-thumbnail","6":"product_cat-value-picks","8":"first","9":"instock","10":"sale","11":"shipping-taxable","12":"purchasable","13":"product-type-simple"},"_links":{"self":[{"href":"https:\/\/shop.yipinqian.com\/vi\/wp-json\/wp\/v2\/product\/1547","targetHints":{"allow":["GET"]}}],"collection":[{"href":"https:\/\/shop.yipinqian.com\/vi\/wp-json\/wp\/v2\/product"}],"about":[{"href":"https:\/\/shop.yipinqian.com\/vi\/wp-json\/wp\/v2\/types\/product"}],"replies":[{"embeddable":true,"href":"https:\/\/shop.yipinqian.com\/vi\/wp-json\/wp\/v2\/comments?post=1547"}],"version-history":[{"count":0,"href":"https:\/\/shop.yipinqian.com\/vi\/wp-json\/wp\/v2\/product\/1547\/revisions"}],"wp:featuredmedia":[{"embeddable":true,"href":"https:\/\/shop.yipinqian.com\/vi\/wp-json\/wp\/v2\/media\/5945"}],"wp:attachment":[{"href":"https:\/\/shop.yipinqian.com\/vi\/wp-json\/wp\/v2\/media?parent=1547"}],"wp:term":[{"taxonomy":"product_brand","embeddable":true,"href":"https:\/\/shop.yipinqian.com\/vi\/wp-json\/wp\/v2\/product_brand?post=1547"},{"taxonomy":"product_cat","embeddable":true,"href":"https:\/\/shop.yipinqian.com\/vi\/wp-json\/wp\/v2\/product_cat?post=1547"},{"taxonomy":"product_tag","embeddable":true,"href":"https:\/\/shop.yipinqian.com\/vi\/wp-json\/wp\/v2\/product_tag?post=1547"}],"curies":[{"name":"wp","href":"https:\/\/api.w.org\/{rel}","templated":true}]}}