{"id":1545,"date":"2024-10-24T23:20:02","date_gmt":"2024-10-24T15:20:02","guid":{"rendered":"https:\/\/shop.yipinqian.com\/product\/light-green-natural-type-a-jadeite-pendant-necklace-crafted-as-fuku-melon-with-certificate-weigh-7-07-grams-40-3-14-5-6-9-mm-pendant135\/"},"modified":"2025-02-17T00:04:02","modified_gmt":"2025-02-16T16:04:02","slug":"light-green-natural-type-a-jadeite-pendant-necklace-crafted-as-fuku-melon-with-certificate-weigh-7-07-grams-40-3-14-5-6-9-mm-pendant135","status":"publish","type":"product","link":"https:\/\/shop.yipinqian.com\/vi\/san-pham\/light-green-natural-type-a-jadeite-pendant-necklace-crafted-as-fuku-melon-with-certificate-weigh-7-07-grams-40-3-14-5-6-9-mm-pendant135\/","title":{"rendered":"D\u00e2y chuy\u1ec1n m\u1eb7t \u0111\u00e1 Jadeite t\u1ef1 nhi\u00ean m\u00e0u xanh l\u00e1 c\u00e2y nh\u1ea1t lo\u1ea1i A \u0111\u01b0\u1ee3c ch\u1ebf t\u00e1c theo h\u00ecnh d\u1ea1ng Fuku Melon k\u00e8m gi\u1ea5y ch\u1ee9ng nh\u1eadn n\u1eb7ng 7,07 gram, 40,3 * 14,5 * 6,9 mm (m\u1eb7t d\u00e2y chuy\u1ec1n135)"},"content":{"rendered":"<p>D\u00e2y chuy\u1ec1n m\u1eb7t \u0111\u00e1 Jadeite t\u1ef1 nhi\u00ean m\u00e0u xanh l\u00e1 c\u00e2y nh\u1ea1t lo\u1ea1i A n\u00e0y l\u00e0 v\u1eadt ph\u1ea9m kh\u00f4ng th\u1ec3 thi\u1ebfu \u0111\u1ed1i v\u1edbi nh\u1eefng ng\u01b0\u1eddi y\u00eau th\u00edch \u0111\u1ed3 trang s\u1ee9c \u0111\u1ed9c \u0111\u00e1o v\u00e0 tinh t\u1ebf. D\u00e2y chuy\u1ec1n \u0111\u01b0\u1ee3c ch\u1ebf t\u00e1c theo phong c\u00e1ch Fuku Melon v\u00e0 \u0111i k\u00e8m v\u1edbi gi\u1ea5y ch\u1ee9ng nh\u1eadn x\u00e1c th\u1ef1c.<\/p>\n<p><\/p>\n<p><strong>S\u1ed1 ch\u1ee9ng nh\u1eadn: GD2202H001255<\/strong><\/p>\n<ul>\n<li>V\u1edbi tr\u1ecdng l\u01b0\u1ee3ng 7,07 gram, m\u1eb7t d\u00e2y chuy\u1ec1n n\u00e0y r\u1ea5t nh\u1eb9 v\u00e0 tho\u1ea3i m\u00e1i khi \u0111eo trong th\u1eddi gian d\u00e0i.<\/li>\n<li>M\u1eb7t d\u00e2y chuy\u1ec1n c\u00f3 k\u00edch th\u01b0\u1edbc 40,3 * 14,5 * 6,9 mm, c\u00f3 k\u00edch th\u01b0\u1edbc ho\u00e0n h\u1ea3o \u0111\u1ec3 \u0111eo v\u1edbi m\u1ecdi trang ph\u1ee5c.<\/li>\n<\/ul>\n<p>M\u00e0u xanh c\u1ee7a ng\u1ecdc b\u00edch mang l\u1ea1i cho n\u00f3 v\u1ebb ngo\u00e0i t\u01b0\u01a1i m\u1edbi, ph\u00f9 h\u1ee3p v\u1edbi m\u1ecdi t\u00f4ng m\u00e0u da ho\u1eb7c m\u00e0u qu\u1ea7n \u00e1o, khi\u1ebfn n\u00f3 tr\u1edf th\u00e0nh ph\u1ee5 ki\u1ec7n l\u00fd t\u01b0\u1edfng cho c\u1ea3 nh\u1eefng d\u1ecbp trang tr\u1ecdng v\u00e0 th\u01b0\u1eddng ng\u00e0y.<\/p>\n<p>Chi\u1ebfc v\u00f2ng c\u1ed5 m\u1eb7t d\u00e2y chuy\u1ec1n b\u1eb1ng ng\u1ecdc b\u00edch n\u00e0y s\u1ebd l\u00e0 m\u1ed9t m\u00f3n qu\u00e0 tuy\u1ec7t v\u1eddi cho m\u1ed9t ng\u01b0\u1eddi \u0111\u1eb7c bi\u1ec7t ho\u1eb7c l\u00e0 m\u1ed9t s\u1ef1 b\u1ed5 sung v\u00e0o b\u1ed9 s\u01b0u t\u1eadp m\u00e0 b\u1ea1n s\u1ebd tr\u00e2n tr\u1ecdng m\u00e3i m\u00e3i!<\/p>\n<p><\/p>\n<p>Yi Pin Qian \u2013 Nh\u00e0 bu\u00f4n \u0111\u00e1 qu\u00fd v\u00e0 kim lo\u1ea1i qu\u00fd t\u1ea1i Singapore \u2013 S\u1ed1 gi\u1ea5y ph\u00e9p PS20190000031<\/p>\n<p><\/p>\n<p>*T\u1ea5t c\u1ea3 c\u00e1c lo\u1ea1i Jadeite \u0111\u01b0\u1ee3c mua t\u1eeb Yi Pin Qian t\u1ea1i Singapore, kh\u00e1ch h\u00e0ng c\u00f3 th\u1ec3 \u0111\u1eb7t l\u1ecbch \u0111\u00e1nh b\u00f3ng ho\u1eb7c s\u1eeda ch\u1eefa nh\u1ecf do x\u1eed l\u00fd sai c\u00e1ch \u2013 c\u00f3 t\u00ednh ph\u00ed v\u00e0 ch\u1ec9 d\u00e0nh cho kh\u00e1ch h\u00e0ng c\u1ee7a Yi Pin Qian t\u1ea1i Singapore*<\/p>\n<p><\/p>\n<p><strong>**C\u00e1c lo\u1ea1i ch\u1ee9ng ch\u1ec9**<\/strong><\/p>\n<p><\/p>\n<p><strong>NGI (C\u00f4ng ty \u0110\u00e1 qu\u00fd Nan Yang)<\/strong><\/p>\n<p>ho\u1eb7c <strong>Ch\u1ee9ng ch\u1ec9 n\u01b0\u1edbc ngo\u00e0i <\/strong>(Yi Pin Qian ch\u1ec9 s\u1eed d\u1ee5ng c\u00e1c ch\u1ee9ng ch\u1ec9 x\u00e1c th\u1ef1c t\u1eeb c\u00e1c ph\u00f2ng th\u00ed nghi\u1ec7m \u1edf n\u01b0\u1edbc ngo\u00e0i v\u00e0 ki\u1ec3m so\u00e1t ch\u1ea5t l\u01b0\u1ee3ng m\u1ecdi s\u1ea3n ph\u1ea9m c\u1ee7a ch\u00fang t\u00f4i tr\u01b0\u1edbc khi \u0111\u01b0a ch\u00fang ra b\u00e1n t\u1ea1i Singapore)<\/p>\n<p><\/p>\n<p>M\u1ed7i s\u1ea3n ph\u1ea9m tr\u00ean TikTok s\u1ebd c\u00f3 lo\u1ea1i ch\u1ee9ng ch\u1ec9 \u0111\u01b0\u1ee3c cung c\u1ea5p \u0111\u01b0\u1ee3c n\u00eau trong ph\u1ea7n m\u00f4 t\u1ea3. \u0110\u1ed1i v\u1edbi b\u1ea5t k\u1ef3 kh\u00e1ch h\u00e0ng n\u00e0o mu\u1ed1n g\u1eedi \u0111\u01a1n h\u00e0ng c\u1ee7a m\u00ecnh \u0111\u1ebfn NGI Singapore, s\u1ebd c\u00f3 th\u1eddi gian ch\u1edd giao h\u00e0ng \u01b0\u1edbc t\u00ednh kho\u1ea3ng 4 tu\u1ea7n \u0111\u1ec3 nh\u1eadn \u0111\u01b0\u1ee3c \u0111\u01a1n h\u00e0ng c\u1ee7a b\u1ea1n. <strong>Y\u00eau c\u1ea7u b\u00e1o c\u00e1o v\u1ec1 NGI Gemstone c\u1ea7n \u0111\u01b0\u1ee3c th\u1ef1c hi\u1ec7n b\u1eb1ng c\u00e1ch nh\u1eafn tin \u0111\u1ebfn c\u1eeda h\u00e0ng TikTok Yi Pin Qian.<\/strong> C\u1ea3m \u01a1n, <strong><u>\u00e1p d\u1ee5ng th\u00eam ph\u00ed<\/u><\/strong>.<\/p>\n<p><\/p>\n<p><strong>Jadeite t\u1ef1 nhi\u00ean kh\u00f4ng ho\u00e0n h\u1ea3o, ch\u1ec9 l\u00e0 m\u1ed9t l\u1eddi nh\u1eafc nh\u1edf nh\u1eb9 nh\u00e0ng, Jadeite t\u1ef1 nhi\u00ean c\u1ee7a ch\u00fang t\u00f4i, gi\u1ed1ng nh\u01b0 t\u1ea5t c\u1ea3 nh\u1eefng th\u1ee9 \u0111\u1eb9p \u0111\u1ebd trong t\u1ef1 nhi\u00ean, c\u00f3 nh\u1eefng \u0111\u1eb7c \u0111i\u1ec3m v\u00e0 bi\u1ebfn th\u1ec3 \u0111\u1ed9c \u0111\u00e1o. Ch\u00fang t\u00f4i m\u1eddi nh\u1eefng kh\u00e1ch h\u00e0ng c\u00f3 gi\u00e1 tr\u1ecb c\u1ee7a m\u00ecnh \u0111\u00f3n nh\u1eadn nh\u1eefng bi\u1ebfn th\u1ec3 t\u1ef1 nhi\u00ean n\u00e0y. Ch\u00fac b\u1ea1n mua s\u1eafm vui v\u1ebb!<\/strong><\/p>\n<p><\/p>\n<p><strong><u>Kh\u00f4ng c\u00f3 h\u00ecnh \u1ea3nh v\u00e0 c\u1ea3nh quay video n\u00e0o \u0111\u01b0\u1ee3c l\u1ecdc. Ch\u00fang t\u00f4i khuy\u1ebfn kh\u00edch kh\u00e1ch h\u00e0ng c\u1ee7a m\u00ecnh c\u0169ng xem c\u00e1c video \u0111i k\u00e8m \u0111\u1ec3 c\u00f3 c\u00e1i nh\u00ecn to\u00e0n di\u1ec7n h\u01a1n v\u1ec1 s\u1ea3n ph\u1ea9m c\u1ee7a ch\u00fang t\u00f4i<\/u><\/strong><\/p>","protected":false},"excerpt":{"rendered":"<p>D\u00e2y chuy\u1ec1n m\u1eb7t d\u00e2y chuy\u1ec1n b\u1eb1ng ng\u1ecdc b\u00edch t\u1ef1 nhi\u00ean m\u00e0u xanh l\u00e1 c\u00e2y nh\u1ea1t lo\u1ea1i A n\u00e0y l\u00e0 v\u1eadt d\u1ee5ng kh\u00f4ng th\u1ec3 thi\u1ebfu \u0111\u1ed1i v\u1edbi nh\u1eefng ng\u01b0\u1eddi y\u00eau th\u00edch \u0111\u1ed3 trang s\u1ee9c \u0111\u1ed9c \u0111\u00e1o v\u00e0 tinh x\u1ea3o. D\u00e2y chuy\u1ec1n \u0111\u01b0\u1ee3c ch\u1ebf t\u00e1c theo phong c\u00e1ch Fuku Melon v\u00e0 \u0111i k\u00e8m v\u1edbi gi\u1ea5y ch\u1ee9ng nh\u1eadn x\u00e1c th\u1ef1c. S\u1ed1 ch\u1ee9ng nh\u1eadn: GD2202H001255 N\u1eb7ng 7,07 gram, d\u00e2y chuy\u1ec1n m\u1eb7t d\u00e2y chuy\u1ec1n n\u00e0y nh\u1eb9 v\u00e0 tho\u1ea3i m\u00e1i khi \u0111eo trong th\u1eddi gian d\u00e0i. M\u1eb7t d\u00e2y chuy\u1ec1n c\u00f3 k\u00edch th\u01b0\u1edbc 40,3 [\u2026]<\/p>","protected":false},"featured_media":5925,"comment_status":"open","ping_status":"closed","template":"","meta":[],"product_brand":[],"product_cat":[48],"product_tag":[],"class_list":{"0":"post-1545","1":"product","2":"type-product","3":"status-publish","4":"has-post-thumbnail","6":"product_cat-pendants","8":"first","9":"instock","10":"sale","11":"shipping-taxable","12":"purchasable","13":"product-type-simple"},"_links":{"self":[{"href":"https:\/\/shop.yipinqian.com\/vi\/wp-json\/wp\/v2\/product\/1545","targetHints":{"allow":["GET"]}}],"collection":[{"href":"https:\/\/shop.yipinqian.com\/vi\/wp-json\/wp\/v2\/product"}],"about":[{"href":"https:\/\/shop.yipinqian.com\/vi\/wp-json\/wp\/v2\/types\/product"}],"replies":[{"embeddable":true,"href":"https:\/\/shop.yipinqian.com\/vi\/wp-json\/wp\/v2\/comments?post=1545"}],"version-history":[{"count":0,"href":"https:\/\/shop.yipinqian.com\/vi\/wp-json\/wp\/v2\/product\/1545\/revisions"}],"wp:featuredmedia":[{"embeddable":true,"href":"https:\/\/shop.yipinqian.com\/vi\/wp-json\/wp\/v2\/media\/5925"}],"wp:attachment":[{"href":"https:\/\/shop.yipinqian.com\/vi\/wp-json\/wp\/v2\/media?parent=1545"}],"wp:term":[{"taxonomy":"product_brand","embeddable":true,"href":"https:\/\/shop.yipinqian.com\/vi\/wp-json\/wp\/v2\/product_brand?post=1545"},{"taxonomy":"product_cat","embeddable":true,"href":"https:\/\/shop.yipinqian.com\/vi\/wp-json\/wp\/v2\/product_cat?post=1545"},{"taxonomy":"product_tag","embeddable":true,"href":"https:\/\/shop.yipinqian.com\/vi\/wp-json\/wp\/v2\/product_tag?post=1545"}],"curies":[{"name":"wp","href":"https:\/\/api.w.org\/{rel}","templated":true}]}}