{"id":1541,"date":"2024-10-24T23:19:59","date_gmt":"2024-10-24T15:19:59","guid":{"rendered":"https:\/\/shop.yipinqian.com\/product\/light-green-natural-type-a-jadeite-jade-crafted-with-milo-buddha-as-pendant-certificate-weighs-27-52grams-measurement-44-3-27-9-11-6-mm-pendant248\/"},"modified":"2025-02-24T00:49:54","modified_gmt":"2025-02-23T16:49:54","slug":"light-green-natural-type-a-jadeite-jade-crafted-with-milo-buddha-as-pendant-certificate-weighs-27-52grams-measurement-44-3-27-9-11-6-mm-pendant248","status":"publish","type":"product","link":"https:\/\/shop.yipinqian.com\/vi\/san-pham\/light-green-natural-type-a-jadeite-jade-crafted-with-milo-buddha-as-pendant-certificate-weighs-27-52grams-measurement-44-3-27-9-11-6-mm-pendant248\/","title":{"rendered":"Ng\u1ecdc b\u00edch t\u1ef1 nhi\u00ean m\u00e0u xanh l\u00e1 c\u00e2y nh\u1ea1t lo\u1ea1i A \u0111\u01b0\u1ee3c ch\u1ebf t\u00e1c v\u1edbi h\u00ecnh \u1ea3nh \u0110\u1ee9c Ph\u1eadt Milo l\u00e0m m\u1eb7t d\u00e2y chuy\u1ec1n, gi\u1ea5y ch\u1ee9ng nh\u1eadn n\u1eb7ng 27,52 gram, k\u00edch th\u01b0\u1edbc 44,3 * 27,9 * 11,6 mm (m\u1eb7t d\u00e2y chuy\u1ec1n248)"},"content":{"rendered":"<p>Kh\u00e1m ph\u00e1 \u01afu \u0111\u00e3i C\u1eeda h\u00e0ng M\u1edbi c\u1ee7a ch\u00fang t\u00f4i \u2013 M\u1eb7t d\u00e2y chuy\u1ec1n Ng\u1ecdc b\u00edch t\u1ef1 nhi\u00ean m\u00e0u xanh l\u00e1 c\u00e2y nh\u1ea1t lo\u1ea1i A c\u00f3 thi\u1ebft k\u1ebf Ph\u1eadt Milo. S\u1ea3n ph\u1ea9m tinh x\u1ea3o n\u00e0y \u0111i k\u00e8m v\u1edbi gi\u1ea5y ch\u1ee9ng nh\u1eadn v\u00e0 n\u1eb7ng 27,52 gram, v\u1edbi k\u00edch th\u01b0\u1edbc 44,3 * 27,9 * 11,6 mm.<\/p>\n<p><\/p>\n<p>S\u1ed1 ch\u1ee9ng ch\u1ec9: ZSJ12211036614<\/p>\n<ul>\n<li>\n<strong>Thi\u1ebft k\u1ebf t\u01b0\u1ee3ng Ph\u1eadt Milo c\u00e1t t\u01b0\u1eddng:<\/strong> \u0110\u01b0\u1ee3c ch\u1ebf t\u00e1c v\u1edbi nh\u1eefng chi ti\u1ebft ph\u1ee9c t\u1ea1p, m\u1eb7t d\u00e2y chuy\u1ec1n n\u00e0y to\u00e1t l\u00ean s\u1ef1 t\u00edch c\u1ef1c v\u00e0 ph\u01b0\u1edbc l\u00e0nh.<\/li>\n<li>\n<strong>Jadeite t\u1ef1 nhi\u00ean lo\u1ea1i A:<\/strong> \u0110\u01b0\u1ee3c l\u00e0m t\u1eeb \u0111\u00e1 ng\u1ecdc b\u00edch ch\u1ea5t l\u01b0\u1ee3ng cao c\u00f3 ngu\u1ed3n g\u1ed1c t\u1eeb Myanmar, n\u1ed5i ti\u1ebfng v\u1edbi m\u00e0u s\u1eafc tuy\u1ec7t \u0111\u1eb9p v\u00e0 \u0111\u1ed9 b\u1ec1n.<\/li>\n<li>\n<strong>Ki\u1ec3u v\u00f2ng c\u1ed5 th\u01b0\u1eddng ng\u00e0y:<\/strong> Ho\u00e0n h\u1ea3o \u0111\u1ec3 m\u1eb7c h\u00e0ng ng\u00e0y ho\u1eb7c trong nh\u1eefng d\u1ecbp \u0111\u1eb7c bi\u1ec7t, t\u0103ng th\u00eam n\u00e9t thanh l\u1ecbch cho m\u1ecdi trang ph\u1ee5c.<\/li>\n<\/ul>\n<p>M\u1eb7t d\u00e2y chuy\u1ec1n unisex n\u00e0y l\u00e0 s\u1ef1 l\u1ef1a ch\u1ecdn l\u00fd t\u01b0\u1edfng cho nh\u1eefng ai \u0111ang t\u00ecm ki\u1ebfm m\u1ed9t ph\u1ee5 ki\u1ec7n \u00fd ngh\u0129a mang l\u1ea1i may m\u1eafn v\u00e0 phong c\u00e1ch m\u1ed9t c\u00e1ch d\u1ec5 d\u00e0ng v\u00e0o cu\u1ed9c s\u1ed1ng c\u1ee7a h\u1ecd.<\/p>\n<p><\/p>\n<p><strong>Jadeite t\u1ef1 nhi\u00ean kh\u00f4ng ho\u00e0n h\u1ea3o, ch\u1ec9 l\u00e0 m\u1ed9t l\u1eddi nh\u1eafc nh\u1edf nh\u1eb9 nh\u00e0ng, Jadeite t\u1ef1 nhi\u00ean c\u1ee7a ch\u00fang t\u00f4i, gi\u1ed1ng nh\u01b0 t\u1ea5t c\u1ea3 nh\u1eefng th\u1ee9 \u0111\u1eb9p \u0111\u1ebd trong t\u1ef1 nhi\u00ean, c\u00f3 nh\u1eefng \u0111\u1eb7c \u0111i\u1ec3m v\u00e0 bi\u1ebfn th\u1ec3 \u0111\u1ed9c \u0111\u00e1o. Ch\u00fang t\u00f4i m\u1eddi nh\u1eefng kh\u00e1ch h\u00e0ng c\u00f3 gi\u00e1 tr\u1ecb c\u1ee7a m\u00ecnh \u0111\u00f3n nh\u1eadn nh\u1eefng bi\u1ebfn th\u1ec3 t\u1ef1 nhi\u00ean n\u00e0y. Ch\u00fac b\u1ea1n mua s\u1eafm vui v\u1ebb!<\/strong><\/p>\n<p><\/p>\n<p><strong><u>Kh\u00f4ng c\u00f3 h\u00ecnh \u1ea3nh v\u00e0 c\u1ea3nh quay video n\u00e0o \u0111\u01b0\u1ee3c l\u1ecdc. Ch\u00fang t\u00f4i khuy\u1ebfn kh\u00edch kh\u00e1ch h\u00e0ng c\u1ee7a m\u00ecnh c\u0169ng xem c\u00e1c video \u0111i k\u00e8m \u0111\u1ec3 c\u00f3 c\u00e1i nh\u00ecn to\u00e0n di\u1ec7n h\u01a1n v\u1ec1 s\u1ea3n ph\u1ea9m c\u1ee7a ch\u00fang t\u00f4i<\/u><\/strong><\/p>","protected":false},"excerpt":{"rendered":"<p>Kh\u00e1m ph\u00e1 \u01afu \u0111\u00e3i C\u1eeda h\u00e0ng M\u1edbi c\u1ee7a ch\u00fang t\u00f4i \u2013 M\u1eb7t d\u00e2y chuy\u1ec1n Ng\u1ecdc b\u00edch t\u1ef1 nhi\u00ean m\u00e0u xanh l\u00e1 c\u00e2y nh\u1ea1t lo\u1ea1i A c\u00f3 thi\u1ebft k\u1ebf Ph\u1eadt Milo. S\u1ea3n ph\u1ea9m tinh x\u1ea3o n\u00e0y \u0111i k\u00e8m v\u1edbi m\u1ed9t ch\u1ee9ng ch\u1ec9 v\u00e0 n\u1eb7ng 27,52 gram, v\u1edbi k\u00edch th\u01b0\u1edbc 44,3 * 27,9 * 11,6 mm. S\u1ed1 ch\u1ee9ng ch\u1ec9: ZSJ12211036614 Thi\u1ebft k\u1ebf Ph\u1eadt Milo may m\u1eafn: \u0110\u01b0\u1ee3c ch\u1ebf t\u00e1c v\u1edbi c\u00e1c chi ti\u1ebft ph\u1ee9c t\u1ea1p, m\u1eb7t d\u00e2y chuy\u1ec1n n\u00e0y to\u00e1t l\u00ean s\u1ef1 t\u00edch c\u1ef1c v\u00e0 [\u2026]<\/p>","protected":false},"featured_media":5881,"comment_status":"open","ping_status":"closed","template":"","meta":[],"product_brand":[],"product_cat":[194],"product_tag":[],"class_list":{"0":"post-1541","1":"product","2":"type-product","3":"status-publish","4":"has-post-thumbnail","6":"product_cat-value-picks","8":"first","9":"instock","10":"sale","11":"shipping-taxable","12":"purchasable","13":"product-type-simple"},"_links":{"self":[{"href":"https:\/\/shop.yipinqian.com\/vi\/wp-json\/wp\/v2\/product\/1541","targetHints":{"allow":["GET"]}}],"collection":[{"href":"https:\/\/shop.yipinqian.com\/vi\/wp-json\/wp\/v2\/product"}],"about":[{"href":"https:\/\/shop.yipinqian.com\/vi\/wp-json\/wp\/v2\/types\/product"}],"replies":[{"embeddable":true,"href":"https:\/\/shop.yipinqian.com\/vi\/wp-json\/wp\/v2\/comments?post=1541"}],"version-history":[{"count":0,"href":"https:\/\/shop.yipinqian.com\/vi\/wp-json\/wp\/v2\/product\/1541\/revisions"}],"wp:featuredmedia":[{"embeddable":true,"href":"https:\/\/shop.yipinqian.com\/vi\/wp-json\/wp\/v2\/media\/5881"}],"wp:attachment":[{"href":"https:\/\/shop.yipinqian.com\/vi\/wp-json\/wp\/v2\/media?parent=1541"}],"wp:term":[{"taxonomy":"product_brand","embeddable":true,"href":"https:\/\/shop.yipinqian.com\/vi\/wp-json\/wp\/v2\/product_brand?post=1541"},{"taxonomy":"product_cat","embeddable":true,"href":"https:\/\/shop.yipinqian.com\/vi\/wp-json\/wp\/v2\/product_cat?post=1541"},{"taxonomy":"product_tag","embeddable":true,"href":"https:\/\/shop.yipinqian.com\/vi\/wp-json\/wp\/v2\/product_tag?post=1541"}],"curies":[{"name":"wp","href":"https:\/\/api.w.org\/{rel}","templated":true}]}}