{"id":1540,"date":"2024-10-24T23:19:58","date_gmt":"2024-10-24T15:19:58","guid":{"rendered":"https:\/\/shop.yipinqian.com\/product\/light-green-natural-type-a-jadeite-jade-crafted-with-lion-as-pendant-certificate-weighs-14-94-grams-measurement-36-6-20-5-10-8-mm-pendant249\/"},"modified":"2025-02-17T00:04:01","modified_gmt":"2025-02-16T16:04:01","slug":"light-green-natural-type-a-jadeite-jade-crafted-with-lion-as-pendant-certificate-weighs-14-94-grams-measurement-36-6-20-5-10-8-mm-pendant249","status":"publish","type":"product","link":"https:\/\/shop.yipinqian.com\/vi\/san-pham\/light-green-natural-type-a-jadeite-jade-crafted-with-lion-as-pendant-certificate-weighs-14-94-grams-measurement-36-6-20-5-10-8-mm-pendant249\/","title":{"rendered":"Ng\u1ecdc b\u00edch t\u1ef1 nhi\u00ean m\u00e0u xanh l\u00e1 c\u00e2y nh\u1ea1t lo\u1ea1i A \u0111\u01b0\u1ee3c ch\u1ebf t\u00e1c v\u1edbi ch\u1ee9ng ch\u1ec9 h\u00ecnh s\u01b0 t\u1eed l\u00e0m m\u1eb7t d\u00e2y chuy\u1ec1n n\u1eb7ng 14,94 gram, k\u00edch th\u01b0\u1edbc 36,6 * 20,5 * 10,8 mm (m\u1eb7t d\u00e2y chuy\u1ec1n249)"},"content":{"rendered":"<p>Chi\u1ebfc v\u00f2ng c\u1ed5 tinh x\u1ea3o n\u00e0y c\u00f3 m\u1eb7t d\u00e2y chuy\u1ec1n b\u1eb1ng ng\u1ecdc b\u00edch t\u1ef1 nhi\u00ean m\u00e0u xanh l\u1ee5c nh\u1ea1t lo\u1ea1i A \u0111\u01b0\u1ee3c ch\u1ebf t\u00e1c theo h\u00ecnh con s\u01b0 t\u1eed, t\u1ea1o n\u00ean m\u1ed9t ph\u1ee5 ki\u1ec7n \u0111\u1ed9c \u0111\u00e1o v\u00e0 b\u1eaft m\u1eaft.<\/p>\n<p><\/p>\n<p>S\u1ed1 ch\u1ee9ng ch\u1ec9: ZS22112101227<\/p>\n<ul>\n<li>\n<strong>C\u00e2n n\u1eb7ng:<\/strong> 14,94 gam<\/li>\n<li>\n<strong>C\u00e1c ph\u00e9p \u0111o:<\/strong> 36,6 * 20,5 * 10,8mm<\/li>\n<li>\n<strong>Gi\u1ea5y ch\u1ee9ng nh\u1eadn:<\/strong> \u0110\u00fang<\/li>\n<li>\n<strong>Lo\u1ea1i ng\u1ecdc b\u00edch:<\/strong> Ng\u1ecdc b\u00edch<\/li>\n<li>Ki\u1ec3u v\u00f2ng c\u1ed5: M\u1eb7t d\u00e2y chuy\u1ec1n, v\u1edbi thi\u1ebft k\u1ebf ph\u1ee9c t\u1ea1p v\u00e0 m\u00e0u xanh l\u00e1 c\u00e2y r\u1ef1c r\u1ee1, l\u00e0 bi\u1ec3u t\u01b0\u1ee3ng c\u1ee7a s\u1ee9c m\u1ea1nh v\u00e0 v\u1ebb \u0111\u1eb9p. \u0110\u01b0\u1ee3c l\u00e0m b\u1eb1ng ng\u1ecdc b\u00edch t\u1ef1 nhi\u00ean ch\u1ea5t l\u01b0\u1ee3ng cao t\u1eeb Myanmar, s\u1ea3n ph\u1ea9m n\u00e0y ph\u00f9 h\u1ee3p v\u1edbi c\u1ea3 nam v\u00e0 n\u1eef, nh\u1eefng ng\u01b0\u1eddi \u0111\u00e1nh gi\u00e1 cao ngh\u1ec1 th\u1ee7 c\u00f4ng tinh x\u1ea3o v\u00e0 nh\u1eefng m\u00f3n \u0111\u1ed3 trang s\u1ee9c \u0111\u1ed9c \u0111\u00e1o.<\/li>\n<\/ul>\n<p><strong>Jadeite t\u1ef1 nhi\u00ean kh\u00f4ng ho\u00e0n h\u1ea3o, ch\u1ec9 l\u00e0 m\u1ed9t l\u1eddi nh\u1eafc nh\u1edf nh\u1eb9 nh\u00e0ng, Jadeite t\u1ef1 nhi\u00ean c\u1ee7a ch\u00fang t\u00f4i, gi\u1ed1ng nh\u01b0 t\u1ea5t c\u1ea3 nh\u1eefng th\u1ee9 \u0111\u1eb9p \u0111\u1ebd trong t\u1ef1 nhi\u00ean, c\u00f3 nh\u1eefng \u0111\u1eb7c \u0111i\u1ec3m v\u00e0 bi\u1ebfn th\u1ec3 \u0111\u1ed9c \u0111\u00e1o. Ch\u00fang t\u00f4i m\u1eddi nh\u1eefng kh\u00e1ch h\u00e0ng c\u00f3 gi\u00e1 tr\u1ecb c\u1ee7a m\u00ecnh \u0111\u00f3n nh\u1eadn nh\u1eefng bi\u1ebfn th\u1ec3 t\u1ef1 nhi\u00ean n\u00e0y. Ch\u00fac b\u1ea1n mua s\u1eafm vui v\u1ebb!<\/strong><\/p>\n<p><\/p>\n<p><strong><u>Kh\u00f4ng c\u00f3 h\u00ecnh \u1ea3nh v\u00e0 c\u1ea3nh quay video n\u00e0o \u0111\u01b0\u1ee3c l\u1ecdc. Ch\u00fang t\u00f4i khuy\u1ebfn kh\u00edch kh\u00e1ch h\u00e0ng c\u1ee7a m\u00ecnh c\u0169ng xem c\u00e1c video \u0111i k\u00e8m \u0111\u1ec3 c\u00f3 c\u00e1i nh\u00ecn to\u00e0n di\u1ec7n h\u01a1n v\u1ec1 s\u1ea3n ph\u1ea9m c\u1ee7a ch\u00fang t\u00f4i<\/u><\/strong><\/p>","protected":false},"excerpt":{"rendered":"<p>Chi\u1ebfc v\u00f2ng c\u1ed5 tinh x\u1ea3o n\u00e0y c\u00f3 m\u1eb7t d\u00e2y chuy\u1ec1n b\u1eb1ng ng\u1ecdc b\u00edch t\u1ef1 nhi\u00ean m\u00e0u xanh l\u00e1 c\u00e2y nh\u1ea1t lo\u1ea1i A \u0111\u01b0\u1ee3c ch\u1ebf t\u00e1c theo h\u00ecnh con s\u01b0 t\u1eed, khi\u1ebfn n\u00f3 tr\u1edf th\u00e0nh m\u1ed9t ph\u1ee5 ki\u1ec7n \u0111\u1ed9c \u0111\u00e1o v\u00e0 b\u1eaft m\u1eaft. S\u1ed1 ch\u1ee9ng nh\u1eadn: ZS22112101227 Tr\u1ecdng l\u01b0\u1ee3ng: 14,94 gam K\u00edch th\u01b0\u1edbc: 36,6 * 20,5 * 10,8 mm Ch\u1ee9ng nh\u1eadn: C\u00f3 Lo\u1ea1i ng\u1ecdc b\u00edch: Ng\u1ecdc b\u00edch Ki\u1ec3u v\u00f2ng c\u1ed5: M\u1eb7t d\u00e2y chuy\u1ec1n, v\u1edbi thi\u1ebft k\u1ebf ph\u1ee9c t\u1ea1p v\u00e0 s\u1ed1ng \u0111\u1ed9ng [\u2026]<\/p>","protected":false},"featured_media":5864,"comment_status":"open","ping_status":"closed","template":"","meta":[],"product_brand":[],"product_cat":[48],"product_tag":[],"class_list":{"0":"post-1540","1":"product","2":"type-product","3":"status-publish","4":"has-post-thumbnail","6":"product_cat-pendants","8":"first","9":"instock","10":"sale","11":"shipping-taxable","12":"purchasable","13":"product-type-simple"},"_links":{"self":[{"href":"https:\/\/shop.yipinqian.com\/vi\/wp-json\/wp\/v2\/product\/1540","targetHints":{"allow":["GET"]}}],"collection":[{"href":"https:\/\/shop.yipinqian.com\/vi\/wp-json\/wp\/v2\/product"}],"about":[{"href":"https:\/\/shop.yipinqian.com\/vi\/wp-json\/wp\/v2\/types\/product"}],"replies":[{"embeddable":true,"href":"https:\/\/shop.yipinqian.com\/vi\/wp-json\/wp\/v2\/comments?post=1540"}],"version-history":[{"count":0,"href":"https:\/\/shop.yipinqian.com\/vi\/wp-json\/wp\/v2\/product\/1540\/revisions"}],"wp:featuredmedia":[{"embeddable":true,"href":"https:\/\/shop.yipinqian.com\/vi\/wp-json\/wp\/v2\/media\/5864"}],"wp:attachment":[{"href":"https:\/\/shop.yipinqian.com\/vi\/wp-json\/wp\/v2\/media?parent=1540"}],"wp:term":[{"taxonomy":"product_brand","embeddable":true,"href":"https:\/\/shop.yipinqian.com\/vi\/wp-json\/wp\/v2\/product_brand?post=1540"},{"taxonomy":"product_cat","embeddable":true,"href":"https:\/\/shop.yipinqian.com\/vi\/wp-json\/wp\/v2\/product_cat?post=1540"},{"taxonomy":"product_tag","embeddable":true,"href":"https:\/\/shop.yipinqian.com\/vi\/wp-json\/wp\/v2\/product_tag?post=1540"}],"curies":[{"name":"wp","href":"https:\/\/api.w.org\/{rel}","templated":true}]}}