{"id":1539,"date":"2024-10-24T23:19:57","date_gmt":"2024-10-24T15:19:57","guid":{"rendered":"https:\/\/shop.yipinqian.com\/product\/light-green-natural-type-a-jadeite-jade-crafted-with-frog-and-lotus-as-bracelet-certificate-weigh-9-98-grams-measurement-33-9-14-1-12-3-bracelet23\/"},"modified":"2025-02-24T00:49:54","modified_gmt":"2025-02-23T16:49:54","slug":"light-green-natural-type-a-jadeite-jade-crafted-with-frog-and-lotus-as-bracelet-certificate-weigh-9-98-grams-measurement-33-9-14-1-12-3-bracelet23","status":"publish","type":"product","link":"https:\/\/shop.yipinqian.com\/vi\/san-pham\/light-green-natural-type-a-jadeite-jade-crafted-with-frog-and-lotus-as-bracelet-certificate-weigh-9-98-grams-measurement-33-9-14-1-12-3-bracelet23\/","title":{"rendered":"Ng\u1ecdc b\u00edch t\u1ef1 nhi\u00ean m\u00e0u xanh l\u00e1 c\u00e2y nh\u1ea1t lo\u1ea1i A \u0111\u01b0\u1ee3c ch\u1ebf t\u00e1c v\u1edbi h\u00ecnh con \u1ebfch v\u00e0 hoa sen l\u00e0m v\u00f2ng tay, gi\u1ea5y ch\u1ee9ng nh\u1eadn n\u1eb7ng 9,98 gram, k\u00edch th\u01b0\u1edbc 33,9 * 14,1 * 12,3, (bracelet23)"},"content":{"rendered":"<p>Chi\u1ebfc v\u00f2ng tay ng\u1ecdc b\u00edch t\u1ef1 nhi\u00ean lo\u1ea1i A m\u00e0u xanh l\u00e1 c\u00e2y nh\u1ea1t n\u00e0y c\u00f3 thi\u1ebft k\u1ebf th\u1ee7 c\u00f4ng tinh x\u1ea3o v\u1edbi h\u1ecda ti\u1ebft \u1ebfch v\u00e0 hoa sen, to\u00e1t l\u00ean v\u1ebb thanh l\u1ecbch v\u00e0 quy\u1ebfn r\u0169.<\/p>\n<p><\/p>\n<p>S\u1ed1 ch\u1ee9ng ch\u1ec9: GD2112H007834<\/p>\n<ul>\n<li>\n<strong>V\u1eadt li\u1ec7u:<\/strong> Lo\u1ea1i A Jadeite Jade<\/li>\n<li>\n<strong>C\u00e2n n\u1eb7ng:<\/strong> 9,98 gam<\/li>\n<li>\n<strong>C\u00e1c ph\u00e9p \u0111o:<\/strong> 33.9 * 14.1 * 12.3<\/li>\n<li>\n<strong>Gi\u1ea5y ch\u1ee9ng nh\u1eadn:<\/strong> \u0110\u00fang<\/li>\n<li><strong>Lo\u1ea1i ng\u1ecdc: Jadeite<\/strong><\/li>\n<\/ul>\n<p><strong>Nh\u1eefng chi ti\u1ebft tinh t\u1ebf c\u1ee7a con \u1ebfch v\u00e0 hoa sen mang \u0111\u1ebfn n\u00e9t \u0111\u1eb9p l\u1ea5y c\u1ea3m h\u1ee9ng t\u1eeb thi\u00ean nhi\u00ean cho chi\u1ebfc v\u00f2ng tay tinh t\u1ebf n\u00e0y, khi\u1ebfn n\u00f3 tr\u1edf th\u00e0nh ph\u1ee5 ki\u1ec7n ho\u00e0n h\u1ea3o \u0111\u1ec3 \u0111eo h\u00e0ng ng\u00e0y.<\/strong><\/p>\n<ul>\n<li><strong>D\u1ecbp: H\u00e0ng ng\u00e0y<\/strong><\/li>\n<li><strong>,<\/strong><\/li>\n<\/ul>\n<p><strong>Jadeite t\u1ef1 nhi\u00ean kh\u00f4ng ho\u00e0n h\u1ea3o, ch\u1ec9 l\u00e0 m\u1ed9t l\u1eddi nh\u1eafc nh\u1edf nh\u1eb9 nh\u00e0ng, Jadeite t\u1ef1 nhi\u00ean c\u1ee7a ch\u00fang t\u00f4i, gi\u1ed1ng nh\u01b0 t\u1ea5t c\u1ea3 nh\u1eefng th\u1ee9 \u0111\u1eb9p \u0111\u1ebd trong t\u1ef1 nhi\u00ean, c\u00f3 nh\u1eefng \u0111\u1eb7c \u0111i\u1ec3m v\u00e0 bi\u1ebfn th\u1ec3 \u0111\u1ed9c \u0111\u00e1o. Ch\u00fang t\u00f4i m\u1eddi nh\u1eefng kh\u00e1ch h\u00e0ng c\u00f3 gi\u00e1 tr\u1ecb c\u1ee7a m\u00ecnh \u0111\u00f3n nh\u1eadn nh\u1eefng bi\u1ebfn th\u1ec3 t\u1ef1 nhi\u00ean n\u00e0y. Ch\u00fac b\u1ea1n mua s\u1eafm vui v\u1ebb!<\/strong><\/p>\n<p><\/p>\n<p><strong><u>Kh\u00f4ng c\u00f3 h\u00ecnh \u1ea3nh v\u00e0 c\u1ea3nh quay video n\u00e0o \u0111\u01b0\u1ee3c l\u1ecdc. Ch\u00fang t\u00f4i khuy\u1ebfn kh\u00edch kh\u00e1ch h\u00e0ng c\u1ee7a m\u00ecnh c\u0169ng xem c\u00e1c video \u0111i k\u00e8m \u0111\u1ec3 c\u00f3 c\u00e1i nh\u00ecn to\u00e0n di\u1ec7n h\u01a1n v\u1ec1 s\u1ea3n ph\u1ea9m c\u1ee7a ch\u00fang t\u00f4i<\/u><\/strong><\/p>","protected":false},"excerpt":{"rendered":"<p>V\u00f2ng tay ng\u1ecdc b\u00edch Jadeite t\u1ef1 nhi\u00ean m\u00e0u xanh l\u00e1 c\u00e2y nh\u1ea1t lo\u1ea1i A n\u00e0y c\u00f3 thi\u1ebft k\u1ebf th\u1ee7 c\u00f4ng tinh x\u1ea3o v\u1edbi h\u1ecda ti\u1ebft \u1ebfch v\u00e0 hoa sen, to\u00e1t l\u00ean v\u1ebb thanh l\u1ecbch v\u00e0 quy\u1ebfn r\u0169. S\u1ed1 ch\u1ee9ng nh\u1eadn: GD2112H007834 Ch\u1ea5t li\u1ec7u: Ng\u1ecdc b\u00edch Jadeite lo\u1ea1i A Tr\u1ecdng l\u01b0\u1ee3ng: 9,98 gam K\u00edch th\u01b0\u1edbc: 33,9 * 14,1 * 12,3 Ch\u1ee9ng nh\u1eadn: C\u00f3 Lo\u1ea1i ng\u1ecdc b\u00edch: Jadeite C\u00e1c chi ti\u1ebft tinh t\u1ebf c\u1ee7a \u1ebfch v\u00e0 hoa sen t\u1ea1o th\u00eam n\u00e9t l\u1ea5y c\u1ea3m h\u1ee9ng t\u1eeb thi\u00ean nhi\u00ean [\u2026]<\/p>","protected":false},"featured_media":5847,"comment_status":"open","ping_status":"closed","template":"","meta":[],"product_brand":[],"product_cat":[194],"product_tag":[],"class_list":{"0":"post-1539","1":"product","2":"type-product","3":"status-publish","4":"has-post-thumbnail","6":"product_cat-value-picks","8":"first","9":"instock","10":"sale","11":"shipping-taxable","12":"purchasable","13":"product-type-simple"},"_links":{"self":[{"href":"https:\/\/shop.yipinqian.com\/vi\/wp-json\/wp\/v2\/product\/1539","targetHints":{"allow":["GET"]}}],"collection":[{"href":"https:\/\/shop.yipinqian.com\/vi\/wp-json\/wp\/v2\/product"}],"about":[{"href":"https:\/\/shop.yipinqian.com\/vi\/wp-json\/wp\/v2\/types\/product"}],"replies":[{"embeddable":true,"href":"https:\/\/shop.yipinqian.com\/vi\/wp-json\/wp\/v2\/comments?post=1539"}],"version-history":[{"count":0,"href":"https:\/\/shop.yipinqian.com\/vi\/wp-json\/wp\/v2\/product\/1539\/revisions"}],"wp:featuredmedia":[{"embeddable":true,"href":"https:\/\/shop.yipinqian.com\/vi\/wp-json\/wp\/v2\/media\/5847"}],"wp:attachment":[{"href":"https:\/\/shop.yipinqian.com\/vi\/wp-json\/wp\/v2\/media?parent=1539"}],"wp:term":[{"taxonomy":"product_brand","embeddable":true,"href":"https:\/\/shop.yipinqian.com\/vi\/wp-json\/wp\/v2\/product_brand?post=1539"},{"taxonomy":"product_cat","embeddable":true,"href":"https:\/\/shop.yipinqian.com\/vi\/wp-json\/wp\/v2\/product_cat?post=1539"},{"taxonomy":"product_tag","embeddable":true,"href":"https:\/\/shop.yipinqian.com\/vi\/wp-json\/wp\/v2\/product_tag?post=1539"}],"curies":[{"name":"wp","href":"https:\/\/api.w.org\/{rel}","templated":true}]}}