{"id":1538,"date":"2024-10-24T23:19:57","date_gmt":"2024-10-24T15:19:57","guid":{"rendered":"https:\/\/shop.yipinqian.com\/product\/light-green-mix-with-brown-natural-type-a-jadeite-pendant-carved-as-horse-meaning-prosperity-development-bravery-conquest-certificate-included-weighs-23-16-grams-60-8-28-2-6-3-mm-suitable-for-daily-we\/"},"modified":"2025-02-17T00:04:01","modified_gmt":"2025-02-16T16:04:01","slug":"light-green-mix-with-brown-natural-type-a-jadeite-pendant-carved-as-horse-meaning-prosperity-development-bravery-conquest-certificate-included-weighs-23-16-grams-60-8-28-2-6-3-mm-suitable-for-daily-we","status":"publish","type":"product","link":"https:\/\/shop.yipinqian.com\/vi\/san-pham\/light-green-mix-with-brown-natural-type-a-jadeite-pendant-carved-as-horse-meaning-prosperity-development-bravery-conquest-certificate-included-weighs-23-16-grams-60-8-28-2-6-3-mm-suitable-for-daily-we\/","title":{"rendered":"M\u1eb7t d\u00e2y chuy\u1ec1n ng\u1ecdc b\u00edch t\u1ef1 nhi\u00ean lo\u1ea1i A m\u00e0u xanh l\u00e1 c\u00e2y nh\u1ea1t k\u1ebft h\u1ee3p v\u1edbi m\u00e0u n\u00e2u \u0111\u01b0\u1ee3c ch\u1ea1m kh\u1eafc h\u00ecnh con ng\u1ef1a mang \u00fd ngh\u0129a Th\u1ecbnh v\u01b0\u1ee3ng, ph\u00e1t tri\u1ec3n, d\u0169ng c\u1ea3m, chinh ph\u1ee5c, c\u00f3 k\u00e8m gi\u1ea5y ch\u1ee9ng nh\u1eadn, n\u1eb7ng 23,16 gram, k\u00edch th\u01b0\u1edbc 60,8 * 28,2 * 6,3 mm, th\u00edch h\u1ee3p \u0111\u1ec3 \u0111eo h\u00e0ng ng\u00e0y ho\u1eb7c s\u01b0u t\u1ea7m (m\u1eb7t d\u00e2y chuy\u1ec1n89)"},"content":{"rendered":"<p>M\u1eb7t d\u00e2y chuy\u1ec1n ng\u1ecdc b\u00edch t\u1ef1 nhi\u00ean m\u00e0u xanh l\u00e1 c\u00e2y nh\u1ea1t n\u00e0y \u0111\u01b0\u1ee3c ch\u1ea1m kh\u1eafc h\u00ecnh con ng\u1ef1a l\u00e0 m\u1ed9t s\u1ef1 b\u1ed5 sung tuy\u1ec7t \u0111\u1eb9p cho b\u1ea5t k\u1ef3 b\u1ed9 s\u01b0u t\u1eadp n\u00e0o. M\u1eb7t d\u00e2y chuy\u1ec1n mang \u00fd ngh\u0129a s\u00e2u s\u1eafc v\u00ec n\u00f3 t\u01b0\u1ee3ng tr\u01b0ng cho s\u1ef1 th\u1ecbnh v\u01b0\u1ee3ng, ph\u00e1t tri\u1ec3n, l\u00f2ng d\u0169ng c\u1ea3m v\u00e0 s\u1ef1 chinh ph\u1ee5c. Gi\u1ea5y ch\u1ee9ng nh\u1eadn \u0111i k\u00e8m gi\u00fap b\u1ea1n an t\u00e2m r\u1eb1ng m\u00ecnh \u0111ang s\u1edf h\u1eefu m\u1ed9t t\u00e1c ph\u1ea9m ch\u00ednh h\u00e3ng.<\/p>\n<ul>\n<li>\n<strong>C\u00e2n n\u1eb7ng:<\/strong> M\u1eb7t d\u00e2y chuy\u1ec1n n\u00e0y n\u1eb7ng 23,16 gram, tho\u1ea3i m\u00e1i \u0111\u1ec3 \u0111eo h\u00e0ng ng\u00e0y ho\u1eb7c s\u01b0u t\u1eadp.<\/li>\n<li>\n<strong>K\u00edch th\u01b0\u1edbc:<\/strong> V\u1edbi k\u00edch th\u01b0\u1edbc 60,8 * 28,2 * 6,3 mm, m\u1eb7t d\u00e2y chuy\u1ec1n n\u00e0y c\u00f3 k\u00edch th\u01b0\u1edbc ho\u00e0n h\u1ea3o \u0111\u1ec3 \u0111eo th\u01b0\u1eddng ng\u00e0y ho\u1eb7c trong nh\u1eefng d\u1ecbp \u0111\u1eb7c bi\u1ec7t.<\/li>\n<li>\n<strong>Lo\u1ea1i ng\u1ecdc b\u00edch:<\/strong> \u0110\u01b0\u1ee3c l\u00e0m t\u1eeb Jadeite lo\u1ea1i A t\u1ef1 nhi\u00ean, n\u1ed5i ti\u1ebfng v\u1edbi \u0111\u1ed9 b\u1ec1n v\u00e0 \u0111\u1eb7c t\u00ednh ch\u1ea5t l\u01b0\u1ee3ng cao<\/li>\n<\/ul>\n<p>Chi\u1ebfc v\u00f2ng c\u1ed5 phong c\u00e1ch th\u01b0\u1eddng ng\u00e0y Unisex n\u00e0y l\u00e0 m\u00f3n qu\u00e0 tuy\u1ec7t v\u1eddi cho ch\u00ednh b\u1ea1n ho\u1eb7c m\u1ed9t ng\u01b0\u1eddi \u0111\u1eb7c bi\u1ec7t n\u00e0o \u0111\u00f3 trong b\u1ea5t k\u1ef3 d\u1ecbp n\u00e0o v\u00ec n\u00f3 ho\u00e0n to\u00e0n ph\u00f9 h\u1ee3p v\u1edbi trang ph\u1ee5c h\u00e0ng ng\u00e0y c\u1ee7a b\u1ea1n m\u00e0 kh\u00f4ng \u1ea3nh h\u01b0\u1edfng \u0111\u1ebfn phong c\u00e1ch.<\/p>\n<ul>\n<li>\n<strong>N\u01b0\u1edbc xu\u1ea5t x\u1ee9: <\/strong>S\u1ea3n ph\u1ea9m n\u00e0y c\u00f3 ngu\u1ed3n g\u1ed1c t\u1eeb Myanmar, n\u01a1i n\u1ed5i ti\u1ebfng v\u1edbi vi\u1ec7c s\u1ea3n xu\u1ea5t c\u00e1c s\u1ea3n ph\u1ea9m ng\u1ecdc b\u00edch ch\u1ea5t l\u01b0\u1ee3ng cao<\/li>\n<li>\n<strong>Nh\u00e2n d\u1ecbp: <\/strong>B\u1ea1n c\u00f3 th\u1ec3 \u0111eo chi\u1ebfc v\u00f2ng c\u1ed5 n\u00e0y h\u00e0ng ng\u00e0y m\u00e0 kh\u00f4ng lo l\u00e0m h\u1ecfng \u0111\u00e1 v\u00ec n\u00f3 ph\u00f9 h\u1ee3p cho nh\u1eefng d\u1ecbp h\u00e0ng ng\u00e0y<\/li>\n<\/ul>\n<p><strong>S\u1ed1 ch\u1ee9ng ch\u1ec9: GD2112H010352<\/strong><\/p>\n<p><img fetchpriority=\"high\" decoding=\"async\" height=\"1080\" src=\"https:\/\/shop.yipinqian.com\/wp-content\/uploads\/2024\/10\/b184c1831f0e8e958cacba71e2c890eb.jpg?from=476444299\" width=\"1080\"><br \/><img decoding=\"async\" height=\"1080\" src=\"https:\/\/shop.yipinqian.com\/wp-content\/uploads\/2024\/10\/7acf1a85573fcc5138bd2f6eac88df90.jpg?from=476444299\" width=\"1080\"><\/p>\n<p>T\u00f3m l\u1ea1i, m\u1eb7t d\u00e2y chuy\u1ec1n ng\u1ecdc b\u00edch t\u1ef1 nhi\u00ean lo\u1ea1i A m\u00e0u xanh l\u00e1 c\u00e2y nh\u1ea1t n\u00e0y \u0111\u01b0\u1ee3c ch\u1ea1m kh\u1eafc h\u00ecnh con ng\u1ef1a kh\u00f4ng ch\u1ec9 n\u00e2ng t\u1ea7m \u0111\u1ed3 trang s\u1ee9c c\u1ee7a b\u1ea1n m\u00e0 c\u00f2n mang l\u1ea1i may m\u1eafn cho cu\u1ed9c s\u1ed1ng!<\/p>\n<p>\u00a0<\/p>\n<p>Yi Pin Qian \u2013 Nh\u00e0 bu\u00f4n \u0111\u00e1 qu\u00fd v\u00e0 kim lo\u1ea1i qu\u00fd t\u1ea1i Singapore \u2013 S\u1ed1 gi\u1ea5y ph\u00e9p PS20190000031<\/p>\n<p>\u00a0<\/p>\n<p>*T\u1ea5t c\u1ea3 c\u00e1c lo\u1ea1i Jadeite \u0111\u01b0\u1ee3c mua t\u1eeb Yi Pin Qian t\u1ea1i Singapore, kh\u00e1ch h\u00e0ng c\u00f3 th\u1ec3 \u0111\u1eb7t l\u1ecbch \u0111\u00e1nh b\u00f3ng ho\u1eb7c s\u1eeda ch\u1eefa nh\u1ecf do x\u1eed l\u00fd sai c\u00e1ch \u2013 c\u00f3 t\u00ednh ph\u00ed v\u00e0 ch\u1ec9 d\u00e0nh cho kh\u00e1ch h\u00e0ng c\u1ee7a Yi Pin Qian t\u1ea1i Singapore*<\/p>\n<p>\u00a0<\/p>\n<p><strong>**C\u00e1c lo\u1ea1i ch\u1ee9ng ch\u1ec9**<\/strong><\/p>\n<p>\u00a0<\/p>\n<p><strong>NGI (C\u00f4ng ty \u0110\u00e1 qu\u00fd Nan Yang)<\/strong><\/p>\n<p>ho\u1eb7c <strong>Ch\u1ee9ng ch\u1ec9 n\u01b0\u1edbc ngo\u00e0i <\/strong>(Yi Pin Qian ch\u1ec9 s\u1eed d\u1ee5ng c\u00e1c ch\u1ee9ng ch\u1ec9 x\u00e1c th\u1ef1c t\u1eeb c\u00e1c ph\u00f2ng th\u00ed nghi\u1ec7m \u1edf n\u01b0\u1edbc ngo\u00e0i v\u00e0 ki\u1ec3m so\u00e1t ch\u1ea5t l\u01b0\u1ee3ng m\u1ecdi s\u1ea3n ph\u1ea9m c\u1ee7a ch\u00fang t\u00f4i tr\u01b0\u1edbc khi \u0111\u01b0a ch\u00fang ra b\u00e1n t\u1ea1i Singapore)<\/p>\n<p>\u00a0<\/p>\n<p>M\u1ed7i s\u1ea3n ph\u1ea9m tr\u00ean TikTok s\u1ebd c\u00f3 lo\u1ea1i ch\u1ee9ng ch\u1ec9 \u0111\u01b0\u1ee3c cung c\u1ea5p \u0111\u01b0\u1ee3c n\u00eau trong ph\u1ea7n m\u00f4 t\u1ea3. \u0110\u1ed1i v\u1edbi b\u1ea5t k\u1ef3 kh\u00e1ch h\u00e0ng n\u00e0o mu\u1ed1n g\u1eedi \u0111\u01a1n h\u00e0ng c\u1ee7a m\u00ecnh \u0111\u1ebfn NGI Singapore, s\u1ebd c\u00f3 th\u1eddi gian ch\u1edd giao h\u00e0ng \u01b0\u1edbc t\u00ednh kho\u1ea3ng 4 tu\u1ea7n \u0111\u1ec3 nh\u1eadn \u0111\u01b0\u1ee3c \u0111\u01a1n h\u00e0ng c\u1ee7a b\u1ea1n. <strong>Y\u00eau c\u1ea7u b\u00e1o c\u00e1o v\u1ec1 NGI Gemstone c\u1ea7n \u0111\u01b0\u1ee3c th\u1ef1c hi\u1ec7n b\u1eb1ng c\u00e1ch nh\u1eafn tin \u0111\u1ebfn c\u1eeda h\u00e0ng TikTok Yi Pin Qian.<\/strong> C\u1ea3m \u01a1n, <strong><u>\u00e1p d\u1ee5ng th\u00eam ph\u00ed<\/u><\/strong>.<\/p>\n<p>\u00a0<\/p>\n<p>.<\/p>","protected":false},"excerpt":{"rendered":"<p>This Light Green mix with brown Natural Type A Jadeite Pendant carved as Horse is a stunning addition to any collection. The pendant carries a deep meaning as it represents prosperity, development, bravery, and conquest. The certificate included gives you peace of mind that you are getting an authentic piece. Weight: This pendant weigh 23.16 [&hellip;]<\/p>","protected":false},"featured_media":5839,"comment_status":"open","ping_status":"closed","template":"","meta":[],"product_brand":[],"product_cat":[48],"product_tag":[],"class_list":{"0":"post-1538","1":"product","2":"type-product","3":"status-publish","4":"has-post-thumbnail","6":"product_cat-pendants","8":"first","9":"instock","10":"sale","11":"shipping-taxable","12":"purchasable","13":"product-type-simple"},"_links":{"self":[{"href":"https:\/\/shop.yipinqian.com\/vi\/wp-json\/wp\/v2\/product\/1538","targetHints":{"allow":["GET"]}}],"collection":[{"href":"https:\/\/shop.yipinqian.com\/vi\/wp-json\/wp\/v2\/product"}],"about":[{"href":"https:\/\/shop.yipinqian.com\/vi\/wp-json\/wp\/v2\/types\/product"}],"replies":[{"embeddable":true,"href":"https:\/\/shop.yipinqian.com\/vi\/wp-json\/wp\/v2\/comments?post=1538"}],"version-history":[{"count":0,"href":"https:\/\/shop.yipinqian.com\/vi\/wp-json\/wp\/v2\/product\/1538\/revisions"}],"wp:featuredmedia":[{"embeddable":true,"href":"https:\/\/shop.yipinqian.com\/vi\/wp-json\/wp\/v2\/media\/5839"}],"wp:attachment":[{"href":"https:\/\/shop.yipinqian.com\/vi\/wp-json\/wp\/v2\/media?parent=1538"}],"wp:term":[{"taxonomy":"product_brand","embeddable":true,"href":"https:\/\/shop.yipinqian.com\/vi\/wp-json\/wp\/v2\/product_brand?post=1538"},{"taxonomy":"product_cat","embeddable":true,"href":"https:\/\/shop.yipinqian.com\/vi\/wp-json\/wp\/v2\/product_cat?post=1538"},{"taxonomy":"product_tag","embeddable":true,"href":"https:\/\/shop.yipinqian.com\/vi\/wp-json\/wp\/v2\/product_tag?post=1538"}],"curies":[{"name":"wp","href":"https:\/\/api.w.org\/{rel}","templated":true}]}}