{"id":1532,"date":"2024-10-24T23:19:54","date_gmt":"2024-10-24T15:19:54","guid":{"rendered":"https:\/\/shop.yipinqian.com\/product\/light-green-hue-natural-type-a-jadeite-jade-crafted-as-pixiu-set-on-18k-gold-with-2-green-cabochon-and-diamonds-adding-pu-wrist-band-upgraded-elegant-style-bracelet-certificate-weigh-4-44-grams-measur\/"},"modified":"2025-02-17T00:04:00","modified_gmt":"2025-02-16T16:04:00","slug":"light-green-hue-natural-type-a-jadeite-jade-crafted-as-pixiu-set-on-18k-gold-with-2-green-cabochon-and-diamonds-adding-pu-wrist-band-upgraded-elegant-style-bracelet-certificate-weigh-4-44-grams-measur","status":"publish","type":"product","link":"https:\/\/shop.yipinqian.com\/vi\/san-pham\/light-green-hue-natural-type-a-jadeite-jade-crafted-as-pixiu-set-on-18k-gold-with-2-green-cabochon-and-diamonds-adding-pu-wrist-band-upgraded-elegant-style-bracelet-certificate-weigh-4-44-grams-measur\/","title":{"rendered":"Ng\u1ecdc b\u00edch t\u1ef1 nhi\u00ean lo\u1ea1i A m\u00e0u xanh l\u1ee5c nh\u1ea1t \u0111\u01b0\u1ee3c ch\u1ebf t\u00e1c theo d\u1ea1ng Pixiu, \u0111\u00ednh tr\u00ean v\u00e0ng 18k v\u1edbi 2 vi\u00ean Cabochon xanh l\u00e1 c\u00e2y v\u00e0 kim c\u01b0\u01a1ng, th\u00eam d\u00e2y \u0111eo tay b\u1eb1ng PU, ki\u1ec3u d\u00e1ng thanh l\u1ecbch, ch\u1ee9ng ch\u1ec9 n\u1eb7ng 4,44 gram, k\u00edch th\u01b0\u1edbc 16,6 * 14,1 * 7,5 mm (18kpw1)"},"content":{"rendered":"<p>N\u00e2ng c\u1ea5p b\u1ed9 s\u01b0u t\u1eadp trang s\u1ee9c c\u1ee7a b\u1ea1n v\u1edbi chi\u1ebfc v\u00f2ng tay Pixiu thanh l\u1ecbch n\u00e0y k\u1ebft h\u1ee3p v\u1ebb \u0111\u1eb9p t\u1ef1 nhi\u00ean c\u1ee7a Ng\u1ecdc b\u00edch lo\u1ea1i A m\u00e0u xanh l\u00e1 c\u00e2y nh\u1ea1t v\u1edbi V\u00e0ng 18k v\u00e0 kim c\u01b0\u01a1ng l\u1ea5p l\u00e1nh.<\/p>\n<ul>\n<li>\n<strong><u>B\u1ea1n kh\u00f4ng mu\u1ed1n \u0111eo n\u00f3 tr\u00ean c\u1ed5 tay b\u1ea5t c\u1ee9 ng\u00e0y n\u00e0o?<\/u> <\/strong>Ch\u1ec9 c\u1ea7n th\u00e1o l\u1edbp da PU ra d\u1ec5 d\u00e0ng v\u00e0 g\u1eafn v\u00e0o <strong>d\u00e2y chuy\u1ec1n v\u00e0ng v\u00e0 \u0111eo n\u00f3 nh\u01b0 m\u1ed9t m\u1eb7t d\u00e2y chuy\u1ec1n<\/strong>\n<\/li>\n<\/ul>\n<p>S\u1ed1 ch\u1ee9ng ch\u1ec9: <strong>GD2201H013002<\/strong><\/p>\n<p><\/p>\n<p><strong>V\u00e0ng 18k Tr\u1ecdng l\u01b0\u1ee3ng: 1,31 gram<\/strong><\/p>\n<p><strong>Kim c\u01b0\u01a1ng: 10 * 0,003 = 0,03 carat<\/strong><\/p>\n<p><strong>2 * Cabochon xanh<\/strong><\/p>\n<p><\/p>\n<ul>\n<li>\n<strong>V\u1eadt li\u1ec7u ch\u1ea5t l\u01b0\u1ee3ng cao:<\/strong> \u0110\u01b0\u1ee3c ch\u1ebf t\u00e1c t\u1eeb ng\u1ecdc b\u00edch Jadeite t\u1ef1 nhi\u00ean lo\u1ea1i A, n\u1ea1m v\u00e0ng 18k v\u00e0 trang tr\u00ed b\u1eb1ng kim c\u01b0\u01a1ng, chi\u1ebfc v\u00f2ng tay n\u00e0y c\u00f3 ch\u1ea5t l\u01b0\u1ee3ng cao nh\u1ea5t.<\/li>\n<li>\n<strong>Thi\u1ebft k\u1ebf thanh l\u1ecbch:<\/strong> Thi\u1ebft k\u1ebf Pixiu v\u00e0 hai vi\u00ean cabochon m\u00e0u xanh l\u00e1 c\u00e2y l\u00e0m t\u0103ng th\u00eam v\u1ebb \u0111\u1eb9p c\u1ee7a t\u00e1c ph\u1ea9m n\u00e0y. D\u00e2y \u0111eo c\u1ed5 tay b\u1eb1ng PU \u0111\u1ea3m b\u1ea3o v\u1eeba v\u1eb7n tho\u1ea3i m\u00e1i.<\/li>\n<li>\n<strong>Gi\u1ea5y ch\u1ee9ng nh\u1eadn bao g\u1ed3m:<\/strong> Chi\u1ebfc v\u00f2ng tay n\u00e0y c\u00f3 k\u00e8m theo gi\u1ea5y ch\u1ee9ng nh\u1eadn \u0111\u1ec3 \u0111\u1ea3m b\u1ea3o t\u00ednh x\u00e1c th\u1ef1c.<\/li>\n<\/ul>\n<p>Chi\u1ebfc \u0111\u1ed3ng h\u1ed3 tinh x\u1ea3o n\u00e0y n\u1eb7ng 4,44 gram v\u00e0 c\u00f3 k\u00edch th\u01b0\u1edbc 16,6 * 14,1 * 7,5 mm, \u0111\u00e2y l\u00e0 k\u00edch th\u01b0\u1edbc ho\u00e0n h\u1ea3o \u0111\u1ec3 c\u1ea3 nam v\u00e0 n\u1eef \u0111eo h\u00e0ng ng\u00e0y.<\/p>\n<ul>\n<li>\n<strong>K\u1ebft c\u1ea5u b\u1ec1n b\u1ec9:<\/strong>Khung v\u00e0ng PT\/Carat \u0111\u1ea3m b\u1ea3o r\u1eb1ng \u0111\u1ed3 trang s\u1ee9c qu\u00fd gi\u00e1 c\u1ee7a b\u1ea1n \u0111\u01b0\u1ee3c gi\u1eef c\u1ed1 \u0111\u1ecbnh \u0111\u1ec3 \u0111eo \u0111\u01b0\u1ee3c l\u00e2u d\u00e0i<\/li>\n<li>\n<strong>\u0110\u01b0\u1ee3c l\u00e0m t\u1eeb ng\u1ecdc b\u00edch Myanmar: <\/strong>Ng\u1ecdc b\u00edch \u0111\u01b0\u1ee3c s\u1eed d\u1ee5ng \u0111\u1ec3 ch\u1ebf t\u00e1c t\u00e1c ph\u1ea9m tuy\u1ec7t \u0111\u1eb9p n\u00e0y c\u00f3 ngu\u1ed3n g\u1ed1c ho\u00e0n to\u00e0n t\u1eeb Myanmar<\/li>\n<\/ul>\n<p>T\u0103ng th\u00eam phong c\u00e1ch c\u1ee7a b\u1ea1n b\u1eb1ng c\u00e1ch \u0111eo ho\u1eb7c t\u1eb7ng n\u00f3 trong b\u1ea5t k\u1ef3 d\u1ecbp n\u00e0o!<\/p>\n<p><\/p>\n<p>Yi Pin Qian \u2013 Nh\u00e0 bu\u00f4n \u0111\u00e1 qu\u00fd v\u00e0 kim lo\u1ea1i qu\u00fd t\u1ea1i Singapore \u2013 S\u1ed1 gi\u1ea5y ph\u00e9p PS20190000031<\/p>\n<p><\/p>\n<p>*T\u1ea5t c\u1ea3 c\u00e1c lo\u1ea1i Jadeite \u0111\u01b0\u1ee3c mua t\u1eeb Yi Pin Qian t\u1ea1i Singapore, kh\u00e1ch h\u00e0ng c\u00f3 th\u1ec3 \u0111\u1eb7t l\u1ecbch \u0111\u00e1nh b\u00f3ng ho\u1eb7c s\u1eeda ch\u1eefa nh\u1ecf do x\u1eed l\u00fd sai c\u00e1ch \u2013 c\u00f3 t\u00ednh ph\u00ed v\u00e0 ch\u1ec9 d\u00e0nh cho kh\u00e1ch h\u00e0ng c\u1ee7a Yi Pin Qian t\u1ea1i Singapore*<\/p>\n<p><\/p>\n<p><strong>**C\u00e1c lo\u1ea1i ch\u1ee9ng ch\u1ec9**<\/strong><\/p>\n<p><\/p>\n<p><strong>NGI (C\u00f4ng ty \u0110\u00e1 qu\u00fd Nan Yang)<\/strong><\/p>\n<p>ho\u1eb7c <strong>Ch\u1ee9ng ch\u1ec9 n\u01b0\u1edbc ngo\u00e0i <\/strong>(Yi Pin Qian ch\u1ec9 s\u1eed d\u1ee5ng c\u00e1c ch\u1ee9ng ch\u1ec9 x\u00e1c th\u1ef1c t\u1eeb c\u00e1c ph\u00f2ng th\u00ed nghi\u1ec7m \u1edf n\u01b0\u1edbc ngo\u00e0i v\u00e0 ki\u1ec3m so\u00e1t ch\u1ea5t l\u01b0\u1ee3ng m\u1ecdi s\u1ea3n ph\u1ea9m c\u1ee7a ch\u00fang t\u00f4i tr\u01b0\u1edbc khi \u0111\u01b0a ch\u00fang ra b\u00e1n t\u1ea1i Singapore)<\/p>\n<p><\/p>\n<p>M\u1ed7i s\u1ea3n ph\u1ea9m tr\u00ean TikTok s\u1ebd c\u00f3 lo\u1ea1i ch\u1ee9ng ch\u1ec9 \u0111\u01b0\u1ee3c cung c\u1ea5p \u0111\u01b0\u1ee3c n\u00eau trong ph\u1ea7n m\u00f4 t\u1ea3. \u0110\u1ed1i v\u1edbi b\u1ea5t k\u1ef3 kh\u00e1ch h\u00e0ng n\u00e0o mu\u1ed1n g\u1eedi \u0111\u01a1n h\u00e0ng c\u1ee7a m\u00ecnh \u0111\u1ebfn NGI Singapore, s\u1ebd c\u00f3 th\u1eddi gian ch\u1edd giao h\u00e0ng \u01b0\u1edbc t\u00ednh kho\u1ea3ng 4 tu\u1ea7n \u0111\u1ec3 nh\u1eadn \u0111\u01b0\u1ee3c \u0111\u01a1n h\u00e0ng c\u1ee7a b\u1ea1n. <strong>Y\u00eau c\u1ea7u b\u00e1o c\u00e1o v\u1ec1 NGI Gemstone c\u1ea7n \u0111\u01b0\u1ee3c th\u1ef1c hi\u1ec7n b\u1eb1ng c\u00e1ch nh\u1eafn tin \u0111\u1ebfn c\u1eeda h\u00e0ng TikTok Yi Pin Qian.<\/strong> C\u1ea3m \u01a1n, <strong><u>\u00e1p d\u1ee5ng th\u00eam ph\u00ed<\/u><\/strong>.<\/p>\n<p><\/p>\n<p><strong>Jadeite t\u1ef1 nhi\u00ean kh\u00f4ng ho\u00e0n h\u1ea3o, ch\u1ec9 l\u00e0 m\u1ed9t l\u1eddi nh\u1eafc nh\u1edf nh\u1eb9 nh\u00e0ng, Jadeite t\u1ef1 nhi\u00ean c\u1ee7a ch\u00fang t\u00f4i, gi\u1ed1ng nh\u01b0 t\u1ea5t c\u1ea3 nh\u1eefng th\u1ee9 \u0111\u1eb9p \u0111\u1ebd trong t\u1ef1 nhi\u00ean, c\u00f3 nh\u1eefng \u0111\u1eb7c \u0111i\u1ec3m v\u00e0 bi\u1ebfn th\u1ec3 \u0111\u1ed9c \u0111\u00e1o. Ch\u00fang t\u00f4i m\u1eddi nh\u1eefng kh\u00e1ch h\u00e0ng c\u00f3 gi\u00e1 tr\u1ecb c\u1ee7a m\u00ecnh \u0111\u00f3n nh\u1eadn nh\u1eefng bi\u1ebfn th\u1ec3 t\u1ef1 nhi\u00ean n\u00e0y. Ch\u00fac b\u1ea1n mua s\u1eafm vui v\u1ebb!<\/strong><\/p>\n<p><\/p>\n<p><strong><u>Kh\u00f4ng c\u00f3 h\u00ecnh \u1ea3nh v\u00e0 c\u1ea3nh quay video n\u00e0o \u0111\u01b0\u1ee3c l\u1ecdc. Ch\u00fang t\u00f4i khuy\u1ebfn kh\u00edch kh\u00e1ch h\u00e0ng c\u1ee7a m\u00ecnh c\u0169ng xem c\u00e1c video \u0111i k\u00e8m \u0111\u1ec3 c\u00f3 c\u00e1i nh\u00ecn to\u00e0n di\u1ec7n h\u01a1n v\u1ec1 s\u1ea3n ph\u1ea9m c\u1ee7a ch\u00fang t\u00f4i<\/u><\/strong><\/p>","protected":false},"excerpt":{"rendered":"<p>N\u00e2ng c\u1ea5p b\u1ed9 s\u01b0u t\u1eadp trang s\u1ee9c c\u1ee7a b\u1ea1n v\u1edbi chi\u1ebfc v\u00f2ng tay Pixiu thanh l\u1ecbch n\u00e0y k\u1ebft h\u1ee3p v\u1ebb \u0111\u1eb9p t\u1ef1 nhi\u00ean c\u1ee7a Jadeite Jade lo\u1ea1i A m\u00e0u xanh l\u00e1 c\u00e2y nh\u1ea1t v\u1edbi V\u00e0ng 18k v\u00e0 kim c\u01b0\u01a1ng l\u1ea5p l\u00e1nh. B\u1ea1n kh\u00f4ng mu\u1ed1n \u0111eo tr\u00ean c\u1ed5 tay b\u1ea5t k\u1ef3 ng\u00e0y n\u00e0o? Ch\u1ec9 c\u1ea7n th\u00e1o Da PU d\u1ec5 d\u00e0ng v\u00e0 g\u1eafn v\u00e0o d\u00e2y chuy\u1ec1n v\u00e0ng c\u1ee7a b\u1ea1n v\u00e0 \u0111eo nh\u01b0 m\u1ed9t m\u1eb7t d\u00e2y chuy\u1ec1n Ch\u1ee9ng ch\u1ec9 [\u2026]<\/p>","protected":false},"featured_media":5777,"comment_status":"open","ping_status":"closed","template":"","meta":[],"product_brand":[],"product_cat":[121,84],"product_tag":[50,102,64,52,88,70,79,65,54,55,56,85,59,60,62],"class_list":{"0":"post-1532","1":"product","2":"type-product","3":"status-publish","4":"has-post-thumbnail","6":"product_cat-bracelets-bangles","7":"product_cat-charms-and-charm-bracelet","8":"product_tag-18k-gold","9":"product_tag-bracelet","10":"product_tag-cabochon","11":"product_tag-certified","12":"product_tag-diamonds","13":"product_tag-green","14":"product_tag-green-hue","15":"product_tag-high-quality","16":"product_tag-icy","17":"product_tag-jadeite","18":"product_tag-limited-editions","19":"product_tag-pixiu","20":"product_tag-translucent","21":"product_tag-type-a-jadeite","22":"product_tag-yi-pin-qian-exclusive","24":"first","25":"instock","26":"sale","27":"shipping-taxable","28":"purchasable","29":"product-type-simple"},"_links":{"self":[{"href":"https:\/\/shop.yipinqian.com\/vi\/wp-json\/wp\/v2\/product\/1532","targetHints":{"allow":["GET"]}}],"collection":[{"href":"https:\/\/shop.yipinqian.com\/vi\/wp-json\/wp\/v2\/product"}],"about":[{"href":"https:\/\/shop.yipinqian.com\/vi\/wp-json\/wp\/v2\/types\/product"}],"replies":[{"embeddable":true,"href":"https:\/\/shop.yipinqian.com\/vi\/wp-json\/wp\/v2\/comments?post=1532"}],"version-history":[{"count":0,"href":"https:\/\/shop.yipinqian.com\/vi\/wp-json\/wp\/v2\/product\/1532\/revisions"}],"wp:featuredmedia":[{"embeddable":true,"href":"https:\/\/shop.yipinqian.com\/vi\/wp-json\/wp\/v2\/media\/5777"}],"wp:attachment":[{"href":"https:\/\/shop.yipinqian.com\/vi\/wp-json\/wp\/v2\/media?parent=1532"}],"wp:term":[{"taxonomy":"product_brand","embeddable":true,"href":"https:\/\/shop.yipinqian.com\/vi\/wp-json\/wp\/v2\/product_brand?post=1532"},{"taxonomy":"product_cat","embeddable":true,"href":"https:\/\/shop.yipinqian.com\/vi\/wp-json\/wp\/v2\/product_cat?post=1532"},{"taxonomy":"product_tag","embeddable":true,"href":"https:\/\/shop.yipinqian.com\/vi\/wp-json\/wp\/v2\/product_tag?post=1532"}],"curies":[{"name":"wp","href":"https:\/\/api.w.org\/{rel}","templated":true}]}}