{"id":15315,"date":"2024-12-25T03:29:32","date_gmt":"2024-12-24T19:29:32","guid":{"rendered":"https:\/\/shop.yipinqian.com\/a-premium-quality-collection-squirrel-pendant-natural-type-a-jadeite-jade-added-18k-clasp-certificate-weighs-2-18-grams-measurement-21-12-9-6-mm-18kp97\/"},"modified":"2025-02-24T01:34:16","modified_gmt":"2025-02-23T17:34:16","slug":"a-premium-quality-collection-squirrel-pendant-natural-type-a-jadeite-jade-added-18k-clasp-certificate-weighs-2-18-grams-measurement-21-12-9-6-mm-18kp97","status":"publish","type":"product","link":"https:\/\/shop.yipinqian.com\/vi\/san-pham\/a-premium-quality-collection-squirrel-pendant-natural-type-a-jadeite-jade-added-18k-clasp-certificate-weighs-2-18-grams-measurement-21-12-9-6-mm-18kp97\/","title":{"rendered":"B\u1ed9 s\u01b0u t\u1eadp ch\u1ea5t l\u01b0\u1ee3ng cao c\u1ea5p \u2013 M\u1eb7t d\u00e2y chuy\u1ec1n s\u00f3c Jadeite t\u1ef1 nhi\u00ean lo\u1ea1i A \u0111\u01b0\u1ee3c th\u00eam 18k Ch\u1ed1t, ch\u1ee9ng ch\u1ec9 n\u1eb7ng 2,18 gram, k\u00edch th\u01b0\u1edbc 21 * 12,9 * 6 mm (18kp97)"},"content":{"rendered":"<p><iframe title=\"Phi\u00ean b\u1ea3n nh\u1ecf h\u01a1n S\u00f3c ch\u1ea5t l\u01b0\u1ee3ng cao c\u1ea5p - T\u1ef1 nhi\u00ean #jadeite #jade #singapore\" width=\"360\" height=\"270\" src=\"https:\/\/www.youtube.com\/embed\/a1ej9rgzbnE?feature=oembed\" frameborder=\"0\" allow=\"accelerometer; autoplay; clipboard-write; encrypted-media; gyroscope; picture-in-picture; web-share\" referrerpolicy=\"strict-origin-when-cross-origin\" allowfullscreen><\/iframe><\/p>\n<p>Kh\u00e1m ph\u00e1 s\u1ef1 thanh l\u1ecbch c\u1ee7a M\u1eb7t d\u00e2y chuy\u1ec1n S\u00f3c \u0111\u01b0\u1ee3c ch\u1ebf t\u00e1c t\u1eeb Ng\u1ecdc b\u00edch Jadeite t\u1ef1 nhi\u00ean lo\u1ea1i A, \u0111i k\u00e8m m\u00f3c c\u00e0i 18k v\u00e0 \u0111\u01b0\u1ee3c ch\u1ee9ng nh\u1eadn v\u1ec1 ch\u1ea5t l\u01b0\u1ee3ng.<\/p>\n<p>(M\u1ed9t th\u1ee9 m\u00e0 ch\u00fang t\u00f4i \u0111\u00e3 ng\u1ea7n ng\u1ea1i khi li\u1ec7t k\u00ea tr\u00ean n\u1ec1n t\u1ea3ng n\u00e0y, gi\u00e1 s\u1ebd kh\u00f4ng th\u1ea5p, xin l\u01b0u \u00fd r\u1eb1ng \u0111\u00e2y l\u00e0 m\u1eb7t d\u00e2y chuy\u1ec1n ng\u1ecdc b\u00edch nh\u1ecf ch\u1ea5t l\u01b0\u1ee3ng t\u1ed1t h\u00ecnh s\u00f3c th\u00edch h\u1ee3p h\u01a1n khi g\u1eafn v\u1edbi 18k ph\u1ee7 l\u00ean c\u00e1c m\u1eb7t b\u1eb1ng c\u00e1c h\u1ecda ti\u1ebft) \u2013 n\u1ebfu b\u1ea1n ch\u01b0a s\u1edf h\u1eefu lo\u1ea1i ng\u1ecdc b\u00edch t\u1ed1t n\u00e0y, th\u00ec \u0111\u00e2y l\u00e0 m\u1ed9t b\u1ed9 s\u01b0u t\u1eadp tuy\u1ec7t v\u1eddi cho ch\u00ednh b\u1ea1n ho\u1eb7c ng\u01b0\u1eddi th\u00e2n y\u00eau c\u1ee7a b\u1ea1n. Xem video \u0111\u1ec3 hi\u1ec3u r\u00f5 h\u01a1n v\u1ec1 ch\u1ea5t li\u1ec7u, c\u1ea3m \u01a1n.<\/p>\n<p>Ch\u00fang t\u00f4i c\u00f3 hai con s\u00f3c n\u00e0y, con nh\u1ecf h\u01a1n th\u00ec ch\u1ea5t l\u01b0\u1ee3ng t\u1ed1t h\u01a1n, nh\u01b0ng con l\u1edbn h\u01a1n th\u00ec ch\u1ea5t l\u01b0\u1ee3ng kh\u00f4ng kh\u00e1c bi\u1ec7t nhi\u1ec1u, m\u00e3 s\u1ea3n ph\u1ea9m: l\u00e0 18k98 &lt;\u2014 ch\u00fang t\u00f4i s\u1ebd \u0111\u01b0a ra m\u1ee9c gi\u00e1 tr\u01b0\u1edbc n\u0103m 2025 CNY cho con l\u1edbn h\u01a1n.<\/p>\n<p>S\u1ed1 ch\u1ee9ng ch\u1ec9: CQT910469010671<\/p>\n<p><img fetchpriority=\"high\" decoding=\"async\" src=\"https:\/\/shop.yipinqian.com\/wp-content\/uploads\/2024\/12\/04b46f1ba295464fbc98d0d55831bccdtplv-aphluv4xwc-origin-jpeg.jpeg?dr=15568&amp;nonce=24605&amp;refresh_token=e133abc294d627c16680561873a83480&amp;from=476444299&amp;idc=my&amp;ps=933b5bde&amp;shcp=9b759fb9&amp;shp=1c65f68b&amp;t=555f072d\" width=\"1080\" height=\"1080\" \/><\/p>\n<ul>\n<li><strong>V\u1eadt li\u1ec7u cao c\u1ea5p:<\/strong> \u0110\u01b0\u1ee3c l\u00e0m t\u1eeb \u0111\u00e1 Jadeite t\u1ef1 nhi\u00ean lo\u1ea1i A v\u1edbi khung v\u00e0ng PT\/Carat.<\/li>\n<li><strong>K\u00edch th\u01b0\u1edbc:<\/strong> N\u1eb7ng 2,18 gram, k\u00edch th\u01b0\u1edbc 21 * 12,9 * 6 mm.<\/li>\n<li><strong>Ngu\u1ed3n t\u1eeb Myanmar:<\/strong> Ng\u1ecdc b\u00edch \u0111\u00edch th\u1ef1c c\u00f3 ngu\u1ed3n g\u1ed1c tr\u1ef1c ti\u1ebfp t\u1eeb Myanmar.<\/li>\n<li><strong>Ph\u00f9 h\u1ee3p v\u1edbi m\u1ecdi ng\u01b0\u1eddi:<\/strong> Thi\u1ebft k\u1ebf Unisex, ho\u00e0n h\u1ea3o \u0111\u1ec3 \u0111eo h\u00e0ng ng\u00e0y.<\/li>\n<\/ul>\n<p><img decoding=\"async\" src=\"https:\/\/shop.yipinqian.com\/wp-content\/uploads\/2024\/12\/a53f0cdddd034a4db3869c23a9098534tplv-aphluv4xwc-origin-jpeg.jpeg?dr=15568&amp;nonce=89202&amp;refresh_token=682ecfd44cb09963a09e55c7c51d2b31&amp;from=476444299&amp;idc=my&amp;ps=933b5bde&amp;shcp=9b759fb9&amp;shp=1c65f68b&amp;t=555f072d\" width=\"1080\" height=\"1080\" \/><img decoding=\"async\" src=\"https:\/\/shop.yipinqian.com\/wp-content\/uploads\/2024\/12\/51a9ee244b0248c4b2c38b5eb5c55625tplv-aphluv4xwc-origin-jpeg.jpeg?dr=15568&amp;nonce=49043&amp;refresh_token=157365bcc8f8ba48d9320563d7cc907e&amp;from=476444299&amp;idc=my&amp;ps=933b5bde&amp;shcp=9b759fb9&amp;shp=1c65f68b&amp;t=555f072d\" width=\"1080\" height=\"1080\" \/><img loading=\"lazy\" decoding=\"async\" class=\"alignnone\" src=\"https:\/\/shop.yipinqian.com\/wp-content\/uploads\/2024\/12\/182b1540ff584f1aaaa657263069ea07tplv-aphluv4xwc-origin-jpeg.jpeg?dr=15568&amp;nonce=62540&amp;refresh_token=ee8f397d1d30693ee2b2d858d0563d32&amp;from=476444299&amp;idc=my&amp;ps=933b5bde&amp;shcp=9b759fb9&amp;shp=1c65f68b&amp;t=555f072d\" alt=\"Squirrel pendant\" width=\"1080\" height=\"1080\" \/><\/p>\n<p>Ki\u1ec3u v\u00f2ng c\u1ed5 gi\u1ea3n d\u1ecb n\u00e0y t\u1ea1o \u0111i\u1ec3m nh\u1ea5n \u0111\u1ed9c \u0111\u00e1o cho b\u1ea5t k\u1ef3 trang ph\u1ee5c n\u00e0o, khi\u1ebfn n\u00f3 tr\u1edf th\u00e0nh ph\u1ee5 ki\u1ec7n l\u00fd t\u01b0\u1edfng cho b\u1ea5t k\u1ef3 d\u1ecbp n\u00e0o. Xin l\u01b0u \u00fd r\u1eb1ng s\u1ea3n ph\u1ea9m n\u00e0y kh\u00f4ng \u0111i k\u00e8m b\u1ea3o h\u00e0nh.<\/p>\n<p>Yi Pin Qian \u2013 Nh\u00e0 bu\u00f4n \u0111\u00e1 qu\u00fd v\u00e0 kim lo\u1ea1i qu\u00fd t\u1ea1i Singapore \u2013 S\u1ed1 gi\u1ea5y ph\u00e9p PS20190000031<\/p>\n<p>*T\u1ea5t c\u1ea3 c\u00e1c lo\u1ea1i Jadeite \u0111\u01b0\u1ee3c mua t\u1eeb Yi Pin Qian t\u1ea1i Singapore, kh\u00e1ch h\u00e0ng c\u00f3 th\u1ec3 \u0111\u1eb7t l\u1ecbch \u0111\u00e1nh b\u00f3ng ho\u1eb7c s\u1eeda ch\u1eefa nh\u1ecf do x\u1eed l\u00fd sai c\u00e1ch \u2013 c\u00f3 t\u00ednh ph\u00ed v\u00e0 ch\u1ec9 d\u00e0nh cho kh\u00e1ch h\u00e0ng c\u1ee7a Yi Pin Qian t\u1ea1i Singapore*<\/p>\n<p><strong>**C\u00e1c lo\u1ea1i ch\u1ee9ng ch\u1ec9**<\/strong><\/p>\n<p><strong>NGI (C\u00f4ng ty \u0110\u00e1 qu\u00fd Nan Yang)<\/strong><\/p>\n<p>ho\u1eb7c <strong>Ch\u1ee9ng ch\u1ec9 n\u01b0\u1edbc ngo\u00e0i <\/strong>(Yi Pin Qian ch\u1ec9 s\u1eed d\u1ee5ng c\u00e1c ch\u1ee9ng ch\u1ec9 x\u00e1c th\u1ef1c t\u1eeb c\u00e1c ph\u00f2ng th\u00ed nghi\u1ec7m \u1edf n\u01b0\u1edbc ngo\u00e0i v\u00e0 ki\u1ec3m so\u00e1t ch\u1ea5t l\u01b0\u1ee3ng m\u1ecdi s\u1ea3n ph\u1ea9m c\u1ee7a ch\u00fang t\u00f4i tr\u01b0\u1edbc khi \u0111\u01b0a ch\u00fang ra b\u00e1n t\u1ea1i Singapore)<\/p>\n<p>M\u1ed7i s\u1ea3n ph\u1ea9m tr\u00ean TikTok s\u1ebd c\u00f3 lo\u1ea1i ch\u1ee9ng ch\u1ec9 \u0111\u01b0\u1ee3c cung c\u1ea5p \u0111\u01b0\u1ee3c n\u00eau trong ph\u1ea7n m\u00f4 t\u1ea3. \u0110\u1ed1i v\u1edbi b\u1ea5t k\u1ef3 kh\u00e1ch h\u00e0ng n\u00e0o mu\u1ed1n g\u1eedi \u0111\u01a1n h\u00e0ng c\u1ee7a m\u00ecnh \u0111\u1ebfn NGI Singapore, s\u1ebd c\u00f3 th\u1eddi gian ch\u1edd giao h\u00e0ng \u01b0\u1edbc t\u00ednh kho\u1ea3ng 4 tu\u1ea7n \u0111\u1ec3 nh\u1eadn \u0111\u01b0\u1ee3c \u0111\u01a1n h\u00e0ng c\u1ee7a b\u1ea1n. <strong>B\u1ea1n c\u1ea7n g\u1eedi y\u00eau c\u1ea7u b\u00e1o c\u00e1o v\u1ec1 NGI Gemstone b\u1eb1ng c\u00e1ch nh\u1eafn tin cho ch\u00fang t\u00f4i.<\/strong> C\u1ea3m \u01a1n, <strong><u>\u00e1p d\u1ee5ng th\u00eam ph\u00ed<\/u><\/strong>.<\/p>\n<p><strong>Jadeite t\u1ef1 nhi\u00ean kh\u00f4ng ho\u00e0n h\u1ea3o, ch\u1ec9 l\u00e0 m\u1ed9t l\u1eddi nh\u1eafc nh\u1edf nh\u1eb9 nh\u00e0ng, Jadeite t\u1ef1 nhi\u00ean c\u1ee7a ch\u00fang t\u00f4i, gi\u1ed1ng nh\u01b0 t\u1ea5t c\u1ea3 nh\u1eefng th\u1ee9 \u0111\u1eb9p \u0111\u1ebd trong t\u1ef1 nhi\u00ean, c\u00f3 nh\u1eefng \u0111\u1eb7c \u0111i\u1ec3m v\u00e0 bi\u1ebfn th\u1ec3 \u0111\u1ed9c \u0111\u00e1o. Ch\u00fang t\u00f4i m\u1eddi nh\u1eefng kh\u00e1ch h\u00e0ng c\u00f3 gi\u00e1 tr\u1ecb c\u1ee7a m\u00ecnh \u0111\u00f3n nh\u1eadn nh\u1eefng bi\u1ebfn th\u1ec3 t\u1ef1 nhi\u00ean n\u00e0y. Ch\u00fac b\u1ea1n mua s\u1eafm vui v\u1ebb!<\/strong><\/p>\n<p><strong><u>Kh\u00f4ng c\u00f3 h\u00ecnh \u1ea3nh v\u00e0 c\u1ea3nh quay video n\u00e0o \u0111\u01b0\u1ee3c l\u1ecdc. Ch\u00fang t\u00f4i khuy\u1ebfn kh\u00edch kh\u00e1ch h\u00e0ng c\u1ee7a m\u00ecnh c\u0169ng xem c\u00e1c video \u0111i k\u00e8m \u0111\u1ec3 c\u00f3 c\u00e1i nh\u00ecn to\u00e0n di\u1ec7n h\u01a1n v\u1ec1 s\u1ea3n ph\u1ea9m c\u1ee7a ch\u00fang t\u00f4i<\/u><\/strong><\/p>\n<ul>\n<li>C\u00e1c n\u1ec1n t\u1ea3ng kh\u00e1c nhau ch\u1ec9 c\u00f3 th\u1ec3 xem video th\u00f4ng qua m\u00e1y t\u00ednh \u0111\u1ec3 b\u00e0n<\/li>\n<\/ul>","protected":false},"excerpt":{"rendered":"<p>A Premium Quality Collection &#8211; Icy Squirrel Pendant Natural Type A Jadeite Jade added 18k Clasp, certificate weighs 2.18 grams, measurement 21 * 12.9 * 6 mm (18kp97) &#8211; This squirrel pendant is a very good quality old pit jadeite from Myanmar<\/p>","protected":false},"featured_media":15324,"comment_status":"open","ping_status":"closed","template":"","meta":[],"product_brand":[],"product_cat":[196],"product_tag":[50,52,69,53,79,65,54,56,58,73,59,60,61,62],"class_list":{"0":"post-15315","1":"product","2":"type-product","3":"status-publish","4":"has-post-thumbnail","6":"product_cat-vault-collection","7":"product_tag-18k-gold","8":"product_tag-certified","9":"product_tag-clasp","10":"product_tag-fine-quality","11":"product_tag-green-hue","12":"product_tag-high-quality","13":"product_tag-icy","14":"product_tag-limited-editions","15":"product_tag-new-arrivals","16":"product_tag-pendant","17":"product_tag-translucent","18":"product_tag-type-a-jadeite","19":"product_tag-unisex","20":"product_tag-yi-pin-qian-exclusive","22":"first","23":"instock","24":"sale","25":"shipping-taxable","26":"purchasable","27":"product-type-simple"},"_links":{"self":[{"href":"https:\/\/shop.yipinqian.com\/vi\/wp-json\/wp\/v2\/product\/15315","targetHints":{"allow":["GET"]}}],"collection":[{"href":"https:\/\/shop.yipinqian.com\/vi\/wp-json\/wp\/v2\/product"}],"about":[{"href":"https:\/\/shop.yipinqian.com\/vi\/wp-json\/wp\/v2\/types\/product"}],"replies":[{"embeddable":true,"href":"https:\/\/shop.yipinqian.com\/vi\/wp-json\/wp\/v2\/comments?post=15315"}],"version-history":[{"count":0,"href":"https:\/\/shop.yipinqian.com\/vi\/wp-json\/wp\/v2\/product\/15315\/revisions"}],"wp:featuredmedia":[{"embeddable":true,"href":"https:\/\/shop.yipinqian.com\/vi\/wp-json\/wp\/v2\/media\/15324"}],"wp:attachment":[{"href":"https:\/\/shop.yipinqian.com\/vi\/wp-json\/wp\/v2\/media?parent=15315"}],"wp:term":[{"taxonomy":"product_brand","embeddable":true,"href":"https:\/\/shop.yipinqian.com\/vi\/wp-json\/wp\/v2\/product_brand?post=15315"},{"taxonomy":"product_cat","embeddable":true,"href":"https:\/\/shop.yipinqian.com\/vi\/wp-json\/wp\/v2\/product_cat?post=15315"},{"taxonomy":"product_tag","embeddable":true,"href":"https:\/\/shop.yipinqian.com\/vi\/wp-json\/wp\/v2\/product_tag?post=15315"}],"curies":[{"name":"wp","href":"https:\/\/api.w.org\/{rel}","templated":true}]}}