{"id":1529,"date":"2024-10-24T23:19:53","date_gmt":"2024-10-24T15:19:53","guid":{"rendered":"https:\/\/shop.yipinqian.com\/product\/light-green-good-translucent-natural-type-a-jadeite-jade-crafted-with-guanyin-18k-gold-clasps-as-pendant-certificate-weighs-6-36-grams-measurement-32-2-21-5-8-mm-18kp49\/"},"modified":"2025-02-17T00:03:59","modified_gmt":"2025-02-16T16:03:59","slug":"light-green-good-translucent-natural-type-a-jadeite-jade-crafted-with-guanyin-18k-gold-clasps-as-pendant-certificate-weighs-6-36-grams-measurement-32-2-21-5-8-mm-18kp49","status":"publish","type":"product","link":"https:\/\/shop.yipinqian.com\/vi\/san-pham\/light-green-good-translucent-natural-type-a-jadeite-jade-crafted-with-guanyin-18k-gold-clasps-as-pendant-certificate-weighs-6-36-grams-measurement-32-2-21-5-8-mm-18kp49\/","title":{"rendered":"Ng\u1ecdc b\u00edch lo\u1ea1i A t\u1ef1 nhi\u00ean trong m\u1edd m\u00e0u xanh l\u00e1 c\u00e2y nh\u1ea1t \u0111\u01b0\u1ee3c ch\u1ebf t\u00e1c b\u1eb1ng m\u00f3c c\u00e0i b\u1eb1ng v\u00e0ng 18k h\u00ecnh Quan \u00c2m l\u00e0m m\u1eb7t d\u00e2y chuy\u1ec1n, gi\u1ea5y ch\u1ee9ng nh\u1eadn n\u1eb7ng 6,36 gram, k\u00edch th\u01b0\u1edbc 32,2 * 21 * 5,8 mm (18kp49)"},"content":{"rendered":"<p>M\u1eb7t d\u00e2y chuy\u1ec1n tinh x\u1ea3o n\u00e0y c\u00f3 vi\u00ean Ng\u1ecdc b\u00edch t\u1ef1 nhi\u00ean lo\u1ea1i A trong m\u1edd m\u00e0u xanh l\u1ee5c nh\u1ea1t, \u0111\u01b0\u1ee3c t\u00f4 \u0111i\u1ec3m b\u1eb1ng m\u00f3c c\u00e0i b\u1eb1ng v\u00e0ng 18k h\u00ecnh t\u01b0\u1ee3ng Quan \u00c2m.<\/p>\n<p>\u00a0<\/p>\n<p>L\u01b0u \u00fd: Kh\u00e1ch h\u00e0ng mua m\u1eb7t d\u00e2y chuy\u1ec1n n\u00e0y c\u00f3 th\u1ec3 s\u1eed d\u1ee5ng d\u00e2y x\u00edch m\u1ecfng \u0111\u1ec3 \u0111eo m\u1eb7t d\u00e2y chuy\u1ec1n.<\/p>\n<p>\u00a0<\/p>\n<p>S\u1ed1 ch\u1ee9ng ch\u1ec9: GD2110H007655<\/p>\n<p><img fetchpriority=\"high\" decoding=\"async\" height=\"1080\" src=\"https:\/\/shop.yipinqian.com\/wp-content\/uploads\/2024\/10\/0a9792cfc52bedc648a9fe93b624bb1d.jpg?from=476444299\" width=\"1080\"><\/p>\n<ul>\n<li>\n<strong>V\u1eadt li\u1ec7u:<\/strong> \u0110\u01b0\u1ee3c ch\u1ebf t\u00e1c b\u1eb1ng lo\u1ea1i ng\u1ecdc b\u00edch Jadeite lo\u1ea1i A ch\u1ea5t l\u01b0\u1ee3ng cao v\u00e0 m\u00f3c c\u00e0i b\u1eb1ng v\u00e0ng 18k<\/li>\n<li>\n<strong>Gi\u1ea5y ch\u1ee9ng nh\u1eadn:<\/strong> C\u00f3 k\u00e8m theo gi\u1ea5y ch\u1ee9ng nh\u1eadn<\/li>\n<li>\n<strong>C\u00e2n n\u1eb7ng:<\/strong> 6,36 gam<\/li>\n<li>\n<strong>C\u00e1c ph\u00e9p \u0111o:<\/strong> 32,2 * 21 * 5,8mm<\/li>\n<li><strong>Lo\u1ea1i ng\u1ecdc: M\u1ed9t lo\u1ea1i ng\u1ecdc b\u00edch t\u1ef1 nhi\u00ean qu\u00fd gi\u00e1, n\u1ed5i ti\u1ebfng v\u1ec1 v\u1ebb \u0111\u1eb9p v\u00e0 \u0111\u1ed9 b\u1ec1n.<\/strong><\/li>\n<li><strong>T\u1ed5ng tr\u1ecdng l\u01b0\u1ee3ng: M\u1eb7t d\u00e2y chuy\u1ec1n ng\u1ecdc b\u00edch n\u1eb7ng t\u1ed5ng c\u1ed9ng 6,36 gram.<\/strong><\/li>\n<li><strong>M\u00f3n \u0111\u1ed3 tuy\u1ec7t \u0111\u1eb9p n\u00e0y ho\u00e0n h\u1ea3o cho nh\u1eefng ai \u0111ang t\u00ecm ki\u1ebfm m\u1ed9t ph\u1ee5 ki\u1ec7n may m\u1eafn to\u00e1t l\u00ean v\u1ebb thanh l\u1ecbch v\u00e0 quy\u1ebfn r\u0169.<\/strong><\/li>\n<li><strong>Gi\u1edbi t\u00ednh:<\/strong><\/li>\n<li><strong>M\u1ed9t s\u1ea3n ph\u1ea9m \u0111a n\u0103ng ph\u00f9 h\u1ee3p cho c\u1ea3 nam v\u00e0 n\u1eef. Qu\u1ed1c gia xu\u1ea5t x\u1ee9:<\/strong><\/li>\n<li><strong>T\u1ef1 h\u00e0o c\u00f3 ngu\u1ed3n g\u1ed1c t\u1eeb Myanmar. Nh\u00e2n d\u1ecbp:<\/strong><\/li>\n<li><strong>Ph\u00f9 h\u1ee3p \u0111\u1ec3 \u0111eo h\u00e0ng ng\u00e0y c\u0169ng nh\u01b0 nh\u1eefng d\u1ecbp \u0111\u1eb7c bi\u1ec7t. Lo\u1ea1i b\u1ea3o h\u00e0nh: N\u00e2ng t\u1ea7m phong c\u00e1ch c\u1ee7a b\u1ea1n v\u1edbi chi\u1ebfc v\u00f2ng c\u1ed5 gi\u1ea3n d\u1ecb n\u00e0y, t\u00f4n l\u00ean v\u1ebb \u0111\u1eb9p c\u1ee7a ng\u1ecdc b\u00edch t\u1ef1 nhi\u00ean trong thi\u1ebft k\u1ebf v\u01b0\u1ee3t th\u1eddi gian!<\/strong><\/li>\n<\/ul>\n<p>Yi Pin Qian \u2013 Nh\u00e0 bu\u00f4n \u0111\u00e1 qu\u00fd v\u00e0 kim lo\u1ea1i qu\u00fd t\u1ea1i Singapore \u2013 S\u1ed1 gi\u1ea5y ph\u00e9p PS20190000031<\/p>\n<p>\u00a0<\/p>\n<p>*T\u1ea5t c\u1ea3 c\u00e1c lo\u1ea1i Jadeite \u0111\u01b0\u1ee3c mua t\u1eeb Yi Pin Qian t\u1ea1i Singapore, kh\u00e1ch h\u00e0ng c\u00f3 th\u1ec3 \u0111\u1eb7t l\u1ecbch \u0111\u00e1nh b\u00f3ng ho\u1eb7c s\u1eeda ch\u1eefa nh\u1ecf do x\u1eed l\u00fd sai c\u00e1ch \u2013 c\u00f3 t\u00ednh ph\u00ed v\u00e0 ch\u1ec9 d\u00e0nh cho kh\u00e1ch h\u00e0ng c\u1ee7a Yi Pin Qian t\u1ea1i Singapore*<\/p>\n<p>\u00a0<\/p>\n<p><strong>**C\u00e1c lo\u1ea1i ch\u1ee9ng ch\u1ec9**<\/strong><\/p>\n<p>\u00a0<\/p>\n<p><strong>NGI (C\u00f4ng ty \u0110\u00e1 qu\u00fd Nan Yang)<\/strong><\/p>\n<p>ho\u1eb7c <strong>Ch\u1ee9ng ch\u1ec9 n\u01b0\u1edbc ngo\u00e0i <\/strong>(Yi Pin Qian ch\u1ec9 s\u1eed d\u1ee5ng c\u00e1c ch\u1ee9ng ch\u1ec9 x\u00e1c th\u1ef1c t\u1eeb c\u00e1c ph\u00f2ng th\u00ed nghi\u1ec7m \u1edf n\u01b0\u1edbc ngo\u00e0i v\u00e0 ki\u1ec3m so\u00e1t ch\u1ea5t l\u01b0\u1ee3ng m\u1ecdi s\u1ea3n ph\u1ea9m c\u1ee7a ch\u00fang t\u00f4i tr\u01b0\u1edbc khi \u0111\u01b0a ch\u00fang ra b\u00e1n t\u1ea1i Singapore)<\/p>\n<p>\u00a0<\/p>\n<p>M\u1ed7i s\u1ea3n ph\u1ea9m tr\u00ean TikTok s\u1ebd c\u00f3 lo\u1ea1i ch\u1ee9ng ch\u1ec9 \u0111\u01b0\u1ee3c cung c\u1ea5p \u0111\u01b0\u1ee3c n\u00eau trong ph\u1ea7n m\u00f4 t\u1ea3. \u0110\u1ed1i v\u1edbi b\u1ea5t k\u1ef3 kh\u00e1ch h\u00e0ng n\u00e0o mu\u1ed1n g\u1eedi \u0111\u01a1n h\u00e0ng c\u1ee7a m\u00ecnh \u0111\u1ebfn NGI Singapore, s\u1ebd c\u00f3 th\u1eddi gian ch\u1edd giao h\u00e0ng \u01b0\u1edbc t\u00ednh kho\u1ea3ng 4 tu\u1ea7n \u0111\u1ec3 nh\u1eadn \u0111\u01b0\u1ee3c \u0111\u01a1n h\u00e0ng c\u1ee7a b\u1ea1n. <strong>Y\u00eau c\u1ea7u b\u00e1o c\u00e1o v\u1ec1 NGI Gemstone c\u1ea7n \u0111\u01b0\u1ee3c th\u1ef1c hi\u1ec7n b\u1eb1ng c\u00e1ch nh\u1eafn tin \u0111\u1ebfn c\u1eeda h\u00e0ng TikTok Yi Pin Qian.<\/strong> C\u1ea3m \u01a1n, <strong><u>\u00e1p d\u1ee5ng th\u00eam ph\u00ed<\/u><\/strong>.<\/p>\n<p>\u00a0<\/p>\n<p><strong>Jadeite t\u1ef1 nhi\u00ean kh\u00f4ng ho\u00e0n h\u1ea3o, ch\u1ec9 l\u00e0 m\u1ed9t l\u1eddi nh\u1eafc nh\u1edf nh\u1eb9 nh\u00e0ng, Jadeite t\u1ef1 nhi\u00ean c\u1ee7a ch\u00fang t\u00f4i, gi\u1ed1ng nh\u01b0 t\u1ea5t c\u1ea3 nh\u1eefng th\u1ee9 \u0111\u1eb9p \u0111\u1ebd trong t\u1ef1 nhi\u00ean, c\u00f3 nh\u1eefng \u0111\u1eb7c \u0111i\u1ec3m v\u00e0 bi\u1ebfn th\u1ec3 \u0111\u1ed9c \u0111\u00e1o. Ch\u00fang t\u00f4i m\u1eddi nh\u1eefng kh\u00e1ch h\u00e0ng c\u00f3 gi\u00e1 tr\u1ecb c\u1ee7a m\u00ecnh \u0111\u00f3n nh\u1eadn nh\u1eefng bi\u1ebfn th\u1ec3 t\u1ef1 nhi\u00ean n\u00e0y. Ch\u00fac b\u1ea1n mua s\u1eafm vui v\u1ebb!<\/strong><\/p>\n<p>\u00a0<\/p>\n<p><strong><u>Kh\u00f4ng c\u00f3 h\u00ecnh \u1ea3nh v\u00e0 c\u1ea3nh quay video n\u00e0o \u0111\u01b0\u1ee3c l\u1ecdc. Ch\u00fang t\u00f4i khuy\u1ebfn kh\u00edch kh\u00e1ch h\u00e0ng c\u1ee7a m\u00ecnh c\u0169ng xem c\u00e1c video \u0111i k\u00e8m \u0111\u1ec3 c\u00f3 c\u00e1i nh\u00ecn to\u00e0n di\u1ec7n h\u01a1n v\u1ec1 s\u1ea3n ph\u1ea9m c\u1ee7a ch\u00fang t\u00f4i<\/u><\/strong><\/p>","protected":false},"excerpt":{"rendered":"<p>M\u1eb7t d\u00e2y chuy\u1ec1n tinh x\u1ea3o n\u00e0y c\u00f3 Ng\u1ecdc b\u00edch lo\u1ea1i A trong m\u1edd t\u1ef1 nhi\u00ean m\u00e0u xanh l\u00e1 c\u00e2y nh\u1ea1t, \u0111\u01b0\u1ee3c nh\u1ea5n b\u1eb1ng m\u00f3c c\u00e0i b\u1eb1ng v\u00e0ng 18k c\u1ee7a Guanyin. L\u01b0u \u00fd: Kh\u00e1ch h\u00e0ng mua m\u1eb7t d\u00e2y chuy\u1ec1n n\u00e0y c\u00f3 th\u1ec3 s\u1eed d\u1ee5ng d\u00e2y chuy\u1ec1n m\u1ecfng \u0111\u1ec3 \u0111eo m\u1eb7t d\u00e2y chuy\u1ec1n. S\u1ed1 ch\u1ee9ng ch\u1ec9: GD2110H007655 Ch\u1ea5t li\u1ec7u: \u0110\u01b0\u1ee3c ch\u1ebf t\u00e1c b\u1eb1ng Ng\u1ecdc b\u00edch lo\u1ea1i A ch\u1ea5t l\u01b0\u1ee3ng cao v\u00e0 m\u00f3c c\u00e0i b\u1eb1ng v\u00e0ng 18k Ch\u1ee9ng ch\u1ec9: \u0110i k\u00e8m v\u1edbi m\u1ed9t ch\u1ee9ng ch\u1ec9 [\u2026]<\/p>","protected":false},"featured_media":5718,"comment_status":"open","ping_status":"closed","template":"","meta":[],"product_brand":[],"product_cat":[120,48],"product_tag":[50,52,69,107,65,55,73,75,59,60,61,62],"class_list":{"0":"post-1529","1":"product","2":"type-product","3":"status-publish","4":"has-post-thumbnail","6":"product_cat-18k-gold-setting-pendants","7":"product_cat-pendants","8":"product_tag-18k-gold","9":"product_tag-certified","10":"product_tag-clasp","11":"product_tag-guanyin","12":"product_tag-high-quality","13":"product_tag-jadeite","14":"product_tag-pendant","15":"product_tag-traditional","16":"product_tag-translucent","17":"product_tag-type-a-jadeite","18":"product_tag-unisex","19":"product_tag-yi-pin-qian-exclusive","21":"first","22":"instock","23":"sale","24":"shipping-taxable","25":"purchasable","26":"product-type-simple"},"_links":{"self":[{"href":"https:\/\/shop.yipinqian.com\/vi\/wp-json\/wp\/v2\/product\/1529","targetHints":{"allow":["GET"]}}],"collection":[{"href":"https:\/\/shop.yipinqian.com\/vi\/wp-json\/wp\/v2\/product"}],"about":[{"href":"https:\/\/shop.yipinqian.com\/vi\/wp-json\/wp\/v2\/types\/product"}],"replies":[{"embeddable":true,"href":"https:\/\/shop.yipinqian.com\/vi\/wp-json\/wp\/v2\/comments?post=1529"}],"version-history":[{"count":0,"href":"https:\/\/shop.yipinqian.com\/vi\/wp-json\/wp\/v2\/product\/1529\/revisions"}],"wp:featuredmedia":[{"embeddable":true,"href":"https:\/\/shop.yipinqian.com\/vi\/wp-json\/wp\/v2\/media\/5718"}],"wp:attachment":[{"href":"https:\/\/shop.yipinqian.com\/vi\/wp-json\/wp\/v2\/media?parent=1529"}],"wp:term":[{"taxonomy":"product_brand","embeddable":true,"href":"https:\/\/shop.yipinqian.com\/vi\/wp-json\/wp\/v2\/product_brand?post=1529"},{"taxonomy":"product_cat","embeddable":true,"href":"https:\/\/shop.yipinqian.com\/vi\/wp-json\/wp\/v2\/product_cat?post=1529"},{"taxonomy":"product_tag","embeddable":true,"href":"https:\/\/shop.yipinqian.com\/vi\/wp-json\/wp\/v2\/product_tag?post=1529"}],"curies":[{"name":"wp","href":"https:\/\/api.w.org\/{rel}","templated":true}]}}