{"id":1526,"date":"2024-10-24T23:19:52","date_gmt":"2024-10-24T15:19:52","guid":{"rendered":"https:\/\/shop.yipinqian.com\/product\/light-green-and-yellow-natural-type-a-jadeite-pendant-carved-as-snake-symbols-of-rebirth-transformation-immortality-and-healing-certificate-included-weigh-19-32-grams-47-3-25-7-13-3-mm-suitable-for-da\/"},"modified":"2025-02-24T00:49:54","modified_gmt":"2025-02-23T16:49:54","slug":"light-green-and-yellow-natural-type-a-jadeite-pendant-carved-as-snake-symbols-of-rebirth-transformation-immortality-and-healing-certificate-included-weigh-19-32-grams-47-3-25-7-13-3-mm-suitable-for-da","status":"publish","type":"product","link":"https:\/\/shop.yipinqian.com\/vi\/san-pham\/light-green-and-yellow-natural-type-a-jadeite-pendant-carved-as-snake-symbols-of-rebirth-transformation-immortality-and-healing-certificate-included-weigh-19-32-grams-47-3-25-7-13-3-mm-suitable-for-da\/","title":{"rendered":"M\u1eb7t d\u00e2y chuy\u1ec1n ng\u1ecdc b\u00edch t\u1ef1 nhi\u00ean lo\u1ea1i A m\u00e0u xanh l\u00e1 c\u00e2y nh\u1ea1t v\u00e0 v\u00e0ng \u0111\u01b0\u1ee3c ch\u1ea1m kh\u1eafc h\u00ecnh con r\u1eafn, bi\u1ec3u t\u01b0\u1ee3ng c\u1ee7a s\u1ef1 t\u00e1i sinh, chuy\u1ec3n \u0111\u1ed5i, b\u1ea5t t\u1eed v\u00e0 ch\u1eefa l\u00e0nh, c\u00f3 k\u00e8m gi\u1ea5y ch\u1ee9ng nh\u1eadn, n\u1eb7ng 19,32 gram, k\u00edch th\u01b0\u1edbc 47,3 * 25,7 * 13,3 mm, ph\u00f9 h\u1ee3p \u0111\u1ec3 \u0111eo h\u00e0ng ng\u00e0y (m\u1eb7t d\u00e2y chuy\u1ec1n76)"},"content":{"rendered":"<article class=\"lzd-article\">\n<p style=\"line-height: 1.7;text-align: left;text-indent: 0;margin-left: 0;margin-top: 0;margin-bottom: 0\"><span>M\u1eb7t d\u00e2y chuy\u1ec1n Jadeite t\u1ef1 nhi\u00ean m\u00e0u xanh l\u00e1 c\u00e2y nh\u1ea1t v\u00e0 v\u00e0ng n\u00e0y \u0111\u01b0\u1ee3c ch\u1ea1m kh\u1eafc theo h\u00ecnh con r\u1eafn, t\u01b0\u1ee3ng tr\u01b0ng cho s\u1ef1 t\u00e1i sinh, chuy\u1ec3n \u0111\u1ed5i, b\u1ea5t t\u1eed v\u00e0 ch\u1eefa l\u00e0nh. M\u1eb7t d\u00e2y chuy\u1ec1n ph\u00f9 h\u1ee3p \u0111\u1ec3 \u0111eo h\u00e0ng ng\u00e0y v\u00e0 \u0111i k\u00e8m v\u1edbi gi\u1ea5y ch\u1ee9ng nh\u1eadn x\u00e1c th\u1ef1c.<\/span><\/p>\n<p style=\"line-height: 1.7;text-align: left;text-indent: 0;margin-left: 0;margin-top: 0;margin-bottom: 0\"><span style=\"font-weight: bold\">S\u1ed1 ch\u1ee9ng ch\u1ec9: GD2110H012852<\/span><\/p>\n<p style=\"line-height: 1.7;text-align: left;text-indent: 0;margin-left: 0;margin-top: 0;margin-bottom: 0\"><span><\/span><\/p>\n<p style=\"line-height: 1.7;text-align: left;text-indent: 0;margin-left: 0;margin-top: 0;margin-bottom: 0\"><span><\/span><img decoding=\"async\" src=\"https:\/\/shop.yipinqian.com\/wp-content\/uploads\/2024\/10\/40fd936e16a62b4070842906656f6b27.jpg?from=476444299\" style=\"width: 1080;height: 1080;vertical-align: middle\"><span><\/span><\/p>\n<ul>\n<li>\n<div style=\"line-height: 1.7;text-align: left;text-indent: 0\">\n<span style=\"font-weight: bold\">\u00dd ngh\u0129a t\u01b0\u1ee3ng tr\u01b0ng:<\/span><span> Con r\u1eafn l\u00e0 bi\u1ec3u t\u01b0\u1ee3ng c\u1ee7a s\u1ef1 t\u00e1i sinh, chuy\u1ec3n \u0111\u1ed5i, b\u1ea5t t\u1eed v\u00e0 ch\u1eefa l\u00e0nh.<\/span>\n<\/div>\n<\/li>\n<li>\n<div style=\"line-height: 1.7;text-align: left;text-indent: 0\">\n<span style=\"font-weight: bold\">Jadeite t\u1ef1 nhi\u00ean lo\u1ea1i A:<\/span><span> M\u1eb7t d\u00e2y chuy\u1ec1n n\u00e0y \u0111\u01b0\u1ee3c l\u00e0m t\u1eeb ng\u1ecdc b\u00edch lo\u1ea1i A t\u1ef1 nhi\u00ean t\u1eeb Myanmar.<\/span>\n<\/div>\n<\/li>\n<li>\n<div style=\"line-height: 1.7;text-align: left;text-indent: 0\">\n<span style=\"font-weight: bold\">Gi\u1ea5y ch\u1ee9ng nh\u1eadn bao g\u1ed3m:<\/span><span> C\u00f3 k\u00e8m theo gi\u1ea5y ch\u1ee9ng nh\u1eadn x\u00e1c th\u1ef1c \u0111\u1ea3m b\u1ea3o ch\u1ea5t l\u01b0\u1ee3ng c\u1ee7a \u0111\u00e1 ng\u1ecdc b\u00edch \u0111\u01b0\u1ee3c s\u1eed d\u1ee5ng trong t\u00e1c ph\u1ea9m n\u00e0y.<\/span>\n<\/div>\n<\/li>\n<li>\n<div style=\"line-height: 1.7;text-align: left;text-indent: 0\">\n<span style=\"font-weight: bold\">Th\u00edch h\u1ee3p \u0111\u1ec3 m\u1eb7c h\u00e0ng ng\u00e0y:<\/span><span> M\u1eb7t d\u00e2y chuy\u1ec1n th\u1eddi trang n\u00e0y c\u00f3 th\u1ec3 \u0111eo trong b\u1ea5t k\u1ef3 d\u1ecbp n\u00e0o \u2013 ho\u00e0n h\u1ea3o \u0111\u1ec3 th\u00eam n\u00e9t thanh l\u1ecbch cho trang ph\u1ee5c th\u01b0\u1eddng ng\u00e0y.<\/span>\n<\/div>\n<\/li>\n<\/ul>\n<p style=\"line-height: 1.7;text-align: left;text-indent: 0;margin-left: 0;margin-top: 0;margin-bottom: 0\"><span>Chi\u1ebfc v\u00f2ng c\u1ed5 th\u01b0\u1eddng ng\u00e0y d\u00e0nh cho c\u1ea3 nam v\u00e0 n\u1eef n\u00e0y c\u00f3 k\u00edch th\u01b0\u1edbc 47,3 * 25,7 * 13,3 mm v\u00e0 n\u1eb7ng 19,32 gam \u2013 \u0111\u1ee7 nh\u1eb9 \u0111\u1ec3 \u0111eo tho\u1ea3i m\u00e1i c\u1ea3 ng\u00e0y m\u00e0 kh\u00f4ng g\u00e2y n\u1eb7ng n\u1ec1.<\/span><\/p>\n<ul>\n<li>\n<div style=\"line-height: 1.7;text-align: left;text-indent: 0\">\n<span style=\"font-weight: bold\">Ki\u1ec3u v\u00f2ng c\u1ed5 ng\u1ecdc b\u00edch: <\/span><span>B\u00ecnh th\u01b0\u1eddng<\/span>\n<\/div>\n<\/li>\n<\/ul>\n<p style=\"line-height: 1.7;text-align: left;text-indent: 0;margin-left: 0;margin-top: 0;margin-bottom: 0\"><span>H\u00e3y th\u00eam m\u00f3n \u0111\u1ed3 \u0111\u1ed9c \u0111\u00e1o n\u00e0y v\u00e0o b\u1ed9 s\u01b0u t\u1eadp trang s\u1ee9c c\u1ee7a b\u1ea1n ho\u1eb7c t\u1eb7ng n\u00f3 cho m\u1ed9t ng\u01b0\u1eddi \u0111\u1eb7c bi\u1ec7t n\u00e0o \u0111\u00f3 \u2013 ch\u1eafc ch\u1eafn b\u1ea1n s\u1ebd tr\u00e2n tr\u1ecdng n\u00f3 trong nhi\u1ec1u n\u0103m!<\/span><\/p>\n<p style=\"line-height: 1.7;text-align: left;text-indent: 0;margin-left: 0;margin-top: 0;margin-bottom: 0\"><span><\/span><\/p>\n<p style=\"line-height: 1.7;text-align: left;text-indent: 0;margin-left: 0;margin-top: 0;margin-bottom: 0\"><span>Yi Pin Qian \u2013 Nh\u00e0 bu\u00f4n \u0111\u00e1 qu\u00fd v\u00e0 kim lo\u1ea1i qu\u00fd t\u1ea1i Singapore \u2013 S\u1ed1 gi\u1ea5y ph\u00e9p PS20190000031<\/span><\/p>\n<p style=\"line-height: 1.7;text-align: left;text-indent: 0;margin-left: 0;margin-top: 0;margin-bottom: 0\"><span>*T\u1ea5t c\u1ea3 c\u00e1c lo\u1ea1i Jadeite \u0111\u01b0\u1ee3c mua t\u1eeb Yi Pin Qian t\u1ea1i Singapore, kh\u00e1ch h\u00e0ng c\u00f3 th\u1ec3 \u0111\u1eb7t l\u1ecbch \u0111\u00e1nh b\u00f3ng ho\u1eb7c s\u1eeda ch\u1eefa nh\u1ecf do x\u1eed l\u00fd sai c\u00e1ch \u2013 c\u00f3 t\u00ednh ph\u00ed v\u00e0 ch\u1ec9 d\u00e0nh cho kh\u00e1ch h\u00e0ng c\u1ee7a Yi Pin Qian t\u1ea1i Singapore*<\/span><\/p>\n<p style=\"line-height: 1.7;text-align: left;text-indent: 0;margin-left: 0;margin-top: 0;margin-bottom: 0\"><span><\/span><\/p>\n<p style=\"line-height: 1.7;text-align: left;text-indent: 0;margin-left: 0;margin-top: 0;margin-bottom: 0\"><span style=\"font-weight: bold\">**C\u00e1c lo\u1ea1i ch\u1ee9ng ch\u1ec9**<\/span><\/p>\n<p style=\"line-height: 1.7;text-align: left;text-indent: 0;margin-left: 0;margin-top: 0;margin-bottom: 0\"><span style=\"font-weight: bold\">NGI (C\u00f4ng ty \u0110\u00e1 qu\u00fd Nan Yang)<\/span><\/p>\n<p style=\"line-height: 1.7;text-align: left;text-indent: 0;margin-left: 0;margin-top: 0;margin-bottom: 0\"><span>ho\u1eb7c <\/span><span style=\"font-weight: bold\">Ch\u1ee9ng ch\u1ec9 n\u01b0\u1edbc ngo\u00e0i <\/span><span>(Yi Pin Qian ch\u1ec9 s\u1eed d\u1ee5ng c\u00e1c ch\u1ee9ng ch\u1ec9 x\u00e1c th\u1ef1c t\u1eeb c\u00e1c ph\u00f2ng th\u00ed nghi\u1ec7m \u1edf n\u01b0\u1edbc ngo\u00e0i v\u00e0 ki\u1ec3m so\u00e1t ch\u1ea5t l\u01b0\u1ee3ng m\u1ecdi s\u1ea3n ph\u1ea9m c\u1ee7a ch\u00fang t\u00f4i tr\u01b0\u1edbc khi \u0111\u01b0a ch\u00fang ra b\u00e1n t\u1ea1i Singapore)<\/span><\/p>\n<p style=\"line-height: 1.7;text-align: left;text-indent: 0;margin-left: 0;margin-top: 0;margin-bottom: 0\"><span><\/span><\/p>\n<p style=\"line-height: 1.7;text-align: left;text-indent: 0;margin-left: 0;margin-top: 0;margin-bottom: 0\"><span>M\u1ed7i s\u1ea3n ph\u1ea9m tr\u00ean TikTok s\u1ebd c\u00f3 lo\u1ea1i ch\u1ee9ng ch\u1ec9 \u0111\u01b0\u1ee3c cung c\u1ea5p \u0111\u01b0\u1ee3c n\u00eau trong ph\u1ea7n m\u00f4 t\u1ea3. \u0110\u1ed1i v\u1edbi b\u1ea5t k\u1ef3 kh\u00e1ch h\u00e0ng n\u00e0o mu\u1ed1n g\u1eedi \u0111\u01a1n h\u00e0ng c\u1ee7a m\u00ecnh \u0111\u1ebfn NGI Singapore, s\u1ebd c\u00f3 th\u1eddi gian ch\u1edd giao h\u00e0ng \u01b0\u1edbc t\u00ednh kho\u1ea3ng 4 tu\u1ea7n \u0111\u1ec3 nh\u1eadn \u0111\u01b0\u1ee3c \u0111\u01a1n h\u00e0ng c\u1ee7a b\u1ea1n. <\/span><span style=\"font-weight: bold\">Y\u00eau c\u1ea7u b\u00e1o c\u00e1o v\u1ec1 NGI Gemstone c\u1ea7n \u0111\u01b0\u1ee3c th\u1ef1c hi\u1ec7n b\u1eb1ng c\u00e1ch nh\u1eafn tin \u0111\u1ebfn c\u1eeda h\u00e0ng TikTok Yi Pin Qian.<\/span><span> C\u1ea3m \u01a1n, <\/span><span style=\"font-weight: bold;text-decoration: underline\">\u00e1p d\u1ee5ng th\u00eam ph\u00ed<\/span><span>.<\/span><\/p>\n<p style=\"line-height: 1.7;text-align: left;text-indent: 0;margin-left: 0;margin-top: 0;margin-bottom: 0\"><span><\/span><\/p>\n<p style=\"line-height: 1.7;text-align: left;text-indent: 0;margin-left: 0;margin-top: 0;margin-bottom: 0\"><span style=\"font-weight: bold\">\u0110\u00e1 Jadeite t\u1ef1 nhi\u00ean kh\u00f4ng ho\u00e0n h\u1ea3o, ch\u1ec9 l\u00e0 l\u1eddi nh\u1eafc nh\u1edf nh\u1eb9 nh\u00e0ng r\u1eb1ng \u0111\u00e1 Jadeite t\u1ef1 nhi\u00ean, gi\u1ed1ng nh\u01b0 m\u1ecdi v\u1eadt \u0111\u1eb9p \u0111\u1ebd kh\u00e1c trong t\u1ef1 nhi\u00ean, \u0111\u1ec1u c\u00f3 nh\u1eefng \u0111\u1eb7c \u0111i\u1ec3m v\u00e0 bi\u1ebfn th\u1ec3 \u0111\u1ed9c \u0111\u00e1o ri\u00eang. <\/span><\/p>\n<p style=\"line-height: 1.7;text-align: left;text-indent: 0;margin-left: 0;margin-top: 0;margin-bottom: 0\"><span style=\"font-weight: bold\"><\/span><\/p>\n<p style=\"line-height: 1.7;text-align: left;text-indent: 0;margin-left: 0;margin-top: 0;margin-bottom: 0\"><span style=\"font-weight: bold\">Ch\u00fang t\u00f4i tr\u00e2n tr\u1ecdng k\u00ednh m\u1eddi qu\u00fd kh\u00e1ch h\u00e0ng \u0111\u00f3n nh\u1eadn nh\u1eefng bi\u1ebfn th\u1ec3 t\u1ef1 nhi\u00ean n\u00e0y. Ch\u00fac b\u1ea1n mua s\u1eafm vui v\u1ebb!<\/span><\/p>\n<p style=\"line-height: 1.7;text-align: left;text-indent: 0;margin-left: 0;margin-top: 0;margin-bottom: 0\"><span style=\"font-weight: bold;text-decoration: underline\">Kh\u00f4ng c\u00f3 h\u00ecnh \u1ea3nh v\u00e0 c\u1ea3nh quay video n\u00e0o \u0111\u01b0\u1ee3c l\u1ecdc. Ch\u00fang t\u00f4i khuy\u1ebfn kh\u00edch kh\u00e1ch h\u00e0ng c\u1ee7a m\u00ecnh c\u0169ng xem c\u00e1c video \u0111i k\u00e8m \u0111\u1ec3 c\u00f3 c\u00e1i nh\u00ecn to\u00e0n di\u1ec7n h\u01a1n v\u1ec1 s\u1ea3n ph\u1ea9m c\u1ee7a ch\u00fang t\u00f4i<\/span><\/p>\n<\/article>","protected":false},"excerpt":{"rendered":"<p>M\u1eb7t d\u00e2y chuy\u1ec1n Jadeite t\u1ef1 nhi\u00ean m\u00e0u xanh l\u00e1 c\u00e2y nh\u1ea1t v\u00e0 v\u00e0ng lo\u1ea1i A n\u00e0y \u0111\u01b0\u1ee3c ch\u1ea1m kh\u1eafc theo h\u00ecnh con r\u1eafn, t\u01b0\u1ee3ng tr\u01b0ng cho s\u1ef1 t\u00e1i sinh, chuy\u1ec3n \u0111\u1ed5i, b\u1ea5t t\u1eed v\u00e0 ch\u1eefa l\u00e0nh. M\u1eb7t d\u00e2y chuy\u1ec1n ph\u00f9 h\u1ee3p \u0111\u1ec3 \u0111eo h\u00e0ng ng\u00e0y v\u00e0 \u0111i k\u00e8m v\u1edbi gi\u1ea5y ch\u1ee9ng nh\u1eadn x\u00e1c th\u1ef1c. S\u1ed1 ch\u1ee9ng nh\u1eadn: GD2110H012852 \u00dd ngh\u0129a t\u01b0\u1ee3ng tr\u01b0ng: Con r\u1eafn l\u00e0 bi\u1ec3u t\u01b0\u1ee3ng c\u1ee7a s\u1ef1 t\u00e1i sinh, chuy\u1ec3n \u0111\u1ed5i, b\u1ea5t t\u1eed v\u00e0 ch\u1eefa l\u00e0nh. [\u2026]<\/p>","protected":false},"featured_media":5698,"comment_status":"open","ping_status":"closed","template":"","meta":[],"product_brand":[],"product_cat":[194],"product_tag":[],"class_list":{"0":"post-1526","1":"product","2":"type-product","3":"status-publish","4":"has-post-thumbnail","6":"product_cat-value-picks","8":"first","9":"instock","10":"sale","11":"shipping-taxable","12":"purchasable","13":"product-type-simple"},"_links":{"self":[{"href":"https:\/\/shop.yipinqian.com\/vi\/wp-json\/wp\/v2\/product\/1526","targetHints":{"allow":["GET"]}}],"collection":[{"href":"https:\/\/shop.yipinqian.com\/vi\/wp-json\/wp\/v2\/product"}],"about":[{"href":"https:\/\/shop.yipinqian.com\/vi\/wp-json\/wp\/v2\/types\/product"}],"replies":[{"embeddable":true,"href":"https:\/\/shop.yipinqian.com\/vi\/wp-json\/wp\/v2\/comments?post=1526"}],"version-history":[{"count":0,"href":"https:\/\/shop.yipinqian.com\/vi\/wp-json\/wp\/v2\/product\/1526\/revisions"}],"wp:featuredmedia":[{"embeddable":true,"href":"https:\/\/shop.yipinqian.com\/vi\/wp-json\/wp\/v2\/media\/5698"}],"wp:attachment":[{"href":"https:\/\/shop.yipinqian.com\/vi\/wp-json\/wp\/v2\/media?parent=1526"}],"wp:term":[{"taxonomy":"product_brand","embeddable":true,"href":"https:\/\/shop.yipinqian.com\/vi\/wp-json\/wp\/v2\/product_brand?post=1526"},{"taxonomy":"product_cat","embeddable":true,"href":"https:\/\/shop.yipinqian.com\/vi\/wp-json\/wp\/v2\/product_cat?post=1526"},{"taxonomy":"product_tag","embeddable":true,"href":"https:\/\/shop.yipinqian.com\/vi\/wp-json\/wp\/v2\/product_tag?post=1526"}],"curies":[{"name":"wp","href":"https:\/\/api.w.org\/{rel}","templated":true}]}}