{"id":1525,"date":"2024-10-24T23:19:51","date_gmt":"2024-10-24T15:19:51","guid":{"rendered":"https:\/\/shop.yipinqian.com\/product\/light-green-and-yellow-natural-type-a-jadeite-jade-pendant-necklace-crafted-with-guanyin-certificate-included-weigh-34-84-grams-measurement-52-35-9-11-1-mm-pendant176\/"},"modified":"2025-02-17T00:03:59","modified_gmt":"2025-02-16T16:03:59","slug":"light-green-and-yellow-natural-type-a-jadeite-jade-pendant-necklace-crafted-with-guanyin-certificate-included-weigh-34-84-grams-measurement-52-35-9-11-1-mm-pendant176","status":"publish","type":"product","link":"https:\/\/shop.yipinqian.com\/vi\/san-pham\/light-green-and-yellow-natural-type-a-jadeite-jade-pendant-necklace-crafted-with-guanyin-certificate-included-weigh-34-84-grams-measurement-52-35-9-11-1-mm-pendant176\/","title":{"rendered":"D\u00e2y chuy\u1ec1n m\u1eb7t d\u00e2y chuy\u1ec1n b\u1eb1ng ng\u1ecdc b\u00edch t\u1ef1 nhi\u00ean m\u00e0u xanh l\u00e1 c\u00e2y nh\u1ea1t v\u00e0 v\u00e0ng lo\u1ea1i A \u0111\u01b0\u1ee3c ch\u1ebf t\u00e1c v\u1edbi t\u01b0\u1ee3ng Quan \u00c2m, c\u00f3 k\u00e8m gi\u1ea5y ch\u1ee9ng nh\u1eadn, n\u1eb7ng 34,84 gram, k\u00edch th\u01b0\u1edbc 52 * 35,9 * 11,1 mm (m\u1eb7t d\u00e2y chuy\u1ec1n176)"},"content":{"rendered":"<p>D\u00e2y chuy\u1ec1n m\u1eb7t d\u00e2y chuy\u1ec1n ng\u1ecdc b\u00edch t\u1ef1 nhi\u00ean m\u00e0u xanh l\u00e1 c\u00e2y nh\u1ea1t v\u00e0 v\u00e0ng n\u00e0y l\u00e0 m\u1ed9t m\u00f3n \u0111\u1ed3 trang s\u1ee9c tuy\u1ec7t \u0111\u1eb9p \u0111\u01b0\u1ee3c ch\u1ebf t\u00e1c v\u1edbi s\u1ef1 ch\u00fa \u00fd tuy\u1ec7t v\u1eddi \u0111\u1ebfn t\u1eebng chi ti\u1ebft. M\u1eb7t d\u00e2y chuy\u1ec1n c\u00f3 h\u00ecnh \u1ea3nh c\u1ee7a Guanyin, m\u1ed9t nh\u00e2n v\u1eadt \u0111\u01b0\u1ee3c y\u00eau th\u00edch trong Ph\u1eadt gi\u00e1o, v\u00e0 \u0111\u01b0\u1ee3c bao quanh b\u1edfi nh\u1eefng vi\u00ean ng\u1ecdc b\u00edch tuy\u1ec7t \u0111\u1eb9p \u0111\u00e3 \u0111\u01b0\u1ee3c l\u1ef1a ch\u1ecdn c\u1ea9n th\u1eadn v\u00ec v\u1ebb \u0111\u1eb9p t\u1ef1 nhi\u00ean c\u1ee7a ch\u00fang.<\/p>\n<p><img fetchpriority=\"high\" decoding=\"async\" height=\"1080\" src=\"https:\/\/shop.yipinqian.com\/wp-content\/uploads\/2024\/10\/32d3c887ad7582af03b85c45ea0d7301.jpg?from=476444299\" width=\"1080\"><\/p>\n<p><strong>S\u1ed1 ch\u1ee9ng ch\u1ec9: ZGDTE151259<\/strong><\/p>\n<ul>\n<li>\n<strong>Jadeite t\u1ef1 nhi\u00ean lo\u1ea1i A:<\/strong> Chi\u1ebfc v\u00f2ng c\u1ed5 n\u00e0y \u0111\u01b0\u1ee3c l\u00e0m t\u1eeb \u0111\u00e1 ng\u1ecdc b\u00edch lo\u1ea1i A t\u1ef1 nhi\u00ean ch\u1ea5t l\u01b0\u1ee3ng cao, mang \u0111\u1ebfn v\u1ebb ngo\u00e0i \u0111\u1ed9c \u0111\u00e1o v\u00e0 thanh l\u1ecbch.<\/li>\n<li>\n<strong>Gi\u1ea5y ch\u1ee9ng nh\u1eadn bao g\u1ed3m:<\/strong> Chi\u1ebfc v\u00f2ng c\u1ed5 n\u00e0y c\u00f3 k\u00e8m theo gi\u1ea5y ch\u1ee9ng nh\u1eadn h\u00e0ng th\u1eadt \u0111\u1ec3 \u0111\u1ea3m b\u1ea3o ch\u1ea5t l\u01b0\u1ee3ng v\u00e0 t\u00ednh x\u00e1c th\u1ef1c c\u1ee7a lo\u1ea1i ng\u1ecdc b\u00edch \u0111\u01b0\u1ee3c s\u1eed d\u1ee5ng \u0111\u1ec3 ch\u1ebf t\u00e1c n\u00f3.<\/li>\n<li>\n<strong>Thi\u1ebft k\u1ebf Unisex:<\/strong> Chi\u1ebfc v\u00f2ng c\u1ed5 n\u00e0y \u0111\u01b0\u1ee3c thi\u1ebft k\u1ebf \u0111\u1ec3 c\u1ea3 nam v\u00e0 n\u1eef \u0111\u1ec1u \u0111eo, l\u00e0 l\u1ef1a ch\u1ecdn tuy\u1ec7t v\u1eddi cho c\u00e1c c\u1eb7p \u0111\u00f4i ho\u1eb7c l\u00e0m qu\u00e0 t\u1eb7ng cho ng\u01b0\u1eddi \u0111\u1eb7c bi\u1ec7t.<\/li>\n<\/ul>\n<p>D\u00e2y chuy\u1ec1n m\u1eb7t d\u00e2y chuy\u1ec1n ng\u1ecdc b\u00edch t\u1ef1 nhi\u00ean m\u00e0u xanh l\u00e1 c\u00e2y nh\u1ea1t v\u00e0 v\u00e0ng lo\u1ea1i A n\u1eb7ng 34,84 gram, v\u1edbi k\u00edch th\u01b0\u1edbc 52 * 35,9 * 11,1 mm (m\u1eb7t d\u00e2y chuy\u1ec1n176). S\u1ea3n ph\u1ea9m n\u00e0y \u0111\u1ebfn t\u1eeb Myanmar \u2013 n\u1ed5i ti\u1ebfng v\u1edbi ng\u1ecdc b\u00edch ch\u1ea5t l\u01b0\u1ee3ng cao \u2013 khi\u1ebfn s\u1ea3n ph\u1ea9m tr\u1edf th\u00e0nh s\u1ef1 b\u1ed5 sung tuy\u1ec7t v\u1eddi cho b\u1ea5t k\u1ef3 b\u1ed9 s\u01b0u t\u1eadp n\u00e0o ho\u1eb7c l\u00e0 l\u1ef1a ch\u1ecdn qu\u00e0 t\u1eb7ng may m\u1eafn. <\/p>\n<p>Phong c\u00e1ch gi\u1ea3n d\u1ecb l\u00e0m cho chi\u1ebfc v\u00f2ng c\u1ed5 n\u00e0y ho\u00e0n h\u1ea3o \u0111\u1ec3 \u0111eo h\u00e0ng ng\u00e0y ho\u1eb7c \u0111\u1ec3 di\u1ec7n trong nh\u1eefng d\u1ecbp \u0111\u1eb7c bi\u1ec7t. Thi\u1ebft k\u1ebf \u0111\u1eb9p m\u1eaft k\u1ebft h\u1ee3p v\u1edbi ch\u1ea5t li\u1ec7u cao c\u1ea5p l\u00e0m cho m\u1eb7t d\u00e2y chuy\u1ec1n n\u00e0y n\u1ed5i b\u1eadt so v\u1edbi c\u00e1c lo\u1ea1i v\u00f2ng c\u1ed5 kh\u00e1c. Cho d\u00f9 \u0111eo nh\u01b0 m\u1ed9t ph\u1ea7n c\u1ee7a trang ph\u1ee5c hay \u0111\u01b0\u1ee3c t\u1eb7ng nh\u01b0 m\u1ed9t m\u00f3n qu\u00e0 \u0111\u1eb7c bi\u1ec7t, chi\u1ebfc v\u00f2ng c\u1ed5 m\u1eb7t d\u00e2y chuy\u1ec1n ng\u1ecdc b\u00edch t\u1ef1 nhi\u00ean m\u00e0u xanh l\u00e1 c\u00e2y nh\u1ea1t v\u00e0 v\u00e0ng n\u00e0y ch\u1eafc ch\u1eafn s\u1ebd g\u00e2y \u1ea5n t\u01b0\u1ee3ng!<\/p>","protected":false},"excerpt":{"rendered":"<p>D\u00e2y chuy\u1ec1n m\u1eb7t d\u00e2y chuy\u1ec1n b\u1eb1ng ng\u1ecdc b\u00edch t\u1ef1 nhi\u00ean m\u00e0u xanh l\u00e1 c\u00e2y nh\u1ea1t v\u00e0 v\u00e0ng n\u00e0y l\u00e0 m\u1ed9t m\u00f3n \u0111\u1ed3 trang s\u1ee9c tuy\u1ec7t \u0111\u1eb9p \u0111\u01b0\u1ee3c ch\u1ebf t\u00e1c v\u1edbi s\u1ef1 ch\u00fa \u00fd tuy\u1ec7t v\u1eddi \u0111\u1ebfn t\u1eebng chi ti\u1ebft. M\u1eb7t d\u00e2y chuy\u1ec1n c\u00f3 h\u00ecnh \u1ea3nh c\u1ee7a Guanyin, m\u1ed9t nh\u00e2n v\u1eadt \u0111\u01b0\u1ee3c y\u00eau th\u00edch trong Ph\u1eadt gi\u00e1o, v\u00e0 \u0111\u01b0\u1ee3c bao quanh b\u1edfi nh\u1eefng vi\u00ean ng\u1ecdc b\u00edch tuy\u1ec7t \u0111\u1eb9p \u0111\u00e3 \u0111\u01b0\u1ee3c l\u1ef1a ch\u1ecdn c\u1ea9n th\u1eadn v\u00ec v\u1ebb \u0111\u1eb9p t\u1ef1 nhi\u00ean c\u1ee7a ch\u00fang. [\u2026]<\/p>","protected":false},"featured_media":5688,"comment_status":"open","ping_status":"closed","template":"","meta":[],"product_brand":[],"product_cat":[48],"product_tag":[],"class_list":{"0":"post-1525","1":"product","2":"type-product","3":"status-publish","4":"has-post-thumbnail","6":"product_cat-pendants","8":"first","9":"instock","10":"sale","11":"shipping-taxable","12":"purchasable","13":"product-type-simple"},"_links":{"self":[{"href":"https:\/\/shop.yipinqian.com\/vi\/wp-json\/wp\/v2\/product\/1525","targetHints":{"allow":["GET"]}}],"collection":[{"href":"https:\/\/shop.yipinqian.com\/vi\/wp-json\/wp\/v2\/product"}],"about":[{"href":"https:\/\/shop.yipinqian.com\/vi\/wp-json\/wp\/v2\/types\/product"}],"replies":[{"embeddable":true,"href":"https:\/\/shop.yipinqian.com\/vi\/wp-json\/wp\/v2\/comments?post=1525"}],"version-history":[{"count":0,"href":"https:\/\/shop.yipinqian.com\/vi\/wp-json\/wp\/v2\/product\/1525\/revisions"}],"wp:featuredmedia":[{"embeddable":true,"href":"https:\/\/shop.yipinqian.com\/vi\/wp-json\/wp\/v2\/media\/5688"}],"wp:attachment":[{"href":"https:\/\/shop.yipinqian.com\/vi\/wp-json\/wp\/v2\/media?parent=1525"}],"wp:term":[{"taxonomy":"product_brand","embeddable":true,"href":"https:\/\/shop.yipinqian.com\/vi\/wp-json\/wp\/v2\/product_brand?post=1525"},{"taxonomy":"product_cat","embeddable":true,"href":"https:\/\/shop.yipinqian.com\/vi\/wp-json\/wp\/v2\/product_cat?post=1525"},{"taxonomy":"product_tag","embeddable":true,"href":"https:\/\/shop.yipinqian.com\/vi\/wp-json\/wp\/v2\/product_tag?post=1525"}],"curies":[{"name":"wp","href":"https:\/\/api.w.org\/{rel}","templated":true}]}}