{"id":1524,"date":"2024-10-24T23:19:51","date_gmt":"2024-10-24T15:19:51","guid":{"rendered":"https:\/\/shop.yipinqian.com\/product\/light-green-and-yellow-natural-type-a-jadeite-jade-crafted-with-dragon-and-pheonix-as-pendant-certificate-weigh-96-95-grams-measurement-90-2-55-7-11-5-mm-pendant222\/"},"modified":"2025-02-24T01:17:30","modified_gmt":"2025-02-23T17:17:30","slug":"light-green-and-yellow-natural-type-a-jadeite-jade-crafted-with-dragon-and-pheonix-as-pendant-certificate-weigh-96-95-grams-measurement-90-2-55-7-11-5-mm-pendant222","status":"publish","type":"product","link":"https:\/\/shop.yipinqian.com\/vi\/san-pham\/light-green-and-yellow-natural-type-a-jadeite-jade-crafted-with-dragon-and-pheonix-as-pendant-certificate-weigh-96-95-grams-measurement-90-2-55-7-11-5-mm-pendant222\/","title":{"rendered":"Ng\u1ecdc b\u00edch t\u1ef1 nhi\u00ean lo\u1ea1i A m\u00e0u xanh l\u00e1 c\u00e2y nh\u1ea1t v\u00e0 v\u00e0ng \u0111\u01b0\u1ee3c ch\u1ebf t\u00e1c v\u1edbi h\u00ecnh r\u1ed3ng v\u00e0 ph\u01b0\u1ee3ng ho\u00e0ng l\u00e0m m\u1eb7t d\u00e2y chuy\u1ec1n, Gi\u1ea5y ch\u1ee9ng nh\u1eadn n\u1eb7ng 96,95 gram, k\u00edch th\u01b0\u1edbc 90,2 * 55,7 * 11,5 mm (m\u1eb7t d\u00e2y chuy\u1ec1n222)"},"content":{"rendered":"<p>Hand-carved jadeite pendant with dragon and phoenix design<\/p>\n<p>In Chinese mythology, the dragon and phoenix symbolize the perfect union of yin and yang\u2014strength meets grace, fire harmonizes with water. This pendant isn\u2019t just a masterpiece of craftsmanship; it\u2019s a celestial dance frozen in stone. Gift it to a partner to honor a bond that transcends time, or wear it yourself to embody the balance of power and compassion.<\/p>\n<p>L\u00e0m n\u1ed5i b\u1eadt v\u1ebb ngo\u00e0i c\u1ee7a b\u1ea1n v\u1edbi M\u1eb7t d\u00e2y chuy\u1ec1n ng\u1ecdc b\u00edch t\u1ef1 nhi\u00ean m\u00e0u xanh l\u00e1 c\u00e2y nh\u1ea1t v\u00e0 v\u00e0ng tuy\u1ec7t \u0111\u1eb9p n\u00e0y c\u00f3 h\u00ecnh r\u1ed3ng v\u00e0 ph\u01b0\u1ee3ng tinh x\u1ea3o \u0111\u01b0\u1ee3c ch\u1ebf t\u00e1c \u0111\u1eb9p m\u1eaft. N\u1eb7ng 96,95 gram, m\u1eb7t d\u00e2y chuy\u1ec1n n\u00e0y c\u00f3 k\u00edch th\u01b0\u1edbc 90,2 * 55,7 * 11,5 mm, l\u00e0 ph\u1ee5 ki\u1ec7n ho\u00e0n h\u1ea3o \u0111\u1ec3 \u0111eo h\u00e0ng ng\u00e0y.<\/p>\n<p>\u00a0<\/p>\n<p>S\u1ed1 ch\u1ee9ng ch\u1ec9: HJS2006045717<\/p>\n<ul>\n<li><strong>Lo\u1ea1i ng\u1ecdc b\u00edch:<\/strong> Ng\u1ecdc b\u00edch<\/li>\n<li><strong>Ki\u1ec3u trang s\u1ee9c:<\/strong> V\u00f2ng c\u1ed5 th\u01b0\u1eddng ng\u00e0y<\/li>\n<li><strong>Gi\u1ea5y ch\u1ee9ng nh\u1eadn:<\/strong> \u0110\u00fang<\/li>\n<li><strong>N\u01b0\u1edbc xu\u1ea5t x\u1ee9:<\/strong> Mi\u1ebfn \u0110i\u1ec7n<\/li>\n<li>D\u1ecbp s\u1eed d\u1ee5ng: M\u1eb7c h\u00e0ng ng\u00e0y<\/li>\n<li>M\u1eb7t d\u00e2y chuy\u1ec1n th\u1ee7 c\u00f4ng n\u00e0y \u0111\u01b0\u1ee3c l\u00e0m t\u1eeb ng\u1ecdc b\u00edch jadeite t\u1ef1 nhi\u00ean ch\u1ea5t l\u01b0\u1ee3ng cao, l\u00e0 m\u00f3n qu\u00e0 ho\u00e0n h\u1ea3o cho m\u1ed9t ng\u01b0\u1eddi \u0111\u1eb7c bi\u1ec7t ho\u1eb7c \u0111\u1ec3 b\u1ed5 sung v\u00e0o b\u1ed9 s\u01b0u t\u1eadp trang s\u1ee9c c\u1ee7a b\u1ea1n. R\u1ed3ng t\u01b0\u1ee3ng tr\u01b0ng cho s\u1ee9c m\u1ea1nh v\u00e0 th\u00e0nh c\u00f4ng trong khi Ph\u01b0\u1ee3ng ho\u00e0ng t\u01b0\u1ee3ng tr\u01b0ng cho s\u1ef1 t\u00e1i sinh, chuy\u1ec3n \u0111\u1ed5i v\u00e0 \u0111\u1ed5i m\u1edbi; c\u00f9ng nhau ch\u00fang mang l\u1ea1i s\u1ef1 c\u00e2n b\u1eb1ng c\u1ee7a n\u0103ng l\u01b0\u1ee3ng \u00c2m D\u01b0\u01a1ng trong cu\u1ed9c s\u1ed1ng. Th\u00eam n\u00e9t thanh l\u1ecbch cho b\u1ea5t k\u1ef3 trang ph\u1ee5c n\u00e0o v\u1edbi m\u1eb7t d\u00e2y chuy\u1ec1n ng\u1ecdc b\u00edch unisex n\u00e0y kh\u00f4ng c\u00f3 b\u1ea5t k\u1ef3 r\u00e0ng bu\u1ed9c b\u1ea3o h\u00e0nh n\u00e0o; h\u00e3y \u0111\u1eb7t h\u00e0ng ngay!<\/li>\n<\/ul>\n<p>Yi Pin Qian \u2013 Nh\u00e0 bu\u00f4n \u0111\u00e1 qu\u00fd v\u00e0 kim lo\u1ea1i qu\u00fd t\u1ea1i Singapore \u2013 S\u1ed1 gi\u1ea5y ph\u00e9p PS20190000031<\/p>\n<p>\u00a0<\/p>\n<p>*T\u1ea5t c\u1ea3 c\u00e1c lo\u1ea1i Jadeite \u0111\u01b0\u1ee3c mua t\u1eeb Yi Pin Qian t\u1ea1i Singapore, kh\u00e1ch h\u00e0ng c\u00f3 th\u1ec3 \u0111\u1eb7t l\u1ecbch \u0111\u00e1nh b\u00f3ng ho\u1eb7c s\u1eeda ch\u1eefa nh\u1ecf do x\u1eed l\u00fd sai c\u00e1ch \u2013 c\u00f3 t\u00ednh ph\u00ed v\u00e0 ch\u1ec9 d\u00e0nh cho kh\u00e1ch h\u00e0ng c\u1ee7a Yi Pin Qian t\u1ea1i Singapore*<\/p>\n<p>\u00a0<\/p>\n<p><strong>**C\u00e1c lo\u1ea1i ch\u1ee9ng ch\u1ec9**<\/strong><\/p>\n<p>\u00a0<\/p>\n<p><strong>NGI (C\u00f4ng ty \u0110\u00e1 qu\u00fd Nan Yang)<\/strong><\/p>\n<p>ho\u1eb7c <strong>Ch\u1ee9ng ch\u1ec9 n\u01b0\u1edbc ngo\u00e0i <\/strong>(Yi Pin Qian ch\u1ec9 s\u1eed d\u1ee5ng c\u00e1c ch\u1ee9ng ch\u1ec9 x\u00e1c th\u1ef1c t\u1eeb c\u00e1c ph\u00f2ng th\u00ed nghi\u1ec7m \u1edf n\u01b0\u1edbc ngo\u00e0i v\u00e0 ki\u1ec3m so\u00e1t ch\u1ea5t l\u01b0\u1ee3ng m\u1ecdi s\u1ea3n ph\u1ea9m c\u1ee7a ch\u00fang t\u00f4i tr\u01b0\u1edbc khi \u0111\u01b0a ch\u00fang ra b\u00e1n t\u1ea1i Singapore)<\/p>\n<p>\u00a0<\/p>\n<p>M\u1ed7i s\u1ea3n ph\u1ea9m tr\u00ean TikTok s\u1ebd c\u00f3 lo\u1ea1i ch\u1ee9ng ch\u1ec9 \u0111\u01b0\u1ee3c cung c\u1ea5p \u0111\u01b0\u1ee3c n\u00eau trong ph\u1ea7n m\u00f4 t\u1ea3. \u0110\u1ed1i v\u1edbi b\u1ea5t k\u1ef3 kh\u00e1ch h\u00e0ng n\u00e0o mu\u1ed1n g\u1eedi \u0111\u01a1n h\u00e0ng c\u1ee7a m\u00ecnh \u0111\u1ebfn NGI Singapore, s\u1ebd c\u00f3 th\u1eddi gian ch\u1edd giao h\u00e0ng \u01b0\u1edbc t\u00ednh kho\u1ea3ng 4 tu\u1ea7n \u0111\u1ec3 nh\u1eadn \u0111\u01b0\u1ee3c \u0111\u01a1n h\u00e0ng c\u1ee7a b\u1ea1n. <strong>Y\u00eau c\u1ea7u b\u00e1o c\u00e1o v\u1ec1 NGI Gemstone c\u1ea7n \u0111\u01b0\u1ee3c th\u1ef1c hi\u1ec7n b\u1eb1ng c\u00e1ch nh\u1eafn tin \u0111\u1ebfn c\u1eeda h\u00e0ng TikTok Yi Pin Qian.<\/strong> C\u1ea3m \u01a1n, <strong><u>\u00e1p d\u1ee5ng th\u00eam ph\u00ed<\/u><\/strong>.<\/p>\n<p>\u00a0<\/p>\n<p><strong>Jadeite t\u1ef1 nhi\u00ean kh\u00f4ng ho\u00e0n h\u1ea3o, ch\u1ec9 l\u00e0 m\u1ed9t l\u1eddi nh\u1eafc nh\u1edf nh\u1eb9 nh\u00e0ng, Jadeite t\u1ef1 nhi\u00ean c\u1ee7a ch\u00fang t\u00f4i, gi\u1ed1ng nh\u01b0 t\u1ea5t c\u1ea3 nh\u1eefng th\u1ee9 \u0111\u1eb9p \u0111\u1ebd trong t\u1ef1 nhi\u00ean, c\u00f3 nh\u1eefng \u0111\u1eb7c \u0111i\u1ec3m v\u00e0 bi\u1ebfn th\u1ec3 \u0111\u1ed9c \u0111\u00e1o. Ch\u00fang t\u00f4i m\u1eddi nh\u1eefng kh\u00e1ch h\u00e0ng c\u00f3 gi\u00e1 tr\u1ecb c\u1ee7a m\u00ecnh \u0111\u00f3n nh\u1eadn nh\u1eefng bi\u1ebfn th\u1ec3 t\u1ef1 nhi\u00ean n\u00e0y. Ch\u00fac b\u1ea1n mua s\u1eafm vui v\u1ebb!<\/strong><\/p>\n<p>\u00a0<\/p>\n<p><strong><u>Kh\u00f4ng c\u00f3 h\u00ecnh \u1ea3nh v\u00e0 c\u1ea3nh quay video n\u00e0o \u0111\u01b0\u1ee3c l\u1ecdc. Ch\u00fang t\u00f4i khuy\u1ebfn kh\u00edch kh\u00e1ch h\u00e0ng c\u1ee7a m\u00ecnh c\u0169ng xem c\u00e1c video \u0111i k\u00e8m \u0111\u1ec3 c\u00f3 c\u00e1i nh\u00ecn to\u00e0n di\u1ec7n h\u01a1n v\u1ec1 s\u1ea3n ph\u1ea9m c\u1ee7a ch\u00fang t\u00f4i<\/u><\/strong><\/p>","protected":false},"excerpt":{"rendered":"<p>Hand-carved jadeite pendant with dragon and phoenix design In Chinese mythology, the dragon and phoenix symbolize the perfect union of yin and yang\u2014strength meets grace, fire harmonizes with water. This pendant isn\u2019t just a masterpiece of craftsmanship; it\u2019s a celestial dance frozen in stone. Gift it to a partner to honor a bond that transcends [&hellip;]<\/p>","protected":false},"featured_media":5678,"comment_status":"open","ping_status":"closed","template":"","meta":[],"product_brand":[],"product_cat":[195],"product_tag":[],"class_list":{"0":"post-1524","1":"product","2":"type-product","3":"status-publish","4":"has-post-thumbnail","6":"product_cat-heirloom-grade","8":"first","9":"instock","10":"sale","11":"shipping-taxable","12":"purchasable","13":"product-type-simple"},"_links":{"self":[{"href":"https:\/\/shop.yipinqian.com\/vi\/wp-json\/wp\/v2\/product\/1524","targetHints":{"allow":["GET"]}}],"collection":[{"href":"https:\/\/shop.yipinqian.com\/vi\/wp-json\/wp\/v2\/product"}],"about":[{"href":"https:\/\/shop.yipinqian.com\/vi\/wp-json\/wp\/v2\/types\/product"}],"replies":[{"embeddable":true,"href":"https:\/\/shop.yipinqian.com\/vi\/wp-json\/wp\/v2\/comments?post=1524"}],"version-history":[{"count":0,"href":"https:\/\/shop.yipinqian.com\/vi\/wp-json\/wp\/v2\/product\/1524\/revisions"}],"wp:featuredmedia":[{"embeddable":true,"href":"https:\/\/shop.yipinqian.com\/vi\/wp-json\/wp\/v2\/media\/5678"}],"wp:attachment":[{"href":"https:\/\/shop.yipinqian.com\/vi\/wp-json\/wp\/v2\/media?parent=1524"}],"wp:term":[{"taxonomy":"product_brand","embeddable":true,"href":"https:\/\/shop.yipinqian.com\/vi\/wp-json\/wp\/v2\/product_brand?post=1524"},{"taxonomy":"product_cat","embeddable":true,"href":"https:\/\/shop.yipinqian.com\/vi\/wp-json\/wp\/v2\/product_cat?post=1524"},{"taxonomy":"product_tag","embeddable":true,"href":"https:\/\/shop.yipinqian.com\/vi\/wp-json\/wp\/v2\/product_tag?post=1524"}],"curies":[{"name":"wp","href":"https:\/\/api.w.org\/{rel}","templated":true}]}}