{"id":1523,"date":"2024-10-24T23:19:50","date_gmt":"2024-10-24T15:19:50","guid":{"rendered":"https:\/\/shop.yipinqian.com\/product\/light-green-and-white-natural-type-a-jadeite-pendant-necklace-crafted-as-domineering-dragon-water-absorbing-pendant-symbols-of-rise-to-prominence-certificate-included-weigh-43-48-grams-56-5-36-8-13-4\/"},"modified":"2025-02-17T00:03:58","modified_gmt":"2025-02-16T16:03:58","slug":"light-green-and-white-natural-type-a-jadeite-pendant-necklace-crafted-as-domineering-dragon-water-absorbing-pendant-symbols-of-rise-to-prominence-certificate-included-weigh-43-48-grams-56-5-36-8-13-4","status":"publish","type":"product","link":"https:\/\/shop.yipinqian.com\/vi\/san-pham\/light-green-and-white-natural-type-a-jadeite-pendant-necklace-crafted-as-domineering-dragon-water-absorbing-pendant-symbols-of-rise-to-prominence-certificate-included-weigh-43-48-grams-56-5-36-8-13-4\/","title":{"rendered":"D\u00e2y chuy\u1ec1n m\u1eb7t \u0111\u00e1 Jadeite t\u1ef1 nhi\u00ean m\u00e0u xanh l\u00e1 c\u00e2y nh\u1ea1t v\u00e0 tr\u1eafng lo\u1ea1i A \u0111\u01b0\u1ee3c ch\u1ebf t\u00e1c nh\u01b0 m\u1eb7t d\u00e2y chuy\u1ec1n h\u1ea5p th\u1ee5 n\u01b0\u1edbc h\u00ecnh r\u1ed3ng th\u1ed1ng tr\u1ecb, bi\u1ec3u t\u01b0\u1ee3ng c\u1ee7a s\u1ef1 v\u01b0\u01a1n l\u00ean n\u1ed5i b\u1eadt, c\u00f3 k\u00e8m gi\u1ea5y ch\u1ee9ng nh\u1eadn, n\u1eb7ng 43,48 gram, k\u00edch th\u01b0\u1edbc 56,5 * 36,8 * 13,4 mm, ph\u00f9 h\u1ee3p \u0111\u1ec3 \u0111eo h\u00e0ng ng\u00e0y (m\u1eb7t d\u00e2y chuy\u1ec1n37)"},"content":{"rendered":"<p>H\u00e3y s\u1eb5n s\u00e0ng b\u1eaft \u0111\u1ea7u ng\u00e0y m\u1edbi th\u1eadt phong c\u00e1ch v\u1edbi M\u1eb7t d\u00e2y chuy\u1ec1n b\u1eb1ng \u0111\u00e1 Jadeite t\u1ef1 nhi\u00ean lo\u1ea1i A m\u00e0u xanh l\u00e1 c\u00e2y nh\u1ea1t v\u00e0 tr\u1eafng n\u00e0y!<\/p>\n<ul>\n<li>\n<strong>Bi\u1ec3u t\u01b0\u1ee3ng c\u1ee7a quy\u1ec1n l\u1ef1c:<\/strong> \u0110\u01b0\u1ee3c ch\u1ebf t\u00e1c nh\u01b0 m\u1ed9t m\u1eb7t d\u00e2y chuy\u1ec1n h\u00ecnh con r\u1ed3ng uy nghi h\u00fat n\u01b0\u1edbc, chi\u1ebfc v\u00f2ng c\u1ed5 n\u00e0y t\u01b0\u1ee3ng tr\u01b0ng cho s\u1ef1 v\u01b0\u01a1n l\u00ean n\u1ed5i b\u1eadt.<\/li>\n<li>\n<strong>Ng\u1ecdc b\u00edch t\u1ef1 nhi\u00ean:<\/strong> \u0110\u01b0\u1ee3c l\u00e0m t\u1eeb \u0111\u00e1 ng\u1ecdc b\u00edch lo\u1ea1i A t\u1ef1 nhi\u00ean, chi\u1ebfc v\u00f2ng c\u1ed5 n\u00e0y th\u1ef1c s\u1ef1 l\u00e0 m\u1ed9t b\u00e1u v\u1eadt.<\/li>\n<li>\n<strong>S\u1ef1 ph\u00f9 h\u1ee3p:<\/strong> V\u1edbi tr\u1ecdng l\u01b0\u1ee3ng 43,48 gram v\u00e0 k\u00edch th\u01b0\u1edbc 56,5 * 36,8 * 13,4 mm, s\u1ea3n ph\u1ea9m ho\u00e0n h\u1ea3o \u0111\u1ec3 \u0111eo h\u00e0ng ng\u00e0y ho\u1eb7c l\u00e0m v\u1eadt s\u01b0u t\u1ea7m.<\/li>\n<\/ul>\n<p>Chi\u1ebfc v\u00f2ng c\u1ed5 n\u00e0y c\u00f3 k\u00e8m theo m\u1ed9t gi\u1ea5y ch\u1ee9ng nh\u1eadn \u0111\u1ec3 b\u1ea1n an t\u00e2m, trong khi ngu\u1ed3n g\u1ed1c c\u1ee7a n\u00f3 n\u1eb1m \u1edf v\u00f9ng \u0111\u1ea5t huy\u1ec1n b\u00ed Myanmar.<\/p>\n<ul>\n<li>\n<strong>Gi\u1ea5y ch\u1ee9ng nh\u1eadn:<\/strong> S\u1ea3n ph\u1ea9m n\u00e0y c\u00f3 k\u00e8m theo gi\u1ea5y ch\u1ee9ng nh\u1eadn!<\/li>\n<\/ul>\n<p><strong>S\u1ed1 ch\u1ee9ng ch\u1ec9: GD2112H014155<\/strong><\/p>\n<p><img fetchpriority=\"high\" decoding=\"async\" height=\"1080\" src=\"https:\/\/shop.yipinqian.com\/wp-content\/uploads\/2024\/10\/3dc3c7585170930ce31fbc391bea8325.jpg?from=476444299\" width=\"1080\"><\/p>\n<ul>\n<li>\n<strong>D\u00e0nh cho m\u1ee5c \u0111\u00edch s\u1eed d\u1ee5ng h\u00e0ng ng\u00e0y: <\/strong>Ph\u1ee5 ki\u1ec7n ho\u00e0n h\u1ea3o \u0111\u1ec3 \u0111eo h\u00e0ng ng\u00e0y!<\/li>\n<\/ul>\n<p><img decoding=\"async\" height=\"1080\" src=\"https:\/\/shop.yipinqian.com\/wp-content\/uploads\/2024\/10\/3b7f59c6938f88a157d34f5a2110047d.jpg?from=476444299\" width=\"1080\"><\/p>\n<p>D\u00e2y chuy\u1ec1n m\u1eb7t d\u00e2y chuy\u1ec1n unisex n\u00e0y c\u00f3 phong c\u00e1ch gi\u1ea3n d\u1ecb, ph\u00f9 h\u1ee3p ho\u00e0n h\u1ea3o v\u1edbi m\u1ecdi trang ph\u1ee5c b\u1ea1n ch\u1ecdn! \u0110\u1eebng b\u1ecf l\u1ee1 vi\u1ec7c th\u00eam n\u00f3 v\u00e0o b\u1ed9 s\u01b0u t\u1eadp trang s\u1ee9c c\u1ee7a b\u1ea1n ngay h\u00f4m nay!<\/p>\n<p>\u00a0<\/p>\n<p>Yi Pin Qian \u2013 Nh\u00e0 bu\u00f4n \u0111\u00e1 qu\u00fd v\u00e0 kim lo\u1ea1i qu\u00fd t\u1ea1i Singapore \u2013 S\u1ed1 gi\u1ea5y ph\u00e9p PS20190000031<\/p>\n<p>\u00a0<\/p>\n<p>*T\u1ea5t c\u1ea3 c\u00e1c lo\u1ea1i Jadeite \u0111\u01b0\u1ee3c mua t\u1eeb Yi Pin Qian t\u1ea1i Singapore, kh\u00e1ch h\u00e0ng c\u00f3 th\u1ec3 \u0111\u1eb7t l\u1ecbch \u0111\u00e1nh b\u00f3ng ho\u1eb7c s\u1eeda ch\u1eefa nh\u1ecf do x\u1eed l\u00fd sai c\u00e1ch \u2013 c\u00f3 t\u00ednh ph\u00ed v\u00e0 ch\u1ec9 d\u00e0nh cho kh\u00e1ch h\u00e0ng c\u1ee7a Yi Pin Qian t\u1ea1i Singapore*<\/p>\n<p>\u00a0<\/p>\n<p><strong>**C\u00e1c lo\u1ea1i ch\u1ee9ng ch\u1ec9**<\/strong><\/p>\n<p>\u00a0<\/p>\n<p><strong>NGI (C\u00f4ng ty \u0110\u00e1 qu\u00fd Nan Yang)<\/strong><\/p>\n<p>ho\u1eb7c <strong>Ch\u1ee9ng ch\u1ec9 n\u01b0\u1edbc ngo\u00e0i <\/strong>(Yi Pin Qian ch\u1ec9 s\u1eed d\u1ee5ng c\u00e1c ch\u1ee9ng ch\u1ec9 x\u00e1c th\u1ef1c t\u1eeb c\u00e1c ph\u00f2ng th\u00ed nghi\u1ec7m \u1edf n\u01b0\u1edbc ngo\u00e0i v\u00e0 ki\u1ec3m so\u00e1t ch\u1ea5t l\u01b0\u1ee3ng m\u1ecdi s\u1ea3n ph\u1ea9m c\u1ee7a ch\u00fang t\u00f4i tr\u01b0\u1edbc khi \u0111\u01b0a ch\u00fang ra b\u00e1n t\u1ea1i Singapore)<\/p>\n<p>\u00a0<\/p>\n<p>M\u1ed7i s\u1ea3n ph\u1ea9m tr\u00ean TikTok s\u1ebd c\u00f3 lo\u1ea1i ch\u1ee9ng ch\u1ec9 \u0111\u01b0\u1ee3c cung c\u1ea5p \u0111\u01b0\u1ee3c n\u00eau trong ph\u1ea7n m\u00f4 t\u1ea3. \u0110\u1ed1i v\u1edbi b\u1ea5t k\u1ef3 kh\u00e1ch h\u00e0ng n\u00e0o mu\u1ed1n g\u1eedi \u0111\u01a1n h\u00e0ng c\u1ee7a m\u00ecnh \u0111\u1ebfn NGI Singapore, s\u1ebd c\u00f3 th\u1eddi gian ch\u1edd giao h\u00e0ng \u01b0\u1edbc t\u00ednh kho\u1ea3ng 4 tu\u1ea7n \u0111\u1ec3 nh\u1eadn \u0111\u01b0\u1ee3c \u0111\u01a1n h\u00e0ng c\u1ee7a b\u1ea1n. <strong>Y\u00eau c\u1ea7u b\u00e1o c\u00e1o v\u1ec1 NGI Gemstone c\u1ea7n \u0111\u01b0\u1ee3c th\u1ef1c hi\u1ec7n b\u1eb1ng c\u00e1ch nh\u1eafn tin \u0111\u1ebfn c\u1eeda h\u00e0ng TikTok Yi Pin Qian.<\/strong> C\u1ea3m \u01a1n, <strong><u>\u00e1p d\u1ee5ng th\u00eam ph\u00ed<\/u><\/strong>.<\/p>\n<p>\u00a0<\/p>\n<p><strong>Jadeite t\u1ef1 nhi\u00ean kh\u00f4ng ho\u00e0n h\u1ea3o, ch\u1ec9 l\u00e0 m\u1ed9t l\u1eddi nh\u1eafc nh\u1edf nh\u1eb9 nh\u00e0ng, Jadeite t\u1ef1 nhi\u00ean c\u1ee7a ch\u00fang t\u00f4i, gi\u1ed1ng nh\u01b0 t\u1ea5t c\u1ea3 nh\u1eefng th\u1ee9 \u0111\u1eb9p \u0111\u1ebd trong t\u1ef1 nhi\u00ean, c\u00f3 nh\u1eefng \u0111\u1eb7c \u0111i\u1ec3m v\u00e0 bi\u1ebfn th\u1ec3 \u0111\u1ed9c \u0111\u00e1o. Ch\u00fang t\u00f4i m\u1eddi nh\u1eefng kh\u00e1ch h\u00e0ng c\u00f3 gi\u00e1 tr\u1ecb c\u1ee7a m\u00ecnh \u0111\u00f3n nh\u1eadn nh\u1eefng bi\u1ebfn th\u1ec3 t\u1ef1 nhi\u00ean n\u00e0y. Ch\u00fac b\u1ea1n mua s\u1eafm vui v\u1ebb!<\/strong><\/p>\n<p>\u00a0<\/p>\n<p><strong><u>Kh\u00f4ng c\u00f3 h\u00ecnh \u1ea3nh v\u00e0 c\u1ea3nh quay video n\u00e0o \u0111\u01b0\u1ee3c l\u1ecdc. Ch\u00fang t\u00f4i khuy\u1ebfn kh\u00edch kh\u00e1ch h\u00e0ng c\u1ee7a m\u00ecnh c\u0169ng xem c\u00e1c video \u0111i k\u00e8m \u0111\u1ec3 c\u00f3 c\u00e1i nh\u00ecn to\u00e0n di\u1ec7n h\u01a1n v\u1ec1 s\u1ea3n ph\u1ea9m c\u1ee7a ch\u00fang t\u00f4i<\/u><\/strong><\/p>","protected":false},"excerpt":{"rendered":"<p>H\u00e3y s\u1eb5n s\u00e0ng \u0111\u1ec3 \u0111\u00f3n ch\u00e0o ng\u00e0y m\u1edbi theo phong c\u00e1ch v\u1edbi M\u1eb7t d\u00e2y chuy\u1ec1n Jadeite t\u1ef1 nhi\u00ean m\u00e0u xanh l\u00e1 c\u00e2y nh\u1ea1t v\u00e0 tr\u1eafng lo\u1ea1i A n\u00e0y! Bi\u1ec3u t\u01b0\u1ee3ng c\u1ee7a s\u1ee9c m\u1ea1nh: \u0110\u01b0\u1ee3c ch\u1ebf t\u00e1c nh\u01b0 m\u1ed9t m\u1eb7t d\u00e2y chuy\u1ec1n h\u1ea5p th\u1ee5 n\u01b0\u1edbc h\u00ecnh con r\u1ed3ng th\u1ed1ng tr\u1ecb, chi\u1ebfc v\u00f2ng c\u1ed5 n\u00e0y t\u01b0\u1ee3ng tr\u01b0ng cho s\u1ef1 v\u01b0\u01a1n l\u00ean n\u1ed5i b\u1eadt. Jadeite t\u1ef1 nhi\u00ean: \u0110\u01b0\u1ee3c l\u00e0m t\u1eeb jadeite t\u1ef1 nhi\u00ean lo\u1ea1i A, chi\u1ebfc v\u00f2ng c\u1ed5 n\u00e0y l\u00e0 m\u1ed9t b\u00e1u v\u1eadt th\u1ef1c s\u1ef1. Ph\u00f9 h\u1ee3p: V\u1edbi [\u2026]<\/p>","protected":false},"featured_media":5670,"comment_status":"open","ping_status":"closed","template":"","meta":[],"product_brand":[],"product_cat":[48],"product_tag":[],"class_list":{"0":"post-1523","1":"product","2":"type-product","3":"status-publish","4":"has-post-thumbnail","6":"product_cat-pendants","8":"first","9":"instock","10":"sale","11":"shipping-taxable","12":"purchasable","13":"product-type-simple"},"_links":{"self":[{"href":"https:\/\/shop.yipinqian.com\/vi\/wp-json\/wp\/v2\/product\/1523","targetHints":{"allow":["GET"]}}],"collection":[{"href":"https:\/\/shop.yipinqian.com\/vi\/wp-json\/wp\/v2\/product"}],"about":[{"href":"https:\/\/shop.yipinqian.com\/vi\/wp-json\/wp\/v2\/types\/product"}],"replies":[{"embeddable":true,"href":"https:\/\/shop.yipinqian.com\/vi\/wp-json\/wp\/v2\/comments?post=1523"}],"version-history":[{"count":0,"href":"https:\/\/shop.yipinqian.com\/vi\/wp-json\/wp\/v2\/product\/1523\/revisions"}],"wp:featuredmedia":[{"embeddable":true,"href":"https:\/\/shop.yipinqian.com\/vi\/wp-json\/wp\/v2\/media\/5670"}],"wp:attachment":[{"href":"https:\/\/shop.yipinqian.com\/vi\/wp-json\/wp\/v2\/media?parent=1523"}],"wp:term":[{"taxonomy":"product_brand","embeddable":true,"href":"https:\/\/shop.yipinqian.com\/vi\/wp-json\/wp\/v2\/product_brand?post=1523"},{"taxonomy":"product_cat","embeddable":true,"href":"https:\/\/shop.yipinqian.com\/vi\/wp-json\/wp\/v2\/product_cat?post=1523"},{"taxonomy":"product_tag","embeddable":true,"href":"https:\/\/shop.yipinqian.com\/vi\/wp-json\/wp\/v2\/product_tag?post=1523"}],"curies":[{"name":"wp","href":"https:\/\/api.w.org\/{rel}","templated":true}]}}