{"id":1520,"date":"2024-10-24T23:19:49","date_gmt":"2024-10-24T15:19:49","guid":{"rendered":"https:\/\/shop.yipinqian.com\/product\/lavender-with-little-light-green-natural-type-a-jadeite-jade-crafted-as-bamboo-and-bee-as-a-pendant-certificate-weigh-33-64-grams-measurement-49-7-25-1-13-2-mm-pendant199\/"},"modified":"2025-02-17T00:03:58","modified_gmt":"2025-02-16T16:03:58","slug":"lavender-with-little-light-green-natural-type-a-jadeite-jade-crafted-as-bamboo-and-bee-as-a-pendant-certificate-weigh-33-64-grams-measurement-49-7-25-1-13-2-mm-pendant199","status":"publish","type":"product","link":"https:\/\/shop.yipinqian.com\/vi\/san-pham\/lavender-with-little-light-green-natural-type-a-jadeite-jade-crafted-as-bamboo-and-bee-as-a-pendant-certificate-weigh-33-64-grams-measurement-49-7-25-1-13-2-mm-pendant199\/","title":{"rendered":"Hoa o\u1ea3i h\u01b0\u01a1ng v\u1edbi m\u1ed9t ch\u00fat m\u00e0u xanh l\u00e1 c\u00e2y nh\u1ea1t t\u1ef1 nhi\u00ean lo\u1ea1i A Jadeite Jade \u0111\u01b0\u1ee3c ch\u1ebf t\u00e1c nh\u01b0 Tre v\u00e0 Ong l\u00e0m M\u1eb7t d\u00e2y chuy\u1ec1n, gi\u1ea5y ch\u1ee9ng nh\u1eadn n\u1eb7ng 33,64 gram, k\u00edch th\u01b0\u1edbc 49,7 * 25,1 * 13,2 mm (pendant199)"},"content":{"rendered":"<p>M\u1eb7t d\u00e2y chuy\u1ec1n b\u1eb1ng ng\u1ecdc b\u00edch Jadeite t\u1ef1 nhi\u00ean m\u00e0u xanh l\u00e1 c\u00e2y nh\u1ea1t lo\u1ea1i A m\u00e0u hoa o\u1ea3i h\u01b0\u01a1ng n\u00e0y \u0111\u01b0\u1ee3c ch\u1ebf t\u00e1c th\u00e0nh m\u1eb7t d\u00e2y chuy\u1ec1n b\u1eb1ng tre v\u00e0 ong l\u00e0 m\u1ed9t m\u00f3n \u0111\u1ed3 trang s\u1ee9c tuy\u1ec7t \u0111\u1eb9p ch\u1eafc ch\u1eafn s\u1ebd thu h\u00fat m\u1ecdi \u00e1nh nh\u00ecn. \u0110\u01b0\u1ee3c l\u00e0m t\u1eeb ng\u1ecdc b\u00edch Jadeite ch\u1ea5t l\u01b0\u1ee3ng cao, m\u1eb7t d\u00e2y chuy\u1ec1n n\u00e0y v\u1eeba \u0111\u1eb9p v\u1eeba b\u1ec1n, khi\u1ebfn n\u00f3 tr\u1edf th\u00e0nh s\u1ef1 b\u1ed5 sung ho\u00e0n h\u1ea3o cho b\u1ea5t k\u1ef3 b\u1ed9 s\u01b0u t\u1eadp n\u00e0o.<\/p>\n<p>\u00a0<\/p>\n<p><strong>S\u1ed1 ch\u1ee9ng ch\u1ec9: GD2110H012860<\/strong><\/p>\n<ul>\n<li>\n<strong>Thi\u1ebft k\u1ebf \u0111\u1ed9c \u0111\u00e1o:<\/strong> \u0110\u01b0\u1ee3c ch\u1ebf t\u00e1c theo h\u00ecnh d\u1ea1ng c\u1ee7a m\u1ed9t c\u00e2y m\u0103ng v\u1edbi m\u1ed9t ch\u00fa ong \u0111\u1eadu tr\u00ean \u0111\u1ec9nh, m\u1eb7t d\u00e2y chuy\u1ec1n n\u00e0y c\u00f3 thi\u1ebft k\u1ebf thanh l\u1ecbch v\u00e0 \u0111\u1ed9c \u0111\u00e1o, n\u1ed5i b\u1eadt so v\u1edbi nh\u1eefng s\u1ea3n ph\u1ea9m kh\u00e1c trong b\u1ed9 s\u01b0u t\u1eadp c\u1ee7a b\u1ea1n.<\/li>\n<li>\n<strong>Jadeite t\u1ef1 nhi\u00ean lo\u1ea1i A:<\/strong> \u0110\u01b0\u1ee3c l\u00e0m t\u1eeb ng\u1ecdc b\u00edch t\u1ef1 nhi\u00ean lo\u1ea1i A, m\u1eb7t d\u00e2y chuy\u1ec1n n\u00e0y c\u00f3 m\u00e0u s\u1eafc v\u00e0 k\u1ebft c\u1ea5u tuy\u1ec7t \u0111\u1eb9p v\u00e0 s\u1ebd ng\u00e0y c\u00e0ng \u0111\u1eb9p h\u01a1n theo th\u1eddi gian.<\/li>\n<li>\n<strong>Gi\u1ea5y ch\u1ee9ng nh\u1eadn C\u00e2n n\u1eb7ng:<\/strong> S\u1ea3n ph\u1ea9m n\u00e0y c\u00f3 k\u00e8m theo ch\u1ee9ng ch\u1ec9 ri\u00eang v\u1edbi tr\u1ecdng l\u01b0\u1ee3ng 33,64 gram \u0111\u1ea3m b\u1ea3o t\u00ednh x\u00e1c th\u1ef1c v\u00e0 ch\u1ea5t l\u01b0\u1ee3ng<\/li>\n<li>\n<strong>K\u00edch th\u01b0\u1edbc m\u1eb7t d\u00e2y chuy\u1ec1n: <\/strong>K\u00edch th\u01b0\u1edbc c\u1ee7a m\u1eb7t d\u00e2y chuy\u1ec1n tuy\u1ec7t \u0111\u1eb9p n\u00e0y l\u00e0 49,7 * 25,1 * 13,2 mm, r\u1ea5t ph\u00f9 h\u1ee3p \u0111\u1ec3 \u0111eo h\u00e0ng ng\u00e0y<\/li>\n<\/ul>\n<p>\u0110\u00e1 t\u1ef1 nhi\u00ean Lavender n\u00e0y lu\u00f4n g\u1eafn li\u1ec1n v\u1edbi ho\u00e0ng gia v\u00e0 t\u00e2m linh trong khi Tre t\u01b0\u1ee3ng tr\u01b0ng cho s\u1ee9c m\u1ea1nh v\u00e0 tu\u1ed5i th\u1ecd, khi\u1ebfn n\u00f3 tr\u1edf th\u00e0nh m\u00f3n qu\u00e0 l\u00fd t\u01b0\u1edfng cho nh\u1eefng ng\u01b0\u1eddi th\u00e2n y\u00eau c\u1ee7a b\u1ea1n trong b\u1ea5t k\u1ef3 d\u1ecbp \u0111\u1eb7c bi\u1ec7t n\u00e0o ho\u1eb7c ch\u1ec9 l\u00e0 m\u1ed9t c\u1eed ch\u1ec9 \u0111\u00e1nh gi\u00e1 cao. Con ong \u1edf tr\u00ean c\u00f9ng t\u01b0\u1ee3ng tr\u01b0ng cho h\u1ea1nh ph\u00fac c\u1ed9ng \u0111\u1ed3ng c\u00f9ng v\u1edbi s\u1ef1 ch\u0103m ch\u1ec9, khi\u1ebfn n\u00f3 tr\u1edf n\u00ean \u0111\u1eb7c bi\u1ec7t h\u01a1n n\u1eefa. \u0110\u1eebng b\u1ecf l\u1ee1 vi\u1ec7c th\u00eam nh\u1eefng m\u00f3n \u0111\u1ed3 trang s\u1ee9c \u0111\u1ed9c \u0111\u00e1o nh\u01b0 th\u1ebf n\u00e0y v\u00e0o b\u1ed9 s\u01b0u t\u1eadp c\u1ee7a b\u1ea1n!<\/p>\n<p>\u00a0<\/p>\n<p>Yi Pin Qian \u2013 Nh\u00e0 bu\u00f4n \u0111\u00e1 qu\u00fd v\u00e0 kim lo\u1ea1i qu\u00fd t\u1ea1i Singapore \u2013 S\u1ed1 gi\u1ea5y ph\u00e9p PS20190000031<\/p>\n<p>\u00a0<\/p>\n<p>*T\u1ea5t c\u1ea3 c\u00e1c lo\u1ea1i Jadeite \u0111\u01b0\u1ee3c mua t\u1eeb Yi Pin Qian t\u1ea1i Singapore, kh\u00e1ch h\u00e0ng c\u00f3 th\u1ec3 \u0111\u1eb7t l\u1ecbch \u0111\u00e1nh b\u00f3ng ho\u1eb7c s\u1eeda ch\u1eefa nh\u1ecf do x\u1eed l\u00fd sai c\u00e1ch \u2013 c\u00f3 t\u00ednh ph\u00ed v\u00e0 ch\u1ec9 d\u00e0nh cho kh\u00e1ch h\u00e0ng c\u1ee7a Yi Pin Qian t\u1ea1i Singapore*<\/p>\n<p>\u00a0<\/p>\n<p><strong>**C\u00e1c lo\u1ea1i ch\u1ee9ng ch\u1ec9**<\/strong><\/p>\n<p>\u00a0<\/p>\n<p><strong>NGI (C\u00f4ng ty \u0110\u00e1 qu\u00fd Nan Yang)<\/strong><\/p>\n<p>ho\u1eb7c <strong>Ch\u1ee9ng ch\u1ec9 n\u01b0\u1edbc ngo\u00e0i <\/strong>(Yi Pin Qian ch\u1ec9 s\u1eed d\u1ee5ng c\u00e1c ch\u1ee9ng ch\u1ec9 x\u00e1c th\u1ef1c t\u1eeb c\u00e1c ph\u00f2ng th\u00ed nghi\u1ec7m \u1edf n\u01b0\u1edbc ngo\u00e0i v\u00e0 ki\u1ec3m so\u00e1t ch\u1ea5t l\u01b0\u1ee3ng m\u1ecdi s\u1ea3n ph\u1ea9m c\u1ee7a ch\u00fang t\u00f4i tr\u01b0\u1edbc khi \u0111\u01b0a ch\u00fang ra b\u00e1n t\u1ea1i Singapore)<\/p>\n<p>\u00a0<\/p>\n<p>M\u1ed7i s\u1ea3n ph\u1ea9m tr\u00ean TikTok s\u1ebd c\u00f3 lo\u1ea1i ch\u1ee9ng ch\u1ec9 \u0111\u01b0\u1ee3c cung c\u1ea5p \u0111\u01b0\u1ee3c n\u00eau trong ph\u1ea7n m\u00f4 t\u1ea3. \u0110\u1ed1i v\u1edbi b\u1ea5t k\u1ef3 kh\u00e1ch h\u00e0ng n\u00e0o mu\u1ed1n g\u1eedi \u0111\u01a1n h\u00e0ng c\u1ee7a m\u00ecnh \u0111\u1ebfn NGI Singapore, s\u1ebd c\u00f3 th\u1eddi gian ch\u1edd giao h\u00e0ng \u01b0\u1edbc t\u00ednh kho\u1ea3ng 4 tu\u1ea7n \u0111\u1ec3 nh\u1eadn \u0111\u01b0\u1ee3c \u0111\u01a1n h\u00e0ng c\u1ee7a b\u1ea1n. <strong>Y\u00eau c\u1ea7u b\u00e1o c\u00e1o v\u1ec1 NGI Gemstone c\u1ea7n \u0111\u01b0\u1ee3c th\u1ef1c hi\u1ec7n b\u1eb1ng c\u00e1ch nh\u1eafn tin \u0111\u1ebfn c\u1eeda h\u00e0ng TikTok Yi Pin Qian.<\/strong> C\u1ea3m \u01a1n, <strong><u>\u00e1p d\u1ee5ng th\u00eam ph\u00ed<\/u><\/strong>.<\/p>\n<p>\u00a0<\/p>\n<p><strong>Jadeite t\u1ef1 nhi\u00ean kh\u00f4ng ho\u00e0n h\u1ea3o, ch\u1ec9 l\u00e0 m\u1ed9t l\u1eddi nh\u1eafc nh\u1edf nh\u1eb9 nh\u00e0ng, Jadeite t\u1ef1 nhi\u00ean c\u1ee7a ch\u00fang t\u00f4i, gi\u1ed1ng nh\u01b0 t\u1ea5t c\u1ea3 nh\u1eefng th\u1ee9 \u0111\u1eb9p \u0111\u1ebd trong t\u1ef1 nhi\u00ean, c\u00f3 nh\u1eefng \u0111\u1eb7c \u0111i\u1ec3m v\u00e0 bi\u1ebfn th\u1ec3 \u0111\u1ed9c \u0111\u00e1o. Ch\u00fang t\u00f4i m\u1eddi nh\u1eefng kh\u00e1ch h\u00e0ng c\u00f3 gi\u00e1 tr\u1ecb c\u1ee7a m\u00ecnh \u0111\u00f3n nh\u1eadn nh\u1eefng bi\u1ebfn th\u1ec3 t\u1ef1 nhi\u00ean n\u00e0y. Ch\u00fac b\u1ea1n mua s\u1eafm vui v\u1ebb!<\/strong><\/p>\n<p>\u00a0<\/p>\n<p><strong><u>Kh\u00f4ng c\u00f3 h\u00ecnh \u1ea3nh v\u00e0 c\u1ea3nh quay video n\u00e0o \u0111\u01b0\u1ee3c l\u1ecdc. Ch\u00fang t\u00f4i khuy\u1ebfn kh\u00edch kh\u00e1ch h\u00e0ng c\u1ee7a m\u00ecnh c\u0169ng xem c\u00e1c video \u0111i k\u00e8m \u0111\u1ec3 c\u00f3 c\u00e1i nh\u00ecn to\u00e0n di\u1ec7n h\u01a1n v\u1ec1 s\u1ea3n ph\u1ea9m c\u1ee7a ch\u00fang t\u00f4i<\/u><\/strong><\/p>\n<p>\u00a0<\/p>\n<p>.<\/p>","protected":false},"excerpt":{"rendered":"<p>M\u1eb7t d\u00e2y chuy\u1ec1n b\u1eb1ng ng\u1ecdc b\u00edch Jadeite t\u1ef1 nhi\u00ean m\u00e0u xanh l\u00e1 c\u00e2y nh\u1ea1t m\u00e0u hoa o\u1ea3i h\u01b0\u01a1ng n\u00e0y \u0111\u01b0\u1ee3c ch\u1ebf t\u00e1c nh\u01b0 m\u1eb7t d\u00e2y chuy\u1ec1n b\u1eb1ng tre v\u00e0 ong l\u00e0 m\u1ed9t m\u00f3n \u0111\u1ed3 trang s\u1ee9c tuy\u1ec7t \u0111\u1eb9p ch\u1eafc ch\u1eafn s\u1ebd thu h\u00fat m\u1ecdi \u00e1nh nh\u00ecn. \u0110\u01b0\u1ee3c l\u00e0m t\u1eeb ng\u1ecdc b\u00edch Jadeite ch\u1ea5t l\u01b0\u1ee3ng cao, m\u1eb7t d\u00e2y chuy\u1ec1n n\u00e0y v\u1eeba \u0111\u1eb9p v\u1eeba b\u1ec1n, khi\u1ebfn n\u00f3 tr\u1edf th\u00e0nh s\u1ef1 b\u1ed5 sung ho\u00e0n h\u1ea3o cho b\u1ea5t k\u1ef3 b\u1ed9 s\u01b0u t\u1eadp n\u00e0o. S\u1ed1 ch\u1ee9ng ch\u1ec9: GD2110H012860 \u0110\u1ed9c \u0111\u00e1o [\u2026]<\/p>","protected":false},"featured_media":5641,"comment_status":"open","ping_status":"closed","template":"","meta":[],"product_brand":[],"product_cat":[48],"product_tag":[],"class_list":{"0":"post-1520","1":"product","2":"type-product","3":"status-publish","4":"has-post-thumbnail","6":"product_cat-pendants","8":"first","9":"instock","10":"sale","11":"shipping-taxable","12":"purchasable","13":"product-type-simple"},"_links":{"self":[{"href":"https:\/\/shop.yipinqian.com\/vi\/wp-json\/wp\/v2\/product\/1520","targetHints":{"allow":["GET"]}}],"collection":[{"href":"https:\/\/shop.yipinqian.com\/vi\/wp-json\/wp\/v2\/product"}],"about":[{"href":"https:\/\/shop.yipinqian.com\/vi\/wp-json\/wp\/v2\/types\/product"}],"replies":[{"embeddable":true,"href":"https:\/\/shop.yipinqian.com\/vi\/wp-json\/wp\/v2\/comments?post=1520"}],"version-history":[{"count":0,"href":"https:\/\/shop.yipinqian.com\/vi\/wp-json\/wp\/v2\/product\/1520\/revisions"}],"wp:featuredmedia":[{"embeddable":true,"href":"https:\/\/shop.yipinqian.com\/vi\/wp-json\/wp\/v2\/media\/5641"}],"wp:attachment":[{"href":"https:\/\/shop.yipinqian.com\/vi\/wp-json\/wp\/v2\/media?parent=1520"}],"wp:term":[{"taxonomy":"product_brand","embeddable":true,"href":"https:\/\/shop.yipinqian.com\/vi\/wp-json\/wp\/v2\/product_brand?post=1520"},{"taxonomy":"product_cat","embeddable":true,"href":"https:\/\/shop.yipinqian.com\/vi\/wp-json\/wp\/v2\/product_cat?post=1520"},{"taxonomy":"product_tag","embeddable":true,"href":"https:\/\/shop.yipinqian.com\/vi\/wp-json\/wp\/v2\/product_tag?post=1520"}],"curies":[{"name":"wp","href":"https:\/\/api.w.org\/{rel}","templated":true}]}}