{"id":1519,"date":"2024-10-24T23:19:49","date_gmt":"2024-10-24T15:19:49","guid":{"rendered":"https:\/\/shop.yipinqian.com\/product\/lavender-with-green-patches-crafted-with-people-moutains-trees-bridge-water-good-for-boosting-personal-fengshui-natural-type-a-jadeite-pendant-necklace-with-certificate-weigh-42-92-grams-51-5-36-2-11\/"},"modified":"2025-02-17T00:03:58","modified_gmt":"2025-02-16T16:03:58","slug":"lavender-with-green-patches-crafted-with-people-moutains-trees-bridge-water-good-for-boosting-personal-fengshui-natural-type-a-jadeite-pendant-necklace-with-certificate-weigh-42-92-grams-51-5-36-2-11","status":"publish","type":"product","link":"https:\/\/shop.yipinqian.com\/vi\/san-pham\/lavender-with-green-patches-crafted-with-people-moutains-trees-bridge-water-good-for-boosting-personal-fengshui-natural-type-a-jadeite-pendant-necklace-with-certificate-weigh-42-92-grams-51-5-36-2-11\/","title":{"rendered":"Hoa o\u1ea3i h\u01b0\u01a1ng v\u1edbi nh\u1eefng m\u1ea3ng xanh \u0110\u01b0\u1ee3c ch\u1ebf t\u00e1c v\u1edbi Con ng\u01b0\u1eddi, N\u00fai, C\u00e2y c\u1ed1i, C\u1ea7u, N\u01b0\u1edbc, t\u1ed1t cho vi\u1ec7c t\u0103ng c\u01b0\u1eddng phong th\u1ee7y c\u00e1 nh\u00e2n D\u00e2y chuy\u1ec1n m\u1eb7t d\u00e2y chuy\u1ec1n b\u1eb1ng \u0111\u00e1 Jadeite t\u1ef1 nhi\u00ean lo\u1ea1i A k\u00e8m gi\u1ea5y ch\u1ee9ng nh\u1eadn n\u1eb7ng 42,92 gam, 51,5 * 36,2 * 11,5 mm"},"content":{"rendered":"<p>D\u00e2y chuy\u1ec1n m\u1eb7t d\u00e2y chuy\u1ec1n ng\u1ecdc b\u00edch t\u1ef1 nhi\u00ean lo\u1ea1i A m\u00e0u hoa o\u1ea3i h\u01b0\u01a1ng v\u1edbi c\u00e1c m\u1ea3ng xanh n\u00e0y l\u00e0 ph\u1ee5 ki\u1ec7n ho\u00e0n h\u1ea3o \u0111\u1ec3 t\u0103ng c\u01b0\u1eddng phong th\u1ee7y c\u00e1 nh\u00e2n. \u0110\u01b0\u1ee3c ch\u1ebf t\u00e1c v\u1edbi c\u00e1c h\u00ecnh \u1ea3nh ph\u1ee9c t\u1ea1p v\u1ec1 Con ng\u01b0\u1eddi, N\u00fai, C\u00e2y c\u1ed1i, c\u00e2y c\u1ea7u v\u00e0 n\u01b0\u1edbc tr\u00ean b\u1ec1 m\u1eb7t, chi\u1ebfc v\u00f2ng c\u1ed5 n\u00e0y l\u00e0 m\u1ed9t t\u00e1c ph\u1ea9m ngh\u1ec7 thu\u1eadt tuy\u1ec7t \u0111\u1eb9p. N\u1eb7ng 42,92 gam v\u00e0 c\u00f3 k\u00edch th\u01b0\u1edbc 51,5 * 36,2 * 11,5 mm, \u0111\u00e2y l\u00e0 m\u1ed9t t\u00e1c ph\u1ea9m tuy\u1ec7t \u0111\u1eb9p, mang \u0111\u1ebfn n\u00e9t thanh l\u1ecbch cho b\u1ea5t k\u1ef3 trang ph\u1ee5c n\u00e0o.<\/p>\n<ul>\n<li><strong>C\u00e1c t\u00ednh n\u0103ng ch\u00ednh:<\/strong><\/li>\n<li>T\u0103ng c\u01b0\u1eddng phong th\u1ee7y c\u00e1 nh\u00e2n<\/li>\n<li>\u0110\u01b0\u1ee3c ch\u1ebf t\u00e1c v\u1edbi nh\u1eefng h\u00ecnh \u1ea3nh m\u00f4 t\u1ea3 ph\u1ee9c t\u1ea1p<\/li>\n<li>N\u1eb7ng 42,92 gram v\u00e0 c\u00f3 k\u00edch th\u01b0\u1edbc: 51.*36.*11.mm<\/li>\n<\/ul>\n<p>D\u00e2y chuy\u1ec1n m\u1eb7t \u0111\u00e1 Jadeite lo\u1ea1i A t\u1ef1 nhi\u00ean n\u00e0y \u0111i k\u00e8m v\u1edbi gi\u1ea5y ch\u1ee9ng nh\u1eadn \u0111\u1ea3m b\u1ea3o t\u00ednh x\u00e1c th\u1ef1c \u0111\u1ec3 b\u1ea1n c\u00f3 th\u1ec3 t\u1ef1 tin \u0111eo.<\/p>\n<p><strong>S\u1ed1 ch\u1ee9ng ch\u1ec9: GD2112H007836<\/strong><\/p>\n<p><img fetchpriority=\"high\" decoding=\"async\" height=\"1080\" src=\"https:\/\/shop.yipinqian.com\/wp-content\/uploads\/2024\/10\/da6139e192f5d472d86ce6e100281555.jpg?from=476444299\" width=\"1080\"><\/p>\n<p><strong>D\u1ecaP: <\/strong>M\u1eb7c h\u00e0ng ng\u00e0y khi \u0111i l\u00e0m ho\u1eb7c \u0111i ch\u01a1i b\u00ecnh th\u01b0\u1eddng.<\/p>\n<p>V\u1edbi phong c\u00e1ch v\u00f2ng c\u1ed5 th\u01b0\u1eddng ng\u00e0y v\u00e0 thi\u1ebft k\u1ebf Unisex, chi\u1ebfc v\u00f2ng c\u1ed5 n\u00e0y c\u00f3 th\u1ec3 \u0111\u01b0\u1ee3c \u0111eo b\u1edfi b\u1ea5t k\u1ef3 ai mu\u1ed1n th\u00eam m\u1ed9t ch\u00fat v\u1ebb \u0111\u1eb9p t\u1ef1 nhi\u00ean v\u00e0o t\u1ee7 \u0111\u1ed3 c\u1ee7a m\u00ecnh. Ki\u1ec3m so\u00e1t m\u1ee9c n\u0103ng l\u01b0\u1ee3ng c\u1ee7a b\u1ea1n b\u1eb1ng c\u00e1ch \u0111eo chi\u1ebfc v\u00f2ng c\u1ed5 m\u1eb7t d\u00e2y chuy\u1ec1n ng\u1ecdc b\u00edch t\u1ef1 nhi\u00ean lo\u1ea1i A m\u00e0u hoa o\u1ea3i h\u01b0\u01a1ng v\u1edbi c\u00e1c m\u1ea3ng xanh l\u00e1 c\u00e2y tuy\u1ec7t \u0111\u1eb9p n\u00e0y khi b\u1ea1n th\u1ef1c hi\u1ec7n c\u00e1c ho\u1ea1t \u0111\u1ed9ng h\u00e0ng ng\u00e0y c\u1ee7a m\u00ecnh!<\/p>","protected":false},"excerpt":{"rendered":"<p>This Lavender with green patches Natural Type A Jadeite Pendant Necklace is the perfect accessory for boosting personal fengshui. Crafted with intricate depictions of People, Mountains, Trees, bridge and water on its surface, this necklace is a splendid work of art. Weighing 42.92 grams and measuring 51.5 * 36.2 * 11.5 mm in size, it [&hellip;]<\/p>","protected":false},"featured_media":5633,"comment_status":"open","ping_status":"closed","template":"","meta":[],"product_brand":[],"product_cat":[48],"product_tag":[],"class_list":{"0":"post-1519","1":"product","2":"type-product","3":"status-publish","4":"has-post-thumbnail","6":"product_cat-pendants","8":"first","9":"instock","10":"sale","11":"shipping-taxable","12":"purchasable","13":"product-type-simple"},"_links":{"self":[{"href":"https:\/\/shop.yipinqian.com\/vi\/wp-json\/wp\/v2\/product\/1519","targetHints":{"allow":["GET"]}}],"collection":[{"href":"https:\/\/shop.yipinqian.com\/vi\/wp-json\/wp\/v2\/product"}],"about":[{"href":"https:\/\/shop.yipinqian.com\/vi\/wp-json\/wp\/v2\/types\/product"}],"replies":[{"embeddable":true,"href":"https:\/\/shop.yipinqian.com\/vi\/wp-json\/wp\/v2\/comments?post=1519"}],"version-history":[{"count":0,"href":"https:\/\/shop.yipinqian.com\/vi\/wp-json\/wp\/v2\/product\/1519\/revisions"}],"wp:featuredmedia":[{"embeddable":true,"href":"https:\/\/shop.yipinqian.com\/vi\/wp-json\/wp\/v2\/media\/5633"}],"wp:attachment":[{"href":"https:\/\/shop.yipinqian.com\/vi\/wp-json\/wp\/v2\/media?parent=1519"}],"wp:term":[{"taxonomy":"product_brand","embeddable":true,"href":"https:\/\/shop.yipinqian.com\/vi\/wp-json\/wp\/v2\/product_brand?post=1519"},{"taxonomy":"product_cat","embeddable":true,"href":"https:\/\/shop.yipinqian.com\/vi\/wp-json\/wp\/v2\/product_cat?post=1519"},{"taxonomy":"product_tag","embeddable":true,"href":"https:\/\/shop.yipinqian.com\/vi\/wp-json\/wp\/v2\/product_tag?post=1519"}],"curies":[{"name":"wp","href":"https:\/\/api.w.org\/{rel}","templated":true}]}}