{"id":1518,"date":"2024-10-24T23:19:49","date_gmt":"2024-10-24T15:19:49","guid":{"rendered":"https:\/\/shop.yipinqian.com\/product\/lavender-natural-type-a-jadeite-pendant-crafted-with-eagle-meaning-win-good-for-businesse-majesty-power-and-freedrom-certificate-weight-75-8150-gram-57-54-20-15-10-mm-pendant111\/"},"modified":"2025-02-24T00:49:54","modified_gmt":"2025-02-23T16:49:54","slug":"lavender-natural-type-a-jadeite-pendant-crafted-with-eagle-meaning-win-good-for-businesse-majesty-power-and-freedrom-certificate-weight-75-8150-gram-57-54-20-15-10-mm-pendant111","status":"publish","type":"product","link":"https:\/\/shop.yipinqian.com\/vi\/san-pham\/lavender-natural-type-a-jadeite-pendant-crafted-with-eagle-meaning-win-good-for-businesse-majesty-power-and-freedrom-certificate-weight-75-8150-gram-57-54-20-15-10-mm-pendant111\/","title":{"rendered":"M\u1eb7t d\u00e2y chuy\u1ec1n ng\u1ecdc b\u00edch t\u1ef1 nhi\u00ean lo\u1ea1i A m\u00e0u hoa o\u1ea3i h\u01b0\u01a1ng \u0111\u01b0\u1ee3c ch\u1ebf t\u00e1c v\u1edbi bi\u1ec3u t\u01b0\u1ee3ng \u0111\u1ea1i b\u00e0ng mang \u00fd ngh\u0129a chi\u1ebfn th\u1eafng, t\u1ed1t cho c\u00f4ng vi\u1ec7c kinh doanh, uy nghi\u00eam, quy\u1ec1n l\u1ef1c v\u00e0 t\u1ef1 do, tr\u1ecdng l\u01b0\u1ee3ng ch\u1ee9ng ch\u1ec9 75,8150 gram, 57 * 54,20 * 15,10 mm (m\u1eb7t d\u00e2y chuy\u1ec1n111)"},"content":{"rendered":"<p>M\u1eb7t d\u00e2y chuy\u1ec1n Jadeite t\u1ef1 nhi\u00ean m\u00e0u hoa o\u1ea3i h\u01b0\u01a1ng lo\u1ea1i A n\u00e0y l\u00e0 m\u1ed9t s\u1ef1 b\u1ed5 sung tuy\u1ec7t \u0111\u1eb9p cho b\u1ea5t k\u1ef3 b\u1ed9 s\u01b0u t\u1eadp trang s\u1ee9c n\u00e0o. Con \u0111\u1ea1i b\u00e0ng \u0111\u01b0\u1ee3c ch\u1ea1m kh\u1eafc tinh x\u1ea3o t\u01b0\u1ee3ng tr\u01b0ng cho chi\u1ebfn th\u1eafng, quy\u1ec1n l\u1ef1c v\u00e0 t\u1ef1 do, khi\u1ebfn n\u00f3 tr\u1edf n\u00ean ho\u00e0n h\u1ea3o \u0111\u1ec3 \u0111eo h\u00e0ng ng\u00e0y v\u1edbi phong c\u00e1ch v\u00f2ng c\u1ed5 gi\u1ea3n d\u1ecb.<\/p>\n<ul>\n<li>V\u1edbi tr\u1ecdng l\u01b0\u1ee3ng 75,8150 gram v\u00e0 k\u00edch th\u01b0\u1edbc 57 * 54,20 * 15,10 mm, m\u1eb7t d\u00e2y chuy\u1ec1n n\u00e0y ch\u1eafc ch\u1eafn s\u1ebd t\u1ea1o n\u00ean \u1ea5n t\u01b0\u1ee3ng.<\/li>\n<li>M\u1eb7t d\u00e2y chuy\u1ec1n n\u00e0y c\u00f3 k\u00e8m theo gi\u1ea5y ch\u1ee9ng nh\u1eadn x\u00e1c nh\u1eadn ch\u1ea5t l\u01b0\u1ee3ng v\u00e0 ngu\u1ed3n g\u1ed1c c\u1ee7a s\u1ea3n ph\u1ea9m t\u1ea1i Myanmar.<\/li>\n<\/ul>\n<p><strong>S\u1ed1 ch\u1ee9ng ch\u1ec9: 183318169<\/strong><\/p>\n<p><img fetchpriority=\"high\" decoding=\"async\" height=\"1080\" src=\"https:\/\/shop.yipinqian.com\/wp-content\/uploads\/2024\/10\/89c361f3dfbae66c4fb659dd5e270e8a.jpg?from=476444299\" width=\"1080\"><img decoding=\"async\" height=\"1080\" src=\"https:\/\/shop.yipinqian.com\/wp-content\/uploads\/2024\/10\/66ceaa200e715eba24221deb6f7f7610.jpg?from=476444299\" width=\"1080\"><\/p>\n<p>\u0110eo m\u1eb7t d\u00e2y chuy\u1ec1n unisex n\u00e0y c\u00f3 th\u1ec3 mang l\u1ea1i may m\u1eafn cho c\u00f4ng vi\u1ec7c kinh doanh c\u1ee7a b\u1ea1n v\u00e0 t\u0103ng th\u00eam s\u1ef1 uy nghi\u00eam c\u0169ng nh\u01b0 quy\u1ec1n l\u1ef1c trong cu\u1ed9c s\u1ed1ng h\u00e0ng ng\u00e0y m\u00e0 kh\u00f4ng c\u00f3 b\u1ea5t k\u1ef3 h\u1ea1n ch\u1ebf n\u00e0o v\u1ec1 lo\u1ea1i b\u1ea3o h\u00e0nh!<\/p>\n<p>\u00a0<\/p>\n<p>Yi Pin Qian \u2013 Nh\u00e0 bu\u00f4n \u0111\u00e1 qu\u00fd v\u00e0 kim lo\u1ea1i qu\u00fd t\u1ea1i Singapore \u2013 S\u1ed1 gi\u1ea5y ph\u00e9p PS20190000031<\/p>\n<p>\u00a0<\/p>\n<p>*T\u1ea5t c\u1ea3 c\u00e1c lo\u1ea1i Jadeite \u0111\u01b0\u1ee3c mua t\u1eeb Yi Pin Qian t\u1ea1i Singapore, kh\u00e1ch h\u00e0ng c\u00f3 th\u1ec3 \u0111\u1eb7t l\u1ecbch \u0111\u00e1nh b\u00f3ng ho\u1eb7c s\u1eeda ch\u1eefa nh\u1ecf do x\u1eed l\u00fd sai c\u00e1ch \u2013 c\u00f3 t\u00ednh ph\u00ed v\u00e0 ch\u1ec9 d\u00e0nh cho kh\u00e1ch h\u00e0ng c\u1ee7a Yi Pin Qian t\u1ea1i Singapore*<\/p>\n<p>\u00a0<\/p>\n<p><strong>**C\u00e1c lo\u1ea1i ch\u1ee9ng ch\u1ec9**<\/strong><\/p>\n<p>\u00a0<\/p>\n<p><strong>NGI (C\u00f4ng ty \u0110\u00e1 qu\u00fd Nan Yang)<\/strong><\/p>\n<p>ho\u1eb7c <strong>Ch\u1ee9ng ch\u1ec9 n\u01b0\u1edbc ngo\u00e0i <\/strong>(Yi Pin Qian ch\u1ec9 s\u1eed d\u1ee5ng c\u00e1c ch\u1ee9ng ch\u1ec9 x\u00e1c th\u1ef1c t\u1eeb c\u00e1c ph\u00f2ng th\u00ed nghi\u1ec7m \u1edf n\u01b0\u1edbc ngo\u00e0i v\u00e0 ki\u1ec3m so\u00e1t ch\u1ea5t l\u01b0\u1ee3ng m\u1ecdi s\u1ea3n ph\u1ea9m c\u1ee7a ch\u00fang t\u00f4i tr\u01b0\u1edbc khi \u0111\u01b0a ch\u00fang ra b\u00e1n t\u1ea1i Singapore)<\/p>\n<p>\u00a0<\/p>\n<p>M\u1ed7i s\u1ea3n ph\u1ea9m tr\u00ean TikTok s\u1ebd c\u00f3 lo\u1ea1i ch\u1ee9ng ch\u1ec9 \u0111\u01b0\u1ee3c cung c\u1ea5p \u0111\u01b0\u1ee3c n\u00eau trong ph\u1ea7n m\u00f4 t\u1ea3. \u0110\u1ed1i v\u1edbi b\u1ea5t k\u1ef3 kh\u00e1ch h\u00e0ng n\u00e0o mu\u1ed1n g\u1eedi \u0111\u01a1n h\u00e0ng c\u1ee7a m\u00ecnh \u0111\u1ebfn NGI Singapore, s\u1ebd c\u00f3 th\u1eddi gian ch\u1edd giao h\u00e0ng \u01b0\u1edbc t\u00ednh kho\u1ea3ng 4 tu\u1ea7n \u0111\u1ec3 nh\u1eadn \u0111\u01b0\u1ee3c \u0111\u01a1n h\u00e0ng c\u1ee7a b\u1ea1n. <strong>Y\u00eau c\u1ea7u b\u00e1o c\u00e1o v\u1ec1 NGI Gemstone c\u1ea7n \u0111\u01b0\u1ee3c th\u1ef1c hi\u1ec7n b\u1eb1ng c\u00e1ch nh\u1eafn tin \u0111\u1ebfn c\u1eeda h\u00e0ng TikTok Yi Pin Qian.<\/strong> C\u1ea3m \u01a1n, <strong><u>\u00e1p d\u1ee5ng th\u00eam ph\u00ed<\/u><\/strong>.<\/p>","protected":false},"excerpt":{"rendered":"<p>M\u1eb7t d\u00e2y chuy\u1ec1n Jadeite t\u1ef1 nhi\u00ean m\u00e0u hoa o\u1ea3i h\u01b0\u01a1ng lo\u1ea1i A n\u00e0y l\u00e0 m\u1ed9t s\u1ef1 b\u1ed5 sung tuy\u1ec7t \u0111\u1eb9p cho b\u1ea5t k\u1ef3 b\u1ed9 s\u01b0u t\u1eadp trang s\u1ee9c n\u00e0o. Con \u0111\u1ea1i b\u00e0ng \u0111\u01b0\u1ee3c ch\u1ea1m kh\u1eafc \u0111\u1eb9p m\u1eaft t\u01b0\u1ee3ng tr\u01b0ng cho chi\u1ebfn th\u1eafng, quy\u1ec1n l\u1ef1c v\u00e0 t\u1ef1 do, khi\u1ebfn n\u00f3 tr\u1edf n\u00ean ho\u00e0n h\u1ea3o \u0111\u1ec3 \u0111eo h\u00e0ng ng\u00e0y v\u1edbi c\u00e1c ki\u1ec3u v\u00f2ng c\u1ed5 th\u00f4ng th\u01b0\u1eddng. V\u1edbi tr\u1ecdng l\u01b0\u1ee3ng 75,8150 gram v\u00e0 k\u00edch th\u01b0\u1edbc 57 * 54,20 * 15,10 mm, m\u1eb7t d\u00e2y chuy\u1ec1n n\u00e0y ch\u1eafc ch\u1eafn s\u1ebd t\u1ea1o n\u00ean [\u2026]<\/p>","protected":false},"featured_media":5623,"comment_status":"open","ping_status":"closed","template":"","meta":[],"product_brand":[],"product_cat":[194],"product_tag":[],"class_list":{"0":"post-1518","1":"product","2":"type-product","3":"status-publish","4":"has-post-thumbnail","6":"product_cat-value-picks","8":"first","9":"instock","10":"sale","11":"shipping-taxable","12":"purchasable","13":"product-type-simple"},"_links":{"self":[{"href":"https:\/\/shop.yipinqian.com\/vi\/wp-json\/wp\/v2\/product\/1518","targetHints":{"allow":["GET"]}}],"collection":[{"href":"https:\/\/shop.yipinqian.com\/vi\/wp-json\/wp\/v2\/product"}],"about":[{"href":"https:\/\/shop.yipinqian.com\/vi\/wp-json\/wp\/v2\/types\/product"}],"replies":[{"embeddable":true,"href":"https:\/\/shop.yipinqian.com\/vi\/wp-json\/wp\/v2\/comments?post=1518"}],"version-history":[{"count":0,"href":"https:\/\/shop.yipinqian.com\/vi\/wp-json\/wp\/v2\/product\/1518\/revisions"}],"wp:featuredmedia":[{"embeddable":true,"href":"https:\/\/shop.yipinqian.com\/vi\/wp-json\/wp\/v2\/media\/5623"}],"wp:attachment":[{"href":"https:\/\/shop.yipinqian.com\/vi\/wp-json\/wp\/v2\/media?parent=1518"}],"wp:term":[{"taxonomy":"product_brand","embeddable":true,"href":"https:\/\/shop.yipinqian.com\/vi\/wp-json\/wp\/v2\/product_brand?post=1518"},{"taxonomy":"product_cat","embeddable":true,"href":"https:\/\/shop.yipinqian.com\/vi\/wp-json\/wp\/v2\/product_cat?post=1518"},{"taxonomy":"product_tag","embeddable":true,"href":"https:\/\/shop.yipinqian.com\/vi\/wp-json\/wp\/v2\/product_tag?post=1518"}],"curies":[{"name":"wp","href":"https:\/\/api.w.org\/{rel}","templated":true}]}}