{"id":1516,"date":"2024-10-24T23:19:47","date_gmt":"2024-10-24T15:19:47","guid":{"rendered":"https:\/\/shop.yipinqian.com\/product\/lavender-domineering-dragon-pendant-necklace-natural-type-a-jadeite-with-certificate-included-weigh-66-61-grams-53-3-53-1-13-7-mm-suitable-for-your-daily-wear\/"},"modified":"2025-02-24T00:49:54","modified_gmt":"2025-02-23T16:49:54","slug":"lavender-domineering-dragon-pendant-necklace-natural-type-a-jadeite-with-certificate-included-weigh-66-61-grams-53-3-53-1-13-7-mm-suitable-for-your-daily-wear","status":"publish","type":"product","link":"https:\/\/shop.yipinqian.com\/vi\/san-pham\/lavender-domineering-dragon-pendant-necklace-natural-type-a-jadeite-with-certificate-included-weigh-66-61-grams-53-3-53-1-13-7-mm-suitable-for-your-daily-wear\/","title":{"rendered":"D\u00e2y chuy\u1ec1n m\u1eb7t r\u1ed3ng th\u1ed1ng tr\u1ecb m\u00e0u hoa o\u1ea3i h\u01b0\u01a1ng Jadeite t\u1ef1 nhi\u00ean lo\u1ea1i A c\u00f3 k\u00e8m gi\u1ea5y ch\u1ee9ng nh\u1eadn n\u1eb7ng 66,61 gram, 53,3 * 53,1 * 13,7 mm, ph\u00f9 h\u1ee3p \u0111\u1ec3 b\u1ea1n \u0111eo h\u00e0ng ng\u00e0y"},"content":{"rendered":"<p>Th\u00eam n\u00e9t thanh l\u1ecbch v\u00e0 quy\u1ec1n l\u1ef1c cho di\u1ec7n m\u1ea1o h\u00e0ng ng\u00e0y c\u1ee7a b\u1ea1n v\u1edbi D\u00e2y chuy\u1ec1n m\u1eb7t r\u1ed3ng th\u1ed1ng tr\u1ecb m\u00e0u hoa o\u1ea3i h\u01b0\u01a1ng n\u00e0y. \u0110\u01b0\u1ee3c l\u00e0m b\u1eb1ng ng\u1ecdc b\u00edch lo\u1ea1i A t\u1ef1 nhi\u00ean, d\u00e2y chuy\u1ec1n n\u00e0y \u0111i k\u00e8m v\u1edbi gi\u1ea5y ch\u1ee9ng nh\u1eadn v\u00e0 c\u00e2n n\u1eb7ng <strong><u>66,61 gram, k\u00edch th\u01b0\u1edbc 53,3 * 53,1 * 13,7 mm<\/u><\/strong> \u2013 th\u00edch h\u1ee3p \u0111\u1ec3 m\u1eb7c h\u00e0ng ng\u00e0y.<\/p>\n<ul>\n<li>\n<strong>Jadeite t\u1ef1 nhi\u00ean lo\u1ea1i A:<\/strong> \u0110\u01b0\u1ee3c ch\u1ebf t\u00e1c t\u1eeb \u0111\u00e1 ng\u1ecdc b\u00edch ch\u1ea5t l\u01b0\u1ee3ng, chi\u1ebfc v\u00f2ng c\u1ed5 n\u00e0y c\u00f3 t\u00f4ng m\u00e0u hoa o\u1ea3i h\u01b0\u01a1ng tuy\u1ec7t \u0111\u1eb9p, t\u1ea1o th\u00eam n\u00e9t quy\u1ebfn r\u0169 cho m\u1ecdi trang ph\u1ee5c.<\/li>\n<li>\n<strong>M\u1eb7t d\u00e2y chuy\u1ec1n r\u1ed3ng b\u00e1 \u0111\u1ea1o:<\/strong> Thi\u1ebft k\u1ebf ph\u1ee9c t\u1ea1p c\u00f3 h\u00ecnh m\u1ed9t con r\u1ed3ng hung d\u1eef t\u01b0\u1ee3ng tr\u01b0ng cho s\u1ee9c m\u1ea1nh v\u00e0 quy\u1ec1n l\u1ef1c \u2013 ho\u00e0n h\u1ea3o cho nh\u1eefng ai mu\u1ed1n g\u00e2y \u1ea5n t\u01b0\u1ee3ng.<\/li>\n<li>\n<strong>Gi\u1ea5y ch\u1ee9ng nh\u1eadn bao g\u1ed3m:<\/strong> Chi\u1ebfc v\u00f2ng c\u1ed5 n\u00e0y \u0111i k\u00e8m v\u1edbi gi\u1ea5y ch\u1ee9ng nh\u1eadn x\u00e1c th\u1ef1c, gi\u00fap b\u1ea1n an t\u00e2m khi bi\u1ebft m\u00ecnh \u0111ang \u0111eo ng\u1ecdc b\u00edch ch\u00ednh h\u00e3ng<\/li>\n<\/ul>\n<p><strong>S\u1ed1 ch\u1ee9ng ch\u1ec9: GD2110H019143<\/strong><\/p>\n<p><img fetchpriority=\"high\" decoding=\"async\" height=\"1080\" src=\"https:\/\/shop.yipinqian.com\/wp-content\/uploads\/2024\/10\/7203c001c3e3b4fa2d8176c152d55b63.jpg?from=476444299\" width=\"1080\"><br \/>\u00a0<\/p>\n<p>M\u00f3n \u0111\u1ed3 trang s\u1ee9c unisex n\u00e0y l\u00e0 s\u1ef1 b\u1ed5 sung tuy\u1ec7t v\u1eddi cho b\u1ed9 s\u01b0u t\u1eadp trang s\u1ee9c c\u1ee7a b\u1ea1n ho\u1eb7c l\u00e0m qu\u00e0 t\u1eb7ng cho ng\u01b0\u1eddi \u0111\u1eb7c bi\u1ec7t trong b\u1ea5t k\u1ef3 d\u1ecbp n\u00e0o - t\u1eeb trang ph\u1ee5c th\u01b0\u1eddng ng\u00e0y \u0111\u1ebfn c\u00e1c s\u1ef1 ki\u1ec7n \u0111\u1eb7c bi\u1ec7t!<\/p>\n<ul>\n<li>\n<strong>D\u1ecaP:<\/strong>H\u1eb1ng ng\u00e0y<\/li>\n<li>\u00a0<\/li>\n<li>\n<strong>GI\u1edaI T\u00cdNH :<\/strong> Kh\u00f4ng ph\u00e2n bi\u1ec7t gi\u1edbi t\u00ednh<\/li>\n<li>.<\/li>\n<li>\n<strong>Lo\u1ea1i ng\u1ecdc b\u00edch:<\/strong>Ng\u1ecdc b\u00edch<\/li>\n<li>.<\/li>\n<li>\n<strong>KI\u1ec2U D\u00c2Y CHUY\u1ec0N:<\/strong>B\u00ecnh th\u01b0\u1eddng<\/li>\n<\/ul>\n<p>Yi Pin Qian \u2013 Nh\u00e0 bu\u00f4n \u0111\u00e1 qu\u00fd v\u00e0 kim lo\u1ea1i qu\u00fd t\u1ea1i Singapore \u2013 S\u1ed1 gi\u1ea5y ph\u00e9p PS20190000031<\/p>\n<p>\u00a0<\/p>\n<p>*T\u1ea5t c\u1ea3 c\u00e1c lo\u1ea1i Jadeite \u0111\u01b0\u1ee3c mua t\u1eeb Yi Pin Qian t\u1ea1i Singapore, kh\u00e1ch h\u00e0ng c\u00f3 th\u1ec3 \u0111\u1eb7t l\u1ecbch \u0111\u00e1nh b\u00f3ng ho\u1eb7c s\u1eeda ch\u1eefa nh\u1ecf do x\u1eed l\u00fd sai c\u00e1ch \u2013 c\u00f3 t\u00ednh ph\u00ed v\u00e0 ch\u1ec9 d\u00e0nh cho kh\u00e1ch h\u00e0ng c\u1ee7a Yi Pin Qian t\u1ea1i Singapore*<\/p>\n<p>\u00a0<\/p>\n<p><strong>**C\u00e1c lo\u1ea1i ch\u1ee9ng ch\u1ec9**<\/strong><\/p>\n<p>\u00a0<\/p>\n<p><strong>NGI (C\u00f4ng ty \u0110\u00e1 qu\u00fd Nan Yang)<\/strong><\/p>\n<p>ho\u1eb7c <strong>Ch\u1ee9ng ch\u1ec9 n\u01b0\u1edbc ngo\u00e0i <\/strong>(Yi Pin Qian ch\u1ec9 s\u1eed d\u1ee5ng c\u00e1c ch\u1ee9ng ch\u1ec9 x\u00e1c th\u1ef1c t\u1eeb c\u00e1c ph\u00f2ng th\u00ed nghi\u1ec7m \u1edf n\u01b0\u1edbc ngo\u00e0i v\u00e0 ki\u1ec3m so\u00e1t ch\u1ea5t l\u01b0\u1ee3ng m\u1ecdi s\u1ea3n ph\u1ea9m c\u1ee7a ch\u00fang t\u00f4i tr\u01b0\u1edbc khi \u0111\u01b0a ch\u00fang ra b\u00e1n t\u1ea1i Singapore)<\/p>\n<p>\u00a0<\/p>\n<p>M\u1ed7i s\u1ea3n ph\u1ea9m tr\u00ean TikTok s\u1ebd c\u00f3 lo\u1ea1i ch\u1ee9ng ch\u1ec9 \u0111\u01b0\u1ee3c cung c\u1ea5p \u0111\u01b0\u1ee3c n\u00eau trong ph\u1ea7n m\u00f4 t\u1ea3. \u0110\u1ed1i v\u1edbi b\u1ea5t k\u1ef3 kh\u00e1ch h\u00e0ng n\u00e0o mu\u1ed1n g\u1eedi \u0111\u01a1n h\u00e0ng c\u1ee7a m\u00ecnh \u0111\u1ebfn NGI Singapore, s\u1ebd c\u00f3 th\u1eddi gian ch\u1edd giao h\u00e0ng \u01b0\u1edbc t\u00ednh kho\u1ea3ng 4 tu\u1ea7n \u0111\u1ec3 nh\u1eadn \u0111\u01b0\u1ee3c \u0111\u01a1n h\u00e0ng c\u1ee7a b\u1ea1n. <strong>Y\u00eau c\u1ea7u b\u00e1o c\u00e1o v\u1ec1 NGI Gemstone c\u1ea7n \u0111\u01b0\u1ee3c th\u1ef1c hi\u1ec7n b\u1eb1ng c\u00e1ch nh\u1eafn tin \u0111\u1ebfn c\u1eeda h\u00e0ng TikTok Yi Pin Qian.<\/strong> C\u1ea3m \u01a1n, <strong><u>\u00e1p d\u1ee5ng th\u00eam ph\u00ed<\/u><\/strong>.<\/p>\n<p>\u00a0<\/p>\n<p><strong>Jadeite t\u1ef1 nhi\u00ean kh\u00f4ng ho\u00e0n h\u1ea3o, ch\u1ec9 l\u00e0 m\u1ed9t l\u1eddi nh\u1eafc nh\u1edf nh\u1eb9 nh\u00e0ng, Jadeite t\u1ef1 nhi\u00ean c\u1ee7a ch\u00fang t\u00f4i, gi\u1ed1ng nh\u01b0 t\u1ea5t c\u1ea3 nh\u1eefng th\u1ee9 \u0111\u1eb9p \u0111\u1ebd trong t\u1ef1 nhi\u00ean, c\u00f3 nh\u1eefng \u0111\u1eb7c \u0111i\u1ec3m v\u00e0 bi\u1ebfn th\u1ec3 \u0111\u1ed9c \u0111\u00e1o. Ch\u00fang t\u00f4i m\u1eddi nh\u1eefng kh\u00e1ch h\u00e0ng c\u00f3 gi\u00e1 tr\u1ecb c\u1ee7a m\u00ecnh \u0111\u00f3n nh\u1eadn nh\u1eefng bi\u1ebfn th\u1ec3 t\u1ef1 nhi\u00ean n\u00e0y. Ch\u00fac b\u1ea1n mua s\u1eafm vui v\u1ebb!<\/strong><\/p>\n<p>\u00a0<\/p>\n<p><strong><u>Kh\u00f4ng c\u00f3 h\u00ecnh \u1ea3nh v\u00e0 c\u1ea3nh quay video n\u00e0o \u0111\u01b0\u1ee3c l\u1ecdc. Ch\u00fang t\u00f4i khuy\u1ebfn kh\u00edch kh\u00e1ch h\u00e0ng c\u1ee7a m\u00ecnh c\u0169ng xem c\u00e1c video \u0111i k\u00e8m \u0111\u1ec3 c\u00f3 c\u00e1i nh\u00ecn to\u00e0n di\u1ec7n h\u01a1n v\u1ec1 s\u1ea3n ph\u1ea9m c\u1ee7a ch\u00fang t\u00f4i<\/u><\/strong><\/p>","protected":false},"excerpt":{"rendered":"<p>Add a touch of elegance and power to your daily look with this Lavender Domineering Dragon Pendant Necklace. Made of natural Type A Jadeite, this necklace comes with a certificate and weighs 66.61 grams, measuring 53.3 * 53.1 * 13.7 mm &#8211; perfect for daily wear. Natural Type A Jadeite: Crafted from quality jadeite, this [&hellip;]<\/p>","protected":false},"featured_media":5603,"comment_status":"open","ping_status":"closed","template":"","meta":[],"product_brand":[],"product_cat":[194],"product_tag":[],"class_list":{"0":"post-1516","1":"product","2":"type-product","3":"status-publish","4":"has-post-thumbnail","6":"product_cat-value-picks","8":"first","9":"instock","10":"sale","11":"shipping-taxable","12":"purchasable","13":"product-type-simple"},"_links":{"self":[{"href":"https:\/\/shop.yipinqian.com\/vi\/wp-json\/wp\/v2\/product\/1516","targetHints":{"allow":["GET"]}}],"collection":[{"href":"https:\/\/shop.yipinqian.com\/vi\/wp-json\/wp\/v2\/product"}],"about":[{"href":"https:\/\/shop.yipinqian.com\/vi\/wp-json\/wp\/v2\/types\/product"}],"replies":[{"embeddable":true,"href":"https:\/\/shop.yipinqian.com\/vi\/wp-json\/wp\/v2\/comments?post=1516"}],"version-history":[{"count":0,"href":"https:\/\/shop.yipinqian.com\/vi\/wp-json\/wp\/v2\/product\/1516\/revisions"}],"wp:featuredmedia":[{"embeddable":true,"href":"https:\/\/shop.yipinqian.com\/vi\/wp-json\/wp\/v2\/media\/5603"}],"wp:attachment":[{"href":"https:\/\/shop.yipinqian.com\/vi\/wp-json\/wp\/v2\/media?parent=1516"}],"wp:term":[{"taxonomy":"product_brand","embeddable":true,"href":"https:\/\/shop.yipinqian.com\/vi\/wp-json\/wp\/v2\/product_brand?post=1516"},{"taxonomy":"product_cat","embeddable":true,"href":"https:\/\/shop.yipinqian.com\/vi\/wp-json\/wp\/v2\/product_cat?post=1516"},{"taxonomy":"product_tag","embeddable":true,"href":"https:\/\/shop.yipinqian.com\/vi\/wp-json\/wp\/v2\/product_tag?post=1516"}],"curies":[{"name":"wp","href":"https:\/\/api.w.org\/{rel}","templated":true}]}}