{"id":1513,"date":"2024-10-24T23:19:47","date_gmt":"2024-10-24T15:19:47","guid":{"rendered":"https:\/\/shop.yipinqian.com\/product\/lavender-and-green-natural-type-a-jadeite-pendant-crafted-with-milo-buddha-represent-compassionate-tolerant-optimistic-and-open-minded-with-certificate-weight-29-40-grams-50-80-20-80-13-60-mm-suitable\/"},"modified":"2025-02-24T01:17:30","modified_gmt":"2025-02-23T17:17:30","slug":"lavender-and-green-natural-type-a-jadeite-pendant-crafted-with-milo-buddha-represent-compassionate-tolerant-optimistic-and-open-minded-with-certificate-weight-29-40-grams-50-80-20-80-13-60-mm-suitable","status":"publish","type":"product","link":"https:\/\/shop.yipinqian.com\/vi\/san-pham\/lavender-and-green-natural-type-a-jadeite-pendant-crafted-with-milo-buddha-represent-compassionate-tolerant-optimistic-and-open-minded-with-certificate-weight-29-40-grams-50-80-20-80-13-60-mm-suitable\/","title":{"rendered":"M\u1eb7t d\u00e2y chuy\u1ec1n ng\u1ecdc b\u00edch t\u1ef1 nhi\u00ean m\u00e0u xanh l\u00e1 c\u00e2y v\u00e0 hoa o\u1ea3i h\u01b0\u01a1ng lo\u1ea1i A \u0111\u01b0\u1ee3c ch\u1ebf t\u00e1c v\u1edbi \u0110\u1ee9c Ph\u1eadt Milo t\u01b0\u1ee3ng tr\u01b0ng cho l\u00f2ng t\u1eeb bi, khoan dung, l\u1ea1c quan v\u00e0 c\u1edfi m\u1edf v\u1edbi ch\u1ee9ng ch\u1ec9 tr\u1ecdng l\u01b0\u1ee3ng 29,40 gram, 50,80 * 20,80 * 13,60 mm ph\u00f9 h\u1ee3p \u0111\u1ec3 \u0111eo h\u00e0ng ng\u00e0y (m\u1eb7t d\u00e2y chuy\u1ec1n108)"},"content":{"rendered":"<p>N\u00e2ng t\u1ea7m b\u1ed9 s\u01b0u t\u1eadp trang s\u1ee9c c\u1ee7a b\u1ea1n v\u1edbi M\u1eb7t d\u00e2y chuy\u1ec1n Jadeite t\u1ef1 nhi\u00ean m\u00e0u xanh l\u00e1 c\u00e2y v\u00e0 hoa o\u1ea3i h\u01b0\u01a1ng lo\u1ea1i A \u0111\u01b0\u1ee3c ch\u1ea1m kh\u1eafc h\u00ecnh Ph\u1eadt Milo. T\u01b0\u1ee3ng tr\u01b0ng cho l\u00f2ng tr\u1eafc \u1ea9n, s\u1ef1 khoan dung, l\u1ea1c quan v\u00e0 c\u1edfi m\u1edf, m\u1eb7t d\u00e2y chuy\u1ec1n n\u00e0y ho\u00e0n h\u1ea3o \u0111\u1ec3 \u0111eo h\u00e0ng ng\u00e0y.<\/p>\n<ul>\n<li>\n<strong>Thi\u1ebft k\u1ebf:<\/strong> M\u1eb7t d\u00e2y chuy\u1ec1n \u0111\u01b0\u1ee3c ch\u1ea1m kh\u1eafc tinh x\u1ea3o theo thi\u1ebft k\u1ebf Ph\u1eadt Milo t\u01b0\u1ee3ng tr\u01b0ng cho s\u1ef1 b\u00ecnh y\u00ean v\u00e0 h\u00f2a h\u1ee3p. S\u1ef1 k\u1ebft h\u1ee3p \u0111\u1ed9c \u0111\u00e1o gi\u1eefa m\u00e0u hoa o\u1ea3i h\u01b0\u01a1ng v\u00e0 m\u00e0u xanh ng\u1ecdc b\u00edch l\u00e0m cho n\u00f3 tr\u1edf th\u00e0nh m\u1ed9t ph\u1ee5 ki\u1ec7n \u0111\u1ed9c nh\u1ea5t v\u00f4 nh\u1ecb.<\/li>\n<li>\n<strong>Tr\u1ecdng l\u01b0\u1ee3ng v\u00e0 k\u00edch th\u01b0\u1edbc:<\/strong> V\u1edbi tr\u1ecdng l\u01b0\u1ee3ng 29,40 gram v\u00e0 k\u00edch th\u01b0\u1edbc 50,80 * 20,80 * 13,60 mm.<\/li>\n<li>\n<strong>Lo\u1ea1i ng\u1ecdc b\u00edch:<\/strong> \u0110\u01b0\u1ee3c l\u00e0m t\u1eeb \u0111\u00e1 Jadeite ch\u1ea5t l\u01b0\u1ee3ng cao \u0111\u1ea3m b\u1ea3o \u0111\u1ed9 b\u1ec1n cho th\u1eddi gian s\u1eed d\u1ee5ng l\u00e2u d\u00e0i.<\/li>\n<\/ul>\n<p>S\u1ea3n ph\u1ea9m tinh x\u1ea3o n\u00e0y \u0111i k\u00e8m v\u1edbi gi\u1ea5y ch\u1ee9ng nh\u1eadn \u0111\u1ea3m b\u1ea3o t\u00ednh x\u00e1c th\u1ef1c t\u1eeb Myanmar \u2013 qu\u1ed1c gia n\u1ed5i ti\u1ebfng s\u1ea3n xu\u1ea5t ng\u1ecdc b\u00edch ch\u1ea5t l\u01b0\u1ee3ng cao nh\u1ea5t th\u1ebf gi\u1edbi. S\u1ea3n ph\u1ea9m ho\u00e0n h\u1ea3o cho c\u1ea3 nam v\u00e0 n\u1eef th\u00edch ph\u1ee5 ki\u1ec7n v\u00f2ng c\u1ed5 th\u00f4ng th\u01b0\u1eddng<\/p>\n<p>\u00a0<\/p>\n<p><strong>S\u1ed1 ch\u1ee9ng ch\u1ec9: GD2110H008983<\/strong><\/p>\n<p><img fetchpriority=\"high\" decoding=\"async\" height=\"1080\" src=\"https:\/\/shop.yipinqian.com\/wp-content\/uploads\/2024\/10\/0d1b388181650df232c952d3446cbebe.jpg?from=476444299\" width=\"1080\"><\/p>\n<ul>\n<li><strong>D\u1ecbp s\u1eed d\u1ee5ng: M\u1eb7t d\u00e2y chuy\u1ec1n n\u00e0y ph\u00f9 h\u1ee3p \u0111\u1ec3 \u0111eo h\u00e0ng ng\u00e0y ho\u1eb7c c\u00f3 th\u1ec3 \u0111eo trong c\u00e1c s\u1ef1 ki\u1ec7n \u0111\u1eb7c bi\u1ec7t \u0111\u1ec3 t\u0103ng th\u00eam n\u00e9t thanh l\u1ecbch.<\/strong><\/li>\n<\/ul>\n<p><strong>H\u00e3y th\u00eam M\u1eb7t d\u00e2y chuy\u1ec1n ng\u1ecdc b\u00edch t\u1ef1 nhi\u00ean lo\u1ea1i A m\u00e0u xanh hoa o\u1ea3i h\u01b0\u01a1ng n\u00e0y v\u00e0o b\u1ed9 s\u01b0u t\u1eadp trang s\u1ee9c c\u1ee7a b\u1ea1n ngay h\u00f4m nay!<\/strong><\/p>\n<p>\u00a0<\/p>\n<p>Yi Pin Qian \u2013 Nh\u00e0 bu\u00f4n \u0111\u00e1 qu\u00fd v\u00e0 kim lo\u1ea1i qu\u00fd t\u1ea1i Singapore \u2013 S\u1ed1 gi\u1ea5y ph\u00e9p PS20190000031<\/p>\n<p>\u00a0<\/p>\n<p>*T\u1ea5t c\u1ea3 c\u00e1c lo\u1ea1i Jadeite \u0111\u01b0\u1ee3c mua t\u1eeb Yi Pin Qian t\u1ea1i Singapore, kh\u00e1ch h\u00e0ng c\u00f3 th\u1ec3 \u0111\u1eb7t l\u1ecbch \u0111\u00e1nh b\u00f3ng ho\u1eb7c s\u1eeda ch\u1eefa nh\u1ecf do x\u1eed l\u00fd sai c\u00e1ch \u2013 c\u00f3 t\u00ednh ph\u00ed v\u00e0 ch\u1ec9 d\u00e0nh cho kh\u00e1ch h\u00e0ng c\u1ee7a Yi Pin Qian t\u1ea1i Singapore*<\/p>\n<p>\u00a0<\/p>\n<p><strong>**C\u00e1c lo\u1ea1i ch\u1ee9ng ch\u1ec9**<\/strong><\/p>\n<p>\u00a0<\/p>\n<p><strong>NGI (C\u00f4ng ty \u0110\u00e1 qu\u00fd Nan Yang)<\/strong><\/p>\n<p>ho\u1eb7c <strong>Ch\u1ee9ng ch\u1ec9 n\u01b0\u1edbc ngo\u00e0i <\/strong>(Yi Pin Qian ch\u1ec9 s\u1eed d\u1ee5ng c\u00e1c ch\u1ee9ng ch\u1ec9 x\u00e1c th\u1ef1c t\u1eeb c\u00e1c ph\u00f2ng th\u00ed nghi\u1ec7m \u1edf n\u01b0\u1edbc ngo\u00e0i v\u00e0 ki\u1ec3m so\u00e1t ch\u1ea5t l\u01b0\u1ee3ng m\u1ecdi s\u1ea3n ph\u1ea9m c\u1ee7a ch\u00fang t\u00f4i tr\u01b0\u1edbc khi \u0111\u01b0a ch\u00fang ra b\u00e1n t\u1ea1i Singapore)<\/p>\n<p>\u00a0<\/p>\n<p>M\u1ed7i s\u1ea3n ph\u1ea9m tr\u00ean TikTok s\u1ebd c\u00f3 lo\u1ea1i ch\u1ee9ng ch\u1ec9 \u0111\u01b0\u1ee3c cung c\u1ea5p \u0111\u01b0\u1ee3c n\u00eau trong ph\u1ea7n m\u00f4 t\u1ea3. \u0110\u1ed1i v\u1edbi b\u1ea5t k\u1ef3 kh\u00e1ch h\u00e0ng n\u00e0o mu\u1ed1n g\u1eedi \u0111\u01a1n h\u00e0ng c\u1ee7a m\u00ecnh \u0111\u1ebfn NGI Singapore, s\u1ebd c\u00f3 th\u1eddi gian ch\u1edd giao h\u00e0ng \u01b0\u1edbc t\u00ednh kho\u1ea3ng 4 tu\u1ea7n \u0111\u1ec3 nh\u1eadn \u0111\u01b0\u1ee3c \u0111\u01a1n h\u00e0ng c\u1ee7a b\u1ea1n. <strong>Y\u00eau c\u1ea7u b\u00e1o c\u00e1o v\u1ec1 NGI Gemstone c\u1ea7n \u0111\u01b0\u1ee3c th\u1ef1c hi\u1ec7n b\u1eb1ng c\u00e1ch nh\u1eafn tin \u0111\u1ebfn c\u1eeda h\u00e0ng TikTok Yi Pin Qian.<\/strong> C\u1ea3m \u01a1n, <strong><u>\u00e1p d\u1ee5ng th\u00eam ph\u00ed<\/u><\/strong>.<\/p>","protected":false},"excerpt":{"rendered":"<p>N\u00e2ng t\u1ea7m b\u1ed9 s\u01b0u t\u1eadp trang s\u1ee9c c\u1ee7a b\u1ea1n v\u1edbi M\u1eb7t d\u00e2y chuy\u1ec1n Jadeite t\u1ef1 nhi\u00ean m\u00e0u xanh l\u00e1 c\u00e2y v\u00e0 hoa o\u1ea3i h\u01b0\u01a1ng lo\u1ea1i A \u0111\u01b0\u1ee3c ch\u1ea1m kh\u1eafc h\u00ecnh Ph\u1eadt Milo. T\u01b0\u1ee3ng tr\u01b0ng cho l\u00f2ng tr\u1eafc \u1ea9n, s\u1ef1 khoan dung, l\u1ea1c quan v\u00e0 c\u1edfi m\u1edf, m\u1eb7t d\u00e2y chuy\u1ec1n n\u00e0y ho\u00e0n h\u1ea3o \u0111\u1ec3 \u0111eo h\u00e0ng ng\u00e0y. Thi\u1ebft k\u1ebf: M\u1eb7t d\u00e2y chuy\u1ec1n \u0111\u01b0\u1ee3c ch\u1ea1m kh\u1eafc tinh x\u1ea3o theo thi\u1ebft k\u1ebf Ph\u1eadt Milo t\u01b0\u1ee3ng tr\u01b0ng cho h\u00f2a b\u00ecnh v\u00e0 s\u1ef1 h\u00f2a h\u1ee3p. S\u1ef1 k\u1ebft h\u1ee3p \u0111\u1ed9c \u0111\u00e1o gi\u1eefa m\u00e0u xanh l\u00e1 c\u00e2y v\u00e0 hoa o\u1ea3i h\u01b0\u01a1ng l\u00e0m n\u00ean [\u2026]<\/p>","protected":false},"featured_media":5579,"comment_status":"open","ping_status":"closed","template":"","meta":[],"product_brand":[],"product_cat":[195],"product_tag":[],"class_list":{"0":"post-1513","1":"product","2":"type-product","3":"status-publish","4":"has-post-thumbnail","6":"product_cat-heirloom-grade","8":"first","9":"instock","10":"sale","11":"shipping-taxable","12":"purchasable","13":"product-type-simple"},"_links":{"self":[{"href":"https:\/\/shop.yipinqian.com\/vi\/wp-json\/wp\/v2\/product\/1513","targetHints":{"allow":["GET"]}}],"collection":[{"href":"https:\/\/shop.yipinqian.com\/vi\/wp-json\/wp\/v2\/product"}],"about":[{"href":"https:\/\/shop.yipinqian.com\/vi\/wp-json\/wp\/v2\/types\/product"}],"replies":[{"embeddable":true,"href":"https:\/\/shop.yipinqian.com\/vi\/wp-json\/wp\/v2\/comments?post=1513"}],"version-history":[{"count":0,"href":"https:\/\/shop.yipinqian.com\/vi\/wp-json\/wp\/v2\/product\/1513\/revisions"}],"wp:featuredmedia":[{"embeddable":true,"href":"https:\/\/shop.yipinqian.com\/vi\/wp-json\/wp\/v2\/media\/5579"}],"wp:attachment":[{"href":"https:\/\/shop.yipinqian.com\/vi\/wp-json\/wp\/v2\/media?parent=1513"}],"wp:term":[{"taxonomy":"product_brand","embeddable":true,"href":"https:\/\/shop.yipinqian.com\/vi\/wp-json\/wp\/v2\/product_brand?post=1513"},{"taxonomy":"product_cat","embeddable":true,"href":"https:\/\/shop.yipinqian.com\/vi\/wp-json\/wp\/v2\/product_cat?post=1513"},{"taxonomy":"product_tag","embeddable":true,"href":"https:\/\/shop.yipinqian.com\/vi\/wp-json\/wp\/v2\/product_tag?post=1513"}],"curies":[{"name":"wp","href":"https:\/\/api.w.org\/{rel}","templated":true}]}}