{"id":1511,"date":"2024-10-24T23:19:46","date_gmt":"2024-10-24T15:19:46","guid":{"rendered":"https:\/\/shop.yipinqian.com\/product\/lavender-and-green-natural-type-a-jadeite-handheld-piece-crafted-with-pixiu-meaning-rich-happiness-and-good-luck-with-certificate-weight-29-97-grams-61-30-10-70-34-60-mm-also-suitable-for-display-anyw\/"},"modified":"2025-02-24T00:49:54","modified_gmt":"2025-02-23T16:49:54","slug":"lavender-and-green-natural-type-a-jadeite-handheld-piece-crafted-with-pixiu-meaning-rich-happiness-and-good-luck-with-certificate-weight-29-97-grams-61-30-10-70-34-60-mm-also-suitable-for-display-anyw","status":"publish","type":"product","link":"https:\/\/shop.yipinqian.com\/vi\/san-pham\/lavender-and-green-natural-type-a-jadeite-handheld-piece-crafted-with-pixiu-meaning-rich-happiness-and-good-luck-with-certificate-weight-29-97-grams-61-30-10-70-34-60-mm-also-suitable-for-display-anyw\/","title":{"rendered":"S\u1ea3n ph\u1ea9m c\u1ea7m tay b\u1eb1ng ng\u1ecdc b\u00edch t\u1ef1 nhi\u00ean lo\u1ea1i A m\u00e0u xanh l\u00e1 c\u00e2y v\u00e0 hoa o\u1ea3i h\u01b0\u01a1ng \u0111\u01b0\u1ee3c ch\u1ebf t\u00e1c theo phong c\u00e1ch Pixiu c\u00f3 ngh\u0129a l\u00e0 gi\u00e0u c\u00f3, h\u1ea1nh ph\u00fac v\u00e0 may m\u1eafn, c\u00f3 ch\u1ee9ng ch\u1ec9 tr\u1ecdng l\u01b0\u1ee3ng 29,97 gram, 61,30 * 10,70 * 34,60 mm, c\u0169ng th\u00edch h\u1ee3p \u0111\u1ec3 tr\u01b0ng b\u00e0y \u1edf b\u1ea5t c\u1ee9 \u0111\u00e2u t\u1ea1i nh\u00e0, tr\u00ean \u00f4 t\u00f4 ho\u1eb7c v\u0103n ph\u00f2ng (hand1)"},"content":{"rendered":"<p>Mang l\u1ea1i m\u1ed9t ch\u00fat may m\u1eafn v\u00e0 th\u1ecbnh v\u01b0\u1ee3ng cho cu\u1ed9c s\u1ed1ng c\u1ee7a b\u1ea1n v\u1edbi t\u00e1c ph\u1ea9m c\u1ea7m tay Jadeite t\u1ef1 nhi\u00ean lo\u1ea1i A m\u00e0u xanh l\u00e1 c\u00e2y v\u00e0 hoa o\u1ea3i h\u01b0\u01a1ng n\u00e0y. T\u00e1c ph\u1ea9m tinh x\u1ea3o n\u00e0y \u0111\u01b0\u1ee3c ch\u1ea1m kh\u1eafc h\u00ecnh T\u1ef3 H\u01b0u, t\u01b0\u1ee3ng tr\u01b0ng cho s\u1ef1 gi\u00e0u c\u00f3, h\u1ea1nh ph\u00fac v\u00e0 may m\u1eafn.<\/p>\n<ul>\n<li>K\u00edch th\u01b0\u1edbc: 61,30 * 10,70 * 34,60 mm<\/li>\n<li>Tr\u1ecdng l\u01b0\u1ee3ng: 29,97 gram<\/li>\n<li>Lo\u1ea1i ng\u1ecdc b\u00edch: Jadeite<\/li>\n<li>Lo\u1ea1i trang tr\u00ed: M\u1eb7t d\u00e2y chuy\u1ec1n \u00f4 t\u00f4<\/li>\n<li>N\u01b0\u1edbc xu\u1ea5t x\u1ee9: Myanmar<\/li>\n<li>C\u00f3 k\u00e8m ch\u1ee9ng ch\u1ec9: C\u00f3<\/li>\n<\/ul>\n<p><strong>S\u1ed1 ch\u1ee9ng ch\u1ec9: ZS24040200292<\/strong><\/p>\n<p><img fetchpriority=\"high\" decoding=\"async\" height=\"1080\" src=\"https:\/\/shop.yipinqian.com\/wp-content\/uploads\/2024\/10\/f709c4840452178d329d3e8d27c71a5f.jpg?from=476444299\" width=\"1080\"><\/p>\n<ul>\n<li>S\u1ea3n ph\u1ea9m c\u1ea7m tay n\u00e0y \u0111\u01b0\u1ee3c ch\u1ebf t\u00e1c kh\u00e9o l\u00e9o t\u1eeb \u0111\u00e1 jadeite t\u1ef1 nhi\u00ean, n\u1ed5i ti\u1ebfng v\u1edbi m\u00e0u s\u1eafc s\u1ed1ng \u0111\u1ed9ng v\u00e0 \u0111\u1ed9 ho\u00e0n thi\u1ec7n ch\u1ea5t l\u01b0\u1ee3ng cao. B\u00ean c\u1ea1nh vi\u1ec7c l\u00e0 bi\u1ec3u t\u01b0\u1ee3ng c\u1ee7a s\u1ef1 may m\u1eafn, s\u1ea3n ph\u1ea9m c\u1ea7m tay b\u1eb1ng \u0111\u00e1 jadeite n\u00e0y c\u00f2n l\u00e0 v\u1eadt trang tr\u00ed thanh l\u1ecbch th\u00edch h\u1ee3p \u0111\u1ec3 tr\u01b0ng b\u00e0y \u1edf b\u1ea5t c\u1ee9 \u0111\u00e2u trong nh\u00e0, xe h\u01a1i ho\u1eb7c v\u0103n ph\u00f2ng. H\u00e3y mua s\u1ea3n ph\u1ea9m b\u00f9a h\u1ed9 m\u1ec7nh Lavender Green tuy\u1ec7t \u0111\u1eb9p n\u00e0y \u0111\u1ec3 trang tr\u00ed ho\u1eb7c l\u00e0m qu\u00e0 t\u1eb7ng chu \u0111\u00e1o s\u1ebd mang l\u1ea1i ni\u1ec1m vui cho b\u1ea5t k\u1ef3 ng\u01b0\u1eddi nh\u1eadn n\u00e0o!<\/li>\n<\/ul>\n<p>Yi Pin Qian \u2013 Nh\u00e0 bu\u00f4n \u0111\u00e1 qu\u00fd v\u00e0 kim lo\u1ea1i qu\u00fd t\u1ea1i Singapore \u2013 S\u1ed1 gi\u1ea5y ph\u00e9p PS20190000031<\/p>\n<p>\u00a0<\/p>\n<p>*T\u1ea5t c\u1ea3 c\u00e1c lo\u1ea1i Jadeite \u0111\u01b0\u1ee3c mua t\u1eeb Yi Pin Qian t\u1ea1i Singapore, kh\u00e1ch h\u00e0ng c\u00f3 th\u1ec3 \u0111\u1eb7t l\u1ecbch \u0111\u00e1nh b\u00f3ng ho\u1eb7c s\u1eeda ch\u1eefa nh\u1ecf do x\u1eed l\u00fd sai c\u00e1ch \u2013 c\u00f3 t\u00ednh ph\u00ed v\u00e0 ch\u1ec9 d\u00e0nh cho kh\u00e1ch h\u00e0ng c\u1ee7a Yi Pin Qian t\u1ea1i Singapore*<\/p>\n<p>\u00a0<\/p>\n<p><strong>**C\u00e1c lo\u1ea1i ch\u1ee9ng ch\u1ec9**<\/strong><\/p>\n<p>\u00a0<\/p>\n<p><strong>NGI (C\u00f4ng ty \u0110\u00e1 qu\u00fd Nan Yang)<\/strong><\/p>\n<p>ho\u1eb7c <strong>Ch\u1ee9ng ch\u1ec9 n\u01b0\u1edbc ngo\u00e0i <\/strong>(Yi Pin Qian ch\u1ec9 s\u1eed d\u1ee5ng c\u00e1c ch\u1ee9ng ch\u1ec9 x\u00e1c th\u1ef1c t\u1eeb c\u00e1c ph\u00f2ng th\u00ed nghi\u1ec7m \u1edf n\u01b0\u1edbc ngo\u00e0i v\u00e0 ki\u1ec3m so\u00e1t ch\u1ea5t l\u01b0\u1ee3ng m\u1ecdi s\u1ea3n ph\u1ea9m c\u1ee7a ch\u00fang t\u00f4i tr\u01b0\u1edbc khi \u0111\u01b0a ch\u00fang ra b\u00e1n t\u1ea1i Singapore)<\/p>\n<p>\u00a0<\/p>\n<p>M\u1ed7i s\u1ea3n ph\u1ea9m tr\u00ean TikTok s\u1ebd c\u00f3 lo\u1ea1i ch\u1ee9ng ch\u1ec9 \u0111\u01b0\u1ee3c cung c\u1ea5p \u0111\u01b0\u1ee3c n\u00eau trong ph\u1ea7n m\u00f4 t\u1ea3. \u0110\u1ed1i v\u1edbi b\u1ea5t k\u1ef3 kh\u00e1ch h\u00e0ng n\u00e0o mu\u1ed1n g\u1eedi \u0111\u01a1n h\u00e0ng c\u1ee7a m\u00ecnh \u0111\u1ebfn NGI Singapore, s\u1ebd c\u00f3 th\u1eddi gian ch\u1edd giao h\u00e0ng \u01b0\u1edbc t\u00ednh kho\u1ea3ng 4 tu\u1ea7n \u0111\u1ec3 nh\u1eadn \u0111\u01b0\u1ee3c \u0111\u01a1n h\u00e0ng c\u1ee7a b\u1ea1n. <strong>Y\u00eau c\u1ea7u b\u00e1o c\u00e1o v\u1ec1 NGI Gemstone c\u1ea7n \u0111\u01b0\u1ee3c th\u1ef1c hi\u1ec7n b\u1eb1ng c\u00e1ch nh\u1eafn tin \u0111\u1ebfn c\u1eeda h\u00e0ng TikTok Yi Pin Qian.<\/strong> C\u1ea3m \u01a1n, <strong><u>\u00e1p d\u1ee5ng th\u00eam ph\u00ed<\/u><\/strong>.<\/p>","protected":false},"excerpt":{"rendered":"<p>Mang l\u1ea1i m\u1ed9t ch\u00fat may m\u1eafn v\u00e0 th\u1ecbnh v\u01b0\u1ee3ng cho cu\u1ed9c s\u1ed1ng c\u1ee7a b\u1ea1n v\u1edbi t\u00e1c ph\u1ea9m c\u1ea7m tay Jadeite t\u1ef1 nhi\u00ean m\u00e0u xanh l\u00e1 c\u00e2y v\u00e0 hoa o\u1ea3i h\u01b0\u01a1ng lo\u1ea1i A n\u00e0y. T\u00e1c ph\u1ea9m tinh x\u1ea3o n\u00e0y \u0111\u01b0\u1ee3c ch\u1ea1m kh\u1eafc h\u00ecnh T\u1ef3 H\u01b0u, t\u01b0\u1ee3ng tr\u01b0ng cho s\u1ef1 gi\u00e0u c\u00f3, h\u1ea1nh ph\u00fac v\u00e0 may m\u1eafn. K\u00edch th\u01b0\u1edbc: 61,30 * 10,70 * 34,60 mm Tr\u1ecdng l\u01b0\u1ee3ng: 29,97 gram Lo\u1ea1i ng\u1ecdc: Jadeite Lo\u1ea1i trang tr\u00ed: M\u1eb7t d\u00e2y chuy\u1ec1n \u00f4 t\u00f4 Xu\u1ea5t x\u1ee9: Myanmar [\u2026]<\/p>","protected":false},"featured_media":5561,"comment_status":"open","ping_status":"closed","template":"","meta":[],"product_brand":[],"product_cat":[194],"product_tag":[],"class_list":{"0":"post-1511","1":"product","2":"type-product","3":"status-publish","4":"has-post-thumbnail","6":"product_cat-value-picks","8":"first","9":"instock","10":"sale","11":"shipping-taxable","12":"purchasable","13":"product-type-simple"},"_links":{"self":[{"href":"https:\/\/shop.yipinqian.com\/vi\/wp-json\/wp\/v2\/product\/1511","targetHints":{"allow":["GET"]}}],"collection":[{"href":"https:\/\/shop.yipinqian.com\/vi\/wp-json\/wp\/v2\/product"}],"about":[{"href":"https:\/\/shop.yipinqian.com\/vi\/wp-json\/wp\/v2\/types\/product"}],"replies":[{"embeddable":true,"href":"https:\/\/shop.yipinqian.com\/vi\/wp-json\/wp\/v2\/comments?post=1511"}],"version-history":[{"count":0,"href":"https:\/\/shop.yipinqian.com\/vi\/wp-json\/wp\/v2\/product\/1511\/revisions"}],"wp:featuredmedia":[{"embeddable":true,"href":"https:\/\/shop.yipinqian.com\/vi\/wp-json\/wp\/v2\/media\/5561"}],"wp:attachment":[{"href":"https:\/\/shop.yipinqian.com\/vi\/wp-json\/wp\/v2\/media?parent=1511"}],"wp:term":[{"taxonomy":"product_brand","embeddable":true,"href":"https:\/\/shop.yipinqian.com\/vi\/wp-json\/wp\/v2\/product_brand?post=1511"},{"taxonomy":"product_cat","embeddable":true,"href":"https:\/\/shop.yipinqian.com\/vi\/wp-json\/wp\/v2\/product_cat?post=1511"},{"taxonomy":"product_tag","embeddable":true,"href":"https:\/\/shop.yipinqian.com\/vi\/wp-json\/wp\/v2\/product_tag?post=1511"}],"curies":[{"name":"wp","href":"https:\/\/api.w.org\/{rel}","templated":true}]}}