{"id":1509,"date":"2024-10-24T23:19:45","date_gmt":"2024-10-24T15:19:45","guid":{"rendered":"https:\/\/shop.yipinqian.com\/product\/king-of-the-inferno-special-premium-natural-type-a-jadeite-with-light-green-and-yellow-come-with-certificate-weight-76-35-grams-69-50-44-30-12-mm-very-fine-translucent-rare-jadeite-pendant-for-collect\/"},"modified":"2025-02-24T01:34:19","modified_gmt":"2025-02-23T17:34:19","slug":"king-of-the-inferno-special-premium-natural-type-a-jadeite-with-light-green-and-yellow-come-with-certificate-weight-76-35-grams-69-50-44-30-12-mm-very-fine-translucent-rare-jadeite-pendant-for-collect","status":"publish","type":"product","link":"https:\/\/shop.yipinqian.com\/vi\/san-pham\/king-of-the-inferno-special-premium-natural-type-a-jadeite-with-light-green-and-yellow-come-with-certificate-weight-76-35-grams-69-50-44-30-12-mm-very-fine-translucent-rare-jadeite-pendant-for-collect\/","title":{"rendered":"King of the inferno \u0110\u00e1 Jadeite t\u1ef1 nhi\u00ean lo\u1ea1i A cao c\u1ea5p \u0111\u1eb7c bi\u1ec7t v\u1edbi m\u00e0u xanh l\u00e1 c\u00e2y nh\u1ea1t v\u00e0 v\u00e0ng \u0111i k\u00e8m ch\u1ee9ng ch\u1ec9 tr\u1ecdng l\u01b0\u1ee3ng 76,35 gram, 69,50 * 44,30 * 12 mm, m\u1eb7t d\u00e2y chuy\u1ec1n b\u1eb1ng \u0111\u00e1 Jadeite trong m\u1edd r\u1ea5t \u0111\u1eb9p \u0111\u1ec3 s\u01b0u t\u1ea7m (pendant98)"},"content":{"rendered":"<p><iframe title=\"King of the inferno Special Premium Natural Type A\" src=\"https:\/\/youtube.com\/embed\/WkIt1NvOiFk\" width=\"330\" height=\"300\"><\/iframe><\/p>\n<p>King of the inferno Special Premium Natural Type A<\/p>\n<p>Tr\u1ea3i nghi\u1ec7m v\u1ebb \u0111\u1eb9p c\u1ee7a thi\u00ean nhi\u00ean v\u1edbi m\u1eb7t d\u00e2y chuy\u1ec1n Ng\u1ecdc b\u00edch lo\u1ea1i A King of Inferno Special Premium Natural, ho\u00e0n h\u1ea3o cho c\u1ea3 ng\u01b0\u1eddi s\u01b0u t\u1ea7m v\u00e0 ng\u01b0\u1eddi \u0111am m\u00ea.<\/p>\n<ul>\n<li><strong>Jadeite t\u1ef1 nhi\u00ean lo\u1ea1i A:<\/strong> \u0110\u01b0\u1ee3c ch\u1ebf t\u00e1c t\u1eeb \u0111\u00e1 ng\u1ecdc b\u00edch lo\u1ea1i A t\u1ef1 nhi\u00ean ch\u1ea5t l\u01b0\u1ee3ng cao, m\u1eb7t d\u00e2y chuy\u1ec1n n\u00e0y c\u00f3 m\u00e0u xanh l\u00e1 c\u00e2y v\u00e0 v\u00e0ng nh\u1ea1t tuy\u1ec7t \u0111\u1eb9p, t\u1ecfa s\u00e1ng trong su\u1ed1t.<\/li>\n<li><strong>Gi\u1ea5y ch\u1ee9ng nh\u1eadn bao g\u1ed3m:<\/strong> C\u00f3 k\u00e8m ch\u1ee9ng ch\u1ec9 \u0111\u1ea3m b\u1ea3o t\u00ednh x\u00e1c th\u1ef1c v\u00e0 ti\u00eau chu\u1ea9n ch\u1ea5t l\u01b0\u1ee3ng.<\/li>\n<li><strong>Ki\u1ec3u v\u00f2ng c\u1ed5 d\u00e2n t\u1ed9c:<\/strong> Ki\u1ec3u d\u00e1ng v\u00f2ng c\u1ed5 mang phong c\u00e1ch d\u00e2n t\u1ed9c, ho\u00e0n h\u1ea3o \u0111\u1ec3 th\u00eam n\u00e9t \u0111\u1ed9c \u0111\u00e1o cho b\u1ed9 s\u01b0u t\u1eadp trang s\u1ee9c ho\u1eb7c trang ph\u1ee5c c\u1ee7a b\u1ea1n.<\/li>\n<\/ul>\n<p><strong>S\u1ed1 ch\u1ee9ng ch\u1ec9: GD2204H005661<\/strong><\/p>\n<p><img fetchpriority=\"high\" decoding=\"async\" class=\"alignnone\" src=\"https:\/\/shop.yipinqian.com\/wp-content\/uploads\/2024\/10\/92928dcc69076cac46c7cea721067525.jpg?from=476444299\" alt=\"King of the inferno Special Premium Natural Type A\" width=\"1080\" height=\"1080\" \/><\/p>\n<p>M\u1eb7t d\u00e2y chuy\u1ec1n ng\u1ecdc b\u00edch qu\u00fd hi\u1ebfm n\u00e0y \u0111\u01b0\u1ee3c ch\u1ebf t\u00e1c tinh x\u1ea3o v\u1edbi tr\u1ecdng l\u01b0\u1ee3ng 76,35 gram v\u00e0 k\u00edch th\u01b0\u1edbc 69,50 * 44,30 * 12 mm \u2013 l\u00e0 l\u1ef1a ch\u1ecdn tuy\u1ec7t v\u1eddi cho nh\u1eefng d\u1ecbp \u0111\u1eb7c bi\u1ec7t nh\u01b0 k\u1ef7 ni\u1ec7m ho\u1eb7c l\u00e0m v\u1eadt gia truy\u1ec1n qu\u00fd gi\u00e1 c\u1ee7a gia \u0111\u00ecnh.<\/p>\n<ul>\n<li><strong>B\u1ea3o h\u00e0nh l\u00e2u d\u00e0i: <\/strong>Lo\u1ea1i b\u1ea3o h\u00e0nh cho s\u1ea3n ph\u1ea9m n\u00e0y l\u00e0 Kh\u00f4ng, nh\u01b0ng b\u1ea1n c\u00f3 th\u1ec3 y\u00ean t\u00e2m r\u1eb1ng b\u1ea1n \u0111ang nh\u1eadn \u0111\u01b0\u1ee3c s\u1ef1 ch\u1ebf t\u00e1c ch\u1ea5t l\u01b0\u1ee3ng cao \u1edf m\u1ecdi kh\u00eda c\u1ea1nh<\/li>\n<li>.<\/li>\n<li><strong>Kh\u00f4ng ph\u00e2n bi\u1ec7t gi\u1edbi t\u00ednh: <\/strong>B\u1ea5t k\u1ef3 ai c\u0169ng c\u00f3 th\u1ec3 \u0111eo s\u1ea3n ph\u1ea9m n\u00e0y b\u1ea5t k\u1ec3 gi\u1edbi t\u00ednh! S\u1ea3n ph\u1ea9m ho\u00e0n h\u1ea3o \u0111\u1ec3 l\u00e0m \u0111i\u1ec3m nh\u1ea5n ho\u1eb7c l\u00e0 m\u1ed9t ph\u1ea7n trong b\u1ed9 s\u01b0u t\u1eadp trang ph\u1ee5c h\u00e0ng ng\u00e0y c\u1ee7a b\u1ea1n t\u00f9y theo s\u1edf th\u00edch!<\/li>\n<li>.<\/li>\n<\/ul>\n<p>H\u00e3y th\u00eam m\u1eb7t d\u00e2y chuy\u1ec1n King Of The Inferno tuy\u1ec7t \u0111\u1eb9p n\u00e0y v\u00e0o b\u1ed9 s\u01b0u t\u1eadp trang s\u1ee9c c\u1ee7a b\u1ea1n ngay h\u00f4m nay!<\/p>\n<p>.<\/p>\n<p>Yi Pin Qian \u2013 Nh\u00e0 bu\u00f4n \u0111\u00e1 qu\u00fd v\u00e0 kim lo\u1ea1i qu\u00fd t\u1ea1i Singapore \u2013 S\u1ed1 gi\u1ea5y ph\u00e9p PS20190000031<\/p>\n<p>*T\u1ea5t c\u1ea3 c\u00e1c lo\u1ea1i Jadeite \u0111\u01b0\u1ee3c mua t\u1eeb Yi Pin Qian t\u1ea1i Singapore, kh\u00e1ch h\u00e0ng c\u00f3 th\u1ec3 \u0111\u1eb7t l\u1ecbch \u0111\u00e1nh b\u00f3ng ho\u1eb7c s\u1eeda ch\u1eefa nh\u1ecf do x\u1eed l\u00fd sai c\u00e1ch \u2013 c\u00f3 t\u00ednh ph\u00ed v\u00e0 ch\u1ec9 d\u00e0nh cho kh\u00e1ch h\u00e0ng c\u1ee7a Yi Pin Qian t\u1ea1i Singapore*<\/p>\n<p><strong>**C\u00e1c lo\u1ea1i ch\u1ee9ng ch\u1ec9**<\/strong><\/p>\n<p><strong>NGI (C\u00f4ng ty \u0110\u00e1 qu\u00fd Nan Yang)<\/strong><\/p>\n<p>ho\u1eb7c <strong>Ch\u1ee9ng ch\u1ec9 n\u01b0\u1edbc ngo\u00e0i <\/strong>(Yi Pin Qian ch\u1ec9 s\u1eed d\u1ee5ng c\u00e1c ch\u1ee9ng ch\u1ec9 x\u00e1c th\u1ef1c t\u1eeb c\u00e1c ph\u00f2ng th\u00ed nghi\u1ec7m \u1edf n\u01b0\u1edbc ngo\u00e0i v\u00e0 ki\u1ec3m so\u00e1t ch\u1ea5t l\u01b0\u1ee3ng m\u1ecdi s\u1ea3n ph\u1ea9m c\u1ee7a ch\u00fang t\u00f4i tr\u01b0\u1edbc khi \u0111\u01b0a ch\u00fang ra b\u00e1n t\u1ea1i Singapore)<\/p>\n<p>M\u1ed7i s\u1ea3n ph\u1ea9m tr\u00ean TikTok s\u1ebd c\u00f3 lo\u1ea1i ch\u1ee9ng ch\u1ec9 \u0111\u01b0\u1ee3c cung c\u1ea5p \u0111\u01b0\u1ee3c n\u00eau trong ph\u1ea7n m\u00f4 t\u1ea3. \u0110\u1ed1i v\u1edbi b\u1ea5t k\u1ef3 kh\u00e1ch h\u00e0ng n\u00e0o mu\u1ed1n g\u1eedi \u0111\u01a1n h\u00e0ng c\u1ee7a m\u00ecnh \u0111\u1ebfn NGI Singapore, s\u1ebd c\u00f3 th\u1eddi gian ch\u1edd giao h\u00e0ng \u01b0\u1edbc t\u00ednh kho\u1ea3ng 4 tu\u1ea7n \u0111\u1ec3 nh\u1eadn \u0111\u01b0\u1ee3c \u0111\u01a1n h\u00e0ng c\u1ee7a b\u1ea1n. <strong>Y\u00eau c\u1ea7u b\u00e1o c\u00e1o v\u1ec1 NGI Gemstone c\u1ea7n \u0111\u01b0\u1ee3c th\u1ef1c hi\u1ec7n b\u1eb1ng c\u00e1ch nh\u1eafn tin \u0111\u1ebfn c\u1eeda h\u00e0ng TikTok Yi Pin Qian.<\/strong> C\u1ea3m \u01a1n, <strong><u>\u00e1p d\u1ee5ng th\u00eam ph\u00ed<\/u><\/strong>.<\/p>","protected":false},"excerpt":{"rendered":"<p>King of the inferno Special Premium Natural Type A<\/p>","protected":false},"featured_media":5543,"comment_status":"open","ping_status":"closed","template":"","meta":[],"product_brand":[],"product_cat":[196],"product_tag":[],"class_list":{"0":"post-1509","1":"product","2":"type-product","3":"status-publish","4":"has-post-thumbnail","6":"product_cat-vault-collection","8":"first","9":"instock","10":"sale","11":"shipping-taxable","12":"purchasable","13":"product-type-simple"},"_links":{"self":[{"href":"https:\/\/shop.yipinqian.com\/vi\/wp-json\/wp\/v2\/product\/1509","targetHints":{"allow":["GET"]}}],"collection":[{"href":"https:\/\/shop.yipinqian.com\/vi\/wp-json\/wp\/v2\/product"}],"about":[{"href":"https:\/\/shop.yipinqian.com\/vi\/wp-json\/wp\/v2\/types\/product"}],"replies":[{"embeddable":true,"href":"https:\/\/shop.yipinqian.com\/vi\/wp-json\/wp\/v2\/comments?post=1509"}],"version-history":[{"count":0,"href":"https:\/\/shop.yipinqian.com\/vi\/wp-json\/wp\/v2\/product\/1509\/revisions"}],"wp:featuredmedia":[{"embeddable":true,"href":"https:\/\/shop.yipinqian.com\/vi\/wp-json\/wp\/v2\/media\/5543"}],"wp:attachment":[{"href":"https:\/\/shop.yipinqian.com\/vi\/wp-json\/wp\/v2\/media?parent=1509"}],"wp:term":[{"taxonomy":"product_brand","embeddable":true,"href":"https:\/\/shop.yipinqian.com\/vi\/wp-json\/wp\/v2\/product_brand?post=1509"},{"taxonomy":"product_cat","embeddable":true,"href":"https:\/\/shop.yipinqian.com\/vi\/wp-json\/wp\/v2\/product_cat?post=1509"},{"taxonomy":"product_tag","embeddable":true,"href":"https:\/\/shop.yipinqian.com\/vi\/wp-json\/wp\/v2\/product_tag?post=1509"}],"curies":[{"name":"wp","href":"https:\/\/api.w.org\/{rel}","templated":true}]}}