{"id":1505,"date":"2024-10-24T23:19:43","date_gmt":"2024-10-24T15:19:43","guid":{"rendered":"https:\/\/shop.yipinqian.com\/product\/icy-with-light-green-base-natural-type-a-jadeite-pendant-necklace-crafted-as-flying-horse-symbols-of-good-luck-is-coming-soon-longma-spirit-with-gic-approved-certificate-weigh-4-55-grams-15-6-28-6-3-m\/"},"modified":"2025-02-24T00:49:55","modified_gmt":"2025-02-23T16:49:55","slug":"icy-with-light-green-base-natural-type-a-jadeite-pendant-necklace-crafted-as-flying-horse-symbols-of-good-luck-is-coming-soon-longma-spirit-with-gic-approved-certificate-weigh-4-55-grams-15-6-28-6-3-m","status":"publish","type":"product","link":"https:\/\/shop.yipinqian.com\/vi\/san-pham\/icy-with-light-green-base-natural-type-a-jadeite-pendant-necklace-crafted-as-flying-horse-symbols-of-good-luck-is-coming-soon-longma-spirit-with-gic-approved-certificate-weigh-4-55-grams-15-6-28-6-3-m\/","title":{"rendered":"M\u1eb7t d\u00e2y chuy\u1ec1n b\u1eb1ng \u0111\u00e1 Jadeite t\u1ef1 nhi\u00ean lo\u1ea1i A m\u00e0u xanh l\u00e1 c\u00e2y nh\u1ea1t v\u1edbi \u0111\u1ebf b\u0103ng gi\u00e1 \u0111\u01b0\u1ee3c ch\u1ebf t\u00e1c nh\u01b0 bi\u1ec3u t\u01b0\u1ee3ng Ng\u1ef1a bay c\u1ee7a s\u1ef1 may m\u1eafn s\u1eafp \u0111\u1ebfn, linh h\u1ed3n Longma c\u00f3 ch\u1ee9ng ch\u1ec9 \u0111\u01b0\u1ee3c QIC ch\u1ea5p thu\u1eadn n\u1eb7ng 4,55 gram, 15,6 * 28 * 6,3 mm (m\u1eb7t d\u00e2y chuy\u1ec1n65)"},"content":{"rendered":"<p>M\u1eb7t d\u00e2y chuy\u1ec1n ng\u1ecdc b\u00edch Icy n\u00e0y l\u00e0 bi\u1ec3u t\u01b0\u1ee3ng c\u1ee7a s\u1ef1 may m\u1eafn, \u0111\u01b0\u1ee3c ch\u1ebf t\u00e1c theo h\u00ecnh d\u1ea1ng m\u1ed9t ch\u00fa ng\u1ef1a bay. Ph\u1ea7n \u0111\u1ebf m\u00e0u xanh l\u00e1 c\u00e2y nh\u1ea1t v\u00e0 ng\u1ecdc b\u00edch t\u1ef1 nhi\u00ean lo\u1ea1i A l\u00e0m cho n\u00f3 tr\u1edf th\u00e0nh m\u1ed9t s\u1ef1 b\u1ed5 sung thanh l\u1ecbch cho b\u1ed9 s\u01b0u t\u1eadp trang s\u1ee9c c\u1ee7a b\u1ea1n.<\/p>\n<ul>\n<li><strong>Bi\u1ec3u t\u01b0\u1ee3ng con ng\u1ef1a bay:<\/strong> M\u1eb7t d\u00e2y chuy\u1ec1n \u0111\u01b0\u1ee3c ch\u1ebf t\u00e1c theo h\u00ecnh con ng\u1ef1a bay, t\u01b0\u1ee3ng tr\u01b0ng cho s\u1ef1 may m\u1eafn v\u00e0 n\u0103ng l\u01b0\u1ee3ng. \u0110eo n\u00f3 \u0111\u1ec3 mang l\u1ea1i s\u1ef1 t\u00edch c\u1ef1c cho cu\u1ed9c s\u1ed1ng c\u1ee7a b\u1ea1n.<\/li>\n<li><strong>Jadeite t\u1ef1 nhi\u00ean lo\u1ea1i A:<\/strong> \u0110\u01b0\u1ee3c l\u00e0m b\u1eb1ng Jadeite t\u1ef1 nhi\u00ean lo\u1ea1i A ch\u1ea5t l\u01b0\u1ee3ng cao, chi\u1ebfc v\u00f2ng c\u1ed5 n\u00e0y v\u1eeba \u0111\u1eb9p v\u1eeba b\u1ec1n. N\u00f3 n\u1eb7ng 4,55 gram v\u00e0 c\u00f3 k\u00edch th\u01b0\u1edbc 15,6 * 28 * 6,3 mm (m\u1eb7t d\u00e2y chuy\u1ec1n65).<\/li>\n<li><strong>Gi\u1ea5y ch\u1ee9ng nh\u1eadn \u0111\u01b0\u1ee3c QIC ch\u1ea5p thu\u1eadn:<\/strong> C\u00f3 ch\u1ee9ng ch\u1ec9 \u0111\u01b0\u1ee3c QIC ch\u1ea5p thu\u1eadn \u0111\u1ea3m b\u1ea3o t\u00ednh x\u00e1c th\u1ef1c.<\/li>\n<\/ul>\n<p><strong>S\u1ed1 ch\u1ee9ng ch\u1ec9: 5424012800730<\/strong><\/p>\n<p><img fetchpriority=\"high\" decoding=\"async\" src=\"https:\/\/shop.yipinqian.com\/wp-content\/uploads\/2024\/10\/4837b0319dff781bbfad864a9fe01fb1.jpg?from=476444299\" width=\"1080\" height=\"1080\" \/><\/p>\n<p>Chi\u1ebfc v\u00f2ng c\u1ed5 Longma n\u00e0y \u0111\u01b0\u1ee3c thi\u1ebft k\u1ebf \u0111\u1ec3 \u0111eo h\u00e0ng ng\u00e0y, ho\u00e0n h\u1ea3o cho m\u1ecdi d\u1ecbp b\u1ea5t k\u1ec3 gi\u1edbi t\u00ednh hay s\u1edf th\u00edch v\u1ec1 phong c\u00e1ch - th\u01b0\u1eddng ng\u00e0y hay trang tr\u1ecdng.<\/p>\n<ul>\n<li><strong>Gi\u1ea5y ch\u1ee9ng nh\u1eadn bao g\u1ed3m:<\/strong> Chi\u1ebfc v\u00f2ng c\u1ed5 n\u00e0y \u0111i k\u00e8m v\u1edbi m\u1ed9t gi\u1ea5y ch\u1ee9ng nh\u1eadn x\u00e1c nh\u1eadn t\u00ednh x\u00e1c th\u1ef1c c\u1ee7a n\u00f3<\/li>\n<li>S\u1ea3n xu\u1ea5t t\u1ea1i Myanmar: S\u1ea3n ph\u1ea9m n\u00e0y \u0111\u01b0\u1ee3c s\u1ea3n xu\u1ea5t t\u1ea1i Myanmar, qu\u1ed1c gia xu\u1ea5t x\u1ee9 c\u1ee7a s\u1ea3n ph\u1ea9m n\u00e0y l\u00e0m t\u0103ng th\u00eam n\u00e9t quy\u1ebfn r\u0169 k\u1ef3 l\u1ea1 c\u1ee7a n\u00f3<\/li>\n<\/ul>\n<p>N\u00e2ng t\u1ea7m b\u1ed9 s\u01b0u t\u1eadp trang s\u1ee9c c\u1ee7a b\u1ea1n b\u1eb1ng c\u00e1ch s\u1edf h\u1eefu m\u1ed9t m\u00f3n \u0111\u1ed3 tinh x\u1ea3o nh\u01b0 D\u00e2y chuy\u1ec1n m\u1eb7t ng\u1ef1a bay \u0111\u01b0\u1ee3c l\u00e0m t\u1eeb \u0111\u00e1 Jadeite t\u1ef1 nhi\u00ean lo\u1ea1i A ch\u1eafc ch\u1eafn s\u1ebd khi\u1ebfn m\u1ecdi ng\u01b0\u1eddi ph\u1ea3i ngo\u00e1i nh\u00ecn!<\/p>\n<p>\u00a0<\/p>\n<p>Yi Pin Qian \u2013 Nh\u00e0 bu\u00f4n \u0111\u00e1 qu\u00fd v\u00e0 kim lo\u1ea1i qu\u00fd t\u1ea1i Singapore \u2013 S\u1ed1 gi\u1ea5y ph\u00e9p PS20190000031<\/p>\n<p>\u00a0<\/p>\n<p>*T\u1ea5t c\u1ea3 c\u00e1c lo\u1ea1i Jadeite \u0111\u01b0\u1ee3c mua t\u1eeb Yi Pin Qian t\u1ea1i Singapore, kh\u00e1ch h\u00e0ng c\u00f3 th\u1ec3 \u0111\u1eb7t l\u1ecbch \u0111\u00e1nh b\u00f3ng ho\u1eb7c s\u1eeda ch\u1eefa nh\u1ecf do x\u1eed l\u00fd sai c\u00e1ch \u2013 c\u00f3 t\u00ednh ph\u00ed v\u00e0 ch\u1ec9 d\u00e0nh cho kh\u00e1ch h\u00e0ng c\u1ee7a Yi Pin Qian t\u1ea1i Singapore*<\/p>\n<p>\u00a0<\/p>\n<p><strong>**C\u00e1c lo\u1ea1i ch\u1ee9ng ch\u1ec9**<\/strong><\/p>\n<p>\u00a0<\/p>\n<p><strong>NGI (C\u00f4ng ty \u0110\u00e1 qu\u00fd Nan Yang)<\/strong><\/p>\n<p>ho\u1eb7c <strong>Ch\u1ee9ng ch\u1ec9 n\u01b0\u1edbc ngo\u00e0i <\/strong>(Yi Pin Qian ch\u1ec9 s\u1eed d\u1ee5ng c\u00e1c ch\u1ee9ng ch\u1ec9 x\u00e1c th\u1ef1c t\u1eeb c\u00e1c ph\u00f2ng th\u00ed nghi\u1ec7m \u1edf n\u01b0\u1edbc ngo\u00e0i v\u00e0 ki\u1ec3m so\u00e1t ch\u1ea5t l\u01b0\u1ee3ng m\u1ecdi s\u1ea3n ph\u1ea9m c\u1ee7a ch\u00fang t\u00f4i tr\u01b0\u1edbc khi \u0111\u01b0a ch\u00fang ra b\u00e1n t\u1ea1i Singapore)<\/p>\n<p>\u00a0<\/p>\n<p>M\u1ed7i s\u1ea3n ph\u1ea9m tr\u00ean TikTok s\u1ebd c\u00f3 lo\u1ea1i ch\u1ee9ng ch\u1ec9 \u0111\u01b0\u1ee3c cung c\u1ea5p \u0111\u01b0\u1ee3c n\u00eau trong ph\u1ea7n m\u00f4 t\u1ea3. \u0110\u1ed1i v\u1edbi b\u1ea5t k\u1ef3 kh\u00e1ch h\u00e0ng n\u00e0o mu\u1ed1n g\u1eedi \u0111\u01a1n h\u00e0ng c\u1ee7a m\u00ecnh \u0111\u1ebfn NGI Singapore, s\u1ebd c\u00f3 th\u1eddi gian ch\u1edd giao h\u00e0ng \u01b0\u1edbc t\u00ednh kho\u1ea3ng 4 tu\u1ea7n \u0111\u1ec3 nh\u1eadn \u0111\u01b0\u1ee3c \u0111\u01a1n h\u00e0ng c\u1ee7a b\u1ea1n. <strong>Y\u00eau c\u1ea7u b\u00e1o c\u00e1o v\u1ec1 NGI Gemstone c\u1ea7n \u0111\u01b0\u1ee3c th\u1ef1c hi\u1ec7n b\u1eb1ng c\u00e1ch nh\u1eafn tin \u0111\u1ebfn c\u1eeda h\u00e0ng TikTok Yi Pin Qian.<\/strong> C\u1ea3m \u01a1n, <strong><u>\u00e1p d\u1ee5ng th\u00eam ph\u00ed<\/u><\/strong>.<\/p>\n<p>\u00a0<\/p>\n<p><strong>Jadeite t\u1ef1 nhi\u00ean kh\u00f4ng ho\u00e0n h\u1ea3o, ch\u1ec9 l\u00e0 m\u1ed9t l\u1eddi nh\u1eafc nh\u1edf nh\u1eb9 nh\u00e0ng, Jadeite t\u1ef1 nhi\u00ean c\u1ee7a ch\u00fang t\u00f4i, gi\u1ed1ng nh\u01b0 t\u1ea5t c\u1ea3 nh\u1eefng th\u1ee9 \u0111\u1eb9p \u0111\u1ebd trong t\u1ef1 nhi\u00ean, c\u00f3 nh\u1eefng \u0111\u1eb7c \u0111i\u1ec3m v\u00e0 bi\u1ebfn th\u1ec3 \u0111\u1ed9c \u0111\u00e1o. Ch\u00fang t\u00f4i m\u1eddi nh\u1eefng kh\u00e1ch h\u00e0ng c\u00f3 gi\u00e1 tr\u1ecb c\u1ee7a m\u00ecnh \u0111\u00f3n nh\u1eadn nh\u1eefng bi\u1ebfn th\u1ec3 t\u1ef1 nhi\u00ean n\u00e0y. Ch\u00fac b\u1ea1n mua s\u1eafm vui v\u1ebb!<\/strong><\/p>\n<p>\u00a0<\/p>\n<p><strong><u>Kh\u00f4ng c\u00f3 h\u00ecnh \u1ea3nh v\u00e0 c\u1ea3nh quay video n\u00e0o \u0111\u01b0\u1ee3c l\u1ecdc. Ch\u00fang t\u00f4i khuy\u1ebfn kh\u00edch kh\u00e1ch h\u00e0ng c\u1ee7a m\u00ecnh c\u0169ng xem c\u00e1c video \u0111i k\u00e8m \u0111\u1ec3 c\u00f3 c\u00e1i nh\u00ecn to\u00e0n di\u1ec7n h\u01a1n v\u1ec1 s\u1ea3n ph\u1ea9m c\u1ee7a ch\u00fang t\u00f4i<\/u><\/strong><\/p>\n<p>\u00a0<\/p>\n<p>.<\/p>","protected":false},"excerpt":{"rendered":"<p>M\u1eb7t d\u00e2y chuy\u1ec1n ng\u1ecdc b\u00edch Icy n\u00e0y l\u00e0 bi\u1ec3u t\u01b0\u1ee3ng c\u1ee7a s\u1ef1 may m\u1eafn, \u0111\u01b0\u1ee3c ch\u1ebf t\u00e1c theo h\u00ecnh d\u1ea1ng m\u1ed9t ch\u00fa ng\u1ef1a bay. Ph\u1ea7n \u0111\u1ebf m\u00e0u xanh l\u00e1 c\u00e2y nh\u1ea1t v\u00e0 \u0111\u00e1 jadeite t\u1ef1 nhi\u00ean lo\u1ea1i A l\u00e0m cho n\u00f3 tr\u1edf th\u00e0nh m\u1ed9t s\u1ef1 b\u1ed5 sung thanh l\u1ecbch cho b\u1ed9 s\u01b0u t\u1eadp trang s\u1ee9c c\u1ee7a b\u1ea1n. Bi\u1ec3u t\u01b0\u1ee3ng ng\u1ef1a bay: M\u1eb7t d\u00e2y chuy\u1ec1n \u0111\u01b0\u1ee3c ch\u1ebf t\u00e1c theo h\u00ecnh d\u1ea1ng m\u1ed9t ch\u00fa ng\u1ef1a bay, t\u01b0\u1ee3ng tr\u01b0ng cho s\u1ef1 may m\u1eafn [\u2026]<\/p>","protected":false},"featured_media":5515,"comment_status":"open","ping_status":"closed","template":"","meta":[],"product_brand":[],"product_cat":[194],"product_tag":[],"class_list":{"0":"post-1505","1":"product","2":"type-product","3":"status-publish","4":"has-post-thumbnail","6":"product_cat-value-picks","8":"first","9":"instock","10":"sale","11":"shipping-taxable","12":"purchasable","13":"product-type-simple"},"_links":{"self":[{"href":"https:\/\/shop.yipinqian.com\/vi\/wp-json\/wp\/v2\/product\/1505","targetHints":{"allow":["GET"]}}],"collection":[{"href":"https:\/\/shop.yipinqian.com\/vi\/wp-json\/wp\/v2\/product"}],"about":[{"href":"https:\/\/shop.yipinqian.com\/vi\/wp-json\/wp\/v2\/types\/product"}],"replies":[{"embeddable":true,"href":"https:\/\/shop.yipinqian.com\/vi\/wp-json\/wp\/v2\/comments?post=1505"}],"version-history":[{"count":0,"href":"https:\/\/shop.yipinqian.com\/vi\/wp-json\/wp\/v2\/product\/1505\/revisions"}],"wp:featuredmedia":[{"embeddable":true,"href":"https:\/\/shop.yipinqian.com\/vi\/wp-json\/wp\/v2\/media\/5515"}],"wp:attachment":[{"href":"https:\/\/shop.yipinqian.com\/vi\/wp-json\/wp\/v2\/media?parent=1505"}],"wp:term":[{"taxonomy":"product_brand","embeddable":true,"href":"https:\/\/shop.yipinqian.com\/vi\/wp-json\/wp\/v2\/product_brand?post=1505"},{"taxonomy":"product_cat","embeddable":true,"href":"https:\/\/shop.yipinqian.com\/vi\/wp-json\/wp\/v2\/product_cat?post=1505"},{"taxonomy":"product_tag","embeddable":true,"href":"https:\/\/shop.yipinqian.com\/vi\/wp-json\/wp\/v2\/product_tag?post=1505"}],"curies":[{"name":"wp","href":"https:\/\/api.w.org\/{rel}","templated":true}]}}