{"id":1504,"date":"2024-10-24T23:19:43","date_gmt":"2024-10-24T15:19:43","guid":{"rendered":"https:\/\/shop.yipinqian.com\/product\/icy-with-green-patches-natural-type-a-jadeite-pendant-necklace-crafted-with-fish-biting-chinese-coin-qic-approved-labs-certificate-included-weigh-8-7-grams-43-1-15-8-1-mm-pendant136\/"},"modified":"2025-02-24T00:49:55","modified_gmt":"2025-02-23T16:49:55","slug":"icy-with-green-patches-natural-type-a-jadeite-pendant-necklace-crafted-with-fish-biting-chinese-coin-qic-approved-labs-certificate-included-weigh-8-7-grams-43-1-15-8-1-mm-pendant136","status":"publish","type":"product","link":"https:\/\/shop.yipinqian.com\/vi\/san-pham\/icy-with-green-patches-natural-type-a-jadeite-pendant-necklace-crafted-with-fish-biting-chinese-coin-qic-approved-labs-certificate-included-weigh-8-7-grams-43-1-15-8-1-mm-pendant136\/","title":{"rendered":"D\u00e2y chuy\u1ec1n m\u1eb7t \u0111\u00e1 Jadeite t\u1ef1 nhi\u00ean lo\u1ea1i A c\u00f3 c\u00e1c m\u1ea3ng xanh \u0111\u01b0\u1ee3c ch\u1ebf t\u00e1c b\u1eb1ng \u0111\u1ed3ng xu Trung Qu\u1ed1c h\u00ecnh c\u00e1 c\u1eafn, c\u00f3 ch\u1ee9ng nh\u1eadn c\u1ee7a ph\u00f2ng th\u00ed nghi\u1ec7m QIC, n\u1eb7ng 8,7 gram, k\u00edch th\u01b0\u1edbc 43,1 * 15 * 8,1 mm (m\u1eb7t d\u00e2y chuy\u1ec1n136)"},"content":{"rendered":"<p>N\u00e2ng t\u1ea7m phong c\u00e1ch c\u1ee7a b\u1ea1n v\u1edbi M\u1eb7t d\u00e2y chuy\u1ec1n b\u1eb1ng \u0111\u00e1 Jadeite t\u1ef1 nhi\u00ean lo\u1ea1i A Icy with green patches tuy\u1ec7t \u0111\u1eb9p n\u00e0y. Thi\u1ebft k\u1ebf \u0111\u1ed3ng xu Trung Qu\u1ed1c h\u00ecnh c\u00e1 c\u1eafn mang \u0111\u1ebfn n\u00e9t quy\u1ebfn r\u0169 truy\u1ec1n th\u1ed1ng cho s\u1ea3n ph\u1ea9m.<\/p>\n<ul>\n<li>\n<strong>Jadeite t\u1ef1 nhi\u00ean lo\u1ea1i A:<\/strong> \u0110\u01b0\u1ee3c ch\u1ebf t\u00e1c t\u1eeb \u0111\u00e1 ng\u1ecdc b\u00edch lo\u1ea1i A t\u1ef1 nhi\u00ean ch\u1ea5t l\u01b0\u1ee3ng cao, m\u1eb7t d\u00e2y chuy\u1ec1n n\u00e0y th\u1ef1c s\u1ef1 l\u00e0 m\u1ed9t ki\u1ec7t t\u00e1c.<\/li>\n<li>\n<strong>Gi\u1ea5y ch\u1ee9ng nh\u1eadn bao g\u1ed3m:<\/strong> C\u00f3 k\u00e8m ch\u1ee9ng ch\u1ec9 ph\u00f2ng th\u00ed nghi\u1ec7m \u0111\u01b0\u1ee3c QIC ch\u1ea5p thu\u1eadn \u0111\u1ec3 b\u1ea1n an t\u00e2m.<\/li>\n<\/ul>\n<p><strong>S\u1ed1 ch\u1ee9ng ch\u1ec9: 5924031205428<\/strong><\/p>\n<p><img fetchpriority=\"high\" decoding=\"async\" height=\"1080\" src=\"https:\/\/shop.yipinqian.com\/wp-content\/uploads\/2024\/10\/b9a028c058ef5bf0b4714e8baf28c562.jpg?from=476444299\" width=\"1080\"><\/p>\n<ul>\n<li>\n<strong>Thi\u1ebft k\u1ebf Unisex:<\/strong> Chi\u1ebfc v\u00f2ng c\u1ed5 n\u00e0y v\u1eeba \u0111a n\u0103ng v\u1eeba h\u1ee3p th\u1eddi trang, ph\u00f9 h\u1ee3p cho c\u1ea3 nam v\u00e0 n\u1eef.<\/li>\n<li>\n<strong>Phong c\u00e1ch gi\u1ea3n d\u1ecb:<\/strong> Phong c\u00e1ch gi\u1ea3n d\u1ecb ph\u00f9 h\u1ee3p \u0111\u1ec3 m\u1eb7c h\u00e0ng ng\u00e0y ho\u1eb7c trong nh\u1eefng d\u1ecbp \u0111\u1eb7c bi\u1ec7t.<\/li>\n<\/ul>\n<p>V\u1edbi tr\u1ecdng l\u01b0\u1ee3ng 8,7 gram v\u00e0 k\u00edch th\u01b0\u1edbc 43,1 * 15 * 8,1 mm (m\u1eb7t d\u00e2y chuy\u1ec1n136), \u0111\u00e2y l\u00e0 k\u00edch th\u01b0\u1edbc ho\u00e0n h\u1ea3o \u0111\u1ec3 t\u1ea1o \u0111i\u1ec3m nh\u1ea5n m\u00e0 kh\u00f4ng qu\u00e1 c\u1ed3ng k\u1ec1nh ho\u1eb7c n\u1eb7ng tr\u00ean c\u1ed5 b\u1ea1n.<\/p>\n<ul>\n<li>\n<strong>D\u00e2y chuy\u1ec1n &amp; M\u1eb7t d\u00e2y chuy\u1ec1n ng\u1ecdc b\u00edch: <\/strong>M\u1eb7t d\u00e2y chuy\u1ec1n b\u1eb1ng ng\u1ecdc b\u00edch t\u1ef1 nhi\u00ean n\u00e0y l\u00e0 s\u1ef1 b\u1ed5 sung l\u00fd t\u01b0\u1edfng cho b\u1ea5t k\u1ef3 b\u1ed9 s\u01b0u t\u1eadp trang s\u1ee9c n\u00e0o.<\/li>\n<\/ul>\n<p>T\u1ef1 h\u00e0o c\u00f3 ngu\u1ed3n g\u1ed1c t\u1eeb Myanmar, t\u00e1c ph\u1ea9m n\u00e0y n\u00f3i l\u00ean r\u1ea5t nhi\u1ec1u \u0111i\u1ec1u v\u1ec1 ngu\u1ed3n g\u1ed1c \u0111\u1ed9c \u0111\u00e1o v\u00e0 di s\u1ea3n v\u0103n h\u00f3a phong ph\u00fa c\u1ee7a n\u01a1i n\u00e0y.<\/p>\n<ul>\n<li>Ph\u1ee5 ki\u1ec7n ho\u00e0n h\u1ea3o cho trang ph\u1ee5c h\u00e0ng ng\u00e0y ho\u1eb7c nh\u1eefng d\u1ecbp \u0111\u1eb7c bi\u1ec7t,<\/li>\n<li>.<\/li>\n<\/ul>\n<p>.<\/p>\n<p>M\u1eb7t d\u00e2y chuy\u1ec1n b\u1eb1ng \u0111\u00e1 Jadeite t\u1ef1 nhi\u00ean lo\u1ea1i A v\u1edbi c\u00e1c m\u1ea3ng xanh l\u00e1 c\u00e2y n\u00e0y d\u1ec5 d\u00e0ng t\u00f4n th\u00eam v\u1ebb thanh l\u1ecbch cho b\u1ea5t k\u1ef3 trang ph\u1ee5c n\u00e0o,<\/p>\n<ul>\n<li>\u00a0<\/li>\n<\/ul>\n<p>Thi\u1ebft k\u1ebf \u0111\u1ed3ng xu Trung Qu\u1ed1c h\u00ecnh con c\u00e1 c\u1eafn mang \u0111\u1ebfn n\u00e9t ph\u1ee9c t\u1ea1p v\u1ec1 \u00fd ngh\u0129a v\u0103n h\u00f3a,<\/p>\n<p>\u00a0<\/p>\n<p>Yi Pin Qian \u2013 Nh\u00e0 bu\u00f4n \u0111\u00e1 qu\u00fd v\u00e0 kim lo\u1ea1i qu\u00fd t\u1ea1i Singapore \u2013 S\u1ed1 gi\u1ea5y ph\u00e9p PS20190000031<\/p>\n<p>\u00a0<\/p>\n<p>*T\u1ea5t c\u1ea3 c\u00e1c lo\u1ea1i Jadeite \u0111\u01b0\u1ee3c mua t\u1eeb Yi Pin Qian t\u1ea1i Singapore, kh\u00e1ch h\u00e0ng c\u00f3 th\u1ec3 \u0111\u1eb7t l\u1ecbch \u0111\u00e1nh b\u00f3ng ho\u1eb7c s\u1eeda ch\u1eefa nh\u1ecf do x\u1eed l\u00fd sai c\u00e1ch \u2013 c\u00f3 t\u00ednh ph\u00ed v\u00e0 ch\u1ec9 d\u00e0nh cho kh\u00e1ch h\u00e0ng c\u1ee7a Yi Pin Qian t\u1ea1i Singapore*<\/p>\n<p>\u00a0<\/p>\n<p><strong>**C\u00e1c lo\u1ea1i ch\u1ee9ng ch\u1ec9**<\/strong><\/p>\n<p>\u00a0<\/p>\n<p><strong>NGI (C\u00f4ng ty \u0110\u00e1 qu\u00fd Nan Yang)<\/strong><\/p>\n<p>ho\u1eb7c <strong>Ch\u1ee9ng ch\u1ec9 n\u01b0\u1edbc ngo\u00e0i <\/strong>(Yi Pin Qian ch\u1ec9 s\u1eed d\u1ee5ng c\u00e1c ch\u1ee9ng ch\u1ec9 x\u00e1c th\u1ef1c t\u1eeb c\u00e1c ph\u00f2ng th\u00ed nghi\u1ec7m \u1edf n\u01b0\u1edbc ngo\u00e0i v\u00e0 ki\u1ec3m so\u00e1t ch\u1ea5t l\u01b0\u1ee3ng m\u1ecdi s\u1ea3n ph\u1ea9m c\u1ee7a ch\u00fang t\u00f4i tr\u01b0\u1edbc khi \u0111\u01b0a ch\u00fang ra b\u00e1n t\u1ea1i Singapore)<\/p>\n<p>\u00a0<\/p>\n<p>M\u1ed7i s\u1ea3n ph\u1ea9m tr\u00ean TikTok s\u1ebd c\u00f3 lo\u1ea1i ch\u1ee9ng ch\u1ec9 \u0111\u01b0\u1ee3c cung c\u1ea5p \u0111\u01b0\u1ee3c n\u00eau trong ph\u1ea7n m\u00f4 t\u1ea3. \u0110\u1ed1i v\u1edbi b\u1ea5t k\u1ef3 kh\u00e1ch h\u00e0ng n\u00e0o mu\u1ed1n g\u1eedi \u0111\u01a1n h\u00e0ng c\u1ee7a m\u00ecnh \u0111\u1ebfn NGI Singapore, s\u1ebd c\u00f3 th\u1eddi gian ch\u1edd giao h\u00e0ng \u01b0\u1edbc t\u00ednh kho\u1ea3ng 4 tu\u1ea7n \u0111\u1ec3 nh\u1eadn \u0111\u01b0\u1ee3c \u0111\u01a1n h\u00e0ng c\u1ee7a b\u1ea1n. <strong>Y\u00eau c\u1ea7u b\u00e1o c\u00e1o v\u1ec1 NGI Gemstone c\u1ea7n \u0111\u01b0\u1ee3c th\u1ef1c hi\u1ec7n b\u1eb1ng c\u00e1ch nh\u1eafn tin \u0111\u1ebfn c\u1eeda h\u00e0ng TikTok Yi Pin Qian.<\/strong> C\u1ea3m \u01a1n, <strong><u>\u00e1p d\u1ee5ng th\u00eam ph\u00ed<\/u><\/strong>.<\/p>\n<p>\u00a0<\/p>\n<p><strong>Jadeite t\u1ef1 nhi\u00ean kh\u00f4ng ho\u00e0n h\u1ea3o, ch\u1ec9 l\u00e0 m\u1ed9t l\u1eddi nh\u1eafc nh\u1edf nh\u1eb9 nh\u00e0ng, Jadeite t\u1ef1 nhi\u00ean c\u1ee7a ch\u00fang t\u00f4i, gi\u1ed1ng nh\u01b0 t\u1ea5t c\u1ea3 nh\u1eefng th\u1ee9 \u0111\u1eb9p \u0111\u1ebd trong t\u1ef1 nhi\u00ean, c\u00f3 nh\u1eefng \u0111\u1eb7c \u0111i\u1ec3m v\u00e0 bi\u1ebfn th\u1ec3 \u0111\u1ed9c \u0111\u00e1o. Ch\u00fang t\u00f4i m\u1eddi nh\u1eefng kh\u00e1ch h\u00e0ng c\u00f3 gi\u00e1 tr\u1ecb c\u1ee7a m\u00ecnh \u0111\u00f3n nh\u1eadn nh\u1eefng bi\u1ebfn th\u1ec3 t\u1ef1 nhi\u00ean n\u00e0y. Ch\u00fac b\u1ea1n mua s\u1eafm vui v\u1ebb!<\/strong><\/p>\n<p>\u00a0<\/p>\n<p><strong><u>Kh\u00f4ng c\u00f3 h\u00ecnh \u1ea3nh v\u00e0 c\u1ea3nh quay video n\u00e0o \u0111\u01b0\u1ee3c l\u1ecdc. Ch\u00fang t\u00f4i khuy\u1ebfn kh\u00edch kh\u00e1ch h\u00e0ng c\u1ee7a m\u00ecnh c\u0169ng xem c\u00e1c video \u0111i k\u00e8m \u0111\u1ec3 c\u00f3 c\u00e1i nh\u00ecn to\u00e0n di\u1ec7n h\u01a1n v\u1ec1 s\u1ea3n ph\u1ea9m c\u1ee7a ch\u00fang t\u00f4i<\/u><\/strong><\/p>\n<p>.<\/p>","protected":false},"excerpt":{"rendered":"<p>Elevate your style with this stunning Icy with green patches Natural Type A Jadeite Pendant Necklace. The fish biting Chinese coin design adds a touch of traditional charm to the piece. Natural Type A Jadeite: Crafted from high-quality, natural Type A jadeite, this pendant necklace is a true masterpiece. Certificate Included: QIC approved labs certificate [&hellip;]<\/p>","protected":false},"featured_media":5505,"comment_status":"open","ping_status":"closed","template":"","meta":[],"product_brand":[],"product_cat":[194],"product_tag":[],"class_list":{"0":"post-1504","1":"product","2":"type-product","3":"status-publish","4":"has-post-thumbnail","6":"product_cat-value-picks","8":"first","9":"instock","10":"sale","11":"shipping-taxable","12":"purchasable","13":"product-type-simple"},"_links":{"self":[{"href":"https:\/\/shop.yipinqian.com\/vi\/wp-json\/wp\/v2\/product\/1504","targetHints":{"allow":["GET"]}}],"collection":[{"href":"https:\/\/shop.yipinqian.com\/vi\/wp-json\/wp\/v2\/product"}],"about":[{"href":"https:\/\/shop.yipinqian.com\/vi\/wp-json\/wp\/v2\/types\/product"}],"replies":[{"embeddable":true,"href":"https:\/\/shop.yipinqian.com\/vi\/wp-json\/wp\/v2\/comments?post=1504"}],"version-history":[{"count":0,"href":"https:\/\/shop.yipinqian.com\/vi\/wp-json\/wp\/v2\/product\/1504\/revisions"}],"wp:featuredmedia":[{"embeddable":true,"href":"https:\/\/shop.yipinqian.com\/vi\/wp-json\/wp\/v2\/media\/5505"}],"wp:attachment":[{"href":"https:\/\/shop.yipinqian.com\/vi\/wp-json\/wp\/v2\/media?parent=1504"}],"wp:term":[{"taxonomy":"product_brand","embeddable":true,"href":"https:\/\/shop.yipinqian.com\/vi\/wp-json\/wp\/v2\/product_brand?post=1504"},{"taxonomy":"product_cat","embeddable":true,"href":"https:\/\/shop.yipinqian.com\/vi\/wp-json\/wp\/v2\/product_cat?post=1504"},{"taxonomy":"product_tag","embeddable":true,"href":"https:\/\/shop.yipinqian.com\/vi\/wp-json\/wp\/v2\/product_tag?post=1504"}],"curies":[{"name":"wp","href":"https:\/\/api.w.org\/{rel}","templated":true}]}}