{"id":1503,"date":"2024-10-24T23:19:42","date_gmt":"2024-10-24T15:19:42","guid":{"rendered":"https:\/\/shop.yipinqian.com\/product\/icy-with-good-translucent-glossy-texture-natural-type-a-jadeite-pendant-necklace-crafted-with-monkey-on-chayote-symbols-of-golden-monkey-brings-longevity-and-double-blessings-certificate-included-weig\/"},"modified":"2025-02-24T01:34:19","modified_gmt":"2025-02-23T17:34:19","slug":"icy-with-good-translucent-glossy-texture-natural-type-a-jadeite-pendant-necklace-crafted-with-monkey-on-chayote-symbols-of-golden-monkey-brings-longevity-and-double-blessings-certificate-included-weig","status":"publish","type":"product","link":"https:\/\/shop.yipinqian.com\/vi\/san-pham\/icy-with-good-translucent-glossy-texture-natural-type-a-jadeite-pendant-necklace-crafted-with-monkey-on-chayote-symbols-of-golden-monkey-brings-longevity-and-double-blessings-certificate-included-weig\/","title":{"rendered":"M\u1eb7t d\u00e2y chuy\u1ec1n b\u1eb1ng \u0111\u00e1 Jadeite t\u1ef1 nhi\u00ean lo\u1ea1i A c\u00f3 k\u1ebft c\u1ea5u b\u00f3ng m\u1edd trong su\u1ed1t, ch\u1ebf t\u00e1c v\u1edbi bi\u1ec3u t\u01b0\u1ee3ng Kh\u1ec9 tr\u00ean Chayote c\u1ee7a Kh\u1ec9 v\u00e0ng mang l\u1ea1i s\u1ef1 tr\u01b0\u1eddng th\u1ecd v\u00e0 ph\u01b0\u1edbc l\u00e0nh g\u1ea5p \u0111\u00f4i, c\u00f3 k\u00e8m gi\u1ea5y ch\u1ee9ng nh\u1eadn, n\u1eb7ng 16,84 gram, 44 * 21,3 * 11,8 mm, ng\u1ecdc b\u00edch s\u01b0u t\u1ea7m"},"content":{"rendered":"<p>C\u00e1i n\u00e0y <strong>D\u00e2y chuy\u1ec1n m\u1eb7t \u0111\u00e1 Jadeite t\u1ef1 nhi\u00ean lo\u1ea1i A <\/strong>c\u00f3 m\u1ed9t t\u00ednh n\u0103ng <strong><u>K\u1ebft c\u1ea5u b\u0103ng gi\u00e1 v\u1edbi l\u1edbp ho\u00e0n thi\u1ec7n b\u00f3ng, trong su\u1ed1t<\/u><\/strong>. M\u1eb7t d\u00e2y chuy\u1ec1n \u0111\u01b0\u1ee3c ch\u1ebf t\u00e1c kh\u00e9o l\u00e9o v\u1edbi <strong>Kh\u1ec9 V\u00e0ng Tr\u00ean Chayote<\/strong> bi\u1ec3u t\u01b0\u1ee3ng, <strong><u>bi\u1ec3u th\u1ecb s\u1ef1 tr\u01b0\u1eddng th\u1ecd v\u00e0 ph\u01b0\u1edbc l\u00e0nh g\u1ea5p \u0111\u00f4i<\/u><\/strong>.<\/p>\n<p>\u00a0<\/p>\n<p>M\u1ea3nh ng\u1ecdc b\u00edch s\u01b0u t\u1ea7m n\u00e0y n\u1eb7ng <strong>16,84 gam<\/strong> v\u00e0 c\u00e1c bi\u1ec7n ph\u00e1p <strong>44 * 21.3 * 11.8<\/strong> mm. Chi\u1ebfc v\u00f2ng c\u1ed5 c\u00f3 k\u00e8m theo gi\u1ea5y ch\u1ee9ng nh\u1eadn x\u00e1c th\u1ef1c.\u00a0<\/p>\n<p>\u00a0<\/p>\n<p><strong>S\u1ed1 ch\u1ee9ng ch\u1ec9: GD2111H014909<\/strong><\/p>\n<p><img fetchpriority=\"high\" decoding=\"async\" height=\"1080\" src=\"https:\/\/shop.yipinqian.com\/wp-content\/uploads\/2024\/10\/8f735e7d50251a5d4af064aa0758e646.jpg?from=476444299\" width=\"1080\"><\/p>\n<p>\u0110\u00e2y l\u00e0 ph\u1ee5 ki\u1ec7n ho\u00e0n h\u1ea3o \u0111\u1ec3 \u0111eo h\u00e0ng ng\u00e0y, th\u00eam y\u1ebfu t\u1ed1 tinh t\u1ebf cho b\u1ea5t k\u1ef3 trang ph\u1ee5c th\u01b0\u1eddng ng\u00e0y n\u00e0o. \u0110\u01b0\u1ee3c l\u00e0m t\u1eeb Jadeite ch\u1ea5t l\u01b0\u1ee3ng cao, chi\u1ebfc v\u00f2ng c\u1ed5 n\u00e0y \u0111\u01b0\u1ee3c thi\u1ebft k\u1ebf \u0111\u1ec3 b\u1ec1n l\u00e2u m\u00e0 kh\u00f4ng \u1ea3nh h\u01b0\u1edfng \u0111\u1ebfn phong c\u00e1ch hay v\u1ebb \u0111\u1eb9p - ph\u00f9 h\u1ee3p v\u1edbi c\u1ea3 hai gi\u1edbi. T\u00f3m l\u1ea1i:<\/p>\n<ul>\n<li>K\u1ebft c\u1ea5u b\u0103ng gi\u00e1 v\u1edbi l\u1edbp ho\u00e0n thi\u1ec7n b\u00f3ng<\/li>\n<li>\u0110\u01b0\u1ee3c ch\u1ebf t\u00e1c v\u1edbi bi\u1ec3u t\u01b0\u1ee3ng Kh\u1ec9 V\u00e0ng tr\u00ean Chayote<\/li>\n<li><strong>N\u1eb7ng 16,84 gram; k\u00edch th\u01b0\u1edbc 44 * 21,3 * 11,8 mm<\/strong><\/li>\n<li>C\u00f3 k\u00e8m theo gi\u1ea5y ch\u1ee9ng nh\u1eadn x\u00e1c th\u1ef1c<\/li>\n<li>Th\u00edch h\u1ee3p \u0111\u1ec3 m\u1eb7c h\u00e0ng ng\u00e0y; ph\u1ee5 ki\u1ec7n ho\u00e0n h\u1ea3o cho phong c\u00e1ch gi\u1ea3n d\u1ecb<\/li>\n<\/ul>\n<p>Yi Pin Qian \u2013 Nh\u00e0 bu\u00f4n \u0111\u00e1 qu\u00fd v\u00e0 kim lo\u1ea1i qu\u00fd t\u1ea1i Singapore \u2013 S\u1ed1 gi\u1ea5y ph\u00e9p PS20190000031<\/p>\n<p>\u00a0<\/p>\n<p>*T\u1ea5t c\u1ea3 c\u00e1c lo\u1ea1i Jadeite \u0111\u01b0\u1ee3c mua t\u1eeb Yi Pin Qian t\u1ea1i Singapore, kh\u00e1ch h\u00e0ng c\u00f3 th\u1ec3 \u0111\u1eb7t l\u1ecbch \u0111\u00e1nh b\u00f3ng ho\u1eb7c s\u1eeda ch\u1eefa nh\u1ecf do x\u1eed l\u00fd sai c\u00e1ch \u2013 c\u00f3 t\u00ednh ph\u00ed v\u00e0 ch\u1ec9 d\u00e0nh cho kh\u00e1ch h\u00e0ng c\u1ee7a Yi Pin Qian t\u1ea1i Singapore*<\/p>\n<p>\u00a0<\/p>\n<p><strong>**C\u00e1c lo\u1ea1i ch\u1ee9ng ch\u1ec9**<\/strong><\/p>\n<p>\u00a0<\/p>\n<p><strong>NGI (C\u00f4ng ty \u0110\u00e1 qu\u00fd Nan Yang)<\/strong><\/p>\n<p>ho\u1eb7c <strong>Ch\u1ee9ng ch\u1ec9 n\u01b0\u1edbc ngo\u00e0i <\/strong>(Yi Pin Qian ch\u1ec9 s\u1eed d\u1ee5ng c\u00e1c ch\u1ee9ng ch\u1ec9 x\u00e1c th\u1ef1c t\u1eeb c\u00e1c ph\u00f2ng th\u00ed nghi\u1ec7m \u1edf n\u01b0\u1edbc ngo\u00e0i v\u00e0 ki\u1ec3m so\u00e1t ch\u1ea5t l\u01b0\u1ee3ng m\u1ecdi s\u1ea3n ph\u1ea9m c\u1ee7a ch\u00fang t\u00f4i tr\u01b0\u1edbc khi \u0111\u01b0a ch\u00fang ra b\u00e1n t\u1ea1i Singapore)<\/p>\n<p>\u00a0<\/p>\n<p>M\u1ed7i s\u1ea3n ph\u1ea9m tr\u00ean TikTok s\u1ebd c\u00f3 lo\u1ea1i ch\u1ee9ng ch\u1ec9 \u0111\u01b0\u1ee3c cung c\u1ea5p \u0111\u01b0\u1ee3c n\u00eau trong ph\u1ea7n m\u00f4 t\u1ea3. \u0110\u1ed1i v\u1edbi b\u1ea5t k\u1ef3 kh\u00e1ch h\u00e0ng n\u00e0o mu\u1ed1n g\u1eedi \u0111\u01a1n h\u00e0ng c\u1ee7a m\u00ecnh \u0111\u1ebfn NGI Singapore, s\u1ebd c\u00f3 th\u1eddi gian ch\u1edd giao h\u00e0ng \u01b0\u1edbc t\u00ednh kho\u1ea3ng 4 tu\u1ea7n \u0111\u1ec3 nh\u1eadn \u0111\u01b0\u1ee3c \u0111\u01a1n h\u00e0ng c\u1ee7a b\u1ea1n. <strong>Y\u00eau c\u1ea7u b\u00e1o c\u00e1o v\u1ec1 NGI Gemstone c\u1ea7n \u0111\u01b0\u1ee3c th\u1ef1c hi\u1ec7n b\u1eb1ng c\u00e1ch nh\u1eafn tin \u0111\u1ebfn c\u1eeda h\u00e0ng TikTok Yi Pin Qian.<\/strong> C\u1ea3m \u01a1n, <strong><u>\u00e1p d\u1ee5ng th\u00eam ph\u00ed<\/u><\/strong>.<\/p>\n<p>\u00a0<\/p>\n<p><strong>Jadeite t\u1ef1 nhi\u00ean kh\u00f4ng ho\u00e0n h\u1ea3o, ch\u1ec9 l\u00e0 m\u1ed9t l\u1eddi nh\u1eafc nh\u1edf nh\u1eb9 nh\u00e0ng, Jadeite t\u1ef1 nhi\u00ean c\u1ee7a ch\u00fang t\u00f4i, gi\u1ed1ng nh\u01b0 t\u1ea5t c\u1ea3 nh\u1eefng th\u1ee9 \u0111\u1eb9p \u0111\u1ebd trong t\u1ef1 nhi\u00ean, c\u00f3 nh\u1eefng \u0111\u1eb7c \u0111i\u1ec3m v\u00e0 bi\u1ebfn th\u1ec3 \u0111\u1ed9c \u0111\u00e1o. Ch\u00fang t\u00f4i m\u1eddi nh\u1eefng kh\u00e1ch h\u00e0ng c\u00f3 gi\u00e1 tr\u1ecb c\u1ee7a m\u00ecnh \u0111\u00f3n nh\u1eadn nh\u1eefng bi\u1ebfn th\u1ec3 t\u1ef1 nhi\u00ean n\u00e0y. Ch\u00fac b\u1ea1n mua s\u1eafm vui v\u1ebb!<\/strong><\/p>\n<p>\u00a0<\/p>\n<p><strong><u>Kh\u00f4ng c\u00f3 h\u00ecnh \u1ea3nh v\u00e0 c\u1ea3nh quay video n\u00e0o \u0111\u01b0\u1ee3c l\u1ecdc. Ch\u00fang t\u00f4i khuy\u1ebfn kh\u00edch kh\u00e1ch h\u00e0ng c\u1ee7a m\u00ecnh c\u0169ng xem c\u00e1c video \u0111i k\u00e8m \u0111\u1ec3 c\u00f3 c\u00e1i nh\u00ecn to\u00e0n di\u1ec7n h\u01a1n v\u1ec1 s\u1ea3n ph\u1ea9m c\u1ee7a ch\u00fang t\u00f4i<\/u><\/strong><\/p>","protected":false},"excerpt":{"rendered":"<p>D\u00e2y chuy\u1ec1n m\u1eb7t d\u00e2y chuy\u1ec1n Jadeite lo\u1ea1i A t\u1ef1 nhi\u00ean n\u00e0y c\u00f3 k\u1ebft c\u1ea5u b\u0103ng gi\u00e1 v\u1edbi l\u1edbp ho\u00e0n thi\u1ec7n b\u00f3ng, trong m\u1edd. M\u1eb7t d\u00e2y chuy\u1ec1n \u0111\u01b0\u1ee3c ch\u1ebf t\u00e1c kh\u00e9o l\u00e9o v\u1edbi bi\u1ec3u t\u01b0\u1ee3ng Kh\u1ec9 v\u00e0ng tr\u00ean Chayote, t\u01b0\u1ee3ng tr\u01b0ng cho s\u1ef1 tr\u01b0\u1eddng th\u1ecd v\u00e0 ph\u01b0\u1edbc l\u00e0nh k\u00e9p. M\u1ea3nh ng\u1ecdc b\u00edch s\u01b0u t\u1ea7m n\u00e0y n\u1eb7ng 16,84 gram v\u00e0 c\u00f3 k\u00edch th\u01b0\u1edbc 44 * 21,3 * 11,8 mm. D\u00e2y chuy\u1ec1n \u0111i k\u00e8m v\u1edbi m\u1ed9t ch\u1ee9ng ch\u1ec9 [\u2026]<\/p>","protected":false},"featured_media":5495,"comment_status":"open","ping_status":"closed","template":"","meta":[],"product_brand":[],"product_cat":[196],"product_tag":[],"class_list":{"0":"post-1503","1":"product","2":"type-product","3":"status-publish","4":"has-post-thumbnail","6":"product_cat-vault-collection","8":"first","9":"instock","10":"sale","11":"shipping-taxable","12":"purchasable","13":"product-type-simple"},"_links":{"self":[{"href":"https:\/\/shop.yipinqian.com\/vi\/wp-json\/wp\/v2\/product\/1503","targetHints":{"allow":["GET"]}}],"collection":[{"href":"https:\/\/shop.yipinqian.com\/vi\/wp-json\/wp\/v2\/product"}],"about":[{"href":"https:\/\/shop.yipinqian.com\/vi\/wp-json\/wp\/v2\/types\/product"}],"replies":[{"embeddable":true,"href":"https:\/\/shop.yipinqian.com\/vi\/wp-json\/wp\/v2\/comments?post=1503"}],"version-history":[{"count":0,"href":"https:\/\/shop.yipinqian.com\/vi\/wp-json\/wp\/v2\/product\/1503\/revisions"}],"wp:featuredmedia":[{"embeddable":true,"href":"https:\/\/shop.yipinqian.com\/vi\/wp-json\/wp\/v2\/media\/5495"}],"wp:attachment":[{"href":"https:\/\/shop.yipinqian.com\/vi\/wp-json\/wp\/v2\/media?parent=1503"}],"wp:term":[{"taxonomy":"product_brand","embeddable":true,"href":"https:\/\/shop.yipinqian.com\/vi\/wp-json\/wp\/v2\/product_brand?post=1503"},{"taxonomy":"product_cat","embeddable":true,"href":"https:\/\/shop.yipinqian.com\/vi\/wp-json\/wp\/v2\/product_cat?post=1503"},{"taxonomy":"product_tag","embeddable":true,"href":"https:\/\/shop.yipinqian.com\/vi\/wp-json\/wp\/v2\/product_tag?post=1503"}],"curies":[{"name":"wp","href":"https:\/\/api.w.org\/{rel}","templated":true}]}}