{"id":14971,"date":"2024-12-17T16:31:45","date_gmt":"2024-12-17T08:31:45","guid":{"rendered":"https:\/\/shop.yipinqian.com\/peace-bangle-bracelet-size-55-5-mm-on-light-green-natural-type-a-jadeite-jade-certificate-weighs-49-05-grams-width-11-8-mm-thickness-7-7-mm-bangle28\/"},"modified":"2025-02-10T00:00:17","modified_gmt":"2025-02-09T16:00:17","slug":"peace-bangle-bracelet-size-55-5-mm-on-light-green-natural-type-a-jadeite-jade-certificate-weighs-49-05-grams-width-11-8-mm-thickness-7-7-mm-bangle28","status":"publish","type":"product","link":"https:\/\/shop.yipinqian.com\/vi\/san-pham\/peace-bangle-bracelet-size-55-5-mm-on-light-green-natural-type-a-jadeite-jade-certificate-weighs-49-05-grams-width-11-8-mm-thickness-7-7-mm-bangle28\/","title":{"rendered":"V\u00f2ng tay Peace Bangle Size 55,5 mm tr\u00ean \u0111\u00e1 Jadeite t\u1ef1 nhi\u00ean m\u00e0u xanh l\u00e1 c\u00e2y nh\u1ea1t lo\u1ea1i A, gi\u1ea5y ch\u1ee9ng nh\u1eadn n\u1eb7ng 49,05 gram, chi\u1ec1u r\u1ed9ng 11,8 mm \u0110\u1ed9 d\u00e0y: 7,7 mm (bangle28)"},"content":{"rendered":"<p><iframe title=\"V\u00f2ng tay h\u00f2a b\u00ecnh\" src=\"https:\/\/youtube.com\/embed\/1JFOf6aaI6A\" width=\"330\" height=\"300\"><\/iframe><\/p>\n<p>Kh\u00e1m ph\u00e1 s\u1ef1 thanh l\u1ecbch v\u1edbi V\u00f2ng tay Peace Bangle, \u0111\u01b0\u1ee3c ch\u1ebf t\u00e1c t\u1eeb Ng\u1ecdc b\u00edch Jadeite t\u1ef1 nhi\u00ean lo\u1ea1i A. M\u00f3n \u0111\u1ed3 tinh t\u1ebf n\u00e0y ho\u00e0n h\u1ea3o \u0111\u1ec3 \u0111eo h\u00e0ng ng\u00e0y, th\u1ec3 hi\u1ec7n t\u00f4ng m\u00e0u xanh l\u00e1 c\u00e2y nh\u1ea1t tuy\u1ec7t \u0111\u1eb9p.<\/p>\n<p>\u00a0<\/p>\n<p>S\u1ed1 ch\u1ee9ng ch\u1ec9: 920660025453<\/p>\n<p><img fetchpriority=\"high\" decoding=\"async\" src=\"https:\/\/shop.yipinqian.com\/wp-content\/uploads\/2024\/12\/fe85e505c39247768be120b337b4ec5atplv-aphluv4xwc-origin-jpeg.jpeg?dr=15568&amp;nonce=8065&amp;refresh_token=d5749df4131558b57a2d62ce0ebe9256&amp;from=476444299&amp;idc=my2&amp;ps=933b5bde&amp;shcp=9b759fb9&amp;shp=1c65f68b&amp;t=555f072d\" width=\"1536\" height=\"2048\" \/><\/p>\n<ul>\n<li><strong>K\u00edch c\u1ee1:<\/strong> 55,5mm<\/li>\n<li><strong>C\u00e2n n\u1eb7ng:<\/strong> 49,05 gam<\/li>\n<li><strong>Chi\u1ec1u r\u1ed9ng v\u00f2ng tay:<\/strong> 11,8mm<\/li>\n<li><strong>\u0110\u1ed9 d\u00e0y v\u00f2ng tay:<\/strong> 7,7mm<\/li>\n<li><strong>Ch\u1ee9ng nh\u1eadn:<\/strong> C\u00f3, bao g\u1ed3m<\/li>\n<li><strong>Khu v\u1ef1c xu\u1ea5t x\u1ee9: Myanmar Chi\u1ebfc v\u00f2ng tay n\u00e0y \u0111\u01b0\u1ee3c thi\u1ebft k\u1ebf d\u00e0nh cho nh\u1eefng ng\u01b0\u1eddi ph\u1ee5 n\u1eef y\u00eau th\u00edch \u0111\u1ed3 trang s\u1ee9c tinh x\u1ea3o v\u00e0 \u0111i k\u00e8m v\u1edbi gi\u1ea5y ch\u1ee9ng nh\u1eadn x\u00e1c th\u1ef1c. Kh\u00f4ng c\u00f3 b\u1ea3o h\u00e0nh n\u00e0o \u0111\u01b0\u1ee3c \u00e1p d\u1ee5ng, nh\u01b0ng v\u1ebb \u0111\u1eb9p v\u01b0\u1ee3t th\u1eddi gian c\u1ee7a m\u00f3n \u0111\u1ed3 ng\u1ecdc b\u00edch n\u00e0y \u0111\u1ea3m b\u1ea3o r\u1eb1ng n\u00f3 s\u1ebd \u0111\u01b0\u1ee3c tr\u00e2n tr\u1ecdng trong nhi\u1ec1u n\u0103m t\u1edbi.<\/strong><\/li>\n<\/ul>\n<p><img decoding=\"async\" src=\"https:\/\/shop.yipinqian.com\/wp-content\/uploads\/2024\/12\/83714d13945040369bd41373fd107ec2tplv-aphluv4xwc-origin-jpeg.jpeg?dr=15568&amp;nonce=82460&amp;refresh_token=5931f783dceab57a7b6f78f6279a9820&amp;from=476444299&amp;idc=my2&amp;ps=933b5bde&amp;shcp=9b759fb9&amp;shp=1c65f68b&amp;t=555f072d\" width=\"1080\" height=\"1080\" \/><img decoding=\"async\" src=\"https:\/\/shop.yipinqian.com\/wp-content\/uploads\/2024\/12\/96c0243c0e2848dc838ac05c8616f2aatplv-aphluv4xwc-origin-jpeg.jpeg?dr=15568&amp;nonce=23013&amp;refresh_token=50b9049f06b73c5f3a8a1da93c1e0ca2&amp;from=476444299&amp;idc=my2&amp;ps=933b5bde&amp;shcp=9b759fb9&amp;shp=1c65f68b&amp;t=555f072d\" width=\"1080\" height=\"1080\" \/><img loading=\"lazy\" decoding=\"async\" src=\"https:\/\/shop.yipinqian.com\/wp-content\/uploads\/2024\/12\/b25f3735754649bbab492ac7a8f7c07ctplv-aphluv4xwc-origin-jpeg.jpeg?dr=15568&amp;nonce=65744&amp;refresh_token=bbb89b52715c08e964743f8e394b52f9&amp;from=476444299&amp;idc=my2&amp;ps=933b5bde&amp;shcp=9b759fb9&amp;shp=1c65f68b&amp;t=555f072d\" width=\"526\" height=\"362\" \/><\/p>\n<p>Yi Pin Qian \u2013 Nh\u00e0 bu\u00f4n \u0111\u00e1 qu\u00fd v\u00e0 kim lo\u1ea1i qu\u00fd t\u1ea1i Singapore \u2013 S\u1ed1 gi\u1ea5y ph\u00e9p PS20190000031<\/p>\n<p>\u00a0<\/p>\n<p>*T\u1ea5t c\u1ea3 c\u00e1c lo\u1ea1i Jadeite \u0111\u01b0\u1ee3c mua t\u1eeb Yi Pin Qian t\u1ea1i Singapore, kh\u00e1ch h\u00e0ng c\u00f3 th\u1ec3 \u0111\u1eb7t l\u1ecbch \u0111\u00e1nh b\u00f3ng ho\u1eb7c s\u1eeda ch\u1eefa nh\u1ecf do x\u1eed l\u00fd sai c\u00e1ch \u2013 c\u00f3 t\u00ednh ph\u00ed v\u00e0 ch\u1ec9 d\u00e0nh cho kh\u00e1ch h\u00e0ng c\u1ee7a Yi Pin Qian t\u1ea1i Singapore*<\/p>\n<p>\u00a0<\/p>\n<p><strong>**C\u00e1c lo\u1ea1i ch\u1ee9ng ch\u1ec9**<\/strong><\/p>\n<p>\u00a0<\/p>\n<p><strong>NGI (C\u00f4ng ty \u0110\u00e1 qu\u00fd Nan Yang)<\/strong><\/p>\n<p>ho\u1eb7c <strong>Ch\u1ee9ng ch\u1ec9 n\u01b0\u1edbc ngo\u00e0i <\/strong>(Yi Pin Qian ch\u1ec9 s\u1eed d\u1ee5ng c\u00e1c ch\u1ee9ng ch\u1ec9 x\u00e1c th\u1ef1c t\u1eeb c\u00e1c ph\u00f2ng th\u00ed nghi\u1ec7m \u1edf n\u01b0\u1edbc ngo\u00e0i v\u00e0 ki\u1ec3m so\u00e1t ch\u1ea5t l\u01b0\u1ee3ng m\u1ecdi s\u1ea3n ph\u1ea9m c\u1ee7a ch\u00fang t\u00f4i tr\u01b0\u1edbc khi \u0111\u01b0a ch\u00fang ra b\u00e1n t\u1ea1i Singapore)<\/p>\n<p>\u00a0<\/p>\n<p>M\u1ed7i s\u1ea3n ph\u1ea9m s\u1ebd c\u00f3 lo\u1ea1i ch\u1ee9ng ch\u1ec9 \u0111\u01b0\u1ee3c cung c\u1ea5p \u0111\u01b0\u1ee3c ch\u1ec9 \u0111\u1ecbnh trong m\u00f4 t\u1ea3. \u0110\u1ed1i v\u1edbi b\u1ea5t k\u1ef3 kh\u00e1ch h\u00e0ng n\u00e0o mu\u1ed1n g\u1eedi \u0111\u01a1n \u0111\u1eb7t h\u00e0ng c\u1ee7a h\u1ecd \u0111\u1ebfn NGI Singapore, <strong>B\u1ea1n c\u1ea7n g\u1eedi y\u00eau c\u1ea7u b\u00e1o c\u00e1o v\u1ec1 NGI Gemstone b\u1eb1ng c\u00e1ch nh\u1eafn tin cho ch\u00fang t\u00f4i.<\/strong> C\u1ea3m \u01a1n, <strong><u>\u00e1p d\u1ee5ng th\u00eam ph\u00ed<\/u><\/strong> \u2013 $90 \u0111\u1ed1i v\u1edbi ng\u1ecdc b\u00edch \/ $150 \u0111\u1ed1i v\u1edbi ng\u1ecdc b\u00edch v\u00e0ng 18k \u2013 kh\u00f4ng b\u1eaft bu\u1ed9c v\u00ec h\u1ea7u h\u1ebft s\u1ea3n ph\u1ea9m c\u1ee7a ch\u00fang t\u00f4i \u0111\u00e3 c\u00f3 ch\u1ee9ng ch\u1ec9 n\u01b0\u1edbc ngo\u00e0i ho\u1eb7c b\u00e1o c\u00e1o NGI.<\/p>\n<p>\u00a0<\/p>\n<p>(\u0110\u1ec3 bi\u1ebft th\u00eam chi ti\u1ebft ho\u1eb7c y\u00eau c\u1ea7u b\u1ed5 sung: <strong>Vui l\u00f2ng nh\u1eafn tin cho ch\u00fang t\u00f4i n\u1ebfu b\u1ea1n mu\u1ed1n g\u1eedi s\u1ea3n ph\u1ea9m \u0111\u00e3 mua c\u1ee7a m\u00ecnh \u0111\u1ebfn ph\u00f2ng x\u00e9t nghi\u1ec7m NGI<\/strong>)<\/p>\n<p>\u00a0<\/p>\n<p><strong>Jadeite t\u1ef1 nhi\u00ean kh\u00f4ng ho\u00e0n h\u1ea3o, ch\u1ec9 l\u00e0 m\u1ed9t l\u1eddi nh\u1eafc nh\u1edf nh\u1eb9 nh\u00e0ng, Jadeite t\u1ef1 nhi\u00ean c\u1ee7a ch\u00fang t\u00f4i, gi\u1ed1ng nh\u01b0 t\u1ea5t c\u1ea3 nh\u1eefng th\u1ee9 \u0111\u1eb9p \u0111\u1ebd trong t\u1ef1 nhi\u00ean, c\u00f3 nh\u1eefng \u0111\u1eb7c \u0111i\u1ec3m v\u00e0 bi\u1ebfn th\u1ec3 \u0111\u1ed9c \u0111\u00e1o. Ch\u00fang t\u00f4i m\u1eddi nh\u1eefng kh\u00e1ch h\u00e0ng c\u00f3 gi\u00e1 tr\u1ecb c\u1ee7a m\u00ecnh \u0111\u00f3n nh\u1eadn nh\u1eefng bi\u1ebfn th\u1ec3 t\u1ef1 nhi\u00ean n\u00e0y. Ch\u00fac b\u1ea1n mua s\u1eafm vui v\u1ebb!<\/strong><\/p>\n<p>\u00a0<\/p>\n<p><strong><u>Kh\u00f4ng c\u00f3 h\u00ecnh \u1ea3nh v\u00e0 c\u1ea3nh quay video n\u00e0o \u0111\u01b0\u1ee3c l\u1ecdc. Ch\u00fang t\u00f4i khuy\u1ebfn kh\u00edch kh\u00e1ch h\u00e0ng c\u1ee7a m\u00ecnh c\u0169ng xem c\u00e1c video \u0111i k\u00e8m \u0111\u1ec3 c\u00f3 c\u00e1i nh\u00ecn to\u00e0n di\u1ec7n h\u01a1n v\u1ec1 s\u1ea3n ph\u1ea9m c\u1ee7a ch\u00fang t\u00f4i<\/u><\/strong><\/p>\n<p>\u00a0<\/p>\n<ul>\n<li>C\u00e1c n\u1ec1n t\u1ea3ng kh\u00e1c nhau ch\u1ec9 c\u00f3 th\u1ec3 xem video th\u00f4ng qua m\u00e1y t\u00ednh \u0111\u1ec3 b\u00e0n<\/li>\n<\/ul>","protected":false},"excerpt":{"rendered":"<p>Kh\u00e1m ph\u00e1 s\u1ef1 thanh l\u1ecbch v\u1edbi V\u00f2ng tay Peace Bangle, \u0111\u01b0\u1ee3c ch\u1ebf t\u00e1c t\u1eeb Ng\u1ecdc b\u00edch Jadeite lo\u1ea1i A t\u1ef1 nhi\u00ean. M\u00f3n \u0111\u1ed3 tinh x\u1ea3o n\u00e0y ho\u00e0n h\u1ea3o \u0111\u1ec3 \u0111eo h\u00e0ng ng\u00e0y, th\u1ec3 hi\u1ec7n s\u1eafc xanh l\u1ee5c nh\u1ea1t tuy\u1ec7t \u0111\u1eb9p. S\u1ed1 ch\u1ee9ng nh\u1eadn: 920660025453 K\u00edch th\u01b0\u1edbc: 55,5 mm Tr\u1ecdng l\u01b0\u1ee3ng: 49,05 gram Chi\u1ec1u r\u1ed9ng v\u00f2ng tay: 11,8 mm \u0110\u1ed9 d\u00e0y v\u00f2ng tay: 7,7 mm Ch\u1ee9ng nh\u1eadn: C\u00f3, bao g\u1ed3m Khu v\u1ef1c xu\u1ea5t x\u1ee9: Myanmar V\u00f2ng tay n\u00e0y l\u00e0 [\u2026]<\/p>","protected":false},"featured_media":14998,"comment_status":"open","ping_status":"closed","template":"","meta":[],"product_brand":[],"product_cat":[121,87,126],"product_tag":[86,102,52,82,58,113,75,60],"class_list":{"0":"post-14971","1":"product","2":"type-product","3":"status-publish","4":"has-post-thumbnail","6":"product_cat-bracelets-bangles","7":"product_cat-jade-bracelets-anklets","8":"product_cat-new-arrivals","9":"product_tag-bangle","10":"product_tag-bracelet","11":"product_tag-certified","12":"product_tag-light-green","13":"product_tag-new-arrivals","14":"product_tag-peace-bangle","15":"product_tag-traditional","16":"product_tag-type-a-jadeite","18":"first","19":"instock","20":"sale","21":"shipping-taxable","22":"purchasable","23":"product-type-simple"},"_links":{"self":[{"href":"https:\/\/shop.yipinqian.com\/vi\/wp-json\/wp\/v2\/product\/14971","targetHints":{"allow":["GET"]}}],"collection":[{"href":"https:\/\/shop.yipinqian.com\/vi\/wp-json\/wp\/v2\/product"}],"about":[{"href":"https:\/\/shop.yipinqian.com\/vi\/wp-json\/wp\/v2\/types\/product"}],"replies":[{"embeddable":true,"href":"https:\/\/shop.yipinqian.com\/vi\/wp-json\/wp\/v2\/comments?post=14971"}],"version-history":[{"count":0,"href":"https:\/\/shop.yipinqian.com\/vi\/wp-json\/wp\/v2\/product\/14971\/revisions"}],"wp:featuredmedia":[{"embeddable":true,"href":"https:\/\/shop.yipinqian.com\/vi\/wp-json\/wp\/v2\/media\/14998"}],"wp:attachment":[{"href":"https:\/\/shop.yipinqian.com\/vi\/wp-json\/wp\/v2\/media?parent=14971"}],"wp:term":[{"taxonomy":"product_brand","embeddable":true,"href":"https:\/\/shop.yipinqian.com\/vi\/wp-json\/wp\/v2\/product_brand?post=14971"},{"taxonomy":"product_cat","embeddable":true,"href":"https:\/\/shop.yipinqian.com\/vi\/wp-json\/wp\/v2\/product_cat?post=14971"},{"taxonomy":"product_tag","embeddable":true,"href":"https:\/\/shop.yipinqian.com\/vi\/wp-json\/wp\/v2\/product_tag?post=14971"}],"curies":[{"name":"wp","href":"https:\/\/api.w.org\/{rel}","templated":true}]}}