{"id":1496,"date":"2024-10-24T23:19:38","date_gmt":"2024-10-24T15:19:38","guid":{"rendered":"https:\/\/shop.yipinqian.com\/product\/icy-translucent-with-light-green-patches-natural-type-a-jadeite-jade-crafted-with-shape-of-ruyi-set-on-18k-gold-as-pendant-certificate-weighs-4-01-grams-measurement-37-6-18-5-5-mm-18kp51\/"},"modified":"2025-02-24T01:17:30","modified_gmt":"2025-02-23T17:17:30","slug":"icy-translucent-with-light-green-patches-natural-type-a-jadeite-jade-crafted-with-shape-of-ruyi-set-on-18k-gold-as-pendant-certificate-weighs-4-01-grams-measurement-37-6-18-5-5-mm-18kp51","status":"publish","type":"product","link":"https:\/\/shop.yipinqian.com\/vi\/san-pham\/icy-translucent-with-light-green-patches-natural-type-a-jadeite-jade-crafted-with-shape-of-ruyi-set-on-18k-gold-as-pendant-certificate-weighs-4-01-grams-measurement-37-6-18-5-5-mm-18kp51\/","title":{"rendered":"\u0110\u00e1 trong m\u1edd v\u1edbi c\u00e1c m\u1ea3ng xanh nh\u1ea1t Jadeite t\u1ef1 nhi\u00ean lo\u1ea1i A \u0111\u01b0\u1ee3c ch\u1ebf t\u00e1c v\u1edbi h\u00ecnh d\u1ea1ng c\u1ee7a Ruyi \u0111\u01b0\u1ee3c g\u1eafn tr\u00ean V\u00e0ng 18k l\u00e0m M\u1eb7t d\u00e2y chuy\u1ec1n, ch\u1ee9ng ch\u1ec9 n\u1eb7ng 4,01 gram, k\u00edch th\u01b0\u1edbc 37,6 * 18 * 5,5 mm (18kp51)"},"content":{"rendered":"<p>M\u1eb7t d\u00e2y chuy\u1ec1n ng\u1ecdc b\u00edch Icy Translucent Jadeite n\u00e0y to\u00e1t l\u00ean v\u1ebb thanh l\u1ecbch v\u00e0 quy\u1ebfn r\u0169 v\u1edbi c\u00e1c m\u1ea3ng xanh nh\u1ea1t v\u00e0 h\u00ecnh d\u1ea1ng Ruyi, \u0111\u01b0\u1ee3c \u0111\u1eb7t tr\u00ean \u0111\u1ebf v\u00e0ng 18k sang tr\u1ecdng.<\/p>\n<p><\/p>\n<p>S\u1ed1 ch\u1ee9ng ch\u1ec9: GD2205H004653<\/p>\n<ul>\n<li>\n<strong>V\u1eadt li\u1ec7u:<\/strong> \u0110\u01b0\u1ee3c ch\u1ebf t\u00e1c t\u1eeb ng\u1ecdc b\u00edch Jadeite t\u1ef1 nhi\u00ean lo\u1ea1i A v\u1edbi v\u1eadt li\u1ec7u th\u1ee9 c\u1ea5p l\u00e0 kim c\u01b0\u01a1ng.<\/li>\n<li>\n<strong>Gi\u1ea5y ch\u1ee9ng nh\u1eadn:<\/strong> C\u00f3 k\u00e8m Gi\u1ea5y ch\u1ee9ng nh\u1eadn \u0111\u1ea3m b\u1ea3o t\u00ednh x\u00e1c th\u1ef1c v\u00e0 ch\u1ea5t l\u01b0\u1ee3ng.<\/li>\n<li>\n<strong>\u0110o l\u01b0\u1eddng:<\/strong> V\u1edbi tr\u1ecdng l\u01b0\u1ee3ng 4,01 gram, m\u1eb7t d\u00e2y chuy\u1ec1n n\u00e0y c\u00f3 k\u00edch th\u01b0\u1edbc 37,6 * 18 * 5,5 mm, khi\u1ebfn n\u00f3 tr\u1edf th\u00e0nh m\u1ed9t ph\u1ee5 ki\u1ec7n tinh t\u1ebf nh\u01b0ng n\u1ed5i b\u1eadt (18kp51).<\/li>\n<\/ul>\n<p>S\u1ea3n ph\u1ea9m tinh t\u1ebf n\u00e0y \u0111\u1ebfn t\u1eeb Myanmar, mang \u0111\u1ebfn n\u00e9t k\u1ef3 l\u1ea1 cho trang ph\u1ee5c h\u00e0ng ng\u00e0y c\u1ee7a b\u1ea1n. Thi\u1ebft k\u1ebf Unisex ph\u00f9 h\u1ee3p v\u1edbi m\u1ecdi gi\u1edbi t\u00ednh.<\/p>\n<ul>\n<li><strong>Lo\u1ea1i ng\u1ecdc b\u00edch: M\u1eb7t d\u00e2y chuy\u1ec1n n\u00e0y c\u00f3 ng\u1ecdc b\u00edch lo\u1ea1i A ch\u1ea5t l\u01b0\u1ee3ng cao mang l\u1ea1i n\u00e9t sang tr\u1ecdng v\u00e0 uy t\u00edn.<\/strong><\/li>\n<li><strong><\/strong><\/li>\n<\/ul>\n<p><strong><strong>N\u00e2ng t\u1ea7m b\u1ed9 s\u01b0u t\u1eadp trang s\u1ee9c c\u1ee7a b\u1ea1n v\u1edbi m\u1eb7t d\u00e2y chuy\u1ec1n Ng\u1ecdc b\u00edch lo\u1ea1i A t\u1ef1 nhi\u00ean \u0111\u1ed9c \u0111\u00e1o n\u00e0y k\u1ebft h\u1ee3p gi\u1eefa ngh\u1ec1 th\u1ee7 c\u00f4ng truy\u1ec1n th\u1ed1ng v\u1edbi phong c\u00e1ch hi\u1ec7n \u0111\u1ea1i trong h\u00ecnh d\u1ea1ng Ruyi b\u1eaft m\u1eaft \u0111\u01b0\u1ee3c g\u1eafn tr\u00ean v\u00e0ng s\u00e1ng b\u00f3ng!<\/strong><\/strong><\/p>\n<p><strong><br \/>Yi Pin Qian \u2013 Nh\u00e0 bu\u00f4n \u0111\u00e1 qu\u00fd v\u00e0 kim lo\u1ea1i qu\u00fd t\u1ea1i Singapore \u2013 S\u1ed1 gi\u1ea5y ph\u00e9p PS20190000031<br \/>*T\u1ea5t c\u1ea3 c\u00e1c lo\u1ea1i Jadeite \u0111\u01b0\u1ee3c mua t\u1eeb Yi Pin Qian t\u1ea1i Singapore, kh\u00e1ch h\u00e0ng c\u00f3 th\u1ec3 \u0111\u1eb7t l\u1ecbch \u0111\u00e1nh b\u00f3ng ho\u1eb7c s\u1eeda ch\u1eefa nh\u1ecf do x\u1eed l\u00fd sai c\u00e1ch \u2013 c\u00f3 t\u00ednh ph\u00ed v\u00e0 ch\u1ec9 d\u00e0nh cho kh\u00e1ch h\u00e0ng c\u1ee7a Yi Pin Qian t\u1ea1i Singapore*<br \/><strong>**C\u00e1c lo\u1ea1i ch\u1ee9ng ch\u1ec9**<\/strong><br \/><strong>NGI (C\u00f4ng ty \u0110\u00e1 qu\u00fd Nan Yang)<\/strong>ho\u1eb7c <strong>Ch\u1ee9ng ch\u1ec9 n\u01b0\u1edbc ngo\u00e0i <\/strong>(Yi Pin Qian ch\u1ec9 s\u1eed d\u1ee5ng c\u00e1c ch\u1ee9ng ch\u1ec9 x\u00e1c th\u1ef1c t\u1eeb c\u00e1c ph\u00f2ng th\u00ed nghi\u1ec7m \u1edf n\u01b0\u1edbc ngo\u00e0i v\u00e0 ki\u1ec3m so\u00e1t ch\u1ea5t l\u01b0\u1ee3ng m\u1ecdi s\u1ea3n ph\u1ea9m c\u1ee7a ch\u00fang t\u00f4i tr\u01b0\u1edbc khi \u0111\u01b0a ch\u00fang ra b\u00e1n t\u1ea1i Singapore)<br \/>M\u1ed7i s\u1ea3n ph\u1ea9m tr\u00ean TikTok s\u1ebd c\u00f3 lo\u1ea1i ch\u1ee9ng ch\u1ec9 \u0111\u01b0\u1ee3c cung c\u1ea5p \u0111\u01b0\u1ee3c n\u00eau trong ph\u1ea7n m\u00f4 t\u1ea3. \u0110\u1ed1i v\u1edbi b\u1ea5t k\u1ef3 kh\u00e1ch h\u00e0ng n\u00e0o mu\u1ed1n g\u1eedi \u0111\u01a1n h\u00e0ng c\u1ee7a m\u00ecnh \u0111\u1ebfn NGI Singapore, s\u1ebd c\u00f3 th\u1eddi gian ch\u1edd giao h\u00e0ng \u01b0\u1edbc t\u00ednh kho\u1ea3ng 4 tu\u1ea7n \u0111\u1ec3 nh\u1eadn \u0111\u01b0\u1ee3c \u0111\u01a1n h\u00e0ng c\u1ee7a b\u1ea1n. <strong>Y\u00eau c\u1ea7u b\u00e1o c\u00e1o v\u1ec1 NGI Gemstone c\u1ea7n \u0111\u01b0\u1ee3c th\u1ef1c hi\u1ec7n b\u1eb1ng c\u00e1ch nh\u1eafn tin \u0111\u1ebfn c\u1eeda h\u00e0ng TikTok Yi Pin Qian.<\/strong> C\u1ea3m \u01a1n, <strong><u>\u00e1p d\u1ee5ng th\u00eam ph\u00ed<\/u><\/strong>.<br \/><strong>Jadeite t\u1ef1 nhi\u00ean kh\u00f4ng ho\u00e0n h\u1ea3o, ch\u1ec9 l\u00e0 m\u1ed9t l\u1eddi nh\u1eafc nh\u1edf nh\u1eb9 nh\u00e0ng, Jadeite t\u1ef1 nhi\u00ean c\u1ee7a ch\u00fang t\u00f4i, gi\u1ed1ng nh\u01b0 t\u1ea5t c\u1ea3 nh\u1eefng th\u1ee9 \u0111\u1eb9p \u0111\u1ebd trong t\u1ef1 nhi\u00ean, c\u00f3 nh\u1eefng \u0111\u1eb7c \u0111i\u1ec3m v\u00e0 bi\u1ebfn th\u1ec3 \u0111\u1ed9c \u0111\u00e1o. Ch\u00fang t\u00f4i m\u1eddi nh\u1eefng kh\u00e1ch h\u00e0ng c\u00f3 gi\u00e1 tr\u1ecb c\u1ee7a m\u00ecnh \u0111\u00f3n nh\u1eadn nh\u1eefng bi\u1ebfn th\u1ec3 t\u1ef1 nhi\u00ean n\u00e0y. Ch\u00fac b\u1ea1n mua s\u1eafm vui v\u1ebb!<\/strong><br \/><strong><u>Kh\u00f4ng c\u00f3 h\u00ecnh \u1ea3nh v\u00e0 c\u1ea3nh quay video n\u00e0o \u0111\u01b0\u1ee3c l\u1ecdc. Ch\u00fang t\u00f4i khuy\u1ebfn kh\u00edch kh\u00e1ch h\u00e0ng c\u1ee7a m\u00ecnh c\u0169ng xem c\u00e1c video \u0111i k\u00e8m \u0111\u1ec3 c\u00f3 c\u00e1i nh\u00ecn to\u00e0n di\u1ec7n h\u01a1n v\u1ec1 s\u1ea3n ph\u1ea9m c\u1ee7a ch\u00fang t\u00f4i<\/u><\/strong><\/strong><\/p>","protected":false},"excerpt":{"rendered":"<p>M\u1eb7t d\u00e2y chuy\u1ec1n Ng\u1ecdc b\u00edch trong su\u1ed1t Icy n\u00e0y to\u00e1t l\u00ean v\u1ebb thanh l\u1ecbch v\u00e0 quy\u1ebfn r\u0169 v\u1edbi c\u00e1c m\u1ea3ng m\u00e0u xanh l\u00e1 c\u00e2y nh\u1ea1t v\u00e0 h\u00ecnh d\u1ea1ng Ruyi, \u0111\u01b0\u1ee3c \u0111\u1eb7t tr\u00ean \u0111\u1ebf v\u00e0ng 18k sang tr\u1ecdng. S\u1ed1 ch\u1ee9ng ch\u1ec9: GD2205H004653 Ch\u1ea5t li\u1ec7u: \u0110\u01b0\u1ee3c ch\u1ebf t\u00e1c t\u1eeb Ng\u1ecdc b\u00edch lo\u1ea1i A t\u1ef1 nhi\u00ean v\u1edbi V\u1eadt li\u1ec7u th\u1ee9 c\u1ea5p l\u00e0 \u0111i\u1ec3m nh\u1ea5n kim c\u01b0\u01a1ng. Ch\u1ee9ng ch\u1ec9: \u0110i k\u00e8m v\u1edbi Ch\u1ee9ng ch\u1ec9, \u0111\u1ea3m b\u1ea3o t\u00ednh x\u00e1c th\u1ef1c v\u00e0 ch\u1ea5t l\u01b0\u1ee3ng. K\u00edch th\u01b0\u1edbc: C\u00e2n n\u1eb7ng [\u2026]<\/p>","protected":false},"featured_media":5429,"comment_status":"open","ping_status":"closed","template":"","meta":[],"product_brand":[],"product_cat":[195],"product_tag":[50,52,88,53,70,65,55,56,73,59,60,61,62],"class_list":{"0":"post-1496","1":"product","2":"type-product","3":"status-publish","4":"has-post-thumbnail","6":"product_cat-heirloom-grade","7":"product_tag-18k-gold","8":"product_tag-certified","9":"product_tag-diamonds","10":"product_tag-fine-quality","11":"product_tag-green","12":"product_tag-high-quality","13":"product_tag-jadeite","14":"product_tag-limited-editions","15":"product_tag-pendant","16":"product_tag-translucent","17":"product_tag-type-a-jadeite","18":"product_tag-unisex","19":"product_tag-yi-pin-qian-exclusive","21":"first","22":"instock","23":"sale","24":"shipping-taxable","25":"purchasable","26":"product-type-simple"},"_links":{"self":[{"href":"https:\/\/shop.yipinqian.com\/vi\/wp-json\/wp\/v2\/product\/1496","targetHints":{"allow":["GET"]}}],"collection":[{"href":"https:\/\/shop.yipinqian.com\/vi\/wp-json\/wp\/v2\/product"}],"about":[{"href":"https:\/\/shop.yipinqian.com\/vi\/wp-json\/wp\/v2\/types\/product"}],"replies":[{"embeddable":true,"href":"https:\/\/shop.yipinqian.com\/vi\/wp-json\/wp\/v2\/comments?post=1496"}],"version-history":[{"count":0,"href":"https:\/\/shop.yipinqian.com\/vi\/wp-json\/wp\/v2\/product\/1496\/revisions"}],"wp:featuredmedia":[{"embeddable":true,"href":"https:\/\/shop.yipinqian.com\/vi\/wp-json\/wp\/v2\/media\/5429"}],"wp:attachment":[{"href":"https:\/\/shop.yipinqian.com\/vi\/wp-json\/wp\/v2\/media?parent=1496"}],"wp:term":[{"taxonomy":"product_brand","embeddable":true,"href":"https:\/\/shop.yipinqian.com\/vi\/wp-json\/wp\/v2\/product_brand?post=1496"},{"taxonomy":"product_cat","embeddable":true,"href":"https:\/\/shop.yipinqian.com\/vi\/wp-json\/wp\/v2\/product_cat?post=1496"},{"taxonomy":"product_tag","embeddable":true,"href":"https:\/\/shop.yipinqian.com\/vi\/wp-json\/wp\/v2\/product_tag?post=1496"}],"curies":[{"name":"wp","href":"https:\/\/api.w.org\/{rel}","templated":true}]}}