{"id":1495,"date":"2024-10-24T23:19:37","date_gmt":"2024-10-24T15:19:37","guid":{"rendered":"https:\/\/shop.yipinqian.com\/product\/icy-translucent-quality-natural-type-a-jadeite-jade-crafted-with-horse-and-ingot-as-pendant-certificate-weighs-7-4-grams-measurement-19-5-24-2-10-2-mm-pendant245\/"},"modified":"2025-02-24T00:49:55","modified_gmt":"2025-02-23T16:49:55","slug":"icy-translucent-quality-natural-type-a-jadeite-jade-crafted-with-horse-and-ingot-as-pendant-certificate-weighs-7-4-grams-measurement-19-5-24-2-10-2-mm-pendant245","status":"publish","type":"product","link":"https:\/\/shop.yipinqian.com\/vi\/san-pham\/icy-translucent-quality-natural-type-a-jadeite-jade-crafted-with-horse-and-ingot-as-pendant-certificate-weighs-7-4-grams-measurement-19-5-24-2-10-2-mm-pendant245\/","title":{"rendered":"Ng\u1ecdc b\u00edch t\u1ef1 nhi\u00ean lo\u1ea1i A ch\u1ea5t l\u01b0\u1ee3ng trong m\u1edd b\u0103ng gi\u00e1 \u0111\u01b0\u1ee3c ch\u1ebf t\u00e1c v\u1edbi h\u00ecnh con ng\u1ef1a v\u00e0 th\u1ecfi l\u00e0m m\u1eb7t d\u00e2y chuy\u1ec1n, ch\u1ee9ng ch\u1ec9 n\u1eb7ng 7,4 gram, k\u00edch th\u01b0\u1edbc 19,5 * 24,2 * 10,2 mm (m\u1eb7t d\u00e2y chuy\u1ec1n245)"},"content":{"rendered":"<p>M\u1eb7t d\u00e2y chuy\u1ec1n ng\u1ecdc b\u00edch Icy Translucent Jadeite t\u1ef1 nhi\u00ean lo\u1ea1i A n\u00e0y c\u00f3 thi\u1ebft k\u1ebf \u0111\u1ed9c \u0111\u00e1o v\u1edbi h\u00ecnh \u1ea3nh ch\u00fa Ng\u1ef1a v\u00e0 th\u1ecfi v\u00e0ng, t\u01b0\u1ee3ng tr\u01b0ng cho s\u1ef1 th\u1ecbnh v\u01b0\u1ee3ng v\u00e0 may m\u1eafn.<\/p>\n<p><\/p>\n<p>S\u1ed1 ch\u1ee9ng ch\u1ec9: GD2203H004688<\/p>\n<ul>\n<li>V\u1edbi tr\u1ecdng l\u01b0\u1ee3ng 7,4 gram, m\u1eb7t d\u00e2y chuy\u1ec1n tinh t\u1ebf n\u00e0y c\u00f3 k\u00edch th\u01b0\u1edbc 19,5 x 24,2 x 10,2 mm, l\u00e0 m\u00f3n \u0111\u1ed3 trang s\u1ee9c n\u1ed5i b\u1eadt trong b\u1ea5t k\u1ef3 d\u1ecbp n\u00e0o.<\/li>\n<li>Ng\u1ecdc b\u00edch c\u00f3 ch\u1ea5t l\u01b0\u1ee3ng lo\u1ea1i A, c\u00f3 ngu\u1ed3n g\u1ed1c t\u1eeb Myanmar, n\u1ed5i ti\u1ebfng v\u1edbi m\u00e0u s\u1eafc \u0111\u1eb9p v\u00e0 \u0111\u1ed9 tinh khi\u1ebft.<\/li>\n<li>\u0110\u01b0\u1ee3c thi\u1ebft k\u1ebf nh\u01b0 m\u1ed9t m\u00f3n \u0111\u1ed3 trang s\u1ee9c trung t\u00ednh v\u1edbi ki\u1ec3u d\u00e1ng v\u00f2ng c\u1ed5 gi\u1ea3n d\u1ecb, m\u00f3n \u0111\u1ed3 n\u00e0y r\u1ea5t ph\u00f9 h\u1ee3p \u0111\u1ec3 \u0111eo h\u00e0ng ng\u00e0y ho\u1eb7c tham d\u1ef1 c\u00e1c s\u1ef1 ki\u1ec7n \u0111\u1eb7c bi\u1ec7t.<\/li>\n<\/ul>\n<p><strong>Jadeite t\u1ef1 nhi\u00ean kh\u00f4ng ho\u00e0n h\u1ea3o, ch\u1ec9 l\u00e0 m\u1ed9t l\u1eddi nh\u1eafc nh\u1edf nh\u1eb9 nh\u00e0ng, Jadeite t\u1ef1 nhi\u00ean c\u1ee7a ch\u00fang t\u00f4i, gi\u1ed1ng nh\u01b0 t\u1ea5t c\u1ea3 nh\u1eefng th\u1ee9 \u0111\u1eb9p \u0111\u1ebd trong t\u1ef1 nhi\u00ean, c\u00f3 nh\u1eefng \u0111\u1eb7c \u0111i\u1ec3m v\u00e0 bi\u1ebfn th\u1ec3 \u0111\u1ed9c \u0111\u00e1o. Ch\u00fang t\u00f4i m\u1eddi nh\u1eefng kh\u00e1ch h\u00e0ng c\u00f3 gi\u00e1 tr\u1ecb c\u1ee7a m\u00ecnh \u0111\u00f3n nh\u1eadn nh\u1eefng bi\u1ebfn th\u1ec3 t\u1ef1 nhi\u00ean n\u00e0y. Ch\u00fac b\u1ea1n mua s\u1eafm vui v\u1ebb!<\/strong><\/p>\n<p><\/p>\n<p><strong><u>Kh\u00f4ng c\u00f3 h\u00ecnh \u1ea3nh v\u00e0 c\u1ea3nh quay video n\u00e0o \u0111\u01b0\u1ee3c l\u1ecdc. Ch\u00fang t\u00f4i khuy\u1ebfn kh\u00edch kh\u00e1ch h\u00e0ng c\u1ee7a m\u00ecnh c\u0169ng xem c\u00e1c video \u0111i k\u00e8m \u0111\u1ec3 c\u00f3 c\u00e1i nh\u00ecn to\u00e0n di\u1ec7n h\u01a1n v\u1ec1 s\u1ea3n ph\u1ea9m c\u1ee7a ch\u00fang t\u00f4i<\/u><\/strong><\/p>","protected":false},"excerpt":{"rendered":"<p>M\u1eb7t d\u00e2y chuy\u1ec1n Ng\u1ecdc b\u00edch Icy Translucent Ch\u1ea5t l\u01b0\u1ee3ng t\u1ef1 nhi\u00ean Lo\u1ea1i A n\u00e0y c\u00f3 thi\u1ebft k\u1ebf \u0111\u1ed9c \u0111\u00e1o v\u1edbi h\u00ecnh \u1ea3nh Ng\u1ef1a v\u00e0 Th\u1ecfi, t\u01b0\u1ee3ng tr\u01b0ng cho s\u1ef1 th\u1ecbnh v\u01b0\u1ee3ng v\u00e0 may m\u1eafn. S\u1ed1 ch\u1ee9ng nh\u1eadn: GD2203H004688 N\u1eb7ng 7,4 gram, m\u1eb7t d\u00e2y chuy\u1ec1n tinh x\u1ea3o n\u00e0y c\u00f3 k\u00edch th\u01b0\u1edbc 19,5 x 24,2 x 10,2 mm, khi\u1ebfn n\u00f3 tr\u1edf th\u00e0nh m\u1ed9t m\u00f3n \u0111\u1ed3 trang s\u1ee9c n\u1ed5i b\u1eadt cho b\u1ea5t k\u1ef3 d\u1ecbp n\u00e0o. Ng\u1ecdc b\u00edch c\u00f3 ch\u1ea5t l\u01b0\u1ee3ng Lo\u1ea1i A, [\u2026]<\/p>","protected":false},"featured_media":5412,"comment_status":"open","ping_status":"closed","template":"","meta":[],"product_brand":[],"product_cat":[194],"product_tag":[],"class_list":{"0":"post-1495","1":"product","2":"type-product","3":"status-publish","4":"has-post-thumbnail","6":"product_cat-value-picks","8":"first","9":"instock","10":"sale","11":"shipping-taxable","12":"purchasable","13":"product-type-simple"},"_links":{"self":[{"href":"https:\/\/shop.yipinqian.com\/vi\/wp-json\/wp\/v2\/product\/1495","targetHints":{"allow":["GET"]}}],"collection":[{"href":"https:\/\/shop.yipinqian.com\/vi\/wp-json\/wp\/v2\/product"}],"about":[{"href":"https:\/\/shop.yipinqian.com\/vi\/wp-json\/wp\/v2\/types\/product"}],"replies":[{"embeddable":true,"href":"https:\/\/shop.yipinqian.com\/vi\/wp-json\/wp\/v2\/comments?post=1495"}],"version-history":[{"count":0,"href":"https:\/\/shop.yipinqian.com\/vi\/wp-json\/wp\/v2\/product\/1495\/revisions"}],"wp:featuredmedia":[{"embeddable":true,"href":"https:\/\/shop.yipinqian.com\/vi\/wp-json\/wp\/v2\/media\/5412"}],"wp:attachment":[{"href":"https:\/\/shop.yipinqian.com\/vi\/wp-json\/wp\/v2\/media?parent=1495"}],"wp:term":[{"taxonomy":"product_brand","embeddable":true,"href":"https:\/\/shop.yipinqian.com\/vi\/wp-json\/wp\/v2\/product_brand?post=1495"},{"taxonomy":"product_cat","embeddable":true,"href":"https:\/\/shop.yipinqian.com\/vi\/wp-json\/wp\/v2\/product_cat?post=1495"},{"taxonomy":"product_tag","embeddable":true,"href":"https:\/\/shop.yipinqian.com\/vi\/wp-json\/wp\/v2\/product_tag?post=1495"}],"curies":[{"name":"wp","href":"https:\/\/api.w.org\/{rel}","templated":true}]}}