{"id":1491,"date":"2024-10-24T23:19:36","date_gmt":"2024-10-24T15:19:36","guid":{"rendered":"https:\/\/shop.yipinqian.com\/product\/icy-translucent-natural-type-a-jadeite-jade-crafted-as-tiger-with-18k-gold-as-pendant-certificate-weighs-5-02-grams-measurement-25-6-22-8-7-3-mm-18kp50\/"},"modified":"2025-02-17T00:03:53","modified_gmt":"2025-02-16T16:03:53","slug":"icy-translucent-natural-type-a-jadeite-jade-crafted-as-tiger-with-18k-gold-as-pendant-certificate-weighs-5-02-grams-measurement-25-6-22-8-7-3-mm-18kp50","status":"publish","type":"product","link":"https:\/\/shop.yipinqian.com\/vi\/san-pham\/icy-translucent-natural-type-a-jadeite-jade-crafted-as-tiger-with-18k-gold-as-pendant-certificate-weighs-5-02-grams-measurement-25-6-22-8-7-3-mm-18kp50\/","title":{"rendered":"Ng\u1ecdc b\u00edch Icy Translucent Natural Type A Jadeite \u0111\u01b0\u1ee3c ch\u1ebf t\u00e1c theo h\u00ecnh con h\u1ed5 v\u1edbi v\u00e0ng 18k l\u00e0m m\u1eb7t d\u00e2y chuy\u1ec1n, gi\u1ea5y ch\u1ee9ng nh\u1eadn n\u1eb7ng 5,02 gram, k\u00edch th\u01b0\u1edbc 25,6 * 22,8 * 7,3 mm (18kp50)"},"content":{"rendered":"<p>M\u1eb7t d\u00e2y chuy\u1ec1n ng\u1ecdc b\u00edch Icy Translucent Natural lo\u1ea1i A n\u00e0y \u0111\u01b0\u1ee3c ch\u1ebf t\u00e1c tinh x\u1ea3o theo h\u00ecnh con h\u1ed5, \u0111\u01b0\u1ee3c nh\u1ea5n b\u1eb1ng v\u00e0ng 18k t\u1ea1o n\u00ean v\u1ebb ngo\u00e0i sang tr\u1ecdng.<\/p>\n<p>\u00a0<\/p>\n<p>S\u1ed1 ch\u1ee9ng ch\u1ec9: GD2204H015353<\/p>\n<p><img fetchpriority=\"high\" decoding=\"async\" height=\"1080\" src=\"https:\/\/shop.yipinqian.com\/wp-content\/uploads\/2024\/10\/069ed29acbd577fbcc53f6fc8ad9c597.jpg?from=476444299\" width=\"1080\"><\/p>\n<ul>\n<li>Thi\u1ebft k\u1ebf tinh t\u1ebf: C\u00f3 thi\u1ebft k\u1ebf h\u00ecnh con h\u1ed5 \u0111\u1ed9c \u0111\u00e1o, t\u01b0\u1ee3ng tr\u01b0ng cho s\u1ee9c m\u1ea1nh v\u00e0 quy\u1ec1n l\u1ef1c.<\/li>\n<li>V\u1eadt li\u1ec7u qu\u00fd: \u0110\u01b0\u1ee3c l\u00e0m b\u1eb1ng ng\u1ecdc b\u00edch lo\u1ea1i A ch\u1ea5t l\u01b0\u1ee3ng cao v\u00e0 trang tr\u00ed b\u1eb1ng v\u00e0ng 18k.<\/li>\n<li>Gi\u1ea5y ch\u1ee9ng nh\u1eadn k\u00e8m theo: C\u00f3 k\u00e8m theo gi\u1ea5y ch\u1ee9ng nh\u1eadn x\u00e1c minh t\u00ednh x\u00e1c th\u1ef1c c\u1ee7a v\u1eadt li\u1ec7u ng\u1ecdc b\u00edch v\u00e0 v\u00e0ng \u0111\u01b0\u1ee3c s\u1eed d\u1ee5ng.<\/li>\n<\/ul>\n<p>V\u1edbi tr\u1ecdng l\u01b0\u1ee3ng 5,02 gam v\u00e0 k\u00edch th\u01b0\u1edbc 25,6 * 22,8 * 7,3 mm, m\u1eb7t d\u00e2y chuy\u1ec1n n\u00e0y ho\u00e0n h\u1ea3o \u0111\u1ec3 \u0111eo h\u00e0ng ng\u00e0y ho\u1eb7c trong nh\u1eefng d\u1ecbp \u0111\u1eb7c bi\u1ec7t, t\u1ea1o th\u00eam n\u00e9t thanh l\u1ecbch cho m\u1ecdi trang ph\u1ee5c.<\/p>\n<ul>\n<li>N\u01b0\u1edbc xu\u1ea5t x\u1ee9: L\u00e0m th\u1ee7 c\u00f4ng t\u1ea1i MyanmarThi\u1ebft k\u1ebf d\u00e0nh cho c\u1ea3 nam v\u00e0 n\u1eef ph\u00f9 h\u1ee3p v\u1edbi b\u1ea5t k\u1ef3 ai mu\u1ed1n k\u1ebft h\u1ee3p phong c\u00e1ch truy\u1ec1n th\u1ed1ng v\u00e0o phong c\u00e1ch th\u01b0\u1eddng ng\u00e0y c\u1ee7a m\u00ecnh.<\/li>\n<\/ul>\n<p>\u00a0<\/p>\n<p>Yi Pin Qian \u2013 Nh\u00e0 bu\u00f4n \u0111\u00e1 qu\u00fd v\u00e0 kim lo\u1ea1i qu\u00fd t\u1ea1i Singapore \u2013 S\u1ed1 gi\u1ea5y ph\u00e9p PS20190000031<\/p>\n<p>\u00a0<\/p>\n<p>*T\u1ea5t c\u1ea3 c\u00e1c lo\u1ea1i Jadeite \u0111\u01b0\u1ee3c mua t\u1eeb Yi Pin Qian t\u1ea1i Singapore, kh\u00e1ch h\u00e0ng c\u00f3 th\u1ec3 \u0111\u1eb7t l\u1ecbch \u0111\u00e1nh b\u00f3ng ho\u1eb7c s\u1eeda ch\u1eefa nh\u1ecf do x\u1eed l\u00fd sai c\u00e1ch \u2013 c\u00f3 t\u00ednh ph\u00ed v\u00e0 ch\u1ec9 d\u00e0nh cho kh\u00e1ch h\u00e0ng c\u1ee7a Yi Pin Qian t\u1ea1i Singapore*<\/p>\n<p>\u00a0<\/p>\n<p><strong>**C\u00e1c lo\u1ea1i ch\u1ee9ng ch\u1ec9**<\/strong><\/p>\n<p>\u00a0<\/p>\n<p><strong>NGI (C\u00f4ng ty \u0110\u00e1 qu\u00fd Nan Yang)<\/strong><\/p>\n<p>ho\u1eb7c <strong>Ch\u1ee9ng ch\u1ec9 n\u01b0\u1edbc ngo\u00e0i <\/strong>(Yi Pin Qian ch\u1ec9 s\u1eed d\u1ee5ng c\u00e1c ch\u1ee9ng ch\u1ec9 x\u00e1c th\u1ef1c t\u1eeb c\u00e1c ph\u00f2ng th\u00ed nghi\u1ec7m \u1edf n\u01b0\u1edbc ngo\u00e0i v\u00e0 ki\u1ec3m so\u00e1t ch\u1ea5t l\u01b0\u1ee3ng m\u1ecdi s\u1ea3n ph\u1ea9m c\u1ee7a ch\u00fang t\u00f4i tr\u01b0\u1edbc khi \u0111\u01b0a ch\u00fang ra b\u00e1n t\u1ea1i Singapore)<\/p>\n<p>\u00a0<\/p>\n<p>M\u1ed7i s\u1ea3n ph\u1ea9m tr\u00ean TikTok s\u1ebd c\u00f3 lo\u1ea1i ch\u1ee9ng ch\u1ec9 \u0111\u01b0\u1ee3c cung c\u1ea5p \u0111\u01b0\u1ee3c n\u00eau trong ph\u1ea7n m\u00f4 t\u1ea3. \u0110\u1ed1i v\u1edbi b\u1ea5t k\u1ef3 kh\u00e1ch h\u00e0ng n\u00e0o mu\u1ed1n g\u1eedi \u0111\u01a1n h\u00e0ng c\u1ee7a m\u00ecnh \u0111\u1ebfn NGI Singapore, s\u1ebd c\u00f3 th\u1eddi gian ch\u1edd giao h\u00e0ng \u01b0\u1edbc t\u00ednh kho\u1ea3ng 4 tu\u1ea7n \u0111\u1ec3 nh\u1eadn \u0111\u01b0\u1ee3c \u0111\u01a1n h\u00e0ng c\u1ee7a b\u1ea1n. <strong>Y\u00eau c\u1ea7u b\u00e1o c\u00e1o v\u1ec1 NGI Gemstone c\u1ea7n \u0111\u01b0\u1ee3c th\u1ef1c hi\u1ec7n b\u1eb1ng c\u00e1ch nh\u1eafn tin \u0111\u1ebfn c\u1eeda h\u00e0ng TikTok Yi Pin Qian.<\/strong> C\u1ea3m \u01a1n, <strong><u>\u00e1p d\u1ee5ng th\u00eam ph\u00ed<\/u><\/strong>.<\/p>\n<p>\u00a0<\/p>\n<p><strong>Jadeite t\u1ef1 nhi\u00ean kh\u00f4ng ho\u00e0n h\u1ea3o, ch\u1ec9 l\u00e0 m\u1ed9t l\u1eddi nh\u1eafc nh\u1edf nh\u1eb9 nh\u00e0ng, Jadeite t\u1ef1 nhi\u00ean c\u1ee7a ch\u00fang t\u00f4i, gi\u1ed1ng nh\u01b0 t\u1ea5t c\u1ea3 nh\u1eefng th\u1ee9 \u0111\u1eb9p \u0111\u1ebd trong t\u1ef1 nhi\u00ean, c\u00f3 nh\u1eefng \u0111\u1eb7c \u0111i\u1ec3m v\u00e0 bi\u1ebfn th\u1ec3 \u0111\u1ed9c \u0111\u00e1o. Ch\u00fang t\u00f4i m\u1eddi nh\u1eefng kh\u00e1ch h\u00e0ng c\u00f3 gi\u00e1 tr\u1ecb c\u1ee7a m\u00ecnh \u0111\u00f3n nh\u1eadn nh\u1eefng bi\u1ebfn th\u1ec3 t\u1ef1 nhi\u00ean n\u00e0y. Ch\u00fac b\u1ea1n mua s\u1eafm vui v\u1ebb!<\/strong><\/p>\n<p>\u00a0<\/p>\n<p><strong><u>Kh\u00f4ng c\u00f3 h\u00ecnh \u1ea3nh v\u00e0 c\u1ea3nh quay video n\u00e0o \u0111\u01b0\u1ee3c l\u1ecdc. Ch\u00fang t\u00f4i khuy\u1ebfn kh\u00edch kh\u00e1ch h\u00e0ng c\u1ee7a m\u00ecnh c\u0169ng xem c\u00e1c video \u0111i k\u00e8m \u0111\u1ec3 c\u00f3 c\u00e1i nh\u00ecn to\u00e0n di\u1ec7n h\u01a1n v\u1ec1 s\u1ea3n ph\u1ea9m c\u1ee7a ch\u00fang t\u00f4i<\/u><\/strong><\/p>","protected":false},"excerpt":{"rendered":"<p>M\u1eb7t d\u00e2y chuy\u1ec1n Ng\u1ecdc b\u00edch Icy Translucent Natural Type A Jadeite n\u00e0y \u0111\u01b0\u1ee3c ch\u1ebf t\u00e1c tinh x\u1ea3o theo h\u00ecnh con h\u1ed5, \u0111\u01b0\u1ee3c nh\u1ea5n b\u1eb1ng v\u00e0ng 18k \u0111\u1ec3 t\u1ea1o n\u00ean v\u1ebb ngo\u00e0i sang tr\u1ecdng. S\u1ed1 ch\u1ee9ng nh\u1eadn: GD2204H015353 Thi\u1ebft k\u1ebf tinh x\u1ea3o: C\u00f3 thi\u1ebft k\u1ebf h\u00ecnh con h\u1ed5 \u0111\u1ed9c \u0111\u00e1o, t\u01b0\u1ee3ng tr\u01b0ng cho s\u1ee9c m\u1ea1nh v\u00e0 quy\u1ec1n l\u1ef1c. V\u1eadt li\u1ec7u qu\u00fd: \u0110\u01b0\u1ee3c l\u00e0m b\u1eb1ng ng\u1ecdc b\u00edch Jadeite Type A ch\u1ea5t l\u01b0\u1ee3ng cao v\u00e0 \u0111\u01b0\u1ee3c trang tr\u00ed b\u1eb1ng v\u00e0ng 18k. [\u2026]<\/p>","protected":false},"featured_media":5360,"comment_status":"open","ping_status":"closed","template":"","meta":[],"product_brand":[],"product_cat":[120,48],"product_tag":[50,52,65,55,56,73,110,75,59,60,61,62],"class_list":{"0":"post-1491","1":"product","2":"type-product","3":"status-publish","4":"has-post-thumbnail","6":"product_cat-18k-gold-setting-pendants","7":"product_cat-pendants","8":"product_tag-18k-gold","9":"product_tag-certified","10":"product_tag-high-quality","11":"product_tag-jadeite","12":"product_tag-limited-editions","13":"product_tag-pendant","14":"product_tag-tiger","15":"product_tag-traditional","16":"product_tag-translucent","17":"product_tag-type-a-jadeite","18":"product_tag-unisex","19":"product_tag-yi-pin-qian-exclusive","21":"first","22":"instock","23":"sale","24":"shipping-taxable","25":"purchasable","26":"product-type-simple"},"_links":{"self":[{"href":"https:\/\/shop.yipinqian.com\/vi\/wp-json\/wp\/v2\/product\/1491","targetHints":{"allow":["GET"]}}],"collection":[{"href":"https:\/\/shop.yipinqian.com\/vi\/wp-json\/wp\/v2\/product"}],"about":[{"href":"https:\/\/shop.yipinqian.com\/vi\/wp-json\/wp\/v2\/types\/product"}],"replies":[{"embeddable":true,"href":"https:\/\/shop.yipinqian.com\/vi\/wp-json\/wp\/v2\/comments?post=1491"}],"version-history":[{"count":0,"href":"https:\/\/shop.yipinqian.com\/vi\/wp-json\/wp\/v2\/product\/1491\/revisions"}],"wp:featuredmedia":[{"embeddable":true,"href":"https:\/\/shop.yipinqian.com\/vi\/wp-json\/wp\/v2\/media\/5360"}],"wp:attachment":[{"href":"https:\/\/shop.yipinqian.com\/vi\/wp-json\/wp\/v2\/media?parent=1491"}],"wp:term":[{"taxonomy":"product_brand","embeddable":true,"href":"https:\/\/shop.yipinqian.com\/vi\/wp-json\/wp\/v2\/product_brand?post=1491"},{"taxonomy":"product_cat","embeddable":true,"href":"https:\/\/shop.yipinqian.com\/vi\/wp-json\/wp\/v2\/product_cat?post=1491"},{"taxonomy":"product_tag","embeddable":true,"href":"https:\/\/shop.yipinqian.com\/vi\/wp-json\/wp\/v2\/product_tag?post=1491"}],"curies":[{"name":"wp","href":"https:\/\/api.w.org\/{rel}","templated":true}]}}