{"id":1489,"date":"2024-10-24T23:19:35","date_gmt":"2024-10-24T15:19:35","guid":{"rendered":"https:\/\/shop.yipinqian.com\/product\/icy-translucent-natural-type-a-jadeite-jade-crafted-as-milo-buddha-set-on-18k-gold-with-diamonds-as-pendant-necklace-certificate-included-weigh-9-62-grams-37-6-33-8-10-8-mm-18kp13\/"},"modified":"2025-02-24T01:17:30","modified_gmt":"2025-02-23T17:17:30","slug":"icy-translucent-natural-type-a-jadeite-jade-crafted-as-milo-buddha-set-on-18k-gold-with-diamonds-as-pendant-necklace-certificate-included-weigh-9-62-grams-37-6-33-8-10-8-mm-18kp13","status":"publish","type":"product","link":"https:\/\/shop.yipinqian.com\/vi\/san-pham\/icy-translucent-natural-type-a-jadeite-jade-crafted-as-milo-buddha-set-on-18k-gold-with-diamonds-as-pendant-necklace-certificate-included-weigh-9-62-grams-37-6-33-8-10-8-mm-18kp13\/","title":{"rendered":"Ng\u1ecdc b\u00edch t\u1ef1 nhi\u00ean lo\u1ea1i A trong m\u1edd Icy \u0111\u01b0\u1ee3c ch\u1ebf t\u00e1c nh\u01b0 \u0110\u1ee9c Ph\u1eadt Milo tr\u00ean v\u00e0ng 18k v\u1edbi kim c\u01b0\u01a1ng l\u00e0m m\u1eb7t d\u00e2y chuy\u1ec1n, c\u00f3 gi\u1ea5y ch\u1ee9ng nh\u1eadn k\u00e8m theo, n\u1eb7ng 9,62 gram, k\u00edch th\u01b0\u1edbc 37,6 * 33,8 * 10,8 mm (18kp13)"},"content":{"rendered":"<p>D\u00e2y chuy\u1ec1n m\u1eb7t d\u00e2y chuy\u1ec1n b\u1eb1ng ng\u1ecdc b\u00edch Icy Translucent Natural Type A Jadeite n\u00e0y l\u00e0 v\u1eadt ph\u1ea9m kh\u00f4ng th\u1ec3 thi\u1ebfu \u0111\u1ed1i v\u1edbi nh\u1eefng ng\u01b0\u1eddi \u0111am m\u00ea trang s\u1ee9c. T\u01b0\u1ee3ng Ph\u1eadt Milo \u0111\u01b0\u1ee3c ch\u1ebf t\u00e1c t\u1eeb ng\u1ecdc b\u00edch n\u1eb1m tr\u00ean n\u1ec1n v\u00e0ng 18k (AU750), \u0111\u01b0\u1ee3c trang tr\u00ed b\u1eb1ng kim c\u01b0\u01a1ng, khi\u1ebfn cho t\u00e1c ph\u1ea9m n\u00e0y th\u1ef1c s\u1ef1 \u0111\u1ed9c \u0111\u00e1o.<\/p>\n<p><\/p>\n<p><strong>S\u1ed1 ch\u1ee9ng ch\u1ec9: GD2110H017375<\/strong><\/p>\n<ul>\n<li>\n<strong>Tay ngh\u1ec1 th\u1ee7 c\u00f4ng tinh x\u1ea3o:<\/strong> T\u01b0\u1ee3ng Ph\u1eadt Milo \u0111\u01b0\u1ee3c ch\u1ebf t\u00e1c t\u1eeb ng\u1ecdc b\u00edch t\u1ef1 nhi\u00ean lo\u1ea1i A \u0111\u01b0\u1ee3c n\u1ea1m \u0111\u1eb9p m\u1eaft tr\u00ean v\u00e0ng 18k v\u00e0 kim c\u01b0\u01a1ng.<\/li>\n<li>\n<strong>C\u00f3 ch\u1ee9ng ch\u1ec9:<\/strong> M\u1eb7t d\u00e2y chuy\u1ec1n n\u00e0y \u0111i k\u00e8m v\u1edbi gi\u1ea5y ch\u1ee9ng nh\u1eadn h\u00e0ng ch\u00ednh h\u00e3ng, \u0111\u1ea3m b\u1ea3o r\u1eb1ng b\u1ea1n \u0111ang nh\u1eadn \u0111\u01b0\u1ee3c s\u1ea3n ph\u1ea9m ch\u00ednh h\u00e3ng.<\/li>\n<li>\n<strong>Ki\u1ec3u v\u00f2ng c\u1ed5 th\u01b0\u1eddng ng\u00e0y:<\/strong> M\u1eb7t d\u00e2y chuy\u1ec1n n\u00e0y c\u00f3 phong c\u00e1ch gi\u1ea3n d\u1ecb, c\u00f3 th\u1ec3 \u0111eo h\u00e0ng ng\u00e0y ho\u1eb7c trong nh\u1eefng d\u1ecbp \u0111\u1eb7c bi\u1ec7t.<\/li>\n<\/ul>\n<p>V\u1edbi tr\u1ecdng l\u01b0\u1ee3ng 9,62 gam v\u00e0 k\u00edch th\u01b0\u1edbc 37,6 * 33,8 * 10,8 mm (18kp13), chi\u1ebfc v\u00f2ng c\u1ed5 m\u1eb7t d\u00e2y chuy\u1ec1n n\u00e0y to\u00e1t l\u00ean v\u1ebb thanh l\u1ecbch v\u00e0 tinh t\u1ebf, mang \u0111\u1ebfn cho ng\u01b0\u1eddi \u0111eo c\u1ea3m gi\u00e1c may m\u1eafn m\u1ed7i khi \u0111eo.<\/p>\n<ul>\n<li>\n<strong>Lo\u1ea1i ng\u1ecdc b\u00edch:<\/strong> \u0110\u01b0\u1ee3c l\u00e0m t\u1eeb ng\u1ecdc b\u00edch lo\u1ea1i A t\u1ef1 nhi\u00ean c\u00f3 ngu\u1ed3n g\u1ed1c t\u1eeb Myanmar, m\u1eb7t d\u00e2y chuy\u1ec1n n\u00e0y c\u00f3 ch\u1ea5t l\u01b0\u1ee3ng cao nh\u1ea5t v\u1ec1 \u0111\u1ed9 trong su\u1ed1t v\u00e0 m\u00e0u s\u1eafc \u0111\u1ed3ng nh\u1ea5t.<\/li>\n<li>\n<strong>V\u1eadt li\u1ec7u \u0111\u00ednh kim c\u01b0\u01a1ng: <\/strong>T\u01b0\u1ee3ng Ph\u1eadt Milo tr\u00ean m\u1eb7t d\u00e2y chuy\u1ec1n n\u1eb1m tr\u00ean \u0111\u1ec9nh c\u1ee7a m\u1ed9t khung v\u00e0ng PT\/Carat tinh x\u1ea3o \u0111\u01b0\u1ee3c trang tr\u00ed b\u1eb1ng kim c\u01b0\u01a1ng khi\u1ebfn n\u00f3 tr\u1edf th\u00e0nh m\u1ed9t m\u00f3n \u0111\u1ed3 th\u1ef1c s\u1ef1 \u0111\u1ed9c \u0111\u00e1o \u0111\u1ec3 s\u1edf h\u1eefu<\/li>\n<li>.<\/li>\n<\/ul>\n<p>M\u00f3n \u0111\u1ed3 trang s\u1ee9c unisex n\u00e0y l\u00e0 m\u00f3n qu\u00e0 l\u00fd t\u01b0\u1edfng cho m\u1ed9t ng\u01b0\u1eddi \u0111\u1eb7c bi\u1ec7t ho\u1eb7c l\u00e0 m\u00f3n \u0111\u1ed3 \u0111\u1eb7c bi\u1ec7t h\u01a1n \u0111\u1ec3 th\u00eam v\u00e0o b\u1ed9 s\u01b0u t\u1eadp trang s\u1ee9c c\u1ee7a ri\u00eang b\u1ea1n.<\/p>","protected":false},"excerpt":{"rendered":"<p>D\u00e2y chuy\u1ec1n m\u1eb7t d\u00e2y chuy\u1ec1n b\u1eb1ng ng\u1ecdc b\u00edch Icy Translucent Natural Type A Jadeite n\u00e0y l\u00e0 v\u1eadt ph\u1ea9m kh\u00f4ng th\u1ec3 thi\u1ebfu \u0111\u1ed1i v\u1edbi nh\u1eefng ng\u01b0\u1eddi \u0111am m\u00ea trang s\u1ee9c. T\u01b0\u1ee3ng Ph\u1eadt Milo \u0111\u01b0\u1ee3c ch\u1ebf t\u00e1c t\u1eeb ng\u1ecdc b\u00edch n\u1eb1m tr\u00ean m\u1ed9t khung v\u00e0ng 18k (AU750), \u0111\u01b0\u1ee3c trang tr\u00ed b\u1eb1ng kim c\u01b0\u01a1ng, khi\u1ebfn cho t\u00e1c ph\u1ea9m n\u00e0y th\u1ef1c s\u1ef1 \u0111\u1ed9c \u0111\u00e1o. S\u1ed1 ch\u1ee9ng nh\u1eadn: GD2110H017375 Tay ngh\u1ec1 th\u1ee7 c\u00f4ng tinh x\u1ea3o: T\u01b0\u1ee3ng Ph\u1eadt Milo \u0111\u01b0\u1ee3c ch\u1ebf t\u00e1c t\u1eeb ng\u1ecdc b\u00edch Jadeite Type A t\u1ef1 nhi\u00ean \u0111\u01b0\u1ee3c g\u1eafn \u0111\u1eb9p m\u1eaft [\u2026]<\/p>","protected":false},"featured_media":5333,"comment_status":"open","ping_status":"closed","template":"","meta":[],"product_brand":[],"product_cat":[195],"product_tag":[50,52,88,53,65,54,55,56,57,73,75,59,60,61,62],"class_list":{"0":"post-1489","1":"product","2":"type-product","3":"status-publish","4":"has-post-thumbnail","6":"product_cat-heirloom-grade","7":"product_tag-18k-gold","8":"product_tag-certified","9":"product_tag-diamonds","10":"product_tag-fine-quality","11":"product_tag-high-quality","12":"product_tag-icy","13":"product_tag-jadeite","14":"product_tag-limited-editions","15":"product_tag-milo-buddha","16":"product_tag-pendant","17":"product_tag-traditional","18":"product_tag-translucent","19":"product_tag-type-a-jadeite","20":"product_tag-unisex","21":"product_tag-yi-pin-qian-exclusive","23":"first","24":"instock","25":"sale","26":"shipping-taxable","27":"purchasable","28":"product-type-simple"},"_links":{"self":[{"href":"https:\/\/shop.yipinqian.com\/vi\/wp-json\/wp\/v2\/product\/1489","targetHints":{"allow":["GET"]}}],"collection":[{"href":"https:\/\/shop.yipinqian.com\/vi\/wp-json\/wp\/v2\/product"}],"about":[{"href":"https:\/\/shop.yipinqian.com\/vi\/wp-json\/wp\/v2\/types\/product"}],"replies":[{"embeddable":true,"href":"https:\/\/shop.yipinqian.com\/vi\/wp-json\/wp\/v2\/comments?post=1489"}],"version-history":[{"count":0,"href":"https:\/\/shop.yipinqian.com\/vi\/wp-json\/wp\/v2\/product\/1489\/revisions"}],"wp:featuredmedia":[{"embeddable":true,"href":"https:\/\/shop.yipinqian.com\/vi\/wp-json\/wp\/v2\/media\/5333"}],"wp:attachment":[{"href":"https:\/\/shop.yipinqian.com\/vi\/wp-json\/wp\/v2\/media?parent=1489"}],"wp:term":[{"taxonomy":"product_brand","embeddable":true,"href":"https:\/\/shop.yipinqian.com\/vi\/wp-json\/wp\/v2\/product_brand?post=1489"},{"taxonomy":"product_cat","embeddable":true,"href":"https:\/\/shop.yipinqian.com\/vi\/wp-json\/wp\/v2\/product_cat?post=1489"},{"taxonomy":"product_tag","embeddable":true,"href":"https:\/\/shop.yipinqian.com\/vi\/wp-json\/wp\/v2\/product_tag?post=1489"}],"curies":[{"name":"wp","href":"https:\/\/api.w.org\/{rel}","templated":true}]}}