{"id":1486,"date":"2024-10-24T23:19:33","date_gmt":"2024-10-24T15:19:33","guid":{"rendered":"https:\/\/shop.yipinqian.com\/product\/icy-translucent-natural-type-a-jadeite-jade-beautifully-crafted-with-old-school-dragon-as-pendant-certificate-weighs-14-63-grams-pendant246\/"},"modified":"2025-02-24T00:49:55","modified_gmt":"2025-02-23T16:49:55","slug":"icy-translucent-natural-type-a-jadeite-jade-beautifully-crafted-with-old-school-dragon-as-pendant-certificate-weighs-14-63-grams-pendant246","status":"publish","type":"product","link":"https:\/\/shop.yipinqian.com\/vi\/san-pham\/icy-translucent-natural-type-a-jadeite-jade-beautifully-crafted-with-old-school-dragon-as-pendant-certificate-weighs-14-63-grams-pendant246\/","title":{"rendered":"\u0110\u00e1 Jadeite t\u1ef1 nhi\u00ean lo\u1ea1i A trong m\u1edd b\u0103ng gi\u00e1 \u0111\u01b0\u1ee3c ch\u1ebf t\u00e1c tinh x\u1ea3o v\u1edbi m\u1eb7t d\u00e2y chuy\u1ec1n h\u00ecnh con r\u1ed3ng c\u1ed5 \u0111i\u1ec3n, gi\u1ea5y ch\u1ee9ng nh\u1eadn n\u1eb7ng 14,63 gram (pendant246)"},"content":{"rendered":"<p>Chi\u1ebfc v\u00f2ng c\u1ed5 ng\u1ecdc b\u00edch Icy Translucent Natural Type A Jadeite n\u00e0y l\u00e0 m\u1ed9t t\u00e1c ph\u1ea9m tuy\u1ec7t \u0111\u1eb9p c\u00f3 m\u1eb7t d\u00e2y chuy\u1ec1n h\u00ecnh r\u1ed3ng c\u1ed5 \u0111i\u1ec3n. \u0110\u01b0\u1ee3c ch\u1ebf t\u00e1c c\u1ea9n th\u1eadn, chi\u1ebfc v\u00f2ng c\u1ed5 n\u00e0y to\u00e1t l\u00ean v\u1ebb thanh l\u1ecbch v\u00e0 quy\u1ebfn r\u0169.<\/p>\n<p><\/p>\n<p>S\u1ed1 ch\u1ee9ng ch\u1ec9: GD2110H014380<\/p>\n<p>K\u00edch th\u01b0\u1edbc: 47 * 23,6 * 4,8 mm, 7,3 * 12,9 * 3,3 (h\u1ea1t th\u1ecfi)<\/p>\n<p><\/p>\n<ul>\n<li><strong>C\u00e1c t\u00ednh n\u0103ng ch\u00ednh:<\/strong><\/li>\n<li>M\u1eb7t d\u00e2y chuy\u1ec1n r\u1ed3ng c\u1ed5 \u0111i\u1ec3n \u0111\u01b0\u1ee3c ch\u1ebf t\u00e1c tinh x\u1ea3o<\/li>\n<li>N\u1eb7ng 14,63 gram<\/li>\n<li>\u0110\u01b0\u1ee3c l\u00e0m t\u1eeb \u0111\u00e1 Jadeite t\u1ef1 nhi\u00ean lo\u1ea1i A trong m\u1edd<\/li>\n<\/ul>\n<p>C\u00f3 k\u00e8m gi\u1ea5y ch\u1ee9ng nh\u1eadn, chi\u1ebfc v\u00f2ng c\u1ed5 n\u00e0y kh\u00f4ng ch\u1ec9 tinh t\u1ebf m\u00e0 c\u00f2n ch\u00ednh h\u00e3ng. Thi\u1ebft k\u1ebf unisex ph\u00f9 h\u1ee3p \u0111\u1ec3 \u0111eo h\u00e0ng ng\u00e0y, t\u0103ng th\u00eam n\u00e9t tinh t\u1ebf cho b\u1ea5t k\u1ef3 trang ph\u1ee5c n\u00e0o.<\/p>\n<ul>\n<li><strong>Thu\u1ed9c t\u00ednh s\u1ea3n ph\u1ea9m:<\/strong><\/li>\n<li>Ch\u1ee9ng ch\u1ec9: C\u00f3<\/li>\n<li>N\u01b0\u1edbc xu\u1ea5t x\u1ee9: Myanmar<\/li>\n<li>D\u1ecbp s\u1eed d\u1ee5ng: \u0110eo h\u00e0ng ng\u00e0yLo\u1ea1i ng\u1ecdc b\u00edch: Trang s\u1ee9c ng\u1ecdc b\u00edch Phong c\u00e1ch: Th\u01b0\u1eddng ng\u00e0y V\u00f2ng c\u1ed5 N N\u00e2ng t\u1ea7m b\u1ed9 s\u01b0u t\u1eadp ph\u1ee5 ki\u1ec7n c\u1ee7a b\u1ea1n v\u1edbi chi\u1ebfc v\u00f2ng c\u1ed5 m\u1eb7t d\u00e2y chuy\u1ec1n ng\u1ecdc b\u00edch \u0111\u1ed9c \u0111\u00e1o n\u00e0y, k\u1ebft h\u1ee3p d\u1ec5 d\u00e0ng gi\u1eefa truy\u1ec1n th\u1ed1ng v\u00e0 phong c\u00e1ch.<\/li>\n<\/ul>","protected":false},"excerpt":{"rendered":"<p>Chi\u1ebfc v\u00f2ng c\u1ed5 ng\u1ecdc b\u00edch Icy Translucent Natural Type A Jadeite n\u00e0y l\u00e0 m\u1ed9t t\u00e1c ph\u1ea9m tuy\u1ec7t \u0111\u1eb9p c\u00f3 m\u1eb7t d\u00e2y chuy\u1ec1n h\u00ecnh r\u1ed3ng theo phong c\u00e1ch c\u1ed5 \u0111i\u1ec3n. \u0110\u01b0\u1ee3c ch\u1ebf t\u00e1c c\u1ea9n th\u1eadn, chi\u1ebfc v\u00f2ng c\u1ed5 n\u00e0y to\u00e1t l\u00ean v\u1ebb thanh l\u1ecbch v\u00e0 quy\u1ebfn r\u0169. S\u1ed1 ch\u1ee9ng nh\u1eadn: GD2110H014380 K\u00edch th\u01b0\u1edbc: 47 * 23,6 * 4,8 mm, 7,3 * 12,9 * 3,3 (h\u1ea1t th\u1ecfi) C\u00e1c t\u00ednh n\u0103ng ch\u00ednh: M\u1eb7t d\u00e2y chuy\u1ec1n h\u00ecnh r\u1ed3ng theo phong c\u00e1ch c\u1ed5 \u0111i\u1ec3n \u0111\u01b0\u1ee3c ch\u1ebf t\u00e1c \u0111\u1eb9p m\u1eaft N\u1eb7ng 14,63 [\u2026]<\/p>","protected":false},"featured_media":5282,"comment_status":"open","ping_status":"closed","template":"","meta":[],"product_brand":[],"product_cat":[194],"product_tag":[],"class_list":{"0":"post-1486","1":"product","2":"type-product","3":"status-publish","4":"has-post-thumbnail","6":"product_cat-value-picks","8":"first","9":"instock","10":"sale","11":"shipping-taxable","12":"purchasable","13":"product-type-simple"},"_links":{"self":[{"href":"https:\/\/shop.yipinqian.com\/vi\/wp-json\/wp\/v2\/product\/1486","targetHints":{"allow":["GET"]}}],"collection":[{"href":"https:\/\/shop.yipinqian.com\/vi\/wp-json\/wp\/v2\/product"}],"about":[{"href":"https:\/\/shop.yipinqian.com\/vi\/wp-json\/wp\/v2\/types\/product"}],"replies":[{"embeddable":true,"href":"https:\/\/shop.yipinqian.com\/vi\/wp-json\/wp\/v2\/comments?post=1486"}],"version-history":[{"count":0,"href":"https:\/\/shop.yipinqian.com\/vi\/wp-json\/wp\/v2\/product\/1486\/revisions"}],"wp:featuredmedia":[{"embeddable":true,"href":"https:\/\/shop.yipinqian.com\/vi\/wp-json\/wp\/v2\/media\/5282"}],"wp:attachment":[{"href":"https:\/\/shop.yipinqian.com\/vi\/wp-json\/wp\/v2\/media?parent=1486"}],"wp:term":[{"taxonomy":"product_brand","embeddable":true,"href":"https:\/\/shop.yipinqian.com\/vi\/wp-json\/wp\/v2\/product_brand?post=1486"},{"taxonomy":"product_cat","embeddable":true,"href":"https:\/\/shop.yipinqian.com\/vi\/wp-json\/wp\/v2\/product_cat?post=1486"},{"taxonomy":"product_tag","embeddable":true,"href":"https:\/\/shop.yipinqian.com\/vi\/wp-json\/wp\/v2\/product_tag?post=1486"}],"curies":[{"name":"wp","href":"https:\/\/api.w.org\/{rel}","templated":true}]}}