{"id":1481,"date":"2024-10-24T23:19:31","date_gmt":"2024-10-24T15:19:31","guid":{"rendered":"https:\/\/shop.yipinqian.com\/product\/icy-light-green-with-green-patches-natural-type-a-jadeite-jade-crafted-as-pixiu-set-on-s925-adjustable-as-ring-with-certificate-weigh-2-68-grams-measurement-10-5-7-7-4-6-mm-s925ring7\/"},"modified":"2025-02-24T00:49:55","modified_gmt":"2025-02-23T16:49:55","slug":"icy-light-green-with-green-patches-natural-type-a-jadeite-jade-crafted-as-pixiu-set-on-s925-adjustable-as-ring-with-certificate-weigh-2-68-grams-measurement-10-5-7-7-4-6-mm-s925ring7","status":"publish","type":"product","link":"https:\/\/shop.yipinqian.com\/vi\/san-pham\/icy-light-green-with-green-patches-natural-type-a-jadeite-jade-crafted-as-pixiu-set-on-s925-adjustable-as-ring-with-certificate-weigh-2-68-grams-measurement-10-5-7-7-4-6-mm-s925ring7\/","title":{"rendered":"\u0110\u00e1 Jadeite t\u1ef1 nhi\u00ean lo\u1ea1i A m\u00e0u xanh l\u00e1 c\u00e2y nh\u1ea1t b\u0103ng gi\u00e1 v\u1edbi c\u00e1c m\u1ea3ng xanh l\u00e1 c\u00e2y \u0111\u01b0\u1ee3c ch\u1ebf t\u00e1c d\u01b0\u1edbi d\u1ea1ng Pixiu g\u1eafn tr\u00ean S925 c\u00f3 th\u1ec3 \u0111i\u1ec1u ch\u1ec9nh nh\u01b0 Nh\u1eabn c\u00f3 ch\u1ee9ng nh\u1eadn n\u1eb7ng 2,68 gram, k\u00edch th\u01b0\u1edbc 10,5 * 7,7 * 4,6 mm (s925ring7)"},"content":{"rendered":"<p>Chi\u1ebfc nh\u1eabn Pixiu Jadeite Jadeite t\u1ef1 nhi\u00ean lo\u1ea1i A m\u00e0u xanh l\u00e1 c\u00e2y b\u0103ng gi\u00e1 n\u00e0y l\u00e0 m\u1ed9t s\u1ef1 b\u1ed5 sung tuy\u1ec7t \u0111\u1eb9p cho b\u1ed9 s\u01b0u t\u1eadp trang s\u1ee9c c\u1ee7a b\u1ea1n. \u0110\u01b0\u1ee3c ch\u1ebf t\u00e1c t\u1eeb ng\u1ecdc b\u00edch ch\u1ea5t l\u01b0\u1ee3ng cao, chi\u1ebfc nh\u1eabn n\u00e0y \u0111\u01b0\u1ee3c g\u1eafn tr\u00ean m\u1ed9t d\u00e2y \u0111eo c\u00f3 th\u1ec3 \u0111i\u1ec1u ch\u1ec9nh S925 v\u00e0 \u0111i k\u00e8m v\u1edbi m\u1ed9t gi\u1ea5y ch\u1ee9ng nh\u1eadn x\u00e1c th\u1ef1c.<\/p>\n<p>\u00a0<\/p>\n<p>Nh\u1eabn free size c\u00f3 th\u1ec3 \u0111i\u1ec1u ch\u1ec9nh<\/p>\n<p>\u00a0<\/p>\n<p>S\u1ed1 ch\u1ee9ng nh\u1eadn: GD2204H002700<\/p>\n<ul>\n<li>\n<strong>V\u1eadt li\u1ec7u:<\/strong> Chi\u1ebfc nh\u1eabn n\u00e0y \u0111\u01b0\u1ee3c ch\u1ebf t\u00e1c t\u1eeb \u0111\u00e1 ng\u1ecdc b\u00edch lo\u1ea1i A t\u1ef1 nhi\u00ean v\u00e0 g\u1eafn tr\u00ean d\u00e2y \u0111eo c\u00f3 th\u1ec3 \u0111i\u1ec1u ch\u1ec9nh b\u1eb1ng \u0111\u00e1 S925.<\/li>\n<li>\n<strong>N\u01b0\u1edbc xu\u1ea5t x\u1ee9:<\/strong> T\u00e1c ph\u1ea9m tuy\u1ec7t \u0111\u1eb9p n\u00e0y \u0111\u1ebfn t\u1eeb Myanmar.<\/li>\n<li>\n<strong>Lo\u1ea1i ng\u1ecdc b\u00edch:<\/strong> Lo\u1ea1i ng\u1ecdc b\u00edch \u0111\u01b0\u1ee3c s\u1eed d\u1ee5ng trong chi\u1ebfc nh\u1eabn n\u00e0y l\u00e0 ng\u1ecdc b\u00edch t\u1ef1 nhi\u00ean lo\u1ea1i A, n\u1ed5i ti\u1ebfng v\u1edbi m\u00e0u s\u1eafc tuy\u1ec7t \u0111\u1eb9p v\u00e0 \u0111\u1ed9 b\u1ec1n.<\/li>\n<\/ul>\n<p>Thi\u1ebft k\u1ebf Pixiu th\u00eam n\u00e9t thanh l\u1ecbch cho m\u00f3n \u0111\u1ed3 v\u1ed1n \u0111\u00e3 \u0111\u1eb9p n\u00e0y, khi\u1ebfn n\u00f3 tr\u1edf n\u00ean ho\u00e0n h\u1ea3o \u0111\u1ec3 \u0111eo h\u00e0ng ng\u00e0y ho\u1eb7c nh\u1eefng d\u1ecbp \u0111\u1eb7c bi\u1ec7t. Ch\u1ec9 n\u1eb7ng 2,68 gram v\u00e0 c\u00f3 k\u00edch th\u01b0\u1edbc 10,5 * 7,7 * 4,6 mm, tho\u1ea3i m\u00e1i khi \u0111eo c\u1ea3 ng\u00e0y m\u00e0 kh\u00f4ng c\u00f3 c\u1ea3m gi\u00e1c n\u1eb7ng n\u1ec1 hay v\u01b0\u1edbng v\u00edu \u1edf ng\u00f3n tay.<\/p>\n<ul>\n<li>\n<strong>Nh\u00e2n d\u1ecbp:<\/strong>Chi\u1ebfc nh\u1eabn \u0111a n\u0103ng n\u00e0y c\u00f3 th\u1ec3 \u0111eo h\u00e0ng ng\u00e0y ho\u1eb7c nh\u01b0 m\u1ed9t m\u00f3n \u0111\u1ed3 trang s\u1ee9c thanh l\u1ecbch cho nh\u1eefng d\u1ecbp \u0111\u1eb7c bi\u1ec7t<\/li>\n<li>\n<em>Ghi ch\u00fa: <\/em>S\u1ea3n ph\u1ea9m n\u00e0y kh\u00f4ng c\u00f3 lo\u1ea1i b\u1ea3o h\u00e0nh nh\u01b0ng b\u1ea1n c\u00f3 th\u1ec3 y\u00ean t\u00e2m r\u1eb1ng ch\u00fang t\u00f4i \u0111\u00e3 c\u1ea9n th\u1eadn \u0111\u1ec3 \u0111\u1ea3m b\u1ea3o b\u1ea1n nh\u1eadn \u0111\u01b0\u1ee3c s\u1ea3n ph\u1ea9m c\u00f3 ch\u1ea5t l\u01b0\u1ee3ng t\u1ed1t nh\u1ea5t nh\u01b0 m\u00f4 t\u1ea3 trong h\u00ecnh \u1ea3nh \u1edf tr\u00ean.<\/li>\n<\/ul>\n<p>Th\u00eam n\u00e9t thanh l\u1ecbch cho b\u1ed9 s\u01b0u t\u1eadp trang s\u1ee9c c\u1ee7a b\u1ea1n v\u1edbi chi\u1ebfc nh\u1eabn Pixiu ng\u1ecdc b\u00edch xanh nh\u1ea1t tuy\u1ec7t \u0111\u1eb9p n\u00e0y!<\/p>\n<p>\u00a0<\/p>\n<p data-pm-slice=\"1 1 []\"><strong>Jadeite t\u1ef1 nhi\u00ean kh\u00f4ng ho\u00e0n h\u1ea3o, ch\u1ec9 l\u00e0 m\u1ed9t l\u1eddi nh\u1eafc nh\u1edf nh\u1eb9 nh\u00e0ng, Jadeite t\u1ef1 nhi\u00ean c\u1ee7a ch\u00fang t\u00f4i, gi\u1ed1ng nh\u01b0 t\u1ea5t c\u1ea3 nh\u1eefng th\u1ee9 \u0111\u1eb9p \u0111\u1ebd trong t\u1ef1 nhi\u00ean, c\u00f3 nh\u1eefng \u0111\u1eb7c \u0111i\u1ec3m v\u00e0 bi\u1ebfn th\u1ec3 \u0111\u1ed9c \u0111\u00e1o. Ch\u00fang t\u00f4i m\u1eddi nh\u1eefng kh\u00e1ch h\u00e0ng c\u00f3 gi\u00e1 tr\u1ecb c\u1ee7a m\u00ecnh \u0111\u00f3n nh\u1eadn nh\u1eefng bi\u1ebfn th\u1ec3 t\u1ef1 nhi\u00ean n\u00e0y. Ch\u00fac b\u1ea1n mua s\u1eafm vui v\u1ebb!<\/strong><\/p>\n<p>\u00a0<\/p>\n<p><strong><u>Kh\u00f4ng c\u00f3 h\u00ecnh \u1ea3nh v\u00e0 c\u1ea3nh quay video n\u00e0o \u0111\u01b0\u1ee3c l\u1ecdc. Ch\u00fang t\u00f4i khuy\u1ebfn kh\u00edch kh\u00e1ch h\u00e0ng c\u1ee7a m\u00ecnh c\u0169ng xem c\u00e1c video \u0111i k\u00e8m \u0111\u1ec3 c\u00f3 c\u00e1i nh\u00ecn to\u00e0n di\u1ec7n h\u01a1n v\u1ec1 s\u1ea3n ph\u1ea9m c\u1ee7a ch\u00fang t\u00f4i<\/u><\/strong><\/p>","protected":false},"excerpt":{"rendered":"<p>Chi\u1ebfc nh\u1eabn Pixiu Jadeite Jadeite t\u1ef1 nhi\u00ean lo\u1ea1i A m\u00e0u xanh l\u00e1 c\u00e2y nh\u1ea1t b\u0103ng gi\u00e1 n\u00e0y l\u00e0 m\u1ed9t s\u1ef1 b\u1ed5 sung tuy\u1ec7t \u0111\u1eb9p cho b\u1ed9 s\u01b0u t\u1eadp trang s\u1ee9c c\u1ee7a b\u1ea1n. \u0110\u01b0\u1ee3c ch\u1ebf t\u00e1c t\u1eeb ng\u1ecdc b\u00edch ch\u1ea5t l\u01b0\u1ee3ng cao, chi\u1ebfc nh\u1eabn n\u00e0y \u0111\u01b0\u1ee3c g\u1eafn tr\u00ean m\u1ed9t d\u1ea3i \u0111i\u1ec1u ch\u1ec9nh S925 v\u00e0 \u0111i k\u00e8m v\u1edbi m\u1ed9t gi\u1ea5y ch\u1ee9ng nh\u1eadn x\u00e1c th\u1ef1c. Nh\u1eabn c\u00f3 th\u1ec3 \u0111i\u1ec1u ch\u1ec9nh k\u00edch th\u01b0\u1edbc mi\u1ec5n ph\u00ed S\u1ed1 ch\u1ee9ng nh\u1eadn: GD2204H002700 Ch\u1ea5t li\u1ec7u: Chi\u1ebfc nh\u1eabn n\u00e0y l\u00e0 [\u2026]<\/p>","protected":false},"featured_media":5222,"comment_status":"open","ping_status":"closed","template":"","meta":[],"product_brand":[],"product_cat":[194],"product_tag":[],"class_list":{"0":"post-1481","1":"product","2":"type-product","3":"status-publish","4":"has-post-thumbnail","6":"product_cat-value-picks","8":"first","9":"instock","10":"sale","11":"shipping-taxable","12":"purchasable","13":"product-type-simple"},"_links":{"self":[{"href":"https:\/\/shop.yipinqian.com\/vi\/wp-json\/wp\/v2\/product\/1481","targetHints":{"allow":["GET"]}}],"collection":[{"href":"https:\/\/shop.yipinqian.com\/vi\/wp-json\/wp\/v2\/product"}],"about":[{"href":"https:\/\/shop.yipinqian.com\/vi\/wp-json\/wp\/v2\/types\/product"}],"replies":[{"embeddable":true,"href":"https:\/\/shop.yipinqian.com\/vi\/wp-json\/wp\/v2\/comments?post=1481"}],"version-history":[{"count":0,"href":"https:\/\/shop.yipinqian.com\/vi\/wp-json\/wp\/v2\/product\/1481\/revisions"}],"wp:featuredmedia":[{"embeddable":true,"href":"https:\/\/shop.yipinqian.com\/vi\/wp-json\/wp\/v2\/media\/5222"}],"wp:attachment":[{"href":"https:\/\/shop.yipinqian.com\/vi\/wp-json\/wp\/v2\/media?parent=1481"}],"wp:term":[{"taxonomy":"product_brand","embeddable":true,"href":"https:\/\/shop.yipinqian.com\/vi\/wp-json\/wp\/v2\/product_brand?post=1481"},{"taxonomy":"product_cat","embeddable":true,"href":"https:\/\/shop.yipinqian.com\/vi\/wp-json\/wp\/v2\/product_cat?post=1481"},{"taxonomy":"product_tag","embeddable":true,"href":"https:\/\/shop.yipinqian.com\/vi\/wp-json\/wp\/v2\/product_tag?post=1481"}],"curies":[{"name":"wp","href":"https:\/\/api.w.org\/{rel}","templated":true}]}}