{"id":1479,"date":"2024-10-24T23:19:30","date_gmt":"2024-10-24T15:19:30","guid":{"rendered":"https:\/\/shop.yipinqian.com\/product\/icy-light-green-natural-type-a-jadeite-jade-pendant-crafted-as-milo-buddha-set-on-18k-gold-with-1-icy-cabochon-and-diamonds-certificate-included-weigh-13-8-grams-measurement-41-9-33-1-11-6-mm-18kp15\/"},"modified":"2025-02-24T01:34:19","modified_gmt":"2025-02-23T17:34:19","slug":"icy-light-green-natural-type-a-jadeite-jade-pendant-crafted-as-milo-buddha-set-on-18k-gold-with-1-icy-cabochon-and-diamonds-certificate-included-weigh-13-8-grams-measurement-41-9-33-1-11-6-mm-18kp15","status":"publish","type":"product","link":"https:\/\/shop.yipinqian.com\/vi\/san-pham\/icy-light-green-natural-type-a-jadeite-jade-pendant-crafted-as-milo-buddha-set-on-18k-gold-with-1-icy-cabochon-and-diamonds-certificate-included-weigh-13-8-grams-measurement-41-9-33-1-11-6-mm-18kp15\/","title":{"rendered":"M\u1eb7t d\u00e2y chuy\u1ec1n ng\u1ecdc b\u00edch Icy Light Green Natural lo\u1ea1i A \u0111\u01b0\u1ee3c ch\u1ebf t\u00e1c theo h\u00ecnh t\u01b0\u1ee3ng \u0110\u1ee9c Ph\u1eadt Milo, n\u1ea1m tr\u00ean v\u00e0ng 18k v\u1edbi 1 vi\u00ean \u0111\u00e1 cabochon v\u00e0 kim c\u01b0\u01a1ng, c\u00f3 k\u00e8m gi\u1ea5y ch\u1ee9ng nh\u1eadn, n\u1eb7ng 13,8 gram, k\u00edch th\u01b0\u1edbc 41,9 * 33,1 * 11,6 mm (18kp15)"},"content":{"rendered":"<p>M\u1eb7t d\u00e2y chuy\u1ec1n ng\u1ecdc b\u00edch Icy Light Green Natural Type A Jadeite n\u00e0y l\u00e0 m\u1ed9t m\u00f3n \u0111\u1ed3 trang s\u1ee9c tuy\u1ec7t \u0111\u1eb9p, ho\u00e0n h\u1ea3o cho nh\u1eefng ai y\u00eau th\u00edch ph\u1ee5 ki\u1ec7n \u0111\u1ed9c \u0111\u00e1o v\u00e0 ch\u1ea5t l\u01b0\u1ee3ng cao. \u0110\u01b0\u1ee3c ch\u1ebf t\u00e1c nh\u01b0 Milo Buddha v\u00e0 \u0111\u01b0\u1ee3c g\u1eafn tr\u00ean v\u00e0ng 18k, m\u1eb7t d\u00e2y chuy\u1ec1n n\u00e0y c\u00f3 1 vi\u00ean \u0111\u00e1 cabochon b\u0103ng gi\u00e1 v\u00e0 kim c\u01b0\u01a1ng, l\u00e0m t\u0103ng th\u00eam n\u00e9t quy\u1ebfn r\u0169 c\u1ee7a n\u00f3.<\/p>\n<p><\/p>\n<p><strong>S\u1ed1 ch\u1ee9ng ch\u1ec9: GD2111H005839<\/strong><\/p>\n<p><strong>V\u00e0ng 18k Tr\u1ecdng l\u01b0\u1ee3ng: 3,78 gram<\/strong><\/p>\n<p><strong>Kim c\u01b0\u01a1ng: 47 *<em> 0,003 Kim c\u01b0\u01a1ng v\u00e0ng = 0,141 carat, 56 *<\/em> 0,005 = 0,28 carat<\/strong><\/p>\n<p><strong>Cabochon b\u0103ng gi\u00e1: 5.3 *<em> 5.3 *<\/em> 3mm<\/strong><\/p>\n<p><strong>Ng\u1ecdc B\u00edch Milo Buddha: 30.5 *<em> 33.1 *<\/em> 7,3mm<\/strong><\/p>\n<p><\/p>\n<ul>\n<li>\n<strong>\u0110\u01b0\u1ee3c ch\u1ebf t\u00e1c \u0111\u1eb9p m\u1eaft:<\/strong> M\u1eb7t d\u00e2y chuy\u1ec1n \u0111\u01b0\u1ee3c ch\u1ebf t\u00e1c tinh x\u1ea3o theo h\u00ecnh t\u01b0\u1ee3ng Ph\u1eadt Milo v\u1edbi s\u1ef1 ch\u00fa \u00fd \u0111\u1ebfn t\u1eebng chi ti\u1ebft, khi\u1ebfn n\u00f3 tr\u1edf th\u00e0nh m\u1ed9t m\u00f3n \u0111\u1ed3 trang s\u1ee9c tinh x\u1ea3o.<\/li>\n<li>\n<strong>Ch\u1ea5t l\u01b0\u1ee3ng cao c\u1ea5p:<\/strong> \u0110\u01b0\u1ee3c l\u00e0m t\u1eeb ng\u1ecdc b\u00edch Jadeite t\u1ef1 nhi\u00ean lo\u1ea1i A, m\u1eb7t d\u00e2y chuy\u1ec1n n\u00e0y c\u00f3 t\u00f4ng m\u00e0u xanh l\u1ee5c nh\u1ea1t tuy\u1ec7t \u0111\u1eb9p, tr\u00f4ng r\u1ea5t \u1ea5n t\u01b0\u1ee3ng khi \u0111eo.<\/li>\n<li>\n<strong>Ch\u1ee9ng nh\u1eadn bao g\u1ed3m:<\/strong> Gi\u1ea5y ch\u1ee9ng nh\u1eadn \u0111i k\u00e8m v\u1edbi s\u1ea3n ph\u1ea9m \u0111\u1ea3m b\u1ea3o t\u00ednh x\u00e1c th\u1ef1c v\u00e0 ch\u1ea5t l\u01b0\u1ee3ng c\u1ee7a s\u1ea3n ph\u1ea9m.<\/li>\n<\/ul>\n<p>C\u00e2n n\u1eb7ng <strong>13,8 gam<\/strong> v\u00e0 \u0111o l\u01b0\u1eddng <strong>41,9 * 33,1 *11,6mm<\/strong> V\u1edbi k\u00edch th\u01b0\u1edbc (18kp15), m\u1eb7t d\u00e2y chuy\u1ec1n n\u00e0y kh\u00f4ng qu\u00e1 n\u1eb7ng ho\u1eb7c c\u1ed3ng k\u1ec1nh \u0111\u1ec3 \u0111eo tho\u1ea3i m\u00e1i trong th\u1eddi gian d\u00e0i.<\/p>\n<ul>\n<li>\n<strong>Kim c\u01b0\u01a1ng l\u00e0m t\u0103ng th\u00eam s\u1ef1 l\u1ea5p l\u00e1nh:<\/strong>Nh\u1eefng vi\u00ean kim c\u01b0\u01a1ng tr\u00ean m\u1eb7t d\u00e2y chuy\u1ec1n t\u1ea1o th\u00eam s\u1ef1 l\u1ea5p l\u00e1nh, ho\u00e0n h\u1ea3o cho nh\u1eefng d\u1ecbp \u0111\u1eb7c bi\u1ec7t nh\u01b0 \u0111\u00e1m c\u01b0\u1edbi ho\u1eb7c ng\u00e0y k\u1ef7 ni\u1ec7m<\/li>\n<\/ul>\n<p>Ki\u1ec3u v\u00f2ng c\u1ed5 unisex n\u00e0y c\u00f3 v\u1ebb ngo\u00e0i gi\u1ea3n d\u1ecb n\u00ean b\u1ea1n c\u00f3 th\u1ec3 \u0111eo h\u00e0ng ng\u00e0y ho\u1eb7c di\u1ec7n khi c\u1ea7n, gi\u00fap n\u00f3 tr\u1edf th\u00e0nh m\u1ed9t ph\u1ee5 ki\u1ec7n \u0111a n\u0103ng b\u1ed5 sung v\u00e0o b\u1ed9 s\u01b0u t\u1eadp ph\u1ee5 ki\u1ec7n c\u1ee7a b\u1ea1n.<\/p>\n<p>.<\/p>\n<ul>\n<li>\n<strong>Lo\u1ea1i ng\u1ecdc b\u00edch: <\/strong>Jadeite \u2013 S\u1ea3n ph\u1ea9m n\u00e0y c\u00f3 ng\u1ecdc b\u00edch jadeite t\u1ef1 nhi\u00ean ch\u1ea5t l\u01b0\u1ee3ng cao,<\/li>\n<li>.<\/li>\n<li>\n<strong>N\u01b0\u1edbc xu\u1ea5t x\u1ee9: <\/strong>M\u1ea3nh \u0111\u1ea5t tuy\u1ec7t \u0111\u1eb9p n\u00e0y \u0111\u1ebfn t\u1eeb Myanmar.<strong>Gi\u1ea5y ch\u1ee9ng nh\u1eadn bao g\u1ed3m: <\/strong>B\u1ea1n c\u00f3 th\u1ec3 tin t\u01b0\u1edfng v\u00e0o t\u00ednh x\u00e1c th\u1ef1c c\u1ee7a s\u1ea3n ph\u1ea9m m\u00ecnh mua nh\u1edd c\u00f3 ch\u1ee9ng ch\u1ec9 \u0111i k\u00e8m.<strong>V\u1eadt li\u1ec7u th\u1ee9 c\u1ea5p: <\/strong>Kim c\u01b0\u01a1ng \u2013 V\u1ebb \u0111\u1eb9p c\u1ee7a kim c\u01b0\u01a1ng t\u00f4n l\u00ean v\u1ebb \u0111\u1eb9p t\u1ef1 nhi\u00ean c\u1ee7a ng\u1ecdc b\u00edch, . B\u1ea1n s\u1ebd th\u00edch \u0111eo M\u1eb7t d\u00e2y chuy\u1ec1n ng\u1ecdc b\u00edch t\u1ef1 nhi\u00ean lo\u1ea1i A Icy Light Green n\u00e0y tr\u00ean \u0111\u1ebf v\u00e0ng PT\/Carat \u2013 \u0110\u00e2y ch\u1eafc ch\u1eafn l\u00e0 ph\u1ee5 ki\u1ec7n b\u1eaft m\u1eaft s\u1ebd gi\u00fap b\u1ea1n nh\u1eadn \u0111\u01b0\u1ee3c nhi\u1ec1u l\u1eddi khen ng\u1ee3i \u1edf b\u1ea5t c\u1ee9 n\u01a1i \u0111\u00e2u!.<\/li>\n<\/ul>\n<p>Yi Pin Qian \u2013 Nh\u00e0 bu\u00f4n \u0111\u00e1 qu\u00fd v\u00e0 kim lo\u1ea1i qu\u00fd t\u1ea1i Singapore \u2013 S\u1ed1 gi\u1ea5y ph\u00e9p PS20190000031<\/p>\n<p><\/p>\n<p>*T\u1ea5t c\u1ea3 c\u00e1c lo\u1ea1i Jadeite \u0111\u01b0\u1ee3c mua t\u1eeb Yi Pin Qian t\u1ea1i Singapore, kh\u00e1ch h\u00e0ng c\u00f3 th\u1ec3 \u0111\u1eb7t l\u1ecbch \u0111\u00e1nh b\u00f3ng ho\u1eb7c s\u1eeda ch\u1eefa nh\u1ecf do x\u1eed l\u00fd sai c\u00e1ch \u2013 c\u00f3 t\u00ednh ph\u00ed v\u00e0 ch\u1ec9 d\u00e0nh cho kh\u00e1ch h\u00e0ng c\u1ee7a Yi Pin Qian t\u1ea1i Singapore*<\/p>\n<p><\/p>\n<p><strong>**C\u00e1c lo\u1ea1i ch\u1ee9ng ch\u1ec9**<\/strong><\/p>\n<p><\/p>\n<p><strong>NGI (C\u00f4ng ty \u0110\u00e1 qu\u00fd Nan Yang)<\/strong><\/p>\n<p>ho\u1eb7c <strong>Ch\u1ee9ng ch\u1ec9 n\u01b0\u1edbc ngo\u00e0i <\/strong>(Yi Pin Qian ch\u1ec9 s\u1eed d\u1ee5ng c\u00e1c ch\u1ee9ng ch\u1ec9 x\u00e1c th\u1ef1c t\u1eeb c\u00e1c ph\u00f2ng th\u00ed nghi\u1ec7m \u1edf n\u01b0\u1edbc ngo\u00e0i v\u00e0 ki\u1ec3m so\u00e1t ch\u1ea5t l\u01b0\u1ee3ng m\u1ecdi s\u1ea3n ph\u1ea9m c\u1ee7a ch\u00fang t\u00f4i tr\u01b0\u1edbc khi \u0111\u01b0a ch\u00fang ra b\u00e1n t\u1ea1i Singapore)<\/p>\n<p><\/p>\n<p>M\u1ed7i s\u1ea3n ph\u1ea9m tr\u00ean TikTok s\u1ebd c\u00f3 lo\u1ea1i ch\u1ee9ng ch\u1ec9 \u0111\u01b0\u1ee3c cung c\u1ea5p \u0111\u01b0\u1ee3c n\u00eau trong ph\u1ea7n m\u00f4 t\u1ea3. \u0110\u1ed1i v\u1edbi b\u1ea5t k\u1ef3 kh\u00e1ch h\u00e0ng n\u00e0o mu\u1ed1n g\u1eedi \u0111\u01a1n h\u00e0ng c\u1ee7a m\u00ecnh \u0111\u1ebfn NGI Singapore, s\u1ebd c\u00f3 th\u1eddi gian ch\u1edd giao h\u00e0ng \u01b0\u1edbc t\u00ednh kho\u1ea3ng 4 tu\u1ea7n \u0111\u1ec3 nh\u1eadn \u0111\u01b0\u1ee3c \u0111\u01a1n h\u00e0ng c\u1ee7a b\u1ea1n. <strong>Y\u00eau c\u1ea7u b\u00e1o c\u00e1o v\u1ec1 NGI Gemstone c\u1ea7n \u0111\u01b0\u1ee3c th\u1ef1c hi\u1ec7n b\u1eb1ng c\u00e1ch nh\u1eafn tin \u0111\u1ebfn c\u1eeda h\u00e0ng TikTok Yi Pin Qian.<\/strong> C\u1ea3m \u01a1n, <strong><u>\u00e1p d\u1ee5ng th\u00eam ph\u00ed<\/u><\/strong>.<\/p>\n<p><\/p>\n<p><strong>Jadeite t\u1ef1 nhi\u00ean kh\u00f4ng ho\u00e0n h\u1ea3o, ch\u1ec9 l\u00e0 m\u1ed9t l\u1eddi nh\u1eafc nh\u1edf nh\u1eb9 nh\u00e0ng, Jadeite t\u1ef1 nhi\u00ean c\u1ee7a ch\u00fang t\u00f4i, gi\u1ed1ng nh\u01b0 t\u1ea5t c\u1ea3 nh\u1eefng th\u1ee9 \u0111\u1eb9p \u0111\u1ebd trong t\u1ef1 nhi\u00ean, c\u00f3 nh\u1eefng \u0111\u1eb7c \u0111i\u1ec3m v\u00e0 bi\u1ebfn th\u1ec3 \u0111\u1ed9c \u0111\u00e1o. Ch\u00fang t\u00f4i m\u1eddi nh\u1eefng kh\u00e1ch h\u00e0ng c\u00f3 gi\u00e1 tr\u1ecb c\u1ee7a m\u00ecnh \u0111\u00f3n nh\u1eadn nh\u1eefng bi\u1ebfn th\u1ec3 t\u1ef1 nhi\u00ean n\u00e0y. Ch\u00fac b\u1ea1n mua s\u1eafm vui v\u1ebb!<\/strong><\/p>\n<p><\/p>\n<p><strong><u>Kh\u00f4ng c\u00f3 h\u00ecnh \u1ea3nh v\u00e0 c\u1ea3nh quay video n\u00e0o \u0111\u01b0\u1ee3c l\u1ecdc. Ch\u00fang t\u00f4i khuy\u1ebfn kh\u00edch kh\u00e1ch h\u00e0ng c\u1ee7a m\u00ecnh c\u0169ng xem c\u00e1c video \u0111i k\u00e8m \u0111\u1ec3 c\u00f3 c\u00e1i nh\u00ecn to\u00e0n di\u1ec7n h\u01a1n v\u1ec1 s\u1ea3n ph\u1ea9m c\u1ee7a ch\u00fang t\u00f4i<\/u><\/strong><\/p>","protected":false},"excerpt":{"rendered":"<p>This Icy Light Green Natural Type A Jadeite Jade Pendant is a stunning piece of jewelry that is perfect for those who love unique and high-quality accessories. Crafted as Milo Buddha and set on 18k gold, this pendant feature 1 icy cabochon and diamonds, which adds to its charm. Certificate numbers: GD2111H005839 18k Gold Weight: [&hellip;]<\/p>","protected":false},"featured_media":5206,"comment_status":"open","ping_status":"closed","template":"","meta":[],"product_brand":[],"product_cat":[196],"product_tag":[50,52,88,53,54,55,56,57,73,75,59,60,61,62],"class_list":{"0":"post-1479","1":"product","2":"type-product","3":"status-publish","4":"has-post-thumbnail","6":"product_cat-vault-collection","7":"product_tag-18k-gold","8":"product_tag-certified","9":"product_tag-diamonds","10":"product_tag-fine-quality","11":"product_tag-icy","12":"product_tag-jadeite","13":"product_tag-limited-editions","14":"product_tag-milo-buddha","15":"product_tag-pendant","16":"product_tag-traditional","17":"product_tag-translucent","18":"product_tag-type-a-jadeite","19":"product_tag-unisex","20":"product_tag-yi-pin-qian-exclusive","22":"first","23":"instock","24":"sale","25":"shipping-taxable","26":"purchasable","27":"product-type-simple"},"_links":{"self":[{"href":"https:\/\/shop.yipinqian.com\/vi\/wp-json\/wp\/v2\/product\/1479","targetHints":{"allow":["GET"]}}],"collection":[{"href":"https:\/\/shop.yipinqian.com\/vi\/wp-json\/wp\/v2\/product"}],"about":[{"href":"https:\/\/shop.yipinqian.com\/vi\/wp-json\/wp\/v2\/types\/product"}],"replies":[{"embeddable":true,"href":"https:\/\/shop.yipinqian.com\/vi\/wp-json\/wp\/v2\/comments?post=1479"}],"version-history":[{"count":0,"href":"https:\/\/shop.yipinqian.com\/vi\/wp-json\/wp\/v2\/product\/1479\/revisions"}],"wp:featuredmedia":[{"embeddable":true,"href":"https:\/\/shop.yipinqian.com\/vi\/wp-json\/wp\/v2\/media\/5206"}],"wp:attachment":[{"href":"https:\/\/shop.yipinqian.com\/vi\/wp-json\/wp\/v2\/media?parent=1479"}],"wp:term":[{"taxonomy":"product_brand","embeddable":true,"href":"https:\/\/shop.yipinqian.com\/vi\/wp-json\/wp\/v2\/product_brand?post=1479"},{"taxonomy":"product_cat","embeddable":true,"href":"https:\/\/shop.yipinqian.com\/vi\/wp-json\/wp\/v2\/product_cat?post=1479"},{"taxonomy":"product_tag","embeddable":true,"href":"https:\/\/shop.yipinqian.com\/vi\/wp-json\/wp\/v2\/product_tag?post=1479"}],"curies":[{"name":"wp","href":"https:\/\/api.w.org\/{rel}","templated":true}]}}