{"id":1473,"date":"2024-10-24T23:19:27","date_gmt":"2024-10-24T15:19:27","guid":{"rendered":"https:\/\/shop.yipinqian.com\/product\/hugh-light-lavender-and-light-green-natural-type-a-jadeite-pendant-necklace-crafted-as-chinese-old-school-style-pendant-with-chinese-poem-at-the-back-certificate-included-weigh-54-38-grams-66-2-39-2-8\/"},"modified":"2025-02-17T00:02:48","modified_gmt":"2025-02-16T16:02:48","slug":"hugh-light-lavender-and-light-green-natural-type-a-jadeite-pendant-necklace-crafted-as-chinese-old-school-style-pendant-with-chinese-poem-at-the-back-certificate-included-weigh-54-38-grams-66-2-39-2-8","status":"publish","type":"product","link":"https:\/\/shop.yipinqian.com\/vi\/san-pham\/hugh-light-lavender-and-light-green-natural-type-a-jadeite-pendant-necklace-crafted-as-chinese-old-school-style-pendant-with-chinese-poem-at-the-back-certificate-included-weigh-54-38-grams-66-2-39-2-8\/","title":{"rendered":"D\u00e2y chuy\u1ec1n m\u1eb7t ng\u1ecdc b\u00edch Hugh Light Lavender v\u00e0 Light Green Natural Type A \u0111\u01b0\u1ee3c ch\u1ebf t\u00e1c theo phong c\u00e1ch Trung Hoa c\u1ed5 \u0111i\u1ec3n v\u1edbi b\u00e0i th\u01a1 Trung Hoa \u1edf m\u1eb7t sau, c\u00f3 k\u00e8m gi\u1ea5y ch\u1ee9ng nh\u1eadn, n\u1eb7ng 54,38 gam, k\u00edch th\u01b0\u1edbc 66,2 * 39,2 * 8,2 mm, c\u00f3 th\u1ec3 s\u01b0u t\u1ea7m ho\u1eb7c \u0111eo h\u00e0ng ng\u00e0y (m\u1eb7t d\u00e2y chuy\u1ec1n38)"},"content":{"rendered":"<p><img fetchpriority=\"high\" decoding=\"async\" height=\"1080\" src=\"https:\/\/shop.yipinqian.com\/wp-content\/uploads\/2024\/10\/211e73a715dcb1409058041fd65df8f5.jpg?from=476444299\" width=\"1080\"><\/p>\n<p><strong>\u00dd ngh\u0129a c\u1ee7a t\u1eeb ti\u1ebfng Trung <\/strong><\/p>\n<ol>\n<li><strong><em>B\u1ea3n d\u1ecbch<\/em>:\u201cT\u00f4i ph\u1ea3i leo l\u00ean \u0111\u1ec9nh cao nh\u1ea5t v\u00e0 nh\u00ecn m\u1ecdi ng\u1ecdn n\u00fai kh\u00e1c ch\u1ec9 nh\u01b0 nh\u1eefng ch\u1ea5m nh\u1ecf.\u201d<em>Gi\u1ea3i th\u00edch<\/em>:\u0110\u1ed7 Ph\u1ee7 b\u00e0y t\u1ecf quy\u1ebft t\u00e2m leo l\u00ean \u0111\u1ec9nh n\u00fai Th\u00e1i S\u01a1n, n\u01a1i \u00f4ng c\u00f3 th\u1ec3 ng\u1eafm to\u00e0n c\u1ea3nh, khi\u1ebfn nh\u1eefng ng\u1ecdn n\u00fai kh\u00e1c tr\u1edf n\u00ean nh\u1ecf b\u00e9 khi so s\u00e1nh.<\/strong><\/li>\n<\/ol>\n<p>\u00a0<\/p>\n<p>Tr\u1ea3i nghi\u1ec7m s\u1ef1 thanh l\u1ecbch c\u1ee7a phong c\u00e1ch truy\u1ec1n th\u1ed1ng Trung Hoa v\u1edbi M\u1eb7t d\u00e2y chuy\u1ec1n ng\u1ecdc b\u00edch t\u1ef1 nhi\u00ean lo\u1ea1i A Hugh Light Lavender v\u00e0 Light Green n\u00e0y. M\u00f3n \u0111\u1ed3 s\u01b0u t\u1ea7m n\u00e0y ho\u00e0n h\u1ea3o \u0111\u1ec3 \u0111eo h\u00e0ng ng\u00e0y, t\u1ea1o th\u00eam n\u00e9t tinh t\u1ebf cho b\u1ea5t k\u1ef3 trang ph\u1ee5c n\u00e0o.<\/p>\n<ul>\n<li>\n<strong>Jadeite t\u1ef1 nhi\u00ean lo\u1ea1i A:<\/strong> \u0110\u01b0\u1ee3c ch\u1ebf t\u00e1c t\u1eeb lo\u1ea1i ng\u1ecdc b\u00edch A t\u1ef1 nhi\u00ean ch\u1ea5t l\u01b0\u1ee3ng t\u1ed1t nh\u1ea5t, m\u1eb7t d\u00e2y chuy\u1ec1n n\u00e0y c\u00f3 s\u1ef1 k\u1ebft h\u1ee3p \u0111\u1ed9c \u0111\u00e1o gi\u1eefa t\u00f4ng m\u00e0u hoa o\u1ea3i h\u01b0\u01a1ng nh\u1ea1t v\u00e0 xanh l\u00e1 c\u00e2y nh\u1ea1t.<\/li>\n<li>\n<strong>Phong c\u00e1ch Trung Hoa c\u1ed5 \u0111i\u1ec3n:<\/strong> M\u1eb7t d\u00e2y chuy\u1ec1n \u0111\u01b0\u1ee3c thi\u1ebft k\u1ebf theo phong c\u00e1ch truy\u1ec1n th\u1ed1ng c\u1ee7a Trung Qu\u1ed1c, v\u1edbi c\u00e1c chi ti\u1ebft ph\u1ee9c t\u1ea1p v\u00e0 m\u1ed9t b\u00e0i th\u01a1 \u0111\u1eb9p \u0111\u01b0\u1ee3c kh\u1eafc \u1edf m\u1eb7t sau.<\/li>\n<li>\n<strong>Gi\u1ea5y ch\u1ee9ng nh\u1eadn bao g\u1ed3m:<\/strong> Chi\u1ebfc v\u00f2ng c\u1ed5 n\u00e0y c\u00f3 k\u00e8m theo gi\u1ea5y ch\u1ee9ng nh\u1eadn \u0111\u1ec3 x\u00e1c minh t\u00ednh x\u00e1c th\u1ef1c v\u00e0 \u0111\u1ea3m b\u1ea3o ch\u1ea5t l\u01b0\u1ee3ng.<\/li>\n<\/ul>\n<p><strong>S\u1ed1 ch\u1ee9ng nh\u1eadn: GD2204H005662<\/strong><\/p>\n<p><img decoding=\"async\" height=\"1080\" src=\"https:\/\/shop.yipinqian.com\/wp-content\/uploads\/2024\/10\/8be69d11981d50551b917caf0cea6104.jpg?from=476444299\" width=\"1080\"><\/p>\n<p>V\u1edbi tr\u1ecdng l\u01b0\u1ee3ng 54,38 gram v\u00e0 k\u00edch th\u01b0\u1edbc 66,2 * 39,2 * 8,2 mm, m\u1eb7t d\u00e2y chuy\u1ec1n n\u00e0y ph\u00f9 h\u1ee3p v\u1edbi c\u1ea3 nam v\u00e0 n\u1eef y\u00eau th\u00edch ph\u1ee5 ki\u1ec7n trang s\u1ee9c cao c\u1ea5p.<\/p>\n<ul>\n<li>\n<strong>Ki\u1ec3u v\u00f2ng c\u1ed5 th\u01b0\u1eddng ng\u00e0y:<\/strong> Ki\u1ec3u d\u00e1ng v\u00f2ng c\u1ed5 gi\u1ea3n d\u1ecb l\u00e0m cho n\u00f3 ho\u00e0n h\u1ea3o \u0111\u1ec3 \u0111eo h\u00e0ng ng\u00e0y trong b\u1ea5t k\u1ef3 d\u1ecbp n\u00e0o ho\u1eb7c l\u1ef1a ch\u1ecdn trang ph\u1ee5c n\u00e0o<\/li>\n<li>\n<strong>S\u1ea3n xu\u1ea5t t\u1ea1i Myanmar: <\/strong>M\u1ea3nh n\u00e0y \u0111\u1ebfn tr\u1ef1c ti\u1ebfp t\u1eeb Myanmar l\u00e0m t\u0103ng th\u00eam t\u00ednh \u0111\u1ed9c quy\u1ec1n c\u1ee7a n\u00f3<\/li>\n<\/ul>\n<p>N\u00e2ng t\u1ea7m phong c\u00e1ch ph\u1ee5 ki\u1ec7n c\u1ee7a b\u1ea1n v\u1edbi chi\u1ebfc v\u00f2ng c\u1ed5 m\u1eb7t d\u00e2y chuy\u1ec1n b\u1eb1ng ng\u1ecdc b\u00edch tuy\u1ec7t \u0111\u1eb9p n\u00e0y \u2013 h\u00e3y s\u1edf h\u1eefu ngay h\u00f4m nay!<\/p>\n<p>\u00a0<\/p>\n<p>Yi Pin Qian \u2013 Nh\u00e0 bu\u00f4n \u0111\u00e1 qu\u00fd v\u00e0 kim lo\u1ea1i qu\u00fd t\u1ea1i Singapore \u2013 S\u1ed1 gi\u1ea5y ph\u00e9p PS20190000031<\/p>\n<p>\u00a0<\/p>\n<p>*T\u1ea5t c\u1ea3 c\u00e1c lo\u1ea1i Jadeite \u0111\u01b0\u1ee3c mua t\u1eeb Yi Pin Qian t\u1ea1i Singapore, kh\u00e1ch h\u00e0ng c\u00f3 th\u1ec3 \u0111\u1eb7t l\u1ecbch \u0111\u00e1nh b\u00f3ng ho\u1eb7c s\u1eeda ch\u1eefa nh\u1ecf do x\u1eed l\u00fd sai c\u00e1ch \u2013 c\u00f3 t\u00ednh ph\u00ed v\u00e0 ch\u1ec9 d\u00e0nh cho kh\u00e1ch h\u00e0ng c\u1ee7a Yi Pin Qian t\u1ea1i Singapore*<\/p>\n<p>\u00a0<\/p>\n<p><strong>**C\u00e1c lo\u1ea1i ch\u1ee9ng ch\u1ec9**<\/strong><\/p>\n<p>\u00a0<\/p>\n<p><strong>NGI (C\u00f4ng ty \u0110\u00e1 qu\u00fd Nan Yang)<\/strong><\/p>\n<p>ho\u1eb7c <strong>Ch\u1ee9ng ch\u1ec9 n\u01b0\u1edbc ngo\u00e0i <\/strong>(Yi Pin Qian ch\u1ec9 s\u1eed d\u1ee5ng c\u00e1c ch\u1ee9ng ch\u1ec9 x\u00e1c th\u1ef1c t\u1eeb c\u00e1c ph\u00f2ng th\u00ed nghi\u1ec7m \u1edf n\u01b0\u1edbc ngo\u00e0i v\u00e0 ki\u1ec3m so\u00e1t ch\u1ea5t l\u01b0\u1ee3ng m\u1ecdi s\u1ea3n ph\u1ea9m c\u1ee7a ch\u00fang t\u00f4i tr\u01b0\u1edbc khi \u0111\u01b0a ch\u00fang ra b\u00e1n t\u1ea1i Singapore)<\/p>\n<p>\u00a0<\/p>\n<p>M\u1ed7i s\u1ea3n ph\u1ea9m tr\u00ean TikTok s\u1ebd c\u00f3 lo\u1ea1i ch\u1ee9ng ch\u1ec9 \u0111\u01b0\u1ee3c cung c\u1ea5p \u0111\u01b0\u1ee3c n\u00eau trong ph\u1ea7n m\u00f4 t\u1ea3. \u0110\u1ed1i v\u1edbi b\u1ea5t k\u1ef3 kh\u00e1ch h\u00e0ng n\u00e0o mu\u1ed1n g\u1eedi \u0111\u01a1n h\u00e0ng c\u1ee7a m\u00ecnh \u0111\u1ebfn NGI Singapore, s\u1ebd c\u00f3 th\u1eddi gian ch\u1edd giao h\u00e0ng \u01b0\u1edbc t\u00ednh kho\u1ea3ng 4 tu\u1ea7n \u0111\u1ec3 nh\u1eadn \u0111\u01b0\u1ee3c \u0111\u01a1n h\u00e0ng c\u1ee7a b\u1ea1n. <strong>Y\u00eau c\u1ea7u b\u00e1o c\u00e1o v\u1ec1 NGI Gemstone c\u1ea7n \u0111\u01b0\u1ee3c th\u1ef1c hi\u1ec7n b\u1eb1ng c\u00e1ch nh\u1eafn tin \u0111\u1ebfn c\u1eeda h\u00e0ng TikTok Yi Pin Qian.<\/strong> C\u1ea3m \u01a1n, <strong><u>\u00e1p d\u1ee5ng th\u00eam ph\u00ed<\/u><\/strong>.<\/p>\n<p>\u00a0<\/p>\n<p><strong>Jadeite t\u1ef1 nhi\u00ean kh\u00f4ng ho\u00e0n h\u1ea3o, ch\u1ec9 l\u00e0 m\u1ed9t l\u1eddi nh\u1eafc nh\u1edf nh\u1eb9 nh\u00e0ng, Jadeite t\u1ef1 nhi\u00ean c\u1ee7a ch\u00fang t\u00f4i, gi\u1ed1ng nh\u01b0 t\u1ea5t c\u1ea3 nh\u1eefng th\u1ee9 \u0111\u1eb9p \u0111\u1ebd trong t\u1ef1 nhi\u00ean, c\u00f3 nh\u1eefng \u0111\u1eb7c \u0111i\u1ec3m v\u00e0 bi\u1ebfn th\u1ec3 \u0111\u1ed9c \u0111\u00e1o. Ch\u00fang t\u00f4i m\u1eddi nh\u1eefng kh\u00e1ch h\u00e0ng c\u00f3 gi\u00e1 tr\u1ecb c\u1ee7a m\u00ecnh \u0111\u00f3n nh\u1eadn nh\u1eefng bi\u1ebfn th\u1ec3 t\u1ef1 nhi\u00ean n\u00e0y. Ch\u00fac b\u1ea1n mua s\u1eafm vui v\u1ebb!<\/strong><\/p>\n<p>\u00a0<\/p>\n<p><strong><u>Kh\u00f4ng c\u00f3 h\u00ecnh \u1ea3nh v\u00e0 c\u1ea3nh quay video n\u00e0o \u0111\u01b0\u1ee3c l\u1ecdc. Ch\u00fang t\u00f4i khuy\u1ebfn kh\u00edch kh\u00e1ch h\u00e0ng c\u1ee7a m\u00ecnh c\u0169ng xem c\u00e1c video \u0111i k\u00e8m \u0111\u1ec3 c\u00f3 c\u00e1i nh\u00ecn to\u00e0n di\u1ec7n h\u01a1n v\u1ec1 s\u1ea3n ph\u1ea9m c\u1ee7a ch\u00fang t\u00f4i<\/u><\/strong><\/p>","protected":false},"excerpt":{"rendered":"<p>T\u1eeb ti\u1ebfng Trung c\u00f3 ngh\u0129a l\u00e0 B\u1ea3n d\u1ecbch: \u201cT\u00f4i ph\u1ea3i leo l\u00ean \u0111\u1ec9nh cao nh\u1ea5t v\u00e0 nh\u00ecn t\u1ea5t c\u1ea3 nh\u1eefng ng\u1ecdn n\u00fai kh\u00e1c ch\u1ec9 nh\u01b0 nh\u1eefng \u0111\u1ed1m nh\u1ecf.\u201d Gi\u1ea3i th\u00edch: \u0110\u1ed7 Ph\u1ee7 b\u00e0y t\u1ecf quy\u1ebft t\u00e2m leo l\u00ean \u0111\u1ec9nh n\u00fai Th\u00e1i S\u01a1n, n\u01a1i \u00f4ng c\u00f3 th\u1ec3 ng\u1eafm to\u00e0n c\u1ea3nh, khi\u1ebfn nh\u1eefng ng\u1ecdn n\u00fai kh\u00e1c tr\u1edf n\u00ean kh\u00f4ng \u0111\u00e1ng k\u1ec3 khi so s\u00e1nh. Tr\u1ea3i nghi\u1ec7m s\u1ef1 thanh l\u1ecbch c\u1ee7a phong c\u00e1ch truy\u1ec1n th\u1ed1ng Trung Hoa v\u1edbi Hugh [\u2026]<\/p>","protected":false},"featured_media":5148,"comment_status":"open","ping_status":"closed","template":"","meta":[],"product_brand":[],"product_cat":[48],"product_tag":[],"class_list":{"0":"post-1473","1":"product","2":"type-product","3":"status-publish","4":"has-post-thumbnail","6":"product_cat-pendants","8":"first","9":"instock","10":"sale","11":"shipping-taxable","12":"purchasable","13":"product-type-simple"},"_links":{"self":[{"href":"https:\/\/shop.yipinqian.com\/vi\/wp-json\/wp\/v2\/product\/1473","targetHints":{"allow":["GET"]}}],"collection":[{"href":"https:\/\/shop.yipinqian.com\/vi\/wp-json\/wp\/v2\/product"}],"about":[{"href":"https:\/\/shop.yipinqian.com\/vi\/wp-json\/wp\/v2\/types\/product"}],"replies":[{"embeddable":true,"href":"https:\/\/shop.yipinqian.com\/vi\/wp-json\/wp\/v2\/comments?post=1473"}],"version-history":[{"count":0,"href":"https:\/\/shop.yipinqian.com\/vi\/wp-json\/wp\/v2\/product\/1473\/revisions"}],"wp:featuredmedia":[{"embeddable":true,"href":"https:\/\/shop.yipinqian.com\/vi\/wp-json\/wp\/v2\/media\/5148"}],"wp:attachment":[{"href":"https:\/\/shop.yipinqian.com\/vi\/wp-json\/wp\/v2\/media?parent=1473"}],"wp:term":[{"taxonomy":"product_brand","embeddable":true,"href":"https:\/\/shop.yipinqian.com\/vi\/wp-json\/wp\/v2\/product_brand?post=1473"},{"taxonomy":"product_cat","embeddable":true,"href":"https:\/\/shop.yipinqian.com\/vi\/wp-json\/wp\/v2\/product_cat?post=1473"},{"taxonomy":"product_tag","embeddable":true,"href":"https:\/\/shop.yipinqian.com\/vi\/wp-json\/wp\/v2\/product_tag?post=1473"}],"curies":[{"name":"wp","href":"https:\/\/api.w.org\/{rel}","templated":true}]}}