{"id":1472,"date":"2024-10-24T23:19:27","date_gmt":"2024-10-24T15:19:27","guid":{"rendered":"https:\/\/shop.yipinqian.com\/product\/hugh-light-green-crafted-with-shape-of-donut-and-cylinder-natural-type-a-jadeite-jade-as-pendant-certificate-weighs-73-85-and-12-55-grams-measurements-52-8-52-7-14-3-19-1-16-3-mm-pendant290\/"},"modified":"2025-02-24T00:49:55","modified_gmt":"2025-02-23T16:49:55","slug":"hugh-light-green-crafted-with-shape-of-donut-and-cylinder-natural-type-a-jadeite-jade-as-pendant-certificate-weighs-73-85-and-12-55-grams-measurements-52-8-52-7-14-3-19-1-16-3-mm-pendant290","status":"publish","type":"product","link":"https:\/\/shop.yipinqian.com\/vi\/san-pham\/hugh-light-green-crafted-with-shape-of-donut-and-cylinder-natural-type-a-jadeite-jade-as-pendant-certificate-weighs-73-85-and-12-55-grams-measurements-52-8-52-7-14-3-19-1-16-3-mm-pendant290\/","title":{"rendered":"Hugh Light Green \u0111\u01b0\u1ee3c ch\u1ebf t\u00e1c b\u1eb1ng \u0111\u00e1 Jadeite Jadeite h\u00ecnh tr\u1ee5 v\u00e0 h\u00ecnh tr\u00f2n t\u1ef1 nhi\u00ean lo\u1ea1i A l\u00e0m m\u1eb7t d\u00e2y chuy\u1ec1n, gi\u1ea5y ch\u1ee9ng nh\u1eadn n\u1eb7ng 73,85 v\u00e0 12,55 gam, k\u00edch th\u01b0\u1edbc 52,8 * 52,7 * 14,3, 19,1 * 16,3 mm (m\u1eb7t d\u00e2y chuy\u1ec1n290)"},"content":{"rendered":"<p>M\u1eb7t d\u00e2y chuy\u1ec1n ng\u1ecdc b\u00edch xanh nh\u1ea1t Hugh n\u00e0y l\u00e0 m\u1ed9t m\u00f3n \u0111\u1ed3 trang s\u1ee9c tuy\u1ec7t \u0111\u1eb9p \u0111\u01b0\u1ee3c ch\u1ebf t\u00e1c theo h\u00ecnh d\u1ea1ng b\u00e1nh donut v\u00e0 h\u00ecnh tr\u1ee5, l\u00e0m t\u1eeb ng\u1ecdc b\u00edch Jadeite t\u1ef1 nhi\u00ean lo\u1ea1i A.<\/p>\n<p><\/p>\n<p>S\u1ed1 ch\u1ee9ng ch\u1ec9: ZS23020101102 \/ ZS23020101104<\/p>\n<p><\/p>\n<ul>\n<li>\n<strong>C\u00e2n n\u1eb7ng:<\/strong> 73,85 gram (B\u00e1nh r\u00e1n) v\u00e0 12,55 gram (Xi lanh)<\/li>\n<li>\n<strong>C\u00e1c ph\u00e9p \u0111o:<\/strong> 52,8 * 52,7 * 14,3 mm (H\u00ecnh b\u00e1nh r\u00e1n) v\u00e0 19,1 * 16,3 mm (H\u00ecnh tr\u1ee5)<\/li>\n<\/ul>\n<p>M\u1eb7t d\u00e2y chuy\u1ec1n \u0111\u1ed9c \u0111\u00e1o n\u00e0y, \u0111\u01b0\u1ee3c d\u00e1n nh\u00e3n l\u00e0 Pendant290, \u0111i k\u00e8m v\u1edbi gi\u1ea5y ch\u1ee9ng nh\u1eadn x\u00e1c th\u1ef1c.<\/p>\n<ul>\n<li>\n<strong>Gi\u1ea5y ch\u1ee9ng nh\u1eadn:<\/strong> \u0110\u00fang<\/li>\n<li><strong>N\u01b0\u1edbc xu\u1ea5t x\u1ee9:<\/strong><\/li>\n<li><strong>Nh\u00e2n d\u1ecbp: Gendr: Ng\u1ecdc b\u00edch Lo\u1ea1i: V\u00f2ng c\u1ed5 ng\u1ecdc b\u00edch Phong c\u00e1ch: Th\u01b0\u1eddng ng\u00e0y <em>L\u01b0u \u00fd: Kh\u00f4ng c\u00f3 b\u1ea3o h\u00e0nh n\u00e0o \u0111\u01b0\u1ee3c cung c\u1ea5p cho s\u1ea3n ph\u1ea9m unisex tinh t\u1ebf n\u00e0y ph\u00f9 h\u1ee3p \u0111\u1ec3 \u0111eo h\u00e0ng ng\u00e0y. H\u00e3y th\u00eam chi\u1ebfc v\u00f2ng c\u1ed5 ng\u1ecdc b\u00edch thanh l\u1ecbch n\u00e0y v\u00e0o b\u1ed9 s\u01b0u t\u1eadp c\u1ee7a b\u1ea1n nh\u01b0 m\u1ed9t ph\u1ee5 ki\u1ec7n th\u01b0\u1eddng ng\u00e0y to\u00e1t l\u00ean v\u1ebb \u0111\u1eb9p t\u1ef1 nhi\u00ean v\u00e0 quy\u1ebfn r\u0169.<\/em><\/strong><\/li>\n<\/ul>\n<p><strong>Jadeite t\u1ef1 nhi\u00ean kh\u00f4ng ho\u00e0n h\u1ea3o, ch\u1ec9 l\u00e0 m\u1ed9t l\u1eddi nh\u1eafc nh\u1edf nh\u1eb9 nh\u00e0ng, Jadeite t\u1ef1 nhi\u00ean c\u1ee7a ch\u00fang t\u00f4i, gi\u1ed1ng nh\u01b0 t\u1ea5t c\u1ea3 nh\u1eefng th\u1ee9 \u0111\u1eb9p \u0111\u1ebd trong t\u1ef1 nhi\u00ean, c\u00f3 nh\u1eefng \u0111\u1eb7c \u0111i\u1ec3m v\u00e0 bi\u1ebfn th\u1ec3 \u0111\u1ed9c \u0111\u00e1o. Ch\u00fang t\u00f4i m\u1eddi nh\u1eefng kh\u00e1ch h\u00e0ng c\u00f3 gi\u00e1 tr\u1ecb c\u1ee7a m\u00ecnh \u0111\u00f3n nh\u1eadn nh\u1eefng bi\u1ebfn th\u1ec3 t\u1ef1 nhi\u00ean n\u00e0y. Ch\u00fac b\u1ea1n mua s\u1eafm vui v\u1ebb!<\/strong><\/p>\n<p><\/p>\n<p><strong><u>Kh\u00f4ng c\u00f3 h\u00ecnh \u1ea3nh v\u00e0 c\u1ea3nh quay video n\u00e0o \u0111\u01b0\u1ee3c l\u1ecdc. Ch\u00fang t\u00f4i khuy\u1ebfn kh\u00edch kh\u00e1ch h\u00e0ng c\u1ee7a m\u00ecnh c\u0169ng xem c\u00e1c video \u0111i k\u00e8m \u0111\u1ec3 c\u00f3 c\u00e1i nh\u00ecn to\u00e0n di\u1ec7n h\u01a1n v\u1ec1 s\u1ea3n ph\u1ea9m c\u1ee7a ch\u00fang t\u00f4i<\/u><\/strong><\/p>","protected":false},"excerpt":{"rendered":"<p>M\u1eb7t d\u00e2y chuy\u1ec1n Hugh Light Green Jade n\u00e0y l\u00e0 m\u1ed9t m\u00f3n \u0111\u1ed3 trang s\u1ee9c tuy\u1ec7t \u0111\u1eb9p \u0111\u01b0\u1ee3c ch\u1ebf t\u00e1c theo h\u00ecnh d\u1ea1ng c\u1ee7a m\u1ed9t chi\u1ebfc b\u00e1nh r\u00e1n v\u00e0 h\u00ecnh tr\u1ee5, \u0111\u01b0\u1ee3c l\u00e0m t\u1eeb Jadeite Jade t\u1ef1 nhi\u00ean lo\u1ea1i A. S\u1ed1 ch\u1ee9ng nh\u1eadn: ZS23020101102 \/ ZS23020101104 Tr\u1ecdng l\u01b0\u1ee3ng: 73,85 gam (h\u00ecnh b\u00e1nh r\u00e1n) v\u00e0 12,55 gam (h\u00ecnh tr\u1ee5) K\u00edch th\u01b0\u1edbc: 52,8 * 52,7 * 14,3 mm (h\u00ecnh b\u00e1nh r\u00e1n) v\u00e0 19,1 * 16,3 mm (h\u00ecnh tr\u1ee5) [\u2026]<\/p>","protected":false},"featured_media":5127,"comment_status":"open","ping_status":"closed","template":"","meta":[],"product_brand":[],"product_cat":[194],"product_tag":[],"class_list":{"0":"post-1472","1":"product","2":"type-product","3":"status-publish","4":"has-post-thumbnail","6":"product_cat-value-picks","8":"first","9":"instock","10":"sale","11":"shipping-taxable","12":"purchasable","13":"product-type-simple"},"_links":{"self":[{"href":"https:\/\/shop.yipinqian.com\/vi\/wp-json\/wp\/v2\/product\/1472","targetHints":{"allow":["GET"]}}],"collection":[{"href":"https:\/\/shop.yipinqian.com\/vi\/wp-json\/wp\/v2\/product"}],"about":[{"href":"https:\/\/shop.yipinqian.com\/vi\/wp-json\/wp\/v2\/types\/product"}],"replies":[{"embeddable":true,"href":"https:\/\/shop.yipinqian.com\/vi\/wp-json\/wp\/v2\/comments?post=1472"}],"version-history":[{"count":0,"href":"https:\/\/shop.yipinqian.com\/vi\/wp-json\/wp\/v2\/product\/1472\/revisions"}],"wp:featuredmedia":[{"embeddable":true,"href":"https:\/\/shop.yipinqian.com\/vi\/wp-json\/wp\/v2\/media\/5127"}],"wp:attachment":[{"href":"https:\/\/shop.yipinqian.com\/vi\/wp-json\/wp\/v2\/media?parent=1472"}],"wp:term":[{"taxonomy":"product_brand","embeddable":true,"href":"https:\/\/shop.yipinqian.com\/vi\/wp-json\/wp\/v2\/product_brand?post=1472"},{"taxonomy":"product_cat","embeddable":true,"href":"https:\/\/shop.yipinqian.com\/vi\/wp-json\/wp\/v2\/product_cat?post=1472"},{"taxonomy":"product_tag","embeddable":true,"href":"https:\/\/shop.yipinqian.com\/vi\/wp-json\/wp\/v2\/product_tag?post=1472"}],"curies":[{"name":"wp","href":"https:\/\/api.w.org\/{rel}","templated":true}]}}