{"id":14692,"date":"2024-12-17T10:45:57","date_gmt":"2024-12-17T02:45:57","guid":{"rendered":"https:\/\/shop.yipinqian.com\/high-quality-rare-green-cabochons-on-natural-type-a-jadeite-jade-set-with-s925-as-pendant-certificate-weighs-5-44-grams-measurement-34-2-13-3-9-1-mm-s925p4\/"},"modified":"2025-02-24T00:49:45","modified_gmt":"2025-02-23T16:49:45","slug":"high-quality-rare-green-cabochons-on-natural-type-a-jadeite-jade-set-with-s925-as-pendant-certificate-weighs-5-44-grams-measurement-34-2-13-3-9-1-mm-s925p4","status":"publish","type":"product","link":"https:\/\/shop.yipinqian.com\/vi\/san-pham\/high-quality-rare-green-cabochons-on-natural-type-a-jadeite-jade-set-with-s925-as-pendant-certificate-weighs-5-44-grams-measurement-34-2-13-3-9-1-mm-s925p4\/","title":{"rendered":"Cabochon xanh hi\u1ebfm ch\u1ea5t l\u01b0\u1ee3ng cao tr\u00ean ng\u1ecdc b\u00edch t\u1ef1 nhi\u00ean lo\u1ea1i A \u0111\u00ednh k\u00e8m S925 l\u00e0m m\u1eb7t d\u00e2y chuy\u1ec1n, gi\u1ea5y ch\u1ee9ng nh\u1eadn n\u1eb7ng 5,44 gram, k\u00edch th\u01b0\u1edbc 34,2 * 13,3 * 9,1 mm (s925p4)"},"content":{"rendered":"<p><iframe title=\"M\u1eb7t d\u00e2y chuy\u1ec1n qu\u1ea3 b\u1ea7u trong su\u1ed1t cao c\u1ea5p\" src=\"https:\/\/youtube.com\/embed\/MS4Y7u--Wfc\" width=\"330\" height=\"300\"><\/iframe><\/p>\n<p>Kh\u00e1m ph\u00e1 s\u1ef1 thanh l\u1ecbch c\u1ee7a m\u1eb7t d\u00e2y chuy\u1ec1n Cabochon xanh qu\u00fd hi\u1ebfm ch\u1ea5t l\u01b0\u1ee3ng cao tr\u00ean \u0111\u00e1 Jadeite Jadeite t\u1ef1 nhi\u00ean lo\u1ea1i A, \u0111\u01b0\u1ee3c \u0111\u00ednh \u0111\u1eb9p m\u1eaft b\u1eb1ng S925. M\u00f3n \u0111\u1ed3 trang s\u1ee9c \u0111\u1ed9c \u0111\u00e1o n\u00e0y ho\u00e0n h\u1ea3o \u0111\u1ec3 \u0111eo h\u00e0ng ng\u00e0y v\u00e0 mang \u0111\u1ebfn n\u00e9t tinh t\u1ebf cho m\u1ecdi trang ph\u1ee5c.<\/p>\n<p><\/p>\n<p><strong>Cabochon qu\u00fd hi\u1ebfm c\u00f3 th\u1ec3 \u0111\u01b0\u1ee3c gi\u1eef l\u1ea1i \u0111\u1ec3 s\u01b0u t\u1ea7m ho\u1eb7c g\u1eafn v\u00e0o v\u00e0ng 18k l\u00e0m nh\u1eabn nam ho\u1eb7c b\u1ea5t k\u1ef3 thi\u1ebft k\u1ebf n\u00e0o kh\u00e1c \u0111\u1ec3 l\u00e0m m\u1eb7t d\u00e2y chuy\u1ec1n.<\/strong><\/p>\n<p><\/p>\n<p><strong>S\u1ed1 ch\u1ee9ng ch\u1ec9: GD2201H010163<\/strong><\/p>\n<p><\/p>\n<p><strong>K\u00edch th\u01b0\u1edbc Cabochon: 20,9 * 10,3 * 4 \/ 5 * 4,8 * 2,5 mm<\/strong><\/p>\n<p><\/p>\n<p><strong>S925:<\/strong> <strong>3,08 gam<\/strong><\/p>\n<p><img fetchpriority=\"high\" decoding=\"async\" src=\"https:\/\/shop.yipinqian.com\/wp-content\/uploads\/2024\/12\/e5bc367ae15e459c9ff6ae8018d3026etplv-aphluv4xwc-origin-jpeg-1.jpeg?dr=15568&#038;nonce=66758&#038;refresh_token=3a555157169f5d95e5798208c17d5d8e&#038;from=476444299&#038;idc=my2&#038;ps=933b5bde&#038;shcp=9b759fb9&#038;shp=1c65f68b&#038;t=555f072d\" width=\"1536\" height=\"2048\"><img decoding=\"async\" src=\"https:\/\/shop.yipinqian.com\/wp-content\/uploads\/2024\/12\/0d375f93b3bd4e83bd5e51566d908f57tplv-aphluv4xwc-origin-jpeg-1.jpeg?dr=15568&#038;nonce=56876&#038;refresh_token=8d0af0b138b84150f4d9106c5ee98f2d&#038;from=476444299&#038;idc=my2&#038;ps=933b5bde&#038;shcp=9b759fb9&#038;shp=1c65f68b&#038;t=555f072d\" width=\"1080\" height=\"1080\"><\/p>\n<ul>\n<li>\n<strong>Ch\u1ea5t l\u01b0\u1ee3ng &amp; Ch\u1ee9ng nh\u1eadn:<\/strong> C\u00f3 k\u00e8m gi\u1ea5y ch\u1ee9ng nh\u1eadn, n\u1eb7ng 5,44 gram.<\/li>\n<li>\n<strong>K\u00edch c\u1ee1:<\/strong> K\u00edch th\u01b0\u1edbc l\u00e0 34,2 * 13,3 * 9,1 mm.<\/li>\n<li>\n<strong>V\u1eadt li\u1ec7u:<\/strong> \u0110\u01b0\u1ee3c l\u00e0m t\u1eeb ng\u1ecdc b\u00edch Jadeite nguy\u00ean ch\u1ea5t v\u00e0 b\u1ea1c S925; c\u00f3 v\u1eadt li\u1ec7u th\u1ee9 c\u1ea5p l\u00e0 CZ.<\/li>\n<li>\n<strong>Ngu\u1ed3n g\u1ed1c v\u0103n h\u00f3a:<\/strong> \u0110\u01b0\u1ee3c ch\u1ebf t\u00e1c t\u1ea1i Myanmar, th\u1ec3 hi\u1ec7n tay ngh\u1ec1 th\u1ee7 c\u00f4ng tinh x\u1ea3o.<\/li>\n<li>\n<strong>Thi\u1ebft k\u1ebf th\u00e2n thi\u1ec7n v\u1edbi ng\u01b0\u1eddi d\u00f9ng:<\/strong> Phong c\u00e1ch Unisex ph\u00f9 h\u1ee3p cho nh\u1eefng d\u1ecbp th\u01b0\u1eddng ng\u00e0y.<\/li>\n<\/ul>\n<p><img decoding=\"async\" src=\"https:\/\/shop.yipinqian.com\/wp-content\/uploads\/2024\/12\/d9caf838887147d1964eff5f99710fb2tplv-aphluv4xwc-origin-jpeg-1.jpeg?dr=15568&#038;nonce=22829&#038;refresh_token=f3151d10d5b0873805019702726f69bf&#038;from=476444299&#038;idc=my2&#038;ps=933b5bde&#038;shcp=9b759fb9&#038;shp=1c65f68b&#038;t=555f072d\" width=\"1536\" height=\"2048\"><\/p>\n<p>M\u1eb7t d\u00e2y chuy\u1ec1n n\u00e0y l\u00e0 m\u1ed9t ph\u00e1t hi\u1ec7n hi\u1ebfm c\u00f3 k\u1ebft h\u1ee3p gi\u1eefa v\u1eadt li\u1ec7u ch\u1ea5t l\u01b0\u1ee3ng v\u1edbi phong c\u00e1ch v\u01b0\u1ee3t th\u1eddi gian, khi\u1ebfn n\u00f3 tr\u1edf th\u00e0nh ph\u1ee5 ki\u1ec7n l\u00fd t\u01b0\u1edfng cho b\u1ea5t k\u1ef3 b\u1ed9 s\u01b0u t\u1eadp trang s\u1ee9c n\u00e0o.<\/p>\n<p><\/p>\n<p>Yi Pin Qian \u2013 Nh\u00e0 bu\u00f4n \u0111\u00e1 qu\u00fd v\u00e0 kim lo\u1ea1i qu\u00fd t\u1ea1i Singapore \u2013 S\u1ed1 gi\u1ea5y ph\u00e9p PS20190000031<\/p>\n<p><\/p>\n<p>*T\u1ea5t c\u1ea3 c\u00e1c lo\u1ea1i Jadeite \u0111\u01b0\u1ee3c mua t\u1eeb Yi Pin Qian t\u1ea1i Singapore, kh\u00e1ch h\u00e0ng c\u00f3 th\u1ec3 \u0111\u1eb7t l\u1ecbch \u0111\u00e1nh b\u00f3ng ho\u1eb7c s\u1eeda ch\u1eefa nh\u1ecf do x\u1eed l\u00fd sai c\u00e1ch \u2013 c\u00f3 t\u00ednh ph\u00ed v\u00e0 ch\u1ec9 d\u00e0nh cho kh\u00e1ch h\u00e0ng c\u1ee7a Yi Pin Qian t\u1ea1i Singapore*<\/p>\n<p><\/p>\n<p><strong>**C\u00e1c lo\u1ea1i ch\u1ee9ng ch\u1ec9**<\/strong><\/p>\n<p><\/p>\n<p><strong>NGI (C\u00f4ng ty \u0110\u00e1 qu\u00fd Nan Yang)<\/strong><\/p>\n<p>ho\u1eb7c <strong>Ch\u1ee9ng ch\u1ec9 n\u01b0\u1edbc ngo\u00e0i <\/strong>(Yi Pin Qian ch\u1ec9 s\u1eed d\u1ee5ng c\u00e1c ch\u1ee9ng ch\u1ec9 x\u00e1c th\u1ef1c t\u1eeb c\u00e1c ph\u00f2ng th\u00ed nghi\u1ec7m \u1edf n\u01b0\u1edbc ngo\u00e0i v\u00e0 ki\u1ec3m so\u00e1t ch\u1ea5t l\u01b0\u1ee3ng m\u1ecdi s\u1ea3n ph\u1ea9m c\u1ee7a ch\u00fang t\u00f4i tr\u01b0\u1edbc khi \u0111\u01b0a ch\u00fang ra b\u00e1n t\u1ea1i Singapore)<\/p>\n<p><\/p>\n<p>M\u1ed7i s\u1ea3n ph\u1ea9m s\u1ebd c\u00f3 lo\u1ea1i ch\u1ee9ng ch\u1ec9 \u0111\u01b0\u1ee3c cung c\u1ea5p \u0111\u01b0\u1ee3c ch\u1ec9 \u0111\u1ecbnh trong m\u00f4 t\u1ea3. \u0110\u1ed1i v\u1edbi b\u1ea5t k\u1ef3 kh\u00e1ch h\u00e0ng n\u00e0o mu\u1ed1n g\u1eedi \u0111\u01a1n \u0111\u1eb7t h\u00e0ng c\u1ee7a h\u1ecd \u0111\u1ebfn NGI Singapore, <strong>B\u1ea1n c\u1ea7n g\u1eedi y\u00eau c\u1ea7u b\u00e1o c\u00e1o v\u1ec1 NGI Gemstone b\u1eb1ng c\u00e1ch nh\u1eafn tin cho ch\u00fang t\u00f4i.<\/strong> C\u1ea3m \u01a1n, <strong><u>\u00e1p d\u1ee5ng th\u00eam ph\u00ed<\/u><\/strong> \u2013 $90 \u0111\u1ed1i v\u1edbi ng\u1ecdc b\u00edch \/ $150 \u0111\u1ed1i v\u1edbi ng\u1ecdc b\u00edch v\u00e0ng 18k \u2013 kh\u00f4ng b\u1eaft bu\u1ed9c v\u00ec h\u1ea7u h\u1ebft s\u1ea3n ph\u1ea9m c\u1ee7a ch\u00fang t\u00f4i \u0111\u00e3 c\u00f3 ch\u1ee9ng ch\u1ec9 n\u01b0\u1edbc ngo\u00e0i ho\u1eb7c b\u00e1o c\u00e1o NGI.<\/p>\n<p><\/p>\n<p>(\u0110\u1ec3 bi\u1ebft th\u00eam chi ti\u1ebft ho\u1eb7c y\u00eau c\u1ea7u b\u1ed5 sung: <strong>Vui l\u00f2ng nh\u1eafn tin cho ch\u00fang t\u00f4i n\u1ebfu b\u1ea1n mu\u1ed1n g\u1eedi s\u1ea3n ph\u1ea9m \u0111\u00e3 mua c\u1ee7a m\u00ecnh \u0111\u1ebfn ph\u00f2ng x\u00e9t nghi\u1ec7m NGI<\/strong>)<\/p>\n<p><\/p>\n<p><strong>Jadeite t\u1ef1 nhi\u00ean kh\u00f4ng ho\u00e0n h\u1ea3o, ch\u1ec9 l\u00e0 m\u1ed9t l\u1eddi nh\u1eafc nh\u1edf nh\u1eb9 nh\u00e0ng, Jadeite t\u1ef1 nhi\u00ean c\u1ee7a ch\u00fang t\u00f4i, gi\u1ed1ng nh\u01b0 t\u1ea5t c\u1ea3 nh\u1eefng th\u1ee9 \u0111\u1eb9p \u0111\u1ebd trong t\u1ef1 nhi\u00ean, c\u00f3 nh\u1eefng \u0111\u1eb7c \u0111i\u1ec3m v\u00e0 bi\u1ebfn th\u1ec3 \u0111\u1ed9c \u0111\u00e1o. Ch\u00fang t\u00f4i m\u1eddi nh\u1eefng kh\u00e1ch h\u00e0ng c\u00f3 gi\u00e1 tr\u1ecb c\u1ee7a m\u00ecnh \u0111\u00f3n nh\u1eadn nh\u1eefng bi\u1ebfn th\u1ec3 t\u1ef1 nhi\u00ean n\u00e0y. Ch\u00fac b\u1ea1n mua s\u1eafm vui v\u1ebb!<\/strong><\/p>\n<p><\/p>\n<p><strong><u>Kh\u00f4ng c\u00f3 h\u00ecnh \u1ea3nh v\u00e0 c\u1ea3nh quay video n\u00e0o \u0111\u01b0\u1ee3c l\u1ecdc. Ch\u00fang t\u00f4i khuy\u1ebfn kh\u00edch kh\u00e1ch h\u00e0ng c\u1ee7a m\u00ecnh c\u0169ng xem c\u00e1c video \u0111i k\u00e8m \u0111\u1ec3 c\u00f3 c\u00e1i nh\u00ecn to\u00e0n di\u1ec7n h\u01a1n v\u1ec1 s\u1ea3n ph\u1ea9m c\u1ee7a ch\u00fang t\u00f4i<\/u><\/strong><\/p>\n<p><\/p>\n<ul>\n<li>C\u00e1c n\u1ec1n t\u1ea3ng kh\u00e1c nhau ch\u1ec9 c\u00f3 th\u1ec3 xem video th\u00f4ng qua m\u00e1y t\u00ednh \u0111\u1ec3 b\u00e0n<\/li>\n<\/ul>","protected":false},"excerpt":{"rendered":"<p>Kh\u00e1m ph\u00e1 s\u1ef1 thanh l\u1ecbch c\u1ee7a Cabochon xanh qu\u00fd hi\u1ebfm ch\u1ea5t l\u01b0\u1ee3ng cao c\u1ee7a ch\u00fang t\u00f4i tr\u00ean m\u1eb7t d\u00e2y chuy\u1ec1n Jadeite Jadeite lo\u1ea1i A t\u1ef1 nhi\u00ean, \u0111\u01b0\u1ee3c \u0111\u00ednh \u0111\u1eb9p m\u1eaft b\u1eb1ng S925. M\u00f3n \u0111\u1ed3 trang s\u1ee9c \u0111\u1ed9c \u0111\u00e1o n\u00e0y ho\u00e0n h\u1ea3o \u0111\u1ec3 \u0111eo h\u00e0ng ng\u00e0y v\u00e0 th\u00eam n\u00e9t tinh t\u1ebf cho b\u1ea5t k\u1ef3 trang ph\u1ee5c n\u00e0o. Cabochon qu\u00fd hi\u1ebfm c\u00f3 th\u1ec3 \u0111\u01b0\u1ee3c gi\u1eef l\u1ea1i \u0111\u1ec3 s\u01b0u t\u1ea7m v\u00e0 \u0111\u00ednh tr\u00ean v\u00e0ng 18k l\u00e0m Nh\u1eabn nam [\u2026]<\/p>","protected":false},"featured_media":14831,"comment_status":"open","ping_status":"closed","template":"","meta":[],"product_brand":[],"product_cat":[194],"product_tag":[64,52,70,65,58,73,67,60,61,62],"class_list":{"0":"post-14692","1":"product","2":"type-product","3":"status-publish","4":"has-post-thumbnail","6":"product_cat-value-picks","7":"product_tag-cabochon","8":"product_tag-certified","9":"product_tag-green","10":"product_tag-high-quality","11":"product_tag-new-arrivals","12":"product_tag-pendant","13":"product_tag-s925","14":"product_tag-type-a-jadeite","15":"product_tag-unisex","16":"product_tag-yi-pin-qian-exclusive","18":"first","19":"instock","20":"sale","21":"shipping-taxable","22":"purchasable","23":"product-type-simple"},"_links":{"self":[{"href":"https:\/\/shop.yipinqian.com\/vi\/wp-json\/wp\/v2\/product\/14692","targetHints":{"allow":["GET"]}}],"collection":[{"href":"https:\/\/shop.yipinqian.com\/vi\/wp-json\/wp\/v2\/product"}],"about":[{"href":"https:\/\/shop.yipinqian.com\/vi\/wp-json\/wp\/v2\/types\/product"}],"replies":[{"embeddable":true,"href":"https:\/\/shop.yipinqian.com\/vi\/wp-json\/wp\/v2\/comments?post=14692"}],"version-history":[{"count":0,"href":"https:\/\/shop.yipinqian.com\/vi\/wp-json\/wp\/v2\/product\/14692\/revisions"}],"wp:featuredmedia":[{"embeddable":true,"href":"https:\/\/shop.yipinqian.com\/vi\/wp-json\/wp\/v2\/media\/14831"}],"wp:attachment":[{"href":"https:\/\/shop.yipinqian.com\/vi\/wp-json\/wp\/v2\/media?parent=14692"}],"wp:term":[{"taxonomy":"product_brand","embeddable":true,"href":"https:\/\/shop.yipinqian.com\/vi\/wp-json\/wp\/v2\/product_brand?post=14692"},{"taxonomy":"product_cat","embeddable":true,"href":"https:\/\/shop.yipinqian.com\/vi\/wp-json\/wp\/v2\/product_cat?post=14692"},{"taxonomy":"product_tag","embeddable":true,"href":"https:\/\/shop.yipinqian.com\/vi\/wp-json\/wp\/v2\/product_tag?post=14692"}],"curies":[{"name":"wp","href":"https:\/\/api.w.org\/{rel}","templated":true}]}}