{"id":1469,"date":"2024-10-24T23:19:25","date_gmt":"2024-10-24T15:19:25","guid":{"rendered":"https:\/\/shop.yipinqian.com\/product\/hight-quality-pair-of-yellow-with-light-green-hue-natural-type-a-jadeite-jade-crafted-as-pixiu-for-pendant-certificate-weighs-30-53-grams-30-35-grams-measurements-50-5-26-11-5-50-5-26-2-11-5-mm-pendan\/"},"modified":"2025-02-24T01:17:30","modified_gmt":"2025-02-23T17:17:30","slug":"hight-quality-pair-of-yellow-with-light-green-hue-natural-type-a-jadeite-jade-crafted-as-pixiu-for-pendant-certificate-weighs-30-53-grams-30-35-grams-measurements-50-5-26-11-5-50-5-26-2-11-5-mm-pendan","status":"publish","type":"product","link":"https:\/\/shop.yipinqian.com\/vi\/san-pham\/hight-quality-pair-of-yellow-with-light-green-hue-natural-type-a-jadeite-jade-crafted-as-pixiu-for-pendant-certificate-weighs-30-53-grams-30-35-grams-measurements-50-5-26-11-5-50-5-26-2-11-5-mm-pendan\/","title":{"rendered":"C\u1eb7p ng\u1ecdc b\u00edch t\u1ef1 nhi\u00ean lo\u1ea1i A m\u00e0u v\u00e0ng v\u1edbi s\u1eafc xanh l\u1ee5c nh\u1ea1t ch\u1ea5t l\u01b0\u1ee3ng cao \u0111\u01b0\u1ee3c ch\u1ebf t\u00e1c th\u00e0nh T\u1ef3 H\u01b0u \u0111\u1ec3 l\u00e0m m\u1eb7t d\u00e2y chuy\u1ec1n, gi\u1ea5y ch\u1ee9ng nh\u1eadn n\u1eb7ng 30,53 gam, 30,35 gam, k\u00edch th\u01b0\u1edbc 50,5 * 26 * 11,5 \/ 50,5 * 26,2 * 11,5 mm (m\u1eb7t d\u00e2y chuy\u1ec1n278)"},"content":{"rendered":"<p>C\u1eb7p m\u1eb7t d\u00e2y chuy\u1ec1n ng\u1ecdc b\u00edch t\u1ef1 nhi\u00ean lo\u1ea1i A m\u00e0u v\u00e0ng v\u1edbi xanh l\u1ee5c nh\u1ea1t n\u00e0y \u0111\u01b0\u1ee3c ch\u1ebf t\u00e1c theo h\u00ecnh d\u1ea1ng T\u1ef3 H\u01b0u, t\u01b0\u1ee3ng tr\u01b0ng cho s\u1ef1 gi\u00e0u c\u00f3 v\u00e0 th\u1ecbnh v\u01b0\u1ee3ng.<\/p>\n<p>\u00a0<\/p>\n<p>S\u1ed1 ch\u1ee9ng ch\u1ec9: GD2112H002822 \/ GD2112H000821<\/p>\n<p><img fetchpriority=\"high\" decoding=\"async\" height=\"1080\" src=\"https:\/\/shop.yipinqian.com\/wp-content\/uploads\/2024\/10\/f39da89e6fc1d4540b9ff7f78743061f.jpg?from=476444299\" width=\"1080\"><\/p>\n<ul>\n<li>\n<strong>V\u1eadt li\u1ec7u:<\/strong> Ng\u1ecdc Jadeite lo\u1ea1i A ch\u1ea5t l\u01b0\u1ee3ng cao<\/li>\n<li>\n<strong>M\u00e0u s\u1eafc:<\/strong> M\u00e0u v\u00e0ng v\u1edbi t\u00f4ng m\u00e0u xanh l\u00e1 c\u00e2y nh\u1ea1t<\/li>\n<li>\n<strong>C\u00e2n n\u1eb7ng:<\/strong> 30,53 gam v\u00e0 30,35 gam<\/li>\n<li><strong>C\u00e1c ph\u00e9p \u0111o:<\/strong><\/li>\n<li>\u2013 M\u1eb7t d\u00e2y chuy\u1ec1n 1: 50,5 * 26 * 11,5 mm<\/li>\n<li>\u2013 M\u1eb7t d\u00e2y chuy\u1ec1n 2: 50,5 *26,2 *11 mm<\/li>\n<li>M\u1eb7t d\u00e2y chuy\u1ec1n \u0111i k\u00e8m v\u1edbi gi\u1ea5y ch\u1ee9ng nh\u1eadn x\u00e1c th\u1ef1c, khi\u1ebfn ch\u00fang tr\u1edf th\u00e0nh m\u1ed9t s\u1ef1 b\u1ed5 sung c\u00f3 gi\u00e1 tr\u1ecb cho b\u1ed9 s\u01b0u t\u1eadp c\u1ee7a b\u1ea1n. M\u00f3n \u0111\u1ed3 trang s\u1ee9c n\u00e0y ho\u00e0n h\u1ea3o cho m\u1ed9t d\u1ecbp may m\u1eafn, th\u00eam n\u00e9t thanh l\u1ecbch cho b\u1ea5t k\u1ef3 trang ph\u1ee5c n\u00e0o.<\/li>\n<li>Ki\u1ec3u d\u00e1ng v\u00f2ng c\u1ed5 gi\u1ea3n d\u1ecb nh\u01b0ng tinh t\u1ebf, ph\u00f9 h\u1ee3p \u0111\u1ec3 \u0111eo h\u00e0ng ng\u00e0y ho\u1eb7c tham d\u1ef1 c\u00e1c s\u1ef1 ki\u1ec7n \u0111\u1eb7c bi\u1ec7t.<\/li>\n<li>Th\u00eam c\u1eb7p m\u1eb7t d\u00e2y chuy\u1ec1n ng\u1ecdc b\u00edch Pixiu tinh x\u1ea3o n\u00e0y v\u00e0o h\u1ed9p trang s\u1ee9c c\u1ee7a b\u1ea1n ho\u1eb7c t\u1eb7ng ch\u00fang cho ng\u01b0\u1eddi th\u00e2n y\u00eau, ng\u01b0\u1eddi \u0111\u00e1nh gi\u00e1 cao ngh\u1ec7 thu\u1eadt th\u1ee7 c\u00f4ng tinh x\u1ea3o v\u00e0 t\u00ednh bi\u1ec3u t\u01b0\u1ee3ng.<\/li>\n<\/ul>\n<p>Yi Pin Qian \u2013 Nh\u00e0 bu\u00f4n \u0111\u00e1 qu\u00fd v\u00e0 kim lo\u1ea1i qu\u00fd t\u1ea1i Singapore \u2013 S\u1ed1 gi\u1ea5y ph\u00e9p PS20190000031<\/p>\n<p>\u00a0<\/p>\n<p>*T\u1ea5t c\u1ea3 c\u00e1c lo\u1ea1i Jadeite \u0111\u01b0\u1ee3c mua t\u1eeb Yi Pin Qian t\u1ea1i Singapore, kh\u00e1ch h\u00e0ng c\u00f3 th\u1ec3 \u0111\u1eb7t l\u1ecbch \u0111\u00e1nh b\u00f3ng ho\u1eb7c s\u1eeda ch\u1eefa nh\u1ecf do x\u1eed l\u00fd sai c\u00e1ch \u2013 c\u00f3 t\u00ednh ph\u00ed v\u00e0 ch\u1ec9 d\u00e0nh cho kh\u00e1ch h\u00e0ng c\u1ee7a Yi Pin Qian t\u1ea1i Singapore*<\/p>\n<p>\u00a0<\/p>\n<p><strong>**C\u00e1c lo\u1ea1i ch\u1ee9ng ch\u1ec9**<\/strong><\/p>\n<p>\u00a0<\/p>\n<p><strong>NGI (C\u00f4ng ty \u0110\u00e1 qu\u00fd Nan Yang)<\/strong><\/p>\n<p>ho\u1eb7c <strong>Ch\u1ee9ng ch\u1ec9 n\u01b0\u1edbc ngo\u00e0i <\/strong>(Yi Pin Qian ch\u1ec9 s\u1eed d\u1ee5ng c\u00e1c ch\u1ee9ng ch\u1ec9 x\u00e1c th\u1ef1c t\u1eeb c\u00e1c ph\u00f2ng th\u00ed nghi\u1ec7m \u1edf n\u01b0\u1edbc ngo\u00e0i v\u00e0 ki\u1ec3m so\u00e1t ch\u1ea5t l\u01b0\u1ee3ng m\u1ecdi s\u1ea3n ph\u1ea9m c\u1ee7a ch\u00fang t\u00f4i tr\u01b0\u1edbc khi \u0111\u01b0a ch\u00fang ra b\u00e1n t\u1ea1i Singapore)<\/p>\n<p>\u00a0<\/p>\n<p>M\u1ed7i s\u1ea3n ph\u1ea9m tr\u00ean TikTok s\u1ebd c\u00f3 lo\u1ea1i ch\u1ee9ng ch\u1ec9 \u0111\u01b0\u1ee3c cung c\u1ea5p \u0111\u01b0\u1ee3c n\u00eau trong ph\u1ea7n m\u00f4 t\u1ea3. \u0110\u1ed1i v\u1edbi b\u1ea5t k\u1ef3 kh\u00e1ch h\u00e0ng n\u00e0o mu\u1ed1n g\u1eedi \u0111\u01a1n h\u00e0ng c\u1ee7a m\u00ecnh \u0111\u1ebfn NGI Singapore, s\u1ebd c\u00f3 th\u1eddi gian ch\u1edd giao h\u00e0ng \u01b0\u1edbc t\u00ednh kho\u1ea3ng 4 tu\u1ea7n \u0111\u1ec3 nh\u1eadn \u0111\u01b0\u1ee3c \u0111\u01a1n h\u00e0ng c\u1ee7a b\u1ea1n. <strong>Y\u00eau c\u1ea7u b\u00e1o c\u00e1o v\u1ec1 NGI Gemstone c\u1ea7n \u0111\u01b0\u1ee3c th\u1ef1c hi\u1ec7n b\u1eb1ng c\u00e1ch nh\u1eafn tin \u0111\u1ebfn c\u1eeda h\u00e0ng TikTok Yi Pin Qian.<\/strong> C\u1ea3m \u01a1n, <strong><u>\u00e1p d\u1ee5ng th\u00eam ph\u00ed<\/u><\/strong>.<\/p>\n<p>\u00a0<\/p>\n<p><strong>Jadeite t\u1ef1 nhi\u00ean kh\u00f4ng ho\u00e0n h\u1ea3o, ch\u1ec9 l\u00e0 m\u1ed9t l\u1eddi nh\u1eafc nh\u1edf nh\u1eb9 nh\u00e0ng, Jadeite t\u1ef1 nhi\u00ean c\u1ee7a ch\u00fang t\u00f4i, gi\u1ed1ng nh\u01b0 t\u1ea5t c\u1ea3 nh\u1eefng th\u1ee9 \u0111\u1eb9p \u0111\u1ebd trong t\u1ef1 nhi\u00ean, c\u00f3 nh\u1eefng \u0111\u1eb7c \u0111i\u1ec3m v\u00e0 bi\u1ebfn th\u1ec3 \u0111\u1ed9c \u0111\u00e1o. Ch\u00fang t\u00f4i m\u1eddi nh\u1eefng kh\u00e1ch h\u00e0ng c\u00f3 gi\u00e1 tr\u1ecb c\u1ee7a m\u00ecnh \u0111\u00f3n nh\u1eadn nh\u1eefng bi\u1ebfn th\u1ec3 t\u1ef1 nhi\u00ean n\u00e0y. Ch\u00fac b\u1ea1n mua s\u1eafm vui v\u1ebb!<\/strong><\/p>\n<p>\u00a0<\/p>\n<p><strong><u>Kh\u00f4ng c\u00f3 h\u00ecnh \u1ea3nh v\u00e0 c\u1ea3nh quay video n\u00e0o \u0111\u01b0\u1ee3c l\u1ecdc. Ch\u00fang t\u00f4i khuy\u1ebfn kh\u00edch kh\u00e1ch h\u00e0ng c\u1ee7a m\u00ecnh c\u0169ng xem c\u00e1c video \u0111i k\u00e8m \u0111\u1ec3 c\u00f3 c\u00e1i nh\u00ecn to\u00e0n di\u1ec7n h\u01a1n v\u1ec1 s\u1ea3n ph\u1ea9m c\u1ee7a ch\u00fang t\u00f4i<\/u><\/strong><\/p>\n<p>\u00a0<\/p>\n<ul>\n<li>C\u00e1c n\u1ec1n t\u1ea3ng kh\u00e1c nhau ch\u1ec9 c\u00f3 th\u1ec3 xem video th\u00f4ng qua m\u00e1y t\u00ednh \u0111\u1ec3 b\u00e0n<\/li>\n<\/ul>","protected":false},"excerpt":{"rendered":"<p>C\u1eb7p m\u1eb7t d\u00e2y chuy\u1ec1n Ng\u1ecdc b\u00edch t\u1ef1 nhi\u00ean lo\u1ea1i A m\u00e0u v\u00e0ng v\u1edbi s\u1eafc xanh nh\u1ea1t n\u00e0y \u0111\u01b0\u1ee3c ch\u1ebf t\u00e1c theo h\u00ecnh d\u1ea1ng T\u1ef3 h\u01b0u, t\u01b0\u1ee3ng tr\u01b0ng cho s\u1ef1 gi\u00e0u c\u00f3 v\u00e0 th\u1ecbnh v\u01b0\u1ee3ng. S\u1ed1 ch\u1ee9ng ch\u1ec9: GD2112H002822 \/ GD2112H000821 Ch\u1ea5t li\u1ec7u: Ng\u1ecdc b\u00edch lo\u1ea1i A ch\u1ea5t l\u01b0\u1ee3ng cao M\u00e0u s\u1eafc: V\u00e0ng v\u1edbi s\u1eafc xanh nh\u1ea1t C\u00e2n n\u1eb7ng: 30,53 gram v\u00e0 30,35 gram K\u00edch th\u01b0\u1edbc: \u2013 M\u1eb7t d\u00e2y chuy\u1ec1n 1: 50,5 * [\u2026]<\/p>","protected":false},"featured_media":5070,"comment_status":"open","ping_status":"closed","template":"","meta":[],"product_brand":[],"product_cat":[195],"product_tag":[],"class_list":{"0":"post-1469","1":"product","2":"type-product","3":"status-publish","4":"has-post-thumbnail","6":"product_cat-heirloom-grade","8":"first","9":"instock","10":"sale","11":"shipping-taxable","12":"purchasable","13":"product-type-simple"},"_links":{"self":[{"href":"https:\/\/shop.yipinqian.com\/vi\/wp-json\/wp\/v2\/product\/1469","targetHints":{"allow":["GET"]}}],"collection":[{"href":"https:\/\/shop.yipinqian.com\/vi\/wp-json\/wp\/v2\/product"}],"about":[{"href":"https:\/\/shop.yipinqian.com\/vi\/wp-json\/wp\/v2\/types\/product"}],"replies":[{"embeddable":true,"href":"https:\/\/shop.yipinqian.com\/vi\/wp-json\/wp\/v2\/comments?post=1469"}],"version-history":[{"count":0,"href":"https:\/\/shop.yipinqian.com\/vi\/wp-json\/wp\/v2\/product\/1469\/revisions"}],"wp:featuredmedia":[{"embeddable":true,"href":"https:\/\/shop.yipinqian.com\/vi\/wp-json\/wp\/v2\/media\/5070"}],"wp:attachment":[{"href":"https:\/\/shop.yipinqian.com\/vi\/wp-json\/wp\/v2\/media?parent=1469"}],"wp:term":[{"taxonomy":"product_brand","embeddable":true,"href":"https:\/\/shop.yipinqian.com\/vi\/wp-json\/wp\/v2\/product_brand?post=1469"},{"taxonomy":"product_cat","embeddable":true,"href":"https:\/\/shop.yipinqian.com\/vi\/wp-json\/wp\/v2\/product_cat?post=1469"},{"taxonomy":"product_tag","embeddable":true,"href":"https:\/\/shop.yipinqian.com\/vi\/wp-json\/wp\/v2\/product_tag?post=1469"}],"curies":[{"name":"wp","href":"https:\/\/api.w.org\/{rel}","templated":true}]}}