{"id":14684,"date":"2024-12-17T10:45:39","date_gmt":"2024-12-17T02:45:39","guid":{"rendered":"https:\/\/shop.yipinqian.com\/finger-size-15-5-mm-pixiu-cabochon-natural-type-a-jadeite-jade-set-on-18k-certificate-weighs-2-96-grams-measurement-12-9-9-3-7-7-mm-18kring39\/"},"modified":"2025-02-24T01:17:23","modified_gmt":"2025-02-23T17:17:23","slug":"finger-size-15-5-mm-pixiu-cabochon-natural-type-a-jadeite-jade-set-on-18k-certificate-weighs-2-96-grams-measurement-12-9-9-3-7-7-mm-18kring39","status":"publish","type":"product","link":"https:\/\/shop.yipinqian.com\/vi\/san-pham\/finger-size-15-5-mm-pixiu-cabochon-natural-type-a-jadeite-jade-set-on-18k-certificate-weighs-2-96-grams-measurement-12-9-9-3-7-7-mm-18kring39\/","title":{"rendered":"K\u00edch th\u01b0\u1edbc ng\u00f3n tay 15,5 mm Pixiu Cabochon Natural Type A Jadeite Jade \u0111\u01b0\u1ee3c g\u1eafn tr\u00ean 18k, gi\u1ea5y ch\u1ee9ng nh\u1eadn n\u1eb7ng 2,96 gram, k\u00edch th\u01b0\u1edbc 12,9 * 9,3 * 7,7 mm (18kring39)"},"content":{"rendered":"<p><iframe title=\"Three Legs Toad 18k gold ring\" src=\"https:\/\/youtube.com\/embed\/bSUIj1Zk_qs\" width=\"330\" height=\"300\"><\/iframe> Discover elegance with this exquisite Three Legs Toad Cabochon Natural Type A Jadeite Jade ring, expertly set in 18k gold. \u00a0 Certificate numbers: GD2110H014384 18k Gold: 1.45 grams Diamonds: 8 * 0.005 Carats Red Ruby: 2 * 0.003 Carats Finger Size: <strong>15,5mm<\/strong> <img fetchpriority=\"high\" decoding=\"async\" src=\"https:\/\/shop.yipinqian.com\/wp-content\/uploads\/2024\/12\/c958adc67df246d795ffb50c78f4f8betplv-aphluv4xwc-origin-jpeg.jpeg?dr=15568&amp;nonce=16327&amp;refresh_token=2c28253464209ebb4ee34efb35211b27&amp;from=476444299&amp;idc=my2&amp;ps=933b5bde&amp;shcp=9b759fb9&amp;shp=1c65f68b&amp;t=555f072d\" width=\"1080\" height=\"1080\" \/><\/p>\n<ul>\n<li><strong>Ch\u1ea5t li\u1ec7u ch\u1ea5t l\u01b0\u1ee3ng:<\/strong> \u0110\u01b0\u1ee3c ch\u1ebf t\u00e1c t\u1eeb ng\u1ecdc b\u00edch lo\u1ea1i A cao c\u1ea5p v\u00e0 n\u1ea1m v\u00e0ng 18k ch\u1ea5t l\u01b0\u1ee3ng cao.<\/li>\n<li><strong>X\u00e1c th\u1ef1c \u0111\u01b0\u1ee3c ch\u1ee9ng nh\u1eadn:<\/strong> C\u00f3 k\u00e8m gi\u1ea5y ch\u1ee9ng nh\u1eadn x\u00e1c nh\u1eadn h\u00e0ng ch\u00ednh h\u00e3ng, n\u1eb7ng 2,96 gram.<\/li>\n<li><strong>Thi\u1ebft k\u1ebf thanh l\u1ecbch:<\/strong> C\u00f3 k\u00edch th\u01b0\u1edbc \u1ea5n t\u01b0\u1ee3ng 12,9 * 9,3 * 7,7 mm, ho\u00e0n h\u1ea3o cho m\u1ecdi d\u1ecbp.<\/li>\n<li><strong>Bi\u1ec3u t\u01b0\u1ee3ng may m\u1eafn:<\/strong> Thi\u1ebft k\u1ebf T\u1ef3 H\u01b0u t\u01b0\u1ee3ng tr\u01b0ng cho s\u1ef1 gi\u00e0u c\u00f3 v\u00e0 may m\u1eafn, l\u00e0 m\u00f3n qu\u00e0 l\u00fd t\u01b0\u1edfng cho ph\u1ee5 n\u1eef.<\/li>\n<\/ul>\n<p><img decoding=\"async\" src=\"https:\/\/shop.yipinqian.com\/wp-content\/uploads\/2024\/12\/4b97731761ae4bf49bb6fb85d93de4cetplv-aphluv4xwc-origin-jpeg.jpeg?dr=15568&amp;nonce=31569&amp;refresh_token=055a85ec2db59451eda6646f0638f25c&amp;from=476444299&amp;idc=my2&amp;ps=933b5bde&amp;shcp=9b759fb9&amp;shp=1c65f68b&amp;t=555f072d\" width=\"1080\" height=\"1080\" \/><img decoding=\"async\" src=\"https:\/\/shop.yipinqian.com\/wp-content\/uploads\/2024\/12\/1aaa4d06b6774bebaeee826e8da6ca22tplv-aphluv4xwc-origin-jpeg.jpeg?dr=15568&amp;nonce=85256&amp;refresh_token=628a994e36981d2525c2dbd9c58c444a&amp;from=476444299&amp;idc=my2&amp;ps=933b5bde&amp;shcp=9b759fb9&amp;shp=1c65f68b&amp;t=555f072d\" width=\"1080\" height=\"1080\" \/> This beautiful ring is not only a piece of jewelry but also a treasured token from Myanmar that enhances your style while bringing auspicious blessings into your life. \u00a0 Yi Pin Qian &#8211; A Precious Stone and Precious Metal Dealer in Singapore &#8211; License number PS20190000031 \u00a0 *All Jadeites purchased from Yi Pin Qian in Singapore, customers can book for slots for polish or minor repair for mishandling &#8211; fees applies and only for Yi Pin Qian&#8217;s customer in Singapore* \u00a0 <strong>**C\u00e1c lo\u1ea1i ch\u1ee9ng ch\u1ec9**<\/strong> \u00a0 <strong>NGI (C\u00f4ng ty \u0110\u00e1 qu\u00fd Nan Yang)<\/strong> ho\u1eb7c <strong>Ch\u1ee9ng ch\u1ec9 n\u01b0\u1edbc ngo\u00e0i <\/strong>(Yi Pin Qian only uses authentic certificates from overseas labs and also quality controls every one of our products before putting them up for sale in SG) \u00a0 Every product will have the type of certificate provided indicated in the description. For any customer that wishes to send their order to NGI Singapore, <strong>B\u1ea1n c\u1ea7n g\u1eedi y\u00eau c\u1ea7u b\u00e1o c\u00e1o v\u1ec1 NGI Gemstone b\u1eb1ng c\u00e1ch nh\u1eafn tin cho ch\u00fang t\u00f4i.<\/strong> C\u1ea3m \u01a1n, <strong><u>\u00e1p d\u1ee5ng th\u00eam ph\u00ed<\/u><\/strong> &#8211; $90 for jadeite \/ $150 for jadeite with 18k gold &#8211; it is not compulsory as most of our product came with oversea certificate or NGI report already. \u00a0 (For more detail or additional request: <strong>Vui l\u00f2ng nh\u1eafn tin cho ch\u00fang t\u00f4i n\u1ebfu b\u1ea1n mu\u1ed1n g\u1eedi s\u1ea3n ph\u1ea9m \u0111\u00e3 mua c\u1ee7a m\u00ecnh \u0111\u1ebfn ph\u00f2ng x\u00e9t nghi\u1ec7m NGI<\/strong>) \u00a0 <strong>Jadeite t\u1ef1 nhi\u00ean kh\u00f4ng ho\u00e0n h\u1ea3o, ch\u1ec9 l\u00e0 m\u1ed9t l\u1eddi nh\u1eafc nh\u1edf nh\u1eb9 nh\u00e0ng, Jadeite t\u1ef1 nhi\u00ean c\u1ee7a ch\u00fang t\u00f4i, gi\u1ed1ng nh\u01b0 t\u1ea5t c\u1ea3 nh\u1eefng th\u1ee9 \u0111\u1eb9p \u0111\u1ebd trong t\u1ef1 nhi\u00ean, c\u00f3 nh\u1eefng \u0111\u1eb7c \u0111i\u1ec3m v\u00e0 bi\u1ebfn th\u1ec3 \u0111\u1ed9c \u0111\u00e1o. Ch\u00fang t\u00f4i m\u1eddi nh\u1eefng kh\u00e1ch h\u00e0ng c\u00f3 gi\u00e1 tr\u1ecb c\u1ee7a m\u00ecnh \u0111\u00f3n nh\u1eadn nh\u1eefng bi\u1ebfn th\u1ec3 t\u1ef1 nhi\u00ean n\u00e0y. Ch\u00fac b\u1ea1n mua s\u1eafm vui v\u1ebb!<\/strong> \u00a0 <strong><u>Kh\u00f4ng c\u00f3 h\u00ecnh \u1ea3nh v\u00e0 c\u1ea3nh quay video n\u00e0o \u0111\u01b0\u1ee3c l\u1ecdc. Ch\u00fang t\u00f4i khuy\u1ebfn kh\u00edch kh\u00e1ch h\u00e0ng c\u1ee7a m\u00ecnh c\u0169ng xem c\u00e1c video \u0111i k\u00e8m \u0111\u1ec3 c\u00f3 c\u00e1i nh\u00ecn to\u00e0n di\u1ec7n h\u01a1n v\u1ec1 s\u1ea3n ph\u1ea9m c\u1ee7a ch\u00fang t\u00f4i<\/u><\/strong> \u00a0<\/p>\n<ul>\n<li>C\u00e1c n\u1ec1n t\u1ea3ng kh\u00e1c nhau ch\u1ec9 c\u00f3 th\u1ec3 xem video th\u00f4ng qua m\u00e1y t\u00ednh \u0111\u1ec3 b\u00e0n<\/li>\n<\/ul>","protected":false},"excerpt":{"rendered":"<p>Discover elegance with this exquisite Three Legs Toad Cabochon Natural Type A Jadeite Jade ring, expertly set in 18k gold. \u00a0 Certificate numbers: GD2110H014384 18k Gold: 1.45 grams Diamonds: 8 * 0.005 Carats Red Ruby: 2 * 0.003 Carats Finger Size: 15.5 mm Quality Material: Crafted from premium Type A Jadeite and set in high-quality [&hellip;]<\/p>","protected":false},"featured_media":14799,"comment_status":"open","ping_status":"closed","template":"","meta":[],"product_brand":[],"product_cat":[195],"product_tag":[50,64,52,72,65,66,55,58,85,59,60,62],"class_list":{"0":"post-14684","1":"product","2":"type-product","3":"status-publish","4":"has-post-thumbnail","6":"product_cat-heirloom-grade","7":"product_tag-18k-gold","8":"product_tag-cabochon","9":"product_tag-certified","10":"product_tag-female","11":"product_tag-high-quality","12":"product_tag-jade-ring","13":"product_tag-jadeite","14":"product_tag-new-arrivals","15":"product_tag-pixiu","16":"product_tag-translucent","17":"product_tag-type-a-jadeite","18":"product_tag-yi-pin-qian-exclusive","20":"first","21":"instock","22":"sale","23":"shipping-taxable","24":"purchasable","25":"product-type-simple"},"_links":{"self":[{"href":"https:\/\/shop.yipinqian.com\/vi\/wp-json\/wp\/v2\/product\/14684","targetHints":{"allow":["GET"]}}],"collection":[{"href":"https:\/\/shop.yipinqian.com\/vi\/wp-json\/wp\/v2\/product"}],"about":[{"href":"https:\/\/shop.yipinqian.com\/vi\/wp-json\/wp\/v2\/types\/product"}],"replies":[{"embeddable":true,"href":"https:\/\/shop.yipinqian.com\/vi\/wp-json\/wp\/v2\/comments?post=14684"}],"version-history":[{"count":0,"href":"https:\/\/shop.yipinqian.com\/vi\/wp-json\/wp\/v2\/product\/14684\/revisions"}],"wp:featuredmedia":[{"embeddable":true,"href":"https:\/\/shop.yipinqian.com\/vi\/wp-json\/wp\/v2\/media\/14799"}],"wp:attachment":[{"href":"https:\/\/shop.yipinqian.com\/vi\/wp-json\/wp\/v2\/media?parent=14684"}],"wp:term":[{"taxonomy":"product_brand","embeddable":true,"href":"https:\/\/shop.yipinqian.com\/vi\/wp-json\/wp\/v2\/product_brand?post=14684"},{"taxonomy":"product_cat","embeddable":true,"href":"https:\/\/shop.yipinqian.com\/vi\/wp-json\/wp\/v2\/product_cat?post=14684"},{"taxonomy":"product_tag","embeddable":true,"href":"https:\/\/shop.yipinqian.com\/vi\/wp-json\/wp\/v2\/product_tag?post=14684"}],"curies":[{"name":"wp","href":"https:\/\/api.w.org\/{rel}","templated":true}]}}